{"id":458634,"date":"2021-10-27T16:28:59","date_gmt":"2021-10-27T14:28:59","guid":{"rendered":"https:\/\/positiveprints.com\/product\/karta-over-toulouse-affisch\/"},"modified":"2026-04-03T03:37:01","modified_gmt":"2026-04-03T02:37:01","slug":"toulouse-map-affisch","status":"publish","type":"product","link":"https:\/\/positiveprints.com\/sv\/produkt\/toulouse-map-affisch\/","title":{"rendered":"Karta \u00f6ver Toulouse affisch"},"content":{"rendered":"<br><br>\nTa med dig en bit av dina favorit\u00e4ventyr hem med v\u00e5r affisch med Toulouse-kartan. V\u00e5ra specialanpassade affischer av h\u00f6g kvalitet \u00e4r utm\u00e4rkta v\u00e4ggkonstverk och g\u00e5vor!\n<br>\n<br>\n<h2>F\u00e5 en karta \u00f6ver vilken stad som helst i v\u00e4rlden<\/h2>\nKartor \u00e4r inte bara till f\u00f6r att hitta v\u00e4gen. De ber\u00e4ttar ocks\u00e5 om dina resor och visar de gator och landm\u00e4rken d\u00e4r n\u00e5gra av dina b\u00e4sta \u00f6gonblick i livet har \u00e4gt rum. N\u00e4r du har en plats som ligger dig varmt om hj\u00e4rtat finns det inget b\u00e4ttre s\u00e4tt att hylla den \u00e4n att f\u00e5nga den platsen p\u00e5 en <a href=\"https:\/\/positiveprints.com\/product\/custom-map-art\/\">skr\u00e4ddarsydd affisch med en stadskarta<\/a>.  \n<br><br>\nV\u00e5r karta \u00f6ver Toulouse \u00e4r konstfullt ritad i skala med hj\u00e4lp av de mest exakta och uppdaterade kartdata. Dina favoritplatser blir ett omedelbart konstverk och \u00e5terspeglar de platser som betyder mest f\u00f6r dig.  \n\n<br><br><br>\n<h2>Karta \u00f6ver Toulouse &#8211; den perfekta presenten f\u00f6r alla tillf\u00e4llen!<\/h2> \nOm du har en k\u00e4nsla f\u00f6r det unika och ov\u00e4ntade kommer du att \u00e4lska att ge ett Toulousemap-tryck i present! V\u00e5ra kartor \u00e4r v\u00e4rdefulla minnen som din familj eller dina v\u00e4nner kommer att \u00e4lska, men som de kanske aldrig kommer att k\u00f6pa sj\u00e4lva. De \u00e4r den perfekta \u00f6verraskningen f\u00f6r \u00e5rsdagar, f\u00f6delsedagar, examina, semestrar, f\u00f6rlovningar, br\u00f6llop och alla livets stora milstolpar.  \n<br><br>\nVarje karta \u00e4r skr\u00e4ddarsydd p\u00e5 best\u00e4llning &#8211; DU v\u00e4ljer stad, f\u00e4rgschema och detaljer, s\u00e5 sk\u00f6ter vi resten. Du kan ocks\u00e5 g\u00f6ra den extra personlig med egna rader av text. L\u00e4gg till information om ett viktigt datum i mottagarens liv, till exempel ett br\u00f6llop, en f\u00f6rlovning, en ny karri\u00e4r eller en stor flytt.  \n<br><br>\nL\u00e4gg till en kartmarkering av en specifik plats p\u00e5 din utskrift av Toulouse-kartan f\u00f6r att peka ut en s\u00e4rskilt viktig plats som g\u00f6r Toulouse speciell f\u00f6r dig!  \n\n<br><br><br>\n<h2>Ber\u00e4tta din historia med  \n  Karta konst<\/h2>\nOavsett var du befinner dig kan dina favoritplatser ber\u00e4tta en konstn\u00e4rlig och personlig historia i ditt hem.\n<br><br>\nM\u00e5nga har undrat vad v\u00e4ggar skulle s\u00e4ga om de kunde tala. Med v\u00e5r kartkonst f\u00f6r Toulouse beh\u00f6ver du inte l\u00e4ngre undra!  \n<br><br>\nVarje g\u00e5ng du h\u00e4nger en stadskarta p\u00e5 v\u00e4ggarna ber\u00e4ttar du en del av din livshistoria f\u00f6r varje bes\u00f6kare som kommer in i ditt hem. Du kan b\u00f6rja med kartkonst fr\u00e5n Toulouse och sedan l\u00e4gga till fler stadsbilder p\u00e5 dina v\u00e4ggar med tiden, var och en av dem delar ett annat kapitel i ditt liv.  \n<br><br>\nL\u00e5t din kartkonst fr\u00e5n Toulouse inspirera dina resor, b\u00e5de tidigare och framtida. Varje g\u00e5ng du tittar p\u00e5 kartan kan du t\u00e4nka tillbaka p\u00e5 alla fina minnen du gjort p\u00e5 dina favoritplatser och hitta nya platser f\u00f6r dina n\u00e4sta \u00e4ventyr.\n\n<br><br><br>\n<h2>Skapa din affisch med karta \u00f6ver Toulouse p\u00e5 n\u00e5gra minuter!<\/h2>\nV\u00e5r l\u00e4ttanv\u00e4nda skr\u00e4ddarsydda Toulouse\n  map print maker f\u00f6rvandlar dig till en kartkonstn\u00e4r p\u00e5 n\u00e5gra minuter. Ange bara dina uppgifter, f\u00f6lj stegen och v\u00e4nta p\u00e5 leverans! Du kan ocks\u00e5 v\u00e4lja att ladda ner ett digitalt utdrag f\u00f6r att f\u00e5 din karta \u00e4nnu snabbare.  \n<br><br>\nSkapa en karta \u00f6ver de st\u00e4der som betyder n\u00e5got speciellt f\u00f6r dig!  \n<br><br>\n\nL\u00e5t din Toulouse-affisch inspirera dina resor, b\u00e5de tidigare och framtida. Varje g\u00e5ng du tittar p\u00e5 kartan kan du t\u00e4nka tillbaka p\u00e5 alla fina minnen du gjort p\u00e5 dina favoritplatser och hitta nya platser f\u00f6r dina n\u00e4sta \u00e4ventyr.","protected":false},"excerpt":{"rendered":"<ul class=\"check-list\">\n<li>Upplev den f\u00e4ngslande sk\u00f6nheten i Toulouse med v\u00e5r detaljerade kartposter.<\/li>\n<li>Markera en speciell plats med en utvald symbol<\/li>\n<li>Anpassa i 3 enkla steg<\/li>\n<li>V\u00e4lj en mall eller var kreativ<\/li>\n<li>Se resultatet direkt \u2013 den interaktiva f\u00f6rhandsvisningen l\u00e5ter dig finjustera varje detalj<\/li>\n<\/ul>\n","protected":false},"featured_media":309219,"template":"","meta":[],"product_brand":[],"product_cat":[8799,9119,9529],"product_tag":[],"class_list":{"0":"post-458634","1":"product","2":"type-product","3":"status-publish","4":"has-post-thumbnail","6":"product_cat-frankrike","7":"product_cat-map-sv","8":"product_cat-stader","10":"first","11":"instock","12":"sale","13":"taxable","14":"shipping-taxable","15":"purchasable","16":"product-type-variable"},"yoast_head":"<!-- This site is optimized with the Yoast SEO Premium plugin v27.2 (Yoast SEO v27.2) - https:\/\/yoast.com\/product\/yoast-seo-premium-wordpress\/ -->\n<title>Toulouse karta affisch - din stadskarta konst - Positiva utskrifter<\/title>\n<meta name=\"description\" content=\"Ta med dig en bit av dina favorit\u00e4ventyr hem med v\u00e5r affisch med Toulouse-kartan. V\u00e5ra h\u00f6gkvalitativa affischer \u00e4r utm\u00e4rkta som v\u00e4ggkonst!\" \/>\n<meta name=\"robots\" content=\"index, follow, max-snippet:-1, max-image-preview:large, max-video-preview:-1\" \/>\n<link rel=\"canonical\" href=\"https:\/\/positiveprints.com\/sv\/produkt\/toulouse-map-affisch\/\" \/>\n<meta property=\"og:locale\" content=\"sv_SE\" \/>\n<meta property=\"og:type\" content=\"article\" \/>\n<meta property=\"og:title\" content=\"Karta \u00f6ver Toulouse affisch\" \/>\n<meta property=\"og:description\" content=\"Upplev den f\u00e4ngslande sk\u00f6nheten i Toulouse med v\u00e5r detaljerade kartposter. Markera en speciell plats med en utvald symbol Anpassa i 3 enkla steg V\u00e4lj en mall eller var kreativ Se resultatet direkt \u2013 den interaktiva f\u00f6rhandsvisningen l\u00e5ter dig finjustera varje detalj\" \/>\n<meta property=\"og:url\" content=\"https:\/\/positiveprints.com\/sv\/produkt\/toulouse-map-affisch\/\" \/>\n<meta property=\"og:site_name\" content=\"Positive Prints\" \/>\n<meta property=\"article:publisher\" content=\"https:\/\/www.facebook.com\/positiveprintscom\" \/>\n<meta property=\"article:modified_time\" content=\"2026-04-03T02:37:01+00:00\" \/>\n<meta property=\"og:image\" content=\"https:\/\/positiveprints.com\/wp-content\/uploads\/2021\/10\/Toulouse-city-map-poster.jpg\" \/>\n\t<meta property=\"og:image:width\" content=\"1080\" \/>\n\t<meta property=\"og:image:height\" content=\"1080\" \/>\n\t<meta property=\"og:image:type\" content=\"image\/jpeg\" \/>\n<meta name=\"twitter:card\" content=\"summary_large_image\" \/>\n<meta name=\"twitter:label1\" content=\"Ber\u00e4knad l\u00e4stid\" \/>\n\t<meta name=\"twitter:data1\" content=\"3 minut\" \/>\n<!-- \/ Yoast SEO Premium plugin. -->","yoast_head_json":{"title":"Toulouse karta affisch - din stadskarta konst - Positiva utskrifter","description":"Ta med dig en bit av dina favorit\u00e4ventyr hem med v\u00e5r affisch med Toulouse-kartan. V\u00e5ra h\u00f6gkvalitativa affischer \u00e4r utm\u00e4rkta som v\u00e4ggkonst!","robots":{"index":"index","follow":"follow","max-snippet":"max-snippet:-1","max-image-preview":"max-image-preview:large","max-video-preview":"max-video-preview:-1"},"canonical":"https:\/\/positiveprints.com\/sv\/produkt\/toulouse-map-affisch\/","og_locale":"sv_SE","og_type":"article","og_title":"Karta \u00f6ver Toulouse affisch","og_description":"Upplev den f\u00e4ngslande sk\u00f6nheten i Toulouse med v\u00e5r detaljerade kartposter. Markera en speciell plats med en utvald symbol Anpassa i 3 enkla steg V\u00e4lj en mall eller var kreativ Se resultatet direkt \u2013 den interaktiva f\u00f6rhandsvisningen l\u00e5ter dig finjustera varje detalj","og_url":"https:\/\/positiveprints.com\/sv\/produkt\/toulouse-map-affisch\/","og_site_name":"Positive Prints","article_publisher":"https:\/\/www.facebook.com\/positiveprintscom","article_modified_time":"2026-04-03T02:37:01+00:00","og_image":[{"width":1080,"height":1080,"url":"https:\/\/positiveprints.com\/wp-content\/uploads\/2021\/10\/Toulouse-city-map-poster.jpg","type":"image\/jpeg"}],"twitter_card":"summary_large_image","twitter_misc":{"Ber\u00e4knad l\u00e4stid":"3 minut"},"schema":{"@context":"https:\/\/schema.org","@graph":[{"@type":["WebPage","ItemPage"],"@id":"https:\/\/positiveprints.com\/sv\/produkt\/toulouse-map-affisch\/","url":"https:\/\/positiveprints.com\/sv\/produkt\/toulouse-map-affisch\/","name":"Toulouse karta affisch - din stadskarta konst - Positiva utskrifter","isPartOf":{"@id":"https:\/\/positiveprints.com\/sv\/#website"},"primaryImageOfPage":{"@id":"https:\/\/positiveprints.com\/sv\/produkt\/toulouse-map-affisch\/#primaryimage"},"image":{"@id":"https:\/\/positiveprints.com\/sv\/produkt\/toulouse-map-affisch\/#primaryimage"},"thumbnailUrl":"https:\/\/positiveprints.com\/wp-content\/uploads\/2021\/10\/Toulouse-city-map-poster.jpg","datePublished":"2021-10-27T14:28:59+00:00","dateModified":"2026-04-03T02:37:01+00:00","description":"Ta med dig en bit av dina favorit\u00e4ventyr hem med v\u00e5r affisch med Toulouse-kartan. V\u00e5ra h\u00f6gkvalitativa affischer \u00e4r utm\u00e4rkta som v\u00e4ggkonst!","breadcrumb":{"@id":"https:\/\/positiveprints.com\/sv\/produkt\/toulouse-map-affisch\/#breadcrumb"},"inLanguage":"sv-SE","potentialAction":[{"@type":"ReadAction","target":["https:\/\/positiveprints.com\/sv\/produkt\/toulouse-map-affisch\/"]}]},{"@type":"ImageObject","inLanguage":"sv-SE","@id":"https:\/\/positiveprints.com\/sv\/produkt\/toulouse-map-affisch\/#primaryimage","url":"https:\/\/positiveprints.com\/wp-content\/uploads\/2021\/10\/Toulouse-city-map-poster.jpg","contentUrl":"https:\/\/positiveprints.com\/wp-content\/uploads\/2021\/10\/Toulouse-city-map-poster.jpg","width":1080,"height":1080,"caption":"V\u00e5r karta \u00f6ver Toulouse \u00e4r konstfullt ritad i skala med hj\u00e4lp av de mest exakta och uppdaterade kartdata."},{"@type":"BreadcrumbList","@id":"https:\/\/positiveprints.com\/sv\/produkt\/toulouse-map-affisch\/#breadcrumb","itemListElement":[{"@type":"ListItem","position":1,"name":"Home","item":"https:\/\/positiveprints.com\/sv\/"},{"@type":"ListItem","position":2,"name":"Produkter","item":"https:\/\/positiveprints.com\/sv\/shop\/"},{"@type":"ListItem","position":3,"name":"Karta \u00f6ver Toulouse affisch"}]},{"@type":"WebSite","@id":"https:\/\/positiveprints.com\/sv\/#website","url":"https:\/\/positiveprints.com\/sv\/","name":"Positive Prints","description":"Amazing Custom Personalized Gifts","publisher":{"@id":"https:\/\/positiveprints.com\/sv\/#organization"},"potentialAction":[{"@type":"SearchAction","target":{"@type":"EntryPoint","urlTemplate":"https:\/\/positiveprints.com\/sv\/?s={search_term_string}"},"query-input":{"@type":"PropertyValueSpecification","valueRequired":true,"valueName":"search_term_string"}}],"inLanguage":"sv-SE"},{"@type":"Organization","@id":"https:\/\/positiveprints.com\/sv\/#organization","name":"Positive Prints","alternateName":"Positive Prints","url":"https:\/\/positiveprints.com\/sv\/","logo":{"@type":"ImageObject","inLanguage":"sv-SE","@id":"https:\/\/positiveprints.com\/sv\/#\/schema\/logo\/image\/","url":"https:\/\/positiveprints.com\/wp-content\/uploads\/2026\/03\/245815646_1337939713319158_5671353136411139666_n.png","contentUrl":"https:\/\/positiveprints.com\/wp-content\/uploads\/2026\/03\/245815646_1337939713319158_5671353136411139666_n.png","width":800,"height":800,"caption":"Positive Prints"},"image":{"@id":"https:\/\/positiveprints.com\/sv\/#\/schema\/logo\/image\/"},"sameAs":["https:\/\/www.facebook.com\/positiveprintscom","https:\/\/www.instagram.com\/positiveprintscom\/","https:\/\/www.tiktok.com\/@positiveprintscom","https:\/\/www.pinterest.com\/positiveprintscom\/"]}]}},"jetpack_sharing_enabled":true,"_links":{"self":[{"href":"https:\/\/positiveprints.com\/sv\/wp-json\/wp\/v2\/product\/458634","targetHints":{"allow":["GET"]}}],"collection":[{"href":"https:\/\/positiveprints.com\/sv\/wp-json\/wp\/v2\/product"}],"about":[{"href":"https:\/\/positiveprints.com\/sv\/wp-json\/wp\/v2\/types\/product"}],"wp:featuredmedia":[{"embeddable":true,"href":"https:\/\/positiveprints.com\/sv\/wp-json\/wp\/v2\/media\/309219"}],"wp:attachment":[{"href":"https:\/\/positiveprints.com\/sv\/wp-json\/wp\/v2\/media?parent=458634"}],"wp:term":[{"taxonomy":"product_brand","embeddable":true,"href":"https:\/\/positiveprints.com\/sv\/wp-json\/wp\/v2\/product_brand?post=458634"},{"taxonomy":"product_cat","embeddable":true,"href":"https:\/\/positiveprints.com\/sv\/wp-json\/wp\/v2\/product_cat?post=458634"},{"taxonomy":"product_tag","embeddable":true,"href":"https:\/\/positiveprints.com\/sv\/wp-json\/wp\/v2\/product_tag?post=458634"}],"curies":[{"name":"wp","href":"https:\/\/api.w.org\/{rel}","templated":true}]}}