{"id":453611,"date":"2023-02-17T14:09:33","date_gmt":"2023-02-17T13:09:33","guid":{"rendered":"https:\/\/positiveprints.com\/?post_type=product&#038;p=453611"},"modified":"2026-04-18T06:11:14","modified_gmt":"2026-04-18T05:11:14","slug":"anpassad-karta-for-foraldrar","status":"publish","type":"product","link":"https:\/\/positiveprints.com\/sv\/produkt\/anpassad-karta-for-foraldrar\/","title":{"rendered":"Anpassad karta f\u00f6r f\u00f6r\u00e4ldrar"},"content":{"rendered":"<p style=\"margin-top: 1rem\">Letar du efter en unik present till dina f\u00f6r\u00e4ldrar? \u00d6verv\u00e4g ett skr\u00e4ddarsytt kartkonstverk! Med personliga alternativ som design, f\u00e4rger och text kan du skapa n\u00e5got meningsfullt som dina f\u00f6r\u00e4ldrar kommer att uppskatta. Oavsett tillf\u00e4lle kommer en personlig Anpassad karta f\u00f6r f\u00f6r\u00e4ldrar garanterat att visa din uppskattning och f\u00e5 dem att k\u00e4nna sig uppskattade.<\/p>\r\n\r\n\r\n\r\n<h2 class=\"grenB f24 cblue\" style=\"margin-top: 3rem\">Visa uppskattning och omtanke<\/h2>\r\n\r\n<p style=\"margin-top: 1rem\">Anpassade kartor f\u00f6r f\u00f6r\u00e4ldrar kan vara ett meningsfullt s\u00e4tt att fira speciella tillf\u00e4llen som \u00e5rsdagar, f\u00f6delsedagar eller examina. F\u00f6rs\u00f6k att lyfta fram en plats som har s\u00e4rskild betydelse f\u00f6r f\u00f6r\u00e4ldrarna &#8211; till exempel var de gifte sig, deras hemstad eller en plats de bes\u00f6kte tillsammans. Den h\u00e4r typen av g\u00e5va visar dem hur mycket du bryr dig om dem och f\u00e5r dem att k\u00e4nna sig uppskattade.<\/p>\r\n\r\n\r\n\r\n<h2 class=\"grenB f24 cblue\" style=\"margin-top: 3rem\">Anpassa din Anpassad karta f\u00f6r f\u00f6r\u00e4ldrar<\/h2>\r\n\r\n<p style=\"margin-top: 1rem\">Oavsett tillf\u00e4lle erbjuder Anpassad karta f\u00f6r f\u00f6r\u00e4ldrar en m\u00e4ngd olika m\u00f6nster och f\u00e4rger att v\u00e4lja mellan. Fr\u00e5n klassiska svartvita kartor till livfulla abstrakta m\u00f6nster, du hittar s\u00e4kert n\u00e5got som dina f\u00f6r\u00e4ldrar kommer att \u00e4lska. V\u00e4lj en design som speglar deras personlighet eller en som talar till deras intressen.<\/p>\r\n\r\n\r\n\r\n<p style=\"margin-top: 1rem\">Du kan l\u00e4gga till din egen text p\u00e5 ett tryck eller en canvas till dina f\u00f6r\u00e4ldrar. Du kan l\u00e4gga till ett innerligt budskap, till exempel att uttrycka hur mycket du \u00e4lskar och uppskattar dem. Eller om du vill ge dina f\u00f6r\u00e4ldrar ett skratt, varf\u00f6r inte l\u00e4gga till ett sk\u00e4mt eller en rolig fras? Att personifiera kartan med dina egna ord g\u00f6r garanterat g\u00e5van \u00e4nnu mer speciell och minnesv\u00e4rd.<\/p>\r\n\r\n\r\n\r\n<h2 class=\"grenB f24 cblue\" style=\"margin-top: 3rem\">Den perfekta presenten f\u00f6r alla tillf\u00e4llen!<\/h2>\r\n\r\n<p style=\"margin-top: 1rem\">Oavsett om du firar ett speciellt tillf\u00e4lle eller bara visar uppskattning \u00e4r Anpassad karta f\u00f6r f\u00f6r\u00e4ldrar den perfekta presenten f\u00f6r dina f\u00f6r\u00e4ldrar. Den \u00e4r unik och omt\u00e4nksam &#8211; n\u00e5got som de kommer att uppskatta i m\u00e5nga \u00e5r fram\u00f6ver. S\u00e5 se till att visa din k\u00e4rlek den h\u00e4r s\u00e4songen med en personlig Anpassad karta f\u00f6r f\u00f6r\u00e4ldrar!<\/p>","protected":false},"excerpt":{"rendered":"<ul class=\"check-list\">\n<li>Uttryck din tacksamhet till dina f\u00f6r\u00e4ldrar med en speciell g\u00e5va som f\u00e5ngar universums sk\u00f6nhet och familjens k\u00e4rlek<\/li>\n<li>Markera en speciell plats med en utvald symbol<\/li>\n<li>Anpassa i 3 enkla steg<\/li>\n<li>Inkludera en meningsfull personlig text<\/li>\n<li>Se resultatet direkt \u2013 den interaktiva f\u00f6rhandsvisningen l\u00e5ter dig finjustera varje detalj<\/li>\n<\/ul>\n","protected":false},"featured_media":1611552,"template":"","meta":[],"product_brand":[],"product_cat":[7459,9119,8108,11475],"product_tag":[8761],"class_list":{"0":"post-453611","1":"product","2":"type-product","3":"status-publish","4":"has-post-thumbnail","6":"product_cat-alla-produkter","7":"product_cat-map-sv","8":"product_cat-julpresenter","9":"product_cat-julklappar-till-foraldrarna","10":"product_tag-parents-sv","12":"first","13":"instock","14":"sale","15":"taxable","16":"shipping-taxable","17":"purchasable","18":"product-type-variable"},"yoast_head":"<!-- This site is optimized with the Yoast SEO Premium plugin v27.2 (Yoast SEO v27.2) - https:\/\/yoast.com\/product\/yoast-seo-premium-wordpress\/ -->\n<title>Anpassad karta f\u00f6r f\u00f6r\u00e4ldrar - Positive Prints<\/title>\n<meta name=\"description\" content=\"Oavsett om du vill fira ett speciellt tillf\u00e4lle eller bara visa din uppskattning \u00e4r Anpassad karta f\u00f6r f\u00f6r\u00e4ldrar den perfekta presenten f\u00f6r dina f\u00f6r\u00e4ldrar.\" \/>\n<meta name=\"robots\" content=\"index, follow, max-snippet:-1, max-image-preview:large, max-video-preview:-1\" \/>\n<link rel=\"canonical\" href=\"https:\/\/positiveprints.com\/sv\/produkt\/anpassad-karta-for-foraldrar\/\" \/>\n<meta property=\"og:locale\" content=\"sv_SE\" \/>\n<meta property=\"og:type\" content=\"article\" \/>\n<meta property=\"og:title\" content=\"Anpassad karta f\u00f6r f\u00f6r\u00e4ldrar\" \/>\n<meta property=\"og:description\" content=\"Uttryck din tacksamhet till dina f\u00f6r\u00e4ldrar med en speciell g\u00e5va som f\u00e5ngar universums sk\u00f6nhet och familjens k\u00e4rlek Markera en speciell plats med en utvald symbol Anpassa i 3 enkla steg Inkludera en meningsfull personlig text Se resultatet direkt \u2013 den interaktiva f\u00f6rhandsvisningen l\u00e5ter dig finjustera varje detalj\" \/>\n<meta property=\"og:url\" content=\"https:\/\/positiveprints.com\/sv\/produkt\/anpassad-karta-for-foraldrar\/\" \/>\n<meta property=\"og:site_name\" content=\"Positive Prints\" \/>\n<meta property=\"article:publisher\" content=\"https:\/\/www.facebook.com\/positiveprintscom\" \/>\n<meta property=\"article:modified_time\" content=\"2026-04-18T05:11:14+00:00\" \/>\n<meta property=\"og:image\" content=\"https:\/\/positiveprints.com\/wp-content\/uploads\/2023\/08\/Anpassad-karta-for-foraldrar-1.jpg\" \/>\n\t<meta property=\"og:image:width\" content=\"1080\" \/>\n\t<meta property=\"og:image:height\" content=\"1080\" \/>\n\t<meta property=\"og:image:type\" content=\"image\/jpeg\" \/>\n<meta name=\"twitter:card\" content=\"summary_large_image\" \/>\n<!-- \/ Yoast SEO Premium plugin. -->","yoast_head_json":{"title":"Anpassad karta f\u00f6r f\u00f6r\u00e4ldrar - Positive Prints","description":"Oavsett om du vill fira ett speciellt tillf\u00e4lle eller bara visa din uppskattning \u00e4r Anpassad karta f\u00f6r f\u00f6r\u00e4ldrar den perfekta presenten f\u00f6r dina f\u00f6r\u00e4ldrar.","robots":{"index":"index","follow":"follow","max-snippet":"max-snippet:-1","max-image-preview":"max-image-preview:large","max-video-preview":"max-video-preview:-1"},"canonical":"https:\/\/positiveprints.com\/sv\/produkt\/anpassad-karta-for-foraldrar\/","og_locale":"sv_SE","og_type":"article","og_title":"Anpassad karta f\u00f6r f\u00f6r\u00e4ldrar","og_description":"Uttryck din tacksamhet till dina f\u00f6r\u00e4ldrar med en speciell g\u00e5va som f\u00e5ngar universums sk\u00f6nhet och familjens k\u00e4rlek Markera en speciell plats med en utvald symbol Anpassa i 3 enkla steg Inkludera en meningsfull personlig text Se resultatet direkt \u2013 den interaktiva f\u00f6rhandsvisningen l\u00e5ter dig finjustera varje detalj","og_url":"https:\/\/positiveprints.com\/sv\/produkt\/anpassad-karta-for-foraldrar\/","og_site_name":"Positive Prints","article_publisher":"https:\/\/www.facebook.com\/positiveprintscom","article_modified_time":"2026-04-18T05:11:14+00:00","og_image":[{"width":1080,"height":1080,"url":"https:\/\/positiveprints.com\/wp-content\/uploads\/2023\/08\/Anpassad-karta-for-foraldrar-1.jpg","type":"image\/jpeg"}],"twitter_card":"summary_large_image","schema":{"@context":"https:\/\/schema.org","@graph":[{"@type":["WebPage","ItemPage"],"@id":"https:\/\/positiveprints.com\/sv\/produkt\/anpassad-karta-for-foraldrar\/","url":"https:\/\/positiveprints.com\/sv\/produkt\/anpassad-karta-for-foraldrar\/","name":"Anpassad karta f\u00f6r f\u00f6r\u00e4ldrar - Positive Prints","isPartOf":{"@id":"https:\/\/positiveprints.com\/sv\/#website"},"primaryImageOfPage":{"@id":"https:\/\/positiveprints.com\/sv\/produkt\/anpassad-karta-for-foraldrar\/#primaryimage"},"image":{"@id":"https:\/\/positiveprints.com\/sv\/produkt\/anpassad-karta-for-foraldrar\/#primaryimage"},"thumbnailUrl":"https:\/\/positiveprints.com\/wp-content\/uploads\/2026\/01\/Packshot_EN_Custom-Map-for-Parents.webp","datePublished":"2023-02-17T13:09:33+00:00","dateModified":"2026-04-18T05:11:14+00:00","description":"Oavsett om du vill fira ett speciellt tillf\u00e4lle eller bara visa din uppskattning \u00e4r Anpassad karta f\u00f6r f\u00f6r\u00e4ldrar den perfekta presenten f\u00f6r dina f\u00f6r\u00e4ldrar.","breadcrumb":{"@id":"https:\/\/positiveprints.com\/sv\/produkt\/anpassad-karta-for-foraldrar\/#breadcrumb"},"inLanguage":"sv-SE","potentialAction":[{"@type":"ReadAction","target":["https:\/\/positiveprints.com\/sv\/produkt\/anpassad-karta-for-foraldrar\/"]}]},{"@type":"ImageObject","inLanguage":"sv-SE","@id":"https:\/\/positiveprints.com\/sv\/produkt\/anpassad-karta-for-foraldrar\/#primaryimage","url":"https:\/\/positiveprints.com\/wp-content\/uploads\/2026\/01\/Packshot_EN_Custom-Map-for-Parents.webp","contentUrl":"https:\/\/positiveprints.com\/wp-content\/uploads\/2026\/01\/Packshot_EN_Custom-Map-for-Parents.webp","width":1450,"height":1450},{"@type":"BreadcrumbList","@id":"https:\/\/positiveprints.com\/sv\/produkt\/anpassad-karta-for-foraldrar\/#breadcrumb","itemListElement":[{"@type":"ListItem","position":1,"name":"Home","item":"https:\/\/positiveprints.com\/sv\/"},{"@type":"ListItem","position":2,"name":"Produkter","item":"https:\/\/positiveprints.com\/sv\/shop\/"},{"@type":"ListItem","position":3,"name":"Anpassad karta f\u00f6r f\u00f6r\u00e4ldrar"}]},{"@type":"WebSite","@id":"https:\/\/positiveprints.com\/sv\/#website","url":"https:\/\/positiveprints.com\/sv\/","name":"Positive Prints","description":"Amazing Custom Personalized Gifts","publisher":{"@id":"https:\/\/positiveprints.com\/sv\/#organization"},"potentialAction":[{"@type":"SearchAction","target":{"@type":"EntryPoint","urlTemplate":"https:\/\/positiveprints.com\/sv\/?s={search_term_string}"},"query-input":{"@type":"PropertyValueSpecification","valueRequired":true,"valueName":"search_term_string"}}],"inLanguage":"sv-SE"},{"@type":"Organization","@id":"https:\/\/positiveprints.com\/sv\/#organization","name":"Positive Prints","alternateName":"Positive Prints","url":"https:\/\/positiveprints.com\/sv\/","logo":{"@type":"ImageObject","inLanguage":"sv-SE","@id":"https:\/\/positiveprints.com\/sv\/#\/schema\/logo\/image\/","url":"https:\/\/positiveprints.com\/wp-content\/uploads\/2026\/03\/245815646_1337939713319158_5671353136411139666_n.png","contentUrl":"https:\/\/positiveprints.com\/wp-content\/uploads\/2026\/03\/245815646_1337939713319158_5671353136411139666_n.png","width":800,"height":800,"caption":"Positive Prints"},"image":{"@id":"https:\/\/positiveprints.com\/sv\/#\/schema\/logo\/image\/"},"sameAs":["https:\/\/www.facebook.com\/positiveprintscom","https:\/\/www.instagram.com\/positiveprintscom\/","https:\/\/www.tiktok.com\/@positiveprintscom","https:\/\/www.pinterest.com\/positiveprintscom\/"]}]}},"jetpack_sharing_enabled":true,"_links":{"self":[{"href":"https:\/\/positiveprints.com\/sv\/wp-json\/wp\/v2\/product\/453611","targetHints":{"allow":["GET"]}}],"collection":[{"href":"https:\/\/positiveprints.com\/sv\/wp-json\/wp\/v2\/product"}],"about":[{"href":"https:\/\/positiveprints.com\/sv\/wp-json\/wp\/v2\/types\/product"}],"wp:featuredmedia":[{"embeddable":true,"href":"https:\/\/positiveprints.com\/sv\/wp-json\/wp\/v2\/media\/1611552"}],"wp:attachment":[{"href":"https:\/\/positiveprints.com\/sv\/wp-json\/wp\/v2\/media?parent=453611"}],"wp:term":[{"taxonomy":"product_brand","embeddable":true,"href":"https:\/\/positiveprints.com\/sv\/wp-json\/wp\/v2\/product_brand?post=453611"},{"taxonomy":"product_cat","embeddable":true,"href":"https:\/\/positiveprints.com\/sv\/wp-json\/wp\/v2\/product_cat?post=453611"},{"taxonomy":"product_tag","embeddable":true,"href":"https:\/\/positiveprints.com\/sv\/wp-json\/wp\/v2\/product_tag?post=453611"}],"curies":[{"name":"wp","href":"https:\/\/api.w.org\/{rel}","templated":true}]}}