{"id":453495,"date":"2023-02-16T13:31:44","date_gmt":"2023-02-16T12:31:44","guid":{"rendered":"https:\/\/positiveprints.com\/?post_type=product&#038;p=453495"},"modified":"2026-04-28T14:28:30","modified_gmt":"2026-04-28T13:28:30","slug":"foraldrarnas-hus-karta","status":"publish","type":"product","link":"https:\/\/positiveprints.com\/sv\/produkt\/foraldrarnas-hus-karta\/","title":{"rendered":"F\u00f6r\u00e4ldrarnas hus-karta"},"content":{"rendered":"<p style=\"margin-top: 1rem\">Letar du efter en unik present till dina f\u00f6r\u00e4ldrar? Titta inte l\u00e4ngre \u00e4n till F\u00f6r\u00e4ldrarnas hus-kartan! Med dess anpassningsbara alternativ kan du skapa en unik g\u00e5va som dina f\u00f6r\u00e4ldrar kommer att uppskatta i m\u00e5nga \u00e5r fram\u00f6ver. S\u00e5 varf\u00f6r inte \u00f6verraska dem idag med denna meningsfulla och omt\u00e4nksamma g\u00e5va? De kommer garanterat att \u00e4lska den!<\/p>\r\n\r\n<h2 class=\"grenB f24 cblue\" style=\"margin-top: 3rem\">En vacker p\u00e5minnelse om alla underbara minnen<\/h2>\r\n\r\n<p style=\"margin-top: 1rem\">F\u00f6r\u00e4ldrarnas hus-karta \u00e4r ett utm\u00e4rkt val f\u00f6r dem som s\u00f6ker en meningsfull och omt\u00e4nksam g\u00e5va till sina f\u00f6r\u00e4ldrar. Den h\u00e4r personliga kartan kommer garanterat att f\u00e5 ett leende p\u00e5 dina f\u00f6r\u00e4ldrars l\u00e4ppar och kommer att vara en vacker p\u00e5minnelse om alla underbara platser och minnen som de har delat tillsammans. Och eftersom den kan anpassas kan du se till att f\u00f6r\u00e4ldrahuskartan speglar dina f\u00f6r\u00e4ldrars unika historia och alltid kommer att f\u00f6rbli en speciell p\u00e5minnelse om k\u00e4rleken mellan er.<\/p>\r\n\r\n<p style=\"margin-top: 1rem\">F\u00f6r\u00e4ldrarnas hus-karta \u00e4r den perfekta presenten f\u00f6r alla tillf\u00e4llen, oavsett om det \u00e4r dina f\u00f6r\u00e4ldrars \u00e5rsdag, deras f\u00f6delsedag eller bara f\u00f6r att visa dem hur mycket du bryr dig om dem. Den h\u00e4r personliga kartan kommer garanterat att f\u00e5 dina f\u00f6r\u00e4ldrar att k\u00e4nna sig extra \u00e4lskade och speciella, eftersom de kommer att p\u00e5minnas om alla underbara platser och minnen som de har delat tillsammans varje g\u00e5ng de tittar p\u00e5 den.<\/p>\r\n\r\n<h2 class=\"grenB f24 cblue\" style=\"margin-top: 3rem\">Det \u00e4r enkelt och roligt att anpassa f\u00f6r\u00e4ldrarnas hus-karta<\/h2>\r\n\r\n<p style=\"margin-top: 1rem\">Det \u00e4r enkelt och roligt att anpassa en F\u00f6r\u00e4ldrarnas hus-karta! F\u00f6rst v\u00e4ljer du hur din karta ska se ut. Sedan anger du den plats som du vill visa upp och den symbol som du vill ha med. Du kan ocks\u00e5 skriva personliga meddelanden och citat om du vill! N\u00e4r alla dina val \u00e4r gjorda kan du v\u00e4lja storlek och format p\u00e5 ditt tryck. Du kan v\u00e4lja mellan en affisch, en canvas, ett inramat konstverk eller en direkt nedladdningsbar fil som du kan skriva ut lokalt. Med s\u00e5 m\u00e5nga alternativ f\u00f6r att anpassa kartan kan du skapa en unik och meningsfull g\u00e5va som dina f\u00f6r\u00e4ldrar kommer att uppskatta i m\u00e5nga \u00e5r fram\u00f6ver!<\/p>\r\n\r\n\r\n\r\n<p style=\"margin-top: 3rem\">Best\u00e4ll F\u00f6r\u00e4ldrarnas hus-karta idag och ge dina f\u00f6r\u00e4ldrar en speciell och meningsfull g\u00e5va som de alltid kommer att minnas!<\/p>","protected":false},"excerpt":{"rendered":"<ul class=\"check-list\">\n<li>Skapa en karta \u00f6ver den plats som du alltid kommer att kalla ditt hem<\/li>\n<li>Inkludera en meningsfull personlig text<\/li>\n<li>Anpassa i 3 enkla steg<\/li>\n<li>V\u00e4lj en mall eller var kreativ<\/li>\n<li>Se resultatet direkt \u2013 den interaktiva f\u00f6rhandsvisningen l\u00e5ter dig finjustera varje detalj<\/li>\n<\/ul>\n","protected":false},"featured_media":656986,"template":"","meta":[],"product_brand":[],"product_cat":[7459,9119,8108,15061,11475],"product_tag":[16082,13470,8761],"class_list":{"0":"post-453495","1":"product","2":"type-product","3":"status-publish","4":"has-post-thumbnail","6":"product_cat-alla-produkter","7":"product_cat-map-sv","8":"product_cat-julpresenter","9":"product_cat-julklappar-till-familjen","10":"product_cat-julklappar-till-foraldrarna","11":"product_tag-cadeaux-de-noel-pour-la-famille-sv","12":"product_tag-julklappar-till-familjen","13":"product_tag-parents-sv","15":"first","16":"instock","17":"sale","18":"taxable","19":"shipping-taxable","20":"purchasable","21":"product-type-variable"},"yoast_head":"<!-- This site is optimized with the Yoast SEO Premium plugin v27.2 (Yoast SEO v27.2) - https:\/\/yoast.com\/product\/yoast-seo-premium-wordpress\/ -->\n<title>F\u00f6r\u00e4ldrarnas hus-karta - Positive Prints<\/title>\n<meta name=\"description\" content=\"Letar du efter en unik present till dina f\u00f6r\u00e4ldrar? Best\u00e4ll kartan F\u00f6r\u00e4ldrarnas hus-karta idag och ge dina f\u00f6r\u00e4ldrar en speciell och meningsfull g\u00e5va som de alltid kommer att minnas!\" \/>\n<meta name=\"robots\" content=\"index, follow, max-snippet:-1, max-image-preview:large, max-video-preview:-1\" \/>\n<link rel=\"canonical\" href=\"https:\/\/positiveprints.com\/sv\/produkt\/foraldrarnas-hus-karta\/\" \/>\n<meta property=\"og:locale\" content=\"sv_SE\" \/>\n<meta property=\"og:type\" content=\"article\" \/>\n<meta property=\"og:title\" content=\"F\u00f6r\u00e4ldrarnas hus-karta\" \/>\n<meta property=\"og:description\" content=\"Skapa en karta \u00f6ver den plats som du alltid kommer att kalla ditt hem Inkludera en meningsfull personlig text Anpassa i 3 enkla steg V\u00e4lj en mall eller var kreativ Se resultatet direkt \u2013 den interaktiva f\u00f6rhandsvisningen l\u00e5ter dig finjustera varje detalj\" \/>\n<meta property=\"og:url\" content=\"https:\/\/positiveprints.com\/sv\/produkt\/foraldrarnas-hus-karta\/\" \/>\n<meta property=\"og:site_name\" content=\"Positive Prints\" \/>\n<meta property=\"article:publisher\" content=\"https:\/\/www.facebook.com\/positiveprintscom\" \/>\n<meta property=\"article:modified_time\" content=\"2026-04-28T13:28:30+00:00\" \/>\n<meta property=\"og:image\" content=\"https:\/\/positiveprints.com\/wp-content\/uploads\/2023\/08\/Foraldrarnas-hus-karta-1.jpg\" \/>\n\t<meta property=\"og:image:width\" content=\"1080\" \/>\n\t<meta property=\"og:image:height\" content=\"1080\" \/>\n\t<meta property=\"og:image:type\" content=\"image\/jpeg\" \/>\n<meta name=\"twitter:card\" content=\"summary_large_image\" \/>\n<!-- \/ Yoast SEO Premium plugin. -->","yoast_head_json":{"title":"F\u00f6r\u00e4ldrarnas hus-karta - Positive Prints","description":"Letar du efter en unik present till dina f\u00f6r\u00e4ldrar? Best\u00e4ll kartan F\u00f6r\u00e4ldrarnas hus-karta idag och ge dina f\u00f6r\u00e4ldrar en speciell och meningsfull g\u00e5va som de alltid kommer att minnas!","robots":{"index":"index","follow":"follow","max-snippet":"max-snippet:-1","max-image-preview":"max-image-preview:large","max-video-preview":"max-video-preview:-1"},"canonical":"https:\/\/positiveprints.com\/sv\/produkt\/foraldrarnas-hus-karta\/","og_locale":"sv_SE","og_type":"article","og_title":"F\u00f6r\u00e4ldrarnas hus-karta","og_description":"Skapa en karta \u00f6ver den plats som du alltid kommer att kalla ditt hem Inkludera en meningsfull personlig text Anpassa i 3 enkla steg V\u00e4lj en mall eller var kreativ Se resultatet direkt \u2013 den interaktiva f\u00f6rhandsvisningen l\u00e5ter dig finjustera varje detalj","og_url":"https:\/\/positiveprints.com\/sv\/produkt\/foraldrarnas-hus-karta\/","og_site_name":"Positive Prints","article_publisher":"https:\/\/www.facebook.com\/positiveprintscom","article_modified_time":"2026-04-28T13:28:30+00:00","og_image":[{"width":1080,"height":1080,"url":"https:\/\/positiveprints.com\/wp-content\/uploads\/2023\/08\/Foraldrarnas-hus-karta-1.jpg","type":"image\/jpeg"}],"twitter_card":"summary_large_image","schema":{"@context":"https:\/\/schema.org","@graph":[{"@type":["WebPage","ItemPage"],"@id":"https:\/\/positiveprints.com\/sv\/produkt\/foraldrarnas-hus-karta\/","url":"https:\/\/positiveprints.com\/sv\/produkt\/foraldrarnas-hus-karta\/","name":"F\u00f6r\u00e4ldrarnas hus-karta - Positive Prints","isPartOf":{"@id":"https:\/\/positiveprints.com\/sv\/#website"},"primaryImageOfPage":{"@id":"https:\/\/positiveprints.com\/sv\/produkt\/foraldrarnas-hus-karta\/#primaryimage"},"image":{"@id":"https:\/\/positiveprints.com\/sv\/produkt\/foraldrarnas-hus-karta\/#primaryimage"},"thumbnailUrl":"https:\/\/positiveprints.com\/wp-content\/uploads\/2023\/08\/Foraldrarnas-hus-karta-1.jpg","datePublished":"2023-02-16T12:31:44+00:00","dateModified":"2026-04-28T13:28:30+00:00","description":"Letar du efter en unik present till dina f\u00f6r\u00e4ldrar? Best\u00e4ll kartan F\u00f6r\u00e4ldrarnas hus-karta idag och ge dina f\u00f6r\u00e4ldrar en speciell och meningsfull g\u00e5va som de alltid kommer att minnas!","breadcrumb":{"@id":"https:\/\/positiveprints.com\/sv\/produkt\/foraldrarnas-hus-karta\/#breadcrumb"},"inLanguage":"sv-SE","potentialAction":[{"@type":"ReadAction","target":["https:\/\/positiveprints.com\/sv\/produkt\/foraldrarnas-hus-karta\/"]}]},{"@type":"ImageObject","inLanguage":"sv-SE","@id":"https:\/\/positiveprints.com\/sv\/produkt\/foraldrarnas-hus-karta\/#primaryimage","url":"https:\/\/positiveprints.com\/wp-content\/uploads\/2023\/08\/Foraldrarnas-hus-karta-1.jpg","contentUrl":"https:\/\/positiveprints.com\/wp-content\/uploads\/2023\/08\/Foraldrarnas-hus-karta-1.jpg","width":1080,"height":1080,"caption":"F\u00f6r\u00e4ldrarnas hus-karta"},{"@type":"BreadcrumbList","@id":"https:\/\/positiveprints.com\/sv\/produkt\/foraldrarnas-hus-karta\/#breadcrumb","itemListElement":[{"@type":"ListItem","position":1,"name":"Home","item":"https:\/\/positiveprints.com\/sv\/"},{"@type":"ListItem","position":2,"name":"Produkter","item":"https:\/\/positiveprints.com\/sv\/shop\/"},{"@type":"ListItem","position":3,"name":"F\u00f6r\u00e4ldrarnas hus-karta"}]},{"@type":"WebSite","@id":"https:\/\/positiveprints.com\/sv\/#website","url":"https:\/\/positiveprints.com\/sv\/","name":"Positive Prints","description":"Amazing Custom Personalized Gifts","publisher":{"@id":"https:\/\/positiveprints.com\/sv\/#organization"},"potentialAction":[{"@type":"SearchAction","target":{"@type":"EntryPoint","urlTemplate":"https:\/\/positiveprints.com\/sv\/?s={search_term_string}"},"query-input":{"@type":"PropertyValueSpecification","valueRequired":true,"valueName":"search_term_string"}}],"inLanguage":"sv-SE"},{"@type":"Organization","@id":"https:\/\/positiveprints.com\/sv\/#organization","name":"Positive Prints","alternateName":"Positive Prints","url":"https:\/\/positiveprints.com\/sv\/","logo":{"@type":"ImageObject","inLanguage":"sv-SE","@id":"https:\/\/positiveprints.com\/sv\/#\/schema\/logo\/image\/","url":"https:\/\/positiveprints.com\/wp-content\/uploads\/2026\/03\/245815646_1337939713319158_5671353136411139666_n.png","contentUrl":"https:\/\/positiveprints.com\/wp-content\/uploads\/2026\/03\/245815646_1337939713319158_5671353136411139666_n.png","width":800,"height":800,"caption":"Positive Prints"},"image":{"@id":"https:\/\/positiveprints.com\/sv\/#\/schema\/logo\/image\/"},"sameAs":["https:\/\/www.facebook.com\/positiveprintscom","https:\/\/www.instagram.com\/positiveprintscom\/","https:\/\/www.tiktok.com\/@positiveprintscom","https:\/\/www.pinterest.com\/positiveprintscom\/"]}]}},"jetpack_sharing_enabled":true,"_links":{"self":[{"href":"https:\/\/positiveprints.com\/sv\/wp-json\/wp\/v2\/product\/453495","targetHints":{"allow":["GET"]}}],"collection":[{"href":"https:\/\/positiveprints.com\/sv\/wp-json\/wp\/v2\/product"}],"about":[{"href":"https:\/\/positiveprints.com\/sv\/wp-json\/wp\/v2\/types\/product"}],"wp:featuredmedia":[{"embeddable":true,"href":"https:\/\/positiveprints.com\/sv\/wp-json\/wp\/v2\/media\/656986"}],"wp:attachment":[{"href":"https:\/\/positiveprints.com\/sv\/wp-json\/wp\/v2\/media?parent=453495"}],"wp:term":[{"taxonomy":"product_brand","embeddable":true,"href":"https:\/\/positiveprints.com\/sv\/wp-json\/wp\/v2\/product_brand?post=453495"},{"taxonomy":"product_cat","embeddable":true,"href":"https:\/\/positiveprints.com\/sv\/wp-json\/wp\/v2\/product_cat?post=453495"},{"taxonomy":"product_tag","embeddable":true,"href":"https:\/\/positiveprints.com\/sv\/wp-json\/wp\/v2\/product_tag?post=453495"}],"curies":[{"name":"wp","href":"https:\/\/api.w.org\/{rel}","templated":true}]}}