{"id":453382,"date":"2023-02-15T20:55:15","date_gmt":"2023-02-15T19:55:15","guid":{"rendered":"https:\/\/positiveprints.com\/?post_type=product&#038;p=453382"},"modified":"2026-04-12T22:41:03","modified_gmt":"2026-04-12T21:41:03","slug":"pappas-favoritlat","status":"publish","type":"product","link":"https:\/\/positiveprints.com\/sv\/produkt\/pappas-favoritlat\/","title":{"rendered":"Pappas favoritl\u00e5t"},"content":{"rendered":"<p style=\"margin-top: 1rem\">Letar du efter en present till pappa? Med Pappas favoritl\u00e5t kan du visa din pappa hur mycket han betyder f\u00f6r dig och f\u00e5 honom att k\u00e4nna sig uppskattad. L\u00e5t din k\u00e4rlek tala genom ljudv\u00e5gor &#8211; det kommer garanterat att g\u00f6ra hans dag speciell.<\/p>\n\n\n\n\n\n\n\n<h2 class=\"grenB f24 cblue\" style=\"margin-top: 3rem\">Hur skapar man Pappas favoritl\u00e5t?<\/h2>\n\n\n\n<p style=\"margin-top: 1rem\">Pappas favoritl\u00e5t-ljudv\u00e5gskonst \u00e4r en av de b\u00e4sta g\u00e5vorna du kan ge till en pappa p\u00e5 fars dag eller vid n\u00e5got annat speciellt tillf\u00e4lle. Det visar inte bara att du uppskattar hans smak och preferenser, utan ger honom ocks\u00e5 n\u00e5got som han alltid kan njuta av och minnas. Personliga ljudv\u00e5gsprints och canvaser \u00e4r speciella och meningsfulla eftersom de l\u00e5ter oss uttrycka hur mycket vi bryr oss p\u00e5 ett unikt s\u00e4tt. De ger ocks\u00e5 en m\u00f6jlighet f\u00f6r pappor att knyta band med sina barn och dela minnen genom favoritl\u00e5tar.<\/p>\n\n\n\n\n\n\n\n<p style=\"margin-top: 1rem\">F\u00f6r att skapa Pappas favoritl\u00e5t m\u00e5ste du f\u00f6rst v\u00e4lja l\u00e5t. Du kan antingen klistra in en Spotify-l\u00e4nk eller ladda upp en ljudfil fr\u00e5n din dator. Anpassa den sedan genom att l\u00e4gga till din egen personliga text och v\u00e4lja f\u00e4rger. N\u00e4r du \u00e4r n\u00f6jd med designen \u00e4r det bara att l\u00e4gga en best\u00e4llning. Din skr\u00e4ddarsydda ljudv\u00e5gskonst kommer att anl\u00e4nda inom n\u00e5gra dagar och \u00e4r redo att h\u00e4ngas upp i vilket rum som helst.<\/p>\n\n\n\n\n\n\n\n\n\n\n\n<h2 class=\"grenB f24 cblue\" style=\"margin-top: 3rem\">Visa uppskattning till pappa<\/h2>\n\n\n\n<p style=\"margin-top: 1rem\">Att ge g\u00e5vor till v\u00e5ra pappor \u00e4r ett viktigt s\u00e4tt att visa uppskattning och k\u00e4rlek f\u00f6r allt de g\u00f6r. Pappor s\u00e4tter ofta sina barns och familjens behov i f\u00f6rsta hand, s\u00e5 det \u00e4r betydelsefullt att ge dem m\u00f6jlighet att f\u00e5 en speciell g\u00e5va i geng\u00e4ld. G\u00e5vor ger oss chansen att inte bara ber\u00e4tta f\u00f6r v\u00e5ra pappor hur mycket vi bryr oss om dem, utan ocks\u00e5 visa det genom konkreta saker. P\u00e5 fars dag eller vid n\u00e5got annat speciellt tillf\u00e4lle kan en genomt\u00e4nkt g\u00e5va vara ett utm\u00e4rkt s\u00e4tt att uttrycka din tacksamhet och beundran f\u00f6r allt som din pappa g\u00f6r.<\/p>\n\n\n\n\n\n\n\n \n\n\n\n<p style=\"margin-top: 3rem\">Pappas favoritl\u00e5t \u00e4r en perfekt present till fars dag, f\u00f6delsedagar, \u00e5rsdagar eller andra speciella tillf\u00e4llen. Fira din pappas favoritl\u00e5t p\u00e5 ett unikt och meningsfullt s\u00e4tt som kommer att vara till gl\u00e4dje i m\u00e5nga \u00e5r fram\u00f6ver. Visa din uppskattning och l\u00e5t honom veta hur mycket du bryr dig om honom. F\u00e5 honom att k\u00e4nna sig extra speciell och ge honom en g\u00e5va som han alltid kommer att minnas. Skapa pappas favoritl\u00e5t idag!<\/p>","protected":false},"excerpt":{"rendered":"<ul class=\"check-list\">\n<li>F\u00f6rvandla din favoritl\u00e5t, ditt tal eller ljud till ett fantastiskt konstverk med Soundwave Art<\/li>\n<li>Ladda bara upp en ljudfil<\/li>\n<li>L\u00e4gg till en QR-kod och skanna den f\u00f6r att spela upp din favoritl\u00e5t<\/li>\n<li>Anpassa i 3 enkla steg<\/li>\n<li>V\u00e4lj en mall eller var kreativ<\/li>\n<\/ul>\n","protected":false},"featured_media":417092,"template":"","meta":[],"product_brand":[],"product_cat":[7459,8109,8108,11466,7982,7487],"product_tag":[8560,11765],"class_list":{"0":"post-453382","1":"product","2":"type-product","3":"status-publish","4":"has-post-thumbnail","6":"product_cat-alla-produkter","7":"product_cat-fars-dag-present","8":"product_cat-julpresenter","9":"product_cat-julklappar-till-pappa","10":"product_cat-gavor-till-pappa","11":"product_cat-soundwave-sv","12":"product_tag-father-sv","13":"product_tag-julklappar-till-pappa","15":"first","16":"instock","17":"sale","18":"taxable","19":"shipping-taxable","20":"purchasable","21":"product-type-variable"},"yoast_head":"<!-- This site is optimized with the Yoast SEO Premium plugin v27.2 (Yoast SEO v27.2) - https:\/\/yoast.com\/product\/yoast-seo-premium-wordpress\/ -->\n<title>Pappas favoritl\u00e5t - Positive Prints<\/title>\n<meta name=\"description\" content=\"Letar du efter en present till pappa? Med Pappas favoritl\u00e5t kan du visa din pappa hur mycket han betyder f\u00f6r dig och f\u00e5 honom att k\u00e4nna sig uppskattad.\" \/>\n<meta name=\"robots\" content=\"index, follow, max-snippet:-1, max-image-preview:large, max-video-preview:-1\" \/>\n<link rel=\"canonical\" href=\"https:\/\/positiveprints.com\/sv\/produkt\/pappas-favoritlat\/\" \/>\n<meta property=\"og:locale\" content=\"sv_SE\" \/>\n<meta property=\"og:type\" content=\"article\" \/>\n<meta property=\"og:title\" content=\"Pappas favoritl\u00e5t\" \/>\n<meta property=\"og:description\" content=\"F\u00f6rvandla din favoritl\u00e5t, ditt tal eller ljud till ett fantastiskt konstverk med Soundwave Art Ladda bara upp en ljudfil L\u00e4gg till en QR-kod och skanna den f\u00f6r att spela upp din favoritl\u00e5t Anpassa i 3 enkla steg V\u00e4lj en mall eller var kreativ\" \/>\n<meta property=\"og:url\" content=\"https:\/\/positiveprints.com\/sv\/produkt\/pappas-favoritlat\/\" \/>\n<meta property=\"og:site_name\" content=\"Positive Prints\" \/>\n<meta property=\"article:publisher\" content=\"https:\/\/www.facebook.com\/positiveprintscom\" \/>\n<meta property=\"article:modified_time\" content=\"2026-04-12T21:41:03+00:00\" \/>\n<meta property=\"og:image\" content=\"https:\/\/positiveprints.com\/wp-content\/uploads\/2023\/02\/dads-favorite-song-wall-art.jpg\" \/>\n\t<meta property=\"og:image:width\" content=\"1080\" \/>\n\t<meta property=\"og:image:height\" content=\"1080\" \/>\n\t<meta property=\"og:image:type\" content=\"image\/jpeg\" \/>\n<meta name=\"twitter:card\" content=\"summary_large_image\" \/>\n<!-- \/ Yoast SEO Premium plugin. -->","yoast_head_json":{"title":"Pappas favoritl\u00e5t - Positive Prints","description":"Letar du efter en present till pappa? Med Pappas favoritl\u00e5t kan du visa din pappa hur mycket han betyder f\u00f6r dig och f\u00e5 honom att k\u00e4nna sig uppskattad.","robots":{"index":"index","follow":"follow","max-snippet":"max-snippet:-1","max-image-preview":"max-image-preview:large","max-video-preview":"max-video-preview:-1"},"canonical":"https:\/\/positiveprints.com\/sv\/produkt\/pappas-favoritlat\/","og_locale":"sv_SE","og_type":"article","og_title":"Pappas favoritl\u00e5t","og_description":"F\u00f6rvandla din favoritl\u00e5t, ditt tal eller ljud till ett fantastiskt konstverk med Soundwave Art Ladda bara upp en ljudfil L\u00e4gg till en QR-kod och skanna den f\u00f6r att spela upp din favoritl\u00e5t Anpassa i 3 enkla steg V\u00e4lj en mall eller var kreativ","og_url":"https:\/\/positiveprints.com\/sv\/produkt\/pappas-favoritlat\/","og_site_name":"Positive Prints","article_publisher":"https:\/\/www.facebook.com\/positiveprintscom","article_modified_time":"2026-04-12T21:41:03+00:00","og_image":[{"width":1080,"height":1080,"url":"https:\/\/positiveprints.com\/wp-content\/uploads\/2023\/02\/dads-favorite-song-wall-art.jpg","type":"image\/jpeg"}],"twitter_card":"summary_large_image","schema":{"@context":"https:\/\/schema.org","@graph":[{"@type":["WebPage","ItemPage"],"@id":"https:\/\/positiveprints.com\/sv\/produkt\/pappas-favoritlat\/","url":"https:\/\/positiveprints.com\/sv\/produkt\/pappas-favoritlat\/","name":"Pappas favoritl\u00e5t - Positive Prints","isPartOf":{"@id":"https:\/\/positiveprints.com\/sv\/#website"},"primaryImageOfPage":{"@id":"https:\/\/positiveprints.com\/sv\/produkt\/pappas-favoritlat\/#primaryimage"},"image":{"@id":"https:\/\/positiveprints.com\/sv\/produkt\/pappas-favoritlat\/#primaryimage"},"thumbnailUrl":"https:\/\/positiveprints.com\/wp-content\/uploads\/2023\/02\/dads-favorite-song-wall-art.jpg","datePublished":"2023-02-15T19:55:15+00:00","dateModified":"2026-04-12T21:41:03+00:00","description":"Letar du efter en present till pappa? Med Pappas favoritl\u00e5t kan du visa din pappa hur mycket han betyder f\u00f6r dig och f\u00e5 honom att k\u00e4nna sig uppskattad.","breadcrumb":{"@id":"https:\/\/positiveprints.com\/sv\/produkt\/pappas-favoritlat\/#breadcrumb"},"inLanguage":"sv-SE","potentialAction":[{"@type":"ReadAction","target":["https:\/\/positiveprints.com\/sv\/produkt\/pappas-favoritlat\/"]}]},{"@type":"ImageObject","inLanguage":"sv-SE","@id":"https:\/\/positiveprints.com\/sv\/produkt\/pappas-favoritlat\/#primaryimage","url":"https:\/\/positiveprints.com\/wp-content\/uploads\/2023\/02\/dads-favorite-song-wall-art.jpg","contentUrl":"https:\/\/positiveprints.com\/wp-content\/uploads\/2023\/02\/dads-favorite-song-wall-art.jpg","width":1080,"height":1080,"caption":"dads favorite song wall art"},{"@type":"BreadcrumbList","@id":"https:\/\/positiveprints.com\/sv\/produkt\/pappas-favoritlat\/#breadcrumb","itemListElement":[{"@type":"ListItem","position":1,"name":"Home","item":"https:\/\/positiveprints.com\/sv\/"},{"@type":"ListItem","position":2,"name":"Produkter","item":"https:\/\/positiveprints.com\/sv\/shop\/"},{"@type":"ListItem","position":3,"name":"Pappas favoritl\u00e5t"}]},{"@type":"WebSite","@id":"https:\/\/positiveprints.com\/sv\/#website","url":"https:\/\/positiveprints.com\/sv\/","name":"Positive Prints","description":"Amazing Custom Personalized Gifts","publisher":{"@id":"https:\/\/positiveprints.com\/sv\/#organization"},"potentialAction":[{"@type":"SearchAction","target":{"@type":"EntryPoint","urlTemplate":"https:\/\/positiveprints.com\/sv\/?s={search_term_string}"},"query-input":{"@type":"PropertyValueSpecification","valueRequired":true,"valueName":"search_term_string"}}],"inLanguage":"sv-SE"},{"@type":"Organization","@id":"https:\/\/positiveprints.com\/sv\/#organization","name":"Positive Prints","alternateName":"Positive Prints","url":"https:\/\/positiveprints.com\/sv\/","logo":{"@type":"ImageObject","inLanguage":"sv-SE","@id":"https:\/\/positiveprints.com\/sv\/#\/schema\/logo\/image\/","url":"https:\/\/positiveprints.com\/wp-content\/uploads\/2026\/03\/245815646_1337939713319158_5671353136411139666_n.png","contentUrl":"https:\/\/positiveprints.com\/wp-content\/uploads\/2026\/03\/245815646_1337939713319158_5671353136411139666_n.png","width":800,"height":800,"caption":"Positive Prints"},"image":{"@id":"https:\/\/positiveprints.com\/sv\/#\/schema\/logo\/image\/"},"sameAs":["https:\/\/www.facebook.com\/positiveprintscom","https:\/\/www.instagram.com\/positiveprintscom\/","https:\/\/www.tiktok.com\/@positiveprintscom","https:\/\/www.pinterest.com\/positiveprintscom\/"]}]}},"jetpack_sharing_enabled":true,"_links":{"self":[{"href":"https:\/\/positiveprints.com\/sv\/wp-json\/wp\/v2\/product\/453382","targetHints":{"allow":["GET"]}}],"collection":[{"href":"https:\/\/positiveprints.com\/sv\/wp-json\/wp\/v2\/product"}],"about":[{"href":"https:\/\/positiveprints.com\/sv\/wp-json\/wp\/v2\/types\/product"}],"wp:featuredmedia":[{"embeddable":true,"href":"https:\/\/positiveprints.com\/sv\/wp-json\/wp\/v2\/media\/417092"}],"wp:attachment":[{"href":"https:\/\/positiveprints.com\/sv\/wp-json\/wp\/v2\/media?parent=453382"}],"wp:term":[{"taxonomy":"product_brand","embeddable":true,"href":"https:\/\/positiveprints.com\/sv\/wp-json\/wp\/v2\/product_brand?post=453382"},{"taxonomy":"product_cat","embeddable":true,"href":"https:\/\/positiveprints.com\/sv\/wp-json\/wp\/v2\/product_cat?post=453382"},{"taxonomy":"product_tag","embeddable":true,"href":"https:\/\/positiveprints.com\/sv\/wp-json\/wp\/v2\/product_tag?post=453382"}],"curies":[{"name":"wp","href":"https:\/\/api.w.org\/{rel}","templated":true}]}}