{"id":453337,"date":"2023-02-14T15:00:15","date_gmt":"2023-04-06T10:03:54","guid":{"rendered":"https:\/\/positiveprints.com\/?post_type=product&#038;p=453337"},"modified":"2026-04-18T06:12:48","modified_gmt":"2026-04-18T05:12:48","slug":"dubbelkarta-for-pappa","status":"publish","type":"product","link":"https:\/\/positiveprints.com\/sv\/produkt\/dubbelkarta-for-pappa\/","title":{"rendered":"Dubbelkarta f\u00f6r pappa"},"content":{"rendered":"<p style=\"margin-top: 1rem\"><\/p>\r\n<h2 class=\"grenB f24 cblue\" style=\"margin-top: 3rem\"><\/h2>\r\n\r\n<p style=\"margin-top: 1rem\">Letar du efter den perfekta presenten till pappa? Titta inte l\u00e4ngre \u00e4n till v\u00e5r Dubbelkarta f\u00f6r pappa! Denna personliga v\u00e4ggkonst \u00e4r en meningsfull g\u00e5va som pappa garanterat kommer att \u00e4lska. Du kan anpassa den med platsen f\u00f6r pappas tv\u00e5 barn, vilket g\u00f6r den till en otroligt speciell och unik present. Det \u00e4r ett utm\u00e4rkt s\u00e4tt att hedra pappa och visa honom hur mycket han betyder f\u00f6r dig! Den kommer garanterat att bli omhuldad i m\u00e5nga \u00e5r fram\u00f6ver. Ge pappa den perfekta presenten p\u00e5 fars dag eller fars f\u00f6delsedag och ge honom Dubbelkarta f\u00f6r pappa! Han kommer att \u00e4lska den!<\/p>\r\n\r\n\r\n\r\n<h2 class=\"grenB f24 cblue\" style=\"margin-top: 3rem\">Personlig Dubbelkarta f\u00f6r pappa-v\u00e4ggkonst<\/h2>\r\n\r\n<p style=\"margin-top: 1rem\">Ingen pappa kan ers\u00e4ttas, och vad en pappa betyder f\u00f6r sina barn g\u00e5r inte att beskriva med ord. Han har varit en stark st\u00f6ttepelare i deras liv och har st\u00f6ttat dem b\u00e5de i de lyckligaste och sv\u00e5raste stunderna. Det \u00e4r helt r\u00e4tt att han f\u00f6rtj\u00e4nar n\u00e5got extra speciellt denna fars dag eller p\u00e5 sin f\u00f6delsedag. Oavsett om det \u00e4r en g\u00e5va som han kan visa upp eller ett hj\u00e4rtligt kort f\u00f6rtj\u00e4nar pappa att f\u00e5 veta hur mycket du uppskattar honom. L\u00e5t honom veta att du bryr dig om honom och tacka honom f\u00f6r allt han har gjort. Visa pappa hur mycket hans k\u00e4rlek betyder den h\u00e4r farsdagen!<\/p>\r\n\r\n<p style=\"margin-top: 1rem\">Med Dubbelkarta f\u00f6r pappa-v\u00e4ggkonst kan du skapa en personlig och meningsfull g\u00e5va till pappa. Du kan anpassa den med platsen f\u00f6r pappas tv\u00e5 barn eller andra platser som \u00e4r speciella f\u00f6r din pappa. V\u00e4lj f\u00e4rger som passar b\u00e4st och l\u00e4gg till personlig text ocks\u00e5. Den kommer garanterat att bli omhuldad i m\u00e5nga \u00e5r fram\u00f6ver. L\u00e5t pappa veta hur mycket han betyder f\u00f6r dig och se till att denna fars dag eller pappas f\u00f6delsedag blir riktigt speciell! Ge pappa den perfekta presenten med Dubbelkarta f\u00f6r pappa-v\u00e4ggkonst. Han kommer att \u00e4lska den!<\/p>\r\n\r\n\r\n<h2 class=\"grenB f24 cblue\" style=\"margin-top: 3rem\">Anledningar till att pappa f\u00f6rtj\u00e4nar en speciell g\u00e5va<\/h2>\r\n\r\n<p style=\"margin-top: 1rem\">Varje pappa \u00e4r unik och f\u00f6rtj\u00e4nar att hyllas. Han har funnits d\u00e4r f\u00f6r dig fr\u00e5n b\u00f6rjan, han har hejat p\u00e5 dig och uppmuntrat dig p\u00e5 v\u00e4gen. Pappa s\u00e4tter alltid andra i f\u00f6rsta rummet, s\u00e5 det \u00e4r dags att s\u00e4tta pappa i rampljuset denna fars dag eller p\u00e5 hans f\u00f6delsedag. Ge pappa n\u00e5got som han kan visa upp, som en snygg klocka eller ett unikt konstverk.<\/p>\r\n\r\n<p style=\"margin-top: 1rem\">Visa pappa hur mycket du bryr dig om honom genom att ge honom den perfekta presenten f\u00f6r att visa din uppskattning och tacksamhet f\u00f6r allt han har gjort. L\u00e5t pappa veta att hans h\u00e5rda arbete, engagemang och k\u00e4rlek inte har g\u00e5tt obem\u00e4rkt f\u00f6rbi! Han f\u00f6rtj\u00e4nar n\u00e5got speciellt denna fars dag eller pappas f\u00f6delsedag. F\u00e5 pappa att le med en genomt\u00e4nkt och meningsfull g\u00e5va! Han kommer garanterat att uppskatta den i m\u00e5nga \u00e5r fram\u00f6ver.<\/p>\r\n\r\n\r\n<p style=\"margin-top: 3rem\">Det \u00e4r dags att visa pappa hur mycket du uppskattar allt han g\u00f6r. P\u00e5 fars dag eller pappas f\u00f6delsedag kan du ge pappa en g\u00e5va som han kommer att uppskatta f\u00f6r alltid. Dubbelkarta f\u00f6r pappa-v\u00e4ggkonst \u00e4r det perfekta s\u00e4ttet att hedra pappa och visa honom hur mycket du bryr dig om honom. Skapa n\u00e5got meningsfullt och personligt f\u00f6r pappa med detta unika v\u00e4ggkonstverk! Han kommer garanterat att \u00e4lska den. Ge pappa den perfekta presenten p\u00e5 fars dag eller pappas f\u00f6delsedag och ge honom Dubbelkarta f\u00f6r pappa! Den kommer att bli omhuldad i m\u00e5nga \u00e5r fram\u00f6ver. Visa pappa hur mycket du uppskattar allt han har gjort med en speciell och meningsfull g\u00e5va denna fars dag eller pappas f\u00f6delsedag. Han f\u00f6rtj\u00e4nar det!<\/p>","protected":false},"excerpt":{"rendered":"<ul class=\"check-list\">\n<li>Designa en karta som visar var din pappa och du bor &#8211; oavsett hur m\u00e5nga kilometer det \u00e4r mellan er<\/li>\n<li>Markera tv\u00e5 speciella platser med utvalda symboler<\/li>\n<li>Anpassa i 3 enkla steg<\/li>\n<li>Inkludera en meningsfull personlig text<\/li>\n<li>Se resultatet direkt \u2013 den interaktiva f\u00f6rhandsvisningen l\u00e5ter dig finjustera varje detalj<\/li>\n<\/ul>\n","protected":false},"featured_media":1475810,"template":"","meta":[],"product_brand":[],"product_cat":[9118,7459,7982],"product_tag":[8560],"class_list":{"0":"post-453337","1":"product","2":"type-product","3":"status-publish","4":"has-post-thumbnail","6":"product_cat-double-maps-sv","7":"product_cat-alla-produkter","8":"product_cat-gavor-till-pappa","9":"product_tag-father-sv","11":"first","12":"instock","13":"sale","14":"taxable","15":"shipping-taxable","16":"purchasable","17":"product-type-variable"},"yoast_head":"<!-- This site is optimized with the Yoast SEO Premium plugin v27.2 (Yoast SEO v27.2) - https:\/\/yoast.com\/product\/yoast-seo-premium-wordpress\/ -->\n<title>Dubbelkarta f\u00f6r pappa - Positive Prints<\/title>\n<meta name=\"description\" content=\"Ge pappa den perfekta presenten p\u00e5 fars dag eller f\u00f6delsedag och ge honom Dubbelkarta f\u00f6 pappa! Den kommer att bli omhuldad i m\u00e5nga \u00e5r fram\u00f6ver.\" \/>\n<meta name=\"robots\" content=\"index, follow, max-snippet:-1, max-image-preview:large, max-video-preview:-1\" \/>\n<link rel=\"canonical\" href=\"https:\/\/positiveprints.com\/sv\/produkt\/dubbelkarta-for-pappa\/\" \/>\n<meta property=\"og:locale\" content=\"sv_SE\" \/>\n<meta property=\"og:type\" content=\"article\" \/>\n<meta property=\"og:title\" content=\"Dubbelkarta f\u00f6r pappa\" \/>\n<meta property=\"og:description\" content=\"Designa en karta som visar var din pappa och du bor - oavsett hur m\u00e5nga kilometer det \u00e4r mellan er Markera tv\u00e5 speciella platser med utvalda symboler Anpassa i 3 enkla steg Inkludera en meningsfull personlig text Se resultatet direkt \u2013 den interaktiva f\u00f6rhandsvisningen l\u00e5ter dig finjustera varje detalj\" \/>\n<meta property=\"og:url\" content=\"https:\/\/positiveprints.com\/sv\/produkt\/dubbelkarta-for-pappa\/\" \/>\n<meta property=\"og:site_name\" content=\"Positive Prints\" \/>\n<meta property=\"article:publisher\" content=\"https:\/\/www.facebook.com\/positiveprintscom\" \/>\n<meta property=\"article:modified_time\" content=\"2026-04-18T05:12:48+00:00\" \/>\n<meta property=\"og:image\" content=\"https:\/\/positiveprints.com\/wp-content\/uploads\/2023\/02\/double-map-for-dad.jpg\" \/>\n\t<meta property=\"og:image:width\" content=\"1080\" \/>\n\t<meta property=\"og:image:height\" content=\"1080\" \/>\n\t<meta property=\"og:image:type\" content=\"image\/jpeg\" \/>\n<meta name=\"twitter:card\" content=\"summary_large_image\" \/>\n<!-- \/ Yoast SEO Premium plugin. -->","yoast_head_json":{"title":"Dubbelkarta f\u00f6r pappa - Positive Prints","description":"Ge pappa den perfekta presenten p\u00e5 fars dag eller f\u00f6delsedag och ge honom Dubbelkarta f\u00f6 pappa! Den kommer att bli omhuldad i m\u00e5nga \u00e5r fram\u00f6ver.","robots":{"index":"index","follow":"follow","max-snippet":"max-snippet:-1","max-image-preview":"max-image-preview:large","max-video-preview":"max-video-preview:-1"},"canonical":"https:\/\/positiveprints.com\/sv\/produkt\/dubbelkarta-for-pappa\/","og_locale":"sv_SE","og_type":"article","og_title":"Dubbelkarta f\u00f6r pappa","og_description":"Designa en karta som visar var din pappa och du bor - oavsett hur m\u00e5nga kilometer det \u00e4r mellan er Markera tv\u00e5 speciella platser med utvalda symboler Anpassa i 3 enkla steg Inkludera en meningsfull personlig text Se resultatet direkt \u2013 den interaktiva f\u00f6rhandsvisningen l\u00e5ter dig finjustera varje detalj","og_url":"https:\/\/positiveprints.com\/sv\/produkt\/dubbelkarta-for-pappa\/","og_site_name":"Positive Prints","article_publisher":"https:\/\/www.facebook.com\/positiveprintscom","article_modified_time":"2026-04-18T05:12:48+00:00","og_image":[{"width":1080,"height":1080,"url":"https:\/\/positiveprints.com\/wp-content\/uploads\/2023\/02\/double-map-for-dad.jpg","type":"image\/jpeg"}],"twitter_card":"summary_large_image","schema":{"@context":"https:\/\/schema.org","@graph":[{"@type":["WebPage","ItemPage"],"@id":"https:\/\/positiveprints.com\/sv\/produkt\/dubbelkarta-for-pappa\/","url":"https:\/\/positiveprints.com\/sv\/produkt\/dubbelkarta-for-pappa\/","name":"Dubbelkarta f\u00f6r pappa - Positive Prints","isPartOf":{"@id":"https:\/\/positiveprints.com\/sv\/#website"},"primaryImageOfPage":{"@id":"https:\/\/positiveprints.com\/sv\/produkt\/dubbelkarta-for-pappa\/#primaryimage"},"image":{"@id":"https:\/\/positiveprints.com\/sv\/produkt\/dubbelkarta-for-pappa\/#primaryimage"},"thumbnailUrl":"https:\/\/positiveprints.com\/wp-content\/uploads\/2025\/07\/Packshot_SE_Dubbelkarta-fo\u0308r-pappa.webp","datePublished":"2023-04-06T10:03:54+00:00","dateModified":"2026-04-18T05:12:48+00:00","description":"Ge pappa den perfekta presenten p\u00e5 fars dag eller f\u00f6delsedag och ge honom Dubbelkarta f\u00f6 pappa! Den kommer att bli omhuldad i m\u00e5nga \u00e5r fram\u00f6ver.","breadcrumb":{"@id":"https:\/\/positiveprints.com\/sv\/produkt\/dubbelkarta-for-pappa\/#breadcrumb"},"inLanguage":"sv-SE","potentialAction":[{"@type":"ReadAction","target":["https:\/\/positiveprints.com\/sv\/produkt\/dubbelkarta-for-pappa\/"]}]},{"@type":"ImageObject","inLanguage":"sv-SE","@id":"https:\/\/positiveprints.com\/sv\/produkt\/dubbelkarta-for-pappa\/#primaryimage","url":"https:\/\/positiveprints.com\/wp-content\/uploads\/2025\/07\/Packshot_SE_Dubbelkarta-fo\u0308r-pappa.webp","contentUrl":"https:\/\/positiveprints.com\/wp-content\/uploads\/2025\/07\/Packshot_SE_Dubbelkarta-fo\u0308r-pappa.webp","width":1450,"height":1450},{"@type":"BreadcrumbList","@id":"https:\/\/positiveprints.com\/sv\/produkt\/dubbelkarta-for-pappa\/#breadcrumb","itemListElement":[{"@type":"ListItem","position":1,"name":"Home","item":"https:\/\/positiveprints.com\/sv\/"},{"@type":"ListItem","position":2,"name":"Produkter","item":"https:\/\/positiveprints.com\/sv\/shop\/"},{"@type":"ListItem","position":3,"name":"Dubbelkarta f\u00f6r pappa"}]},{"@type":"WebSite","@id":"https:\/\/positiveprints.com\/sv\/#website","url":"https:\/\/positiveprints.com\/sv\/","name":"Positive Prints","description":"Amazing Custom Personalized Gifts","publisher":{"@id":"https:\/\/positiveprints.com\/sv\/#organization"},"potentialAction":[{"@type":"SearchAction","target":{"@type":"EntryPoint","urlTemplate":"https:\/\/positiveprints.com\/sv\/?s={search_term_string}"},"query-input":{"@type":"PropertyValueSpecification","valueRequired":true,"valueName":"search_term_string"}}],"inLanguage":"sv-SE"},{"@type":"Organization","@id":"https:\/\/positiveprints.com\/sv\/#organization","name":"Positive Prints","alternateName":"Positive Prints","url":"https:\/\/positiveprints.com\/sv\/","logo":{"@type":"ImageObject","inLanguage":"sv-SE","@id":"https:\/\/positiveprints.com\/sv\/#\/schema\/logo\/image\/","url":"https:\/\/positiveprints.com\/wp-content\/uploads\/2026\/03\/245815646_1337939713319158_5671353136411139666_n.png","contentUrl":"https:\/\/positiveprints.com\/wp-content\/uploads\/2026\/03\/245815646_1337939713319158_5671353136411139666_n.png","width":800,"height":800,"caption":"Positive Prints"},"image":{"@id":"https:\/\/positiveprints.com\/sv\/#\/schema\/logo\/image\/"},"sameAs":["https:\/\/www.facebook.com\/positiveprintscom","https:\/\/www.instagram.com\/positiveprintscom\/","https:\/\/www.tiktok.com\/@positiveprintscom","https:\/\/www.pinterest.com\/positiveprintscom\/"]}]}},"jetpack_sharing_enabled":true,"_links":{"self":[{"href":"https:\/\/positiveprints.com\/sv\/wp-json\/wp\/v2\/product\/453337","targetHints":{"allow":["GET"]}}],"collection":[{"href":"https:\/\/positiveprints.com\/sv\/wp-json\/wp\/v2\/product"}],"about":[{"href":"https:\/\/positiveprints.com\/sv\/wp-json\/wp\/v2\/types\/product"}],"wp:featuredmedia":[{"embeddable":true,"href":"https:\/\/positiveprints.com\/sv\/wp-json\/wp\/v2\/media\/1475810"}],"wp:attachment":[{"href":"https:\/\/positiveprints.com\/sv\/wp-json\/wp\/v2\/media?parent=453337"}],"wp:term":[{"taxonomy":"product_brand","embeddable":true,"href":"https:\/\/positiveprints.com\/sv\/wp-json\/wp\/v2\/product_brand?post=453337"},{"taxonomy":"product_cat","embeddable":true,"href":"https:\/\/positiveprints.com\/sv\/wp-json\/wp\/v2\/product_cat?post=453337"},{"taxonomy":"product_tag","embeddable":true,"href":"https:\/\/positiveprints.com\/sv\/wp-json\/wp\/v2\/product_tag?post=453337"}],"curies":[{"name":"wp","href":"https:\/\/api.w.org\/{rel}","templated":true}]}}