{"id":453150,"date":"2023-02-14T10:27:27","date_gmt":"2023-02-14T09:27:27","guid":{"rendered":"https:\/\/positiveprints.com\/?post_type=product&#038;p=453150"},"modified":"2026-04-12T22:41:13","modified_gmt":"2026-04-12T21:41:13","slug":"dagen-da-ni-blev-mina-farforaldrar-morforaldrar","status":"publish","type":"product","link":"https:\/\/positiveprints.com\/sv\/produkt\/dagen-da-ni-blev-mina-farforaldrar-morforaldrar\/","title":{"rendered":"Dagen d\u00e5 ni blev mina farf\u00f6r\u00e4ldrar \/ morf\u00f6r\u00e4ldrar"},"content":{"rendered":"<p style=\"margin-top: 1rem\">Letar du efter en perfekt present till mor- och farf\u00f6r\u00e4ldrarna? Titta inte l\u00e4ngre \u00e4n till denna personliga affischprint eller denna canvas som f\u00e5ngar natthimlen den dag de blev mor- eller farf\u00f6r\u00e4ldrar! Denna speciella g\u00e5va kommer garanterat att visa dina mor- och farf\u00f6r\u00e4ldrar hur mycket de betyder f\u00f6r dig!<\/p>\r\n\r\n\r\n\r\n<h2 class=\"grenB f24 cblue\" style=\"margin-top: 3rem\">Personlig Dagen d\u00e5 ni blev mina farf\u00f6r\u00e4ldrar \/ morf\u00f6r\u00e4ldrar-v\u00e4ggkonst<\/h2>\r\n\r\n\r\n<p style=\"margin-top: 1rem\">Den h\u00e4r v\u00e4ggkonsten \u00e4r det perfekta s\u00e4ttet att visa dina mor- och farf\u00f6r\u00e4ldrar hur mycket du \u00e4lskar och uppskattar dem med en unik och speciell g\u00e5va. Stj\u00e4rnorna kommer att st\u00e5 i linje med vad de gjorde den dag du blev deras barnbarn. Det h\u00e4r affischtrycket eller den h\u00e4r canvasduken \u00e4r en omt\u00e4nksam och varaktig minnesg\u00e5va som dina mor- och farf\u00f6r\u00e4ldrar stolt kan visa upp i sitt hem.<\/p>\r\n\r\n\r\n\r\n<p style=\"margin-top: 1rem\">Ange f\u00f6rst det datum och den plats som du vill v\u00e4lja. V\u00e4lj sedan bland en rad fantastiska m\u00f6nster eller lek med f\u00e4rgerna sj\u00e4lv f\u00f6r att skapa det perfekta utseendet f\u00f6r din v\u00e4ggkonst. Du kan ocks\u00e5 l\u00e4gga till en personlig text f\u00f6r att g\u00f6ra denna g\u00e5va \u00e4nnu mer speciell och meningsfull.<\/p>\r\n\r\n\r\n\r\n<p style=\"margin-top: 1rem\">Den h\u00e4r vackra v\u00e4ggkonsten kan enkelt anpassas med ett datum som du sj\u00e4lv v\u00e4ljer, vilket g\u00f6r den till en unik och personlig g\u00e5va till dina mor- och farf\u00f6r\u00e4ldrar. Den finns i flera olika storlekar f\u00f6r att passa alla v\u00e4ggutrymmen.<\/p>\r\n\r\n<h2 class=\"grenB f24 cblue\" style=\"margin-top: 3rem\">En speciell g\u00e5va som kommer att h\u00e5lla hela livet<\/h2>\r\n\r\n\r\n<p style=\"margin-top: 1rem\">Dina mor- och farf\u00f6r\u00e4ldrar kommer att uppskatta denna speciella g\u00e5va i m\u00e5nga \u00e5r fram\u00f6ver. Affischtrycket eller duken med natthimlen fungerar som en p\u00e5minnelse om den speciella dagen och kommer att vara en st\u00e4ndig p\u00e5minnelse om din k\u00e4rlek till dem.<\/p>\r\n\r\n\r\n\r\n<p style=\"margin-top: 1rem\">Den h\u00e4r presenten kommer garanterat att f\u00e5 dina mor- och farf\u00f6r\u00e4ldrar att le varje g\u00e5ng de tittar p\u00e5 den, vilket g\u00f6r den till det perfekta s\u00e4ttet att visa dem din k\u00e4rlek och uppskattning.<\/p>\r\n\r\n\r\n\r\n<p style=\"margin-top: 3rem\">Dela en ber\u00e4ttelse i k\u00e4rlekens och uppskattningens stj\u00e4rnor med denna vackra v\u00e4ggkonstg\u00e5va! Med en s\u00e5dan unik och personlig g\u00e5va f\u00e5r du s\u00e4kert dina mor- och farf\u00f6r\u00e4ldrar att k\u00e4nna sig extra speciella och \u00e4lskade. Best\u00e4ll Dagen d\u00e5 ni blev mina farf\u00f6r\u00e4ldrar \/ morf\u00f6r\u00e4ldrar idag s\u00e5 att din otroliga mor- och farf\u00f6r\u00e4lder kan njuta av detta tidl\u00f6sa minne f\u00f6r alltid.<\/p>","protected":false},"excerpt":{"rendered":"<ul class=\"check-list\">\n<li>V\u00e5rda bandet med dina mor- och farf\u00f6r\u00e4ldrar och visa dem din k\u00e4rlek och uppskattning med en meningsfull g\u00e5va<\/li>\n<li>L\u00e4gg till planeter, konstellationer och Vintergatan <\/li>\n<li>Anpassa i 3 enkla steg<\/li>\n<li>Inkludera en meningsfull personlig text<\/li>\n<li>Se resultatet direkt \u2013 den interaktiva f\u00f6rhandsvisningen l\u00e5ter dig finjustera varje detalj<\/li>\n<\/ul>\n","protected":false},"featured_media":1337750,"template":"","meta":[],"product_brand":[],"product_cat":[9000,7459,8218],"product_tag":[8683,15701,15713],"class_list":{"0":"post-453150","1":"product","2":"type-product","3":"status-publish","4":"has-post-thumbnail","6":"product_cat-aldreomsorgens-dag","7":"product_cat-alla-produkter","8":"product_cat-star-sv","9":"product_tag-grandparents-sv","10":"product_tag-present-till-mor-och-farforaldrar","11":"product_tag-presenter-till-mor-och-farforaldrar","13":"first","14":"instock","15":"sale","16":"taxable","17":"shipping-taxable","18":"purchasable","19":"product-type-variable"},"yoast_head":"<!-- This site is optimized with the Yoast SEO Premium plugin v27.2 (Yoast SEO v27.2) - https:\/\/yoast.com\/product\/yoast-seo-premium-wordpress\/ -->\n<title>Dagen d\u00e5 ni blev mina farf\u00f6r\u00e4ldrar - Positive Prints<\/title>\n<meta name=\"description\" content=\"Letar du efter en present till mor- och farf\u00f6r\u00e4ldrarna? Titta inte l\u00e4ngre \u00e4n till denna personliga v\u00e4ggkonst som f\u00e5ngar natthimlen den dag de blev mor- och farf\u00f6r\u00e4ldrar!\" \/>\n<meta name=\"robots\" content=\"index, follow, max-snippet:-1, max-image-preview:large, max-video-preview:-1\" \/>\n<link rel=\"canonical\" href=\"https:\/\/positiveprints.com\/sv\/produkt\/dagen-da-ni-blev-mina-farforaldrar-morforaldrar\/\" \/>\n<meta property=\"og:locale\" content=\"sv_SE\" \/>\n<meta property=\"og:type\" content=\"article\" \/>\n<meta property=\"og:title\" content=\"Dagen d\u00e5 ni blev mina farf\u00f6r\u00e4ldrar \/ morf\u00f6r\u00e4ldrar\" \/>\n<meta property=\"og:description\" content=\"V\u00e5rda bandet med dina mor- och farf\u00f6r\u00e4ldrar och visa dem din k\u00e4rlek och uppskattning med en meningsfull g\u00e5va L\u00e4gg till planeter, konstellationer och Vintergatan Anpassa i 3 enkla steg Inkludera en meningsfull personlig text Se resultatet direkt \u2013 den interaktiva f\u00f6rhandsvisningen l\u00e5ter dig finjustera varje detalj\" \/>\n<meta property=\"og:url\" content=\"https:\/\/positiveprints.com\/sv\/produkt\/dagen-da-ni-blev-mina-farforaldrar-morforaldrar\/\" \/>\n<meta property=\"og:site_name\" content=\"Positive Prints\" \/>\n<meta property=\"article:publisher\" content=\"https:\/\/www.facebook.com\/positiveprintscom\" \/>\n<meta property=\"article:modified_time\" content=\"2026-04-12T21:41:13+00:00\" \/>\n<meta property=\"og:image\" content=\"https:\/\/positiveprints.com\/wp-content\/uploads\/2025\/01\/Dagen-da\u030a-ni-blev-mina-farfo\u0308ra\u0308ldrar-morfo\u0308ra\u0308ldrar-1.webp\" \/>\n\t<meta property=\"og:image:width\" content=\"1450\" \/>\n\t<meta property=\"og:image:height\" content=\"1450\" \/>\n\t<meta property=\"og:image:type\" content=\"image\/webp\" \/>\n<meta name=\"twitter:card\" content=\"summary_large_image\" \/>\n<meta name=\"twitter:label1\" content=\"Ber\u00e4knad l\u00e4stid\" \/>\n\t<meta name=\"twitter:data1\" content=\"2 minut\" \/>\n<!-- \/ Yoast SEO Premium plugin. -->","yoast_head_json":{"title":"Dagen d\u00e5 ni blev mina farf\u00f6r\u00e4ldrar - Positive Prints","description":"Letar du efter en present till mor- och farf\u00f6r\u00e4ldrarna? Titta inte l\u00e4ngre \u00e4n till denna personliga v\u00e4ggkonst som f\u00e5ngar natthimlen den dag de blev mor- och farf\u00f6r\u00e4ldrar!","robots":{"index":"index","follow":"follow","max-snippet":"max-snippet:-1","max-image-preview":"max-image-preview:large","max-video-preview":"max-video-preview:-1"},"canonical":"https:\/\/positiveprints.com\/sv\/produkt\/dagen-da-ni-blev-mina-farforaldrar-morforaldrar\/","og_locale":"sv_SE","og_type":"article","og_title":"Dagen d\u00e5 ni blev mina farf\u00f6r\u00e4ldrar \/ morf\u00f6r\u00e4ldrar","og_description":"V\u00e5rda bandet med dina mor- och farf\u00f6r\u00e4ldrar och visa dem din k\u00e4rlek och uppskattning med en meningsfull g\u00e5va L\u00e4gg till planeter, konstellationer och Vintergatan Anpassa i 3 enkla steg Inkludera en meningsfull personlig text Se resultatet direkt \u2013 den interaktiva f\u00f6rhandsvisningen l\u00e5ter dig finjustera varje detalj","og_url":"https:\/\/positiveprints.com\/sv\/produkt\/dagen-da-ni-blev-mina-farforaldrar-morforaldrar\/","og_site_name":"Positive Prints","article_publisher":"https:\/\/www.facebook.com\/positiveprintscom","article_modified_time":"2026-04-12T21:41:13+00:00","og_image":[{"width":1450,"height":1450,"url":"https:\/\/positiveprints.com\/wp-content\/uploads\/2025\/01\/Dagen-da\u030a-ni-blev-mina-farfo\u0308ra\u0308ldrar-morfo\u0308ra\u0308ldrar-1.webp","type":"image\/webp"}],"twitter_card":"summary_large_image","twitter_misc":{"Ber\u00e4knad l\u00e4stid":"2 minut"},"schema":{"@context":"https:\/\/schema.org","@graph":[{"@type":["WebPage","ItemPage"],"@id":"https:\/\/positiveprints.com\/sv\/produkt\/dagen-da-ni-blev-mina-farforaldrar-morforaldrar\/","url":"https:\/\/positiveprints.com\/sv\/produkt\/dagen-da-ni-blev-mina-farforaldrar-morforaldrar\/","name":"Dagen d\u00e5 ni blev mina farf\u00f6r\u00e4ldrar - Positive Prints","isPartOf":{"@id":"https:\/\/positiveprints.com\/sv\/#website"},"primaryImageOfPage":{"@id":"https:\/\/positiveprints.com\/sv\/produkt\/dagen-da-ni-blev-mina-farforaldrar-morforaldrar\/#primaryimage"},"image":{"@id":"https:\/\/positiveprints.com\/sv\/produkt\/dagen-da-ni-blev-mina-farforaldrar-morforaldrar\/#primaryimage"},"thumbnailUrl":"https:\/\/positiveprints.com\/wp-content\/uploads\/2025\/01\/Dagen-da\u030a-ni-blev-mina-farfo\u0308ra\u0308ldrar-morfo\u0308ra\u0308ldrar-1.webp","datePublished":"2023-02-14T09:27:27+00:00","dateModified":"2026-04-12T21:41:13+00:00","description":"Letar du efter en present till mor- och farf\u00f6r\u00e4ldrarna? Titta inte l\u00e4ngre \u00e4n till denna personliga v\u00e4ggkonst som f\u00e5ngar natthimlen den dag de blev mor- och farf\u00f6r\u00e4ldrar!","breadcrumb":{"@id":"https:\/\/positiveprints.com\/sv\/produkt\/dagen-da-ni-blev-mina-farforaldrar-morforaldrar\/#breadcrumb"},"inLanguage":"sv-SE","potentialAction":[{"@type":"ReadAction","target":["https:\/\/positiveprints.com\/sv\/produkt\/dagen-da-ni-blev-mina-farforaldrar-morforaldrar\/"]}]},{"@type":"ImageObject","inLanguage":"sv-SE","@id":"https:\/\/positiveprints.com\/sv\/produkt\/dagen-da-ni-blev-mina-farforaldrar-morforaldrar\/#primaryimage","url":"https:\/\/positiveprints.com\/wp-content\/uploads\/2025\/01\/Dagen-da\u030a-ni-blev-mina-farfo\u0308ra\u0308ldrar-morfo\u0308ra\u0308ldrar-1.webp","contentUrl":"https:\/\/positiveprints.com\/wp-content\/uploads\/2025\/01\/Dagen-da\u030a-ni-blev-mina-farfo\u0308ra\u0308ldrar-morfo\u0308ra\u0308ldrar-1.webp","width":1450,"height":1450},{"@type":"BreadcrumbList","@id":"https:\/\/positiveprints.com\/sv\/produkt\/dagen-da-ni-blev-mina-farforaldrar-morforaldrar\/#breadcrumb","itemListElement":[{"@type":"ListItem","position":1,"name":"Home","item":"https:\/\/positiveprints.com\/sv\/"},{"@type":"ListItem","position":2,"name":"Produkter","item":"https:\/\/positiveprints.com\/sv\/shop\/"},{"@type":"ListItem","position":3,"name":"Dagen d\u00e5 ni blev mina farf\u00f6r\u00e4ldrar \/ morf\u00f6r\u00e4ldrar"}]},{"@type":"WebSite","@id":"https:\/\/positiveprints.com\/sv\/#website","url":"https:\/\/positiveprints.com\/sv\/","name":"Positive Prints","description":"Amazing Custom Personalized Gifts","publisher":{"@id":"https:\/\/positiveprints.com\/sv\/#organization"},"potentialAction":[{"@type":"SearchAction","target":{"@type":"EntryPoint","urlTemplate":"https:\/\/positiveprints.com\/sv\/?s={search_term_string}"},"query-input":{"@type":"PropertyValueSpecification","valueRequired":true,"valueName":"search_term_string"}}],"inLanguage":"sv-SE"},{"@type":"Organization","@id":"https:\/\/positiveprints.com\/sv\/#organization","name":"Positive Prints","alternateName":"Positive Prints","url":"https:\/\/positiveprints.com\/sv\/","logo":{"@type":"ImageObject","inLanguage":"sv-SE","@id":"https:\/\/positiveprints.com\/sv\/#\/schema\/logo\/image\/","url":"https:\/\/positiveprints.com\/wp-content\/uploads\/2026\/03\/245815646_1337939713319158_5671353136411139666_n.png","contentUrl":"https:\/\/positiveprints.com\/wp-content\/uploads\/2026\/03\/245815646_1337939713319158_5671353136411139666_n.png","width":800,"height":800,"caption":"Positive Prints"},"image":{"@id":"https:\/\/positiveprints.com\/sv\/#\/schema\/logo\/image\/"},"sameAs":["https:\/\/www.facebook.com\/positiveprintscom","https:\/\/www.instagram.com\/positiveprintscom\/","https:\/\/www.tiktok.com\/@positiveprintscom","https:\/\/www.pinterest.com\/positiveprintscom\/"]}]}},"jetpack_sharing_enabled":true,"_links":{"self":[{"href":"https:\/\/positiveprints.com\/sv\/wp-json\/wp\/v2\/product\/453150","targetHints":{"allow":["GET"]}}],"collection":[{"href":"https:\/\/positiveprints.com\/sv\/wp-json\/wp\/v2\/product"}],"about":[{"href":"https:\/\/positiveprints.com\/sv\/wp-json\/wp\/v2\/types\/product"}],"wp:featuredmedia":[{"embeddable":true,"href":"https:\/\/positiveprints.com\/sv\/wp-json\/wp\/v2\/media\/1337750"}],"wp:attachment":[{"href":"https:\/\/positiveprints.com\/sv\/wp-json\/wp\/v2\/media?parent=453150"}],"wp:term":[{"taxonomy":"product_brand","embeddable":true,"href":"https:\/\/positiveprints.com\/sv\/wp-json\/wp\/v2\/product_brand?post=453150"},{"taxonomy":"product_cat","embeddable":true,"href":"https:\/\/positiveprints.com\/sv\/wp-json\/wp\/v2\/product_cat?post=453150"},{"taxonomy":"product_tag","embeddable":true,"href":"https:\/\/positiveprints.com\/sv\/wp-json\/wp\/v2\/product_tag?post=453150"}],"curies":[{"name":"wp","href":"https:\/\/api.w.org\/{rel}","templated":true}]}}