{"id":453080,"date":"2023-02-13T11:58:04","date_gmt":"2023-04-05T15:17:53","guid":{"rendered":"https:\/\/positiveprints.com\/?post_type=product&#038;p=453080"},"modified":"2026-04-18T06:14:34","modified_gmt":"2026-04-18T05:14:34","slug":"nar-den-basta-mamman-foddes","status":"publish","type":"product","link":"https:\/\/positiveprints.com\/sv\/produkt\/nar-den-basta-mamman-foddes\/","title":{"rendered":"N\u00e4r den b\u00e4sta mamman f\u00f6ddes"},"content":{"rendered":"<p style=\"margin-top: 1rem\">Letar du efter den perfekta presenten f\u00f6r att fira mors dag eller f\u00f6r mammas f\u00f6delsedag? Titta inte l\u00e4ngre \u00e4n till N\u00e4r den b\u00e4sta mamman f\u00f6ddes, en personlig affischprint eller en canvas som f\u00e5ngar natthimlen fr\u00e5n exakt det datum och den plats du v\u00e4ljer.<\/p>\r\n\r\n<h2 class=\"grenB f24 cblue\" style=\"margin-top: 3rem\">Personlig N\u00e4r den b\u00e4sta mamman f\u00f6ddes-v\u00e4ggkonst<\/h2>\r\n\r\n\r\n<p style=\"margin-top: 1rem\">S\u00e5 l\u00e4nge du ger din mamma en present fr\u00e5n hj\u00e4rtat kommer hon garanterat att uppskatta den och \u00e4lska den oavsett vad som h\u00e4nder. Det finns inget universellt svar p\u00e5 vilken typ av g\u00e5va som g\u00f6r din mamma glad &#8211; alla har olika smak och preferenser. Det \u00e4r d\u00e4rf\u00f6r vi g\u00f6r det enkelt att anpassa din affisch eller canvasprint N\u00e4r den b\u00e4sta mamman f\u00f6ddes.<\/p>\r\n\r\n\r\n\r\n<p style=\"margin-top: 1rem\">Ange ett datum och en plats i v\u00e5r l\u00e4ttanv\u00e4nda redigeringsfunktion s\u00e5 ser vi till att den nattliga himlen f\u00f6r det \u00f6gonblicket f\u00e5ngas perfekt. Du kan v\u00e4lja bland f\u00f6rdefinierade f\u00e4rger och m\u00f6nster eller till och med f\u00e4rgl\u00e4gga den sj\u00e4lv. L\u00e4gg till lite personlig text nedan f\u00f6r att uttrycka din k\u00e4rlek och uppskattning f\u00f6r din mamma.<\/p>\r\n\r\n\r\n\r\n<p style=\"margin-top: 1rem\">Den h\u00e4r affischen kommer att f\u00e5nga en viktig milstolpe i din mammas liv, vilket g\u00f6r den till en perfekt present f\u00f6r att fira hennes f\u00f6delsedag eller mors dag. Hon kommer garanterat att uppskatta den tanke och omsorg som lagts ner p\u00e5 denna speciella g\u00e5va varje g\u00e5ng hon tittar p\u00e5 den.<\/p>\r\n\r\n\r\n\r\n<h2 class=\"grenB f24 cblue\" style=\"margin-top: 3rem\">Ett s\u00e4rskilt s\u00e4tt att hedra henne<\/h2>\r\n\r\n<p style=\"margin-top: 1rem\">Mammor \u00e4r n\u00e5gra av de mest speciella m\u00e4nniskorna i v\u00e5ra liv &#8211; de ger oss villkorsl\u00f6s k\u00e4rlek, st\u00f6d och omsorg. Oavsett om det \u00e4r din egen mamma som har funnits d\u00e4r f\u00f6r dig hela ditt liv eller en nybliven mamma som just har v\u00e4lkomnat sin lilla gl\u00e4djebulle, f\u00f6rtj\u00e4nar varje mamma att f\u00e5 erk\u00e4nnande f\u00f6r alla de fantastiska saker hon g\u00f6r.<\/p>\r\n\r\n\r\n\r\n<p style=\"margin-top: 1rem\">Fira henne med den h\u00e4r unika och personliga natthimlen fr\u00e5n hennes f\u00f6delsedatum. Det \u00e4r ett speciellt s\u00e4tt att hedra henne och visa hur mycket du uppskattar att ha henne i ditt liv. Det finns \u00e4ven m\u00f6jlighet att l\u00e4gga till en personlig text under den, vilket g\u00f6r det till en perfekt present till mamma p\u00e5 hennes f\u00f6delsedag, mors dag eller bara f\u00f6r att s\u00e4ga tack. L\u00e5t din mamma veta att hon \u00e4r v\u00e4rldens b\u00e4sta mamma med denna speciella v\u00e4ggkonst!<\/p>\r\n\r\n\r\n\r\n\r\n\r\n<p style=\"margin-top: 1rem\">Oavsett vad du ger din mamma kommer hon s\u00e4kert att uppskatta det. Med When N\u00e4r den b\u00e4sta mamman f\u00f6ddes kan du visa henne hur speciell och \u00e4lskad hon \u00e4r genom att skapa ett unikt v\u00e4ggkonstverk som f\u00e5ngar natthimlen fr\u00e5n det \u00f6gonblick d\u00e5 hon f\u00f6ddes. Hon kommer garanterat att veta hur mycket du bryr dig om henne! Det \u00e4r det perfekta s\u00e4ttet att hedra den mest speciella kvinnan i ditt liv.<\/p>","protected":false},"excerpt":{"rendered":"<ul class=\"check-list\">\n<li>F\u00e5nga stj\u00e4rnornas magi genom att skapa en anpassad stj\u00e4rnkarta med exakt plats och datum<\/li>\n<li>L\u00e4gg till planeter, konstellationer och Vintergatan <\/li>\n<li>Anpassa i 3 enkla steg<\/li>\n<li>Inkludera en meningsfull personlig text<\/li>\n<li>Se resultatet direkt \u2013 den interaktiva f\u00f6rhandsvisningen l\u00e5ter dig finjustera varje detalj<\/li>\n<\/ul>\n","protected":false},"featured_media":1346369,"template":"","meta":[],"product_brand":[],"product_cat":[7459,8218],"product_tag":[8409],"class_list":{"0":"post-453080","1":"product","2":"type-product","3":"status-publish","4":"has-post-thumbnail","6":"product_cat-alla-produkter","7":"product_cat-star-sv","8":"product_tag-mother-sv","10":"first","11":"instock","12":"sale","13":"taxable","14":"shipping-taxable","15":"purchasable","16":"product-type-variable"},"yoast_head":"<!-- This site is optimized with the Yoast SEO Premium plugin v27.2 (Yoast SEO v27.2) - https:\/\/yoast.com\/product\/yoast-seo-premium-wordpress\/ -->\n<title>N\u00e4r den b\u00e4sta mamman f\u00f6ddes - Positive Prints<\/title>\n<meta name=\"description\" content=\"Letar du efter den perfekta presenten f\u00f6r att fira mors dag eller f\u00f6r mammas f\u00f6delsedag? S\u00f6k inte l\u00e4ngre \u00e4n till N\u00e4r den b\u00e4sta mamman f\u00f6ddes.\" \/>\n<meta name=\"robots\" content=\"index, follow, max-snippet:-1, max-image-preview:large, max-video-preview:-1\" \/>\n<link rel=\"canonical\" href=\"https:\/\/positiveprints.com\/sv\/produkt\/nar-den-basta-mamman-foddes\/\" \/>\n<meta property=\"og:locale\" content=\"sv_SE\" \/>\n<meta property=\"og:type\" content=\"article\" \/>\n<meta property=\"og:title\" content=\"N\u00e4r den b\u00e4sta mamman f\u00f6ddes\" \/>\n<meta property=\"og:description\" content=\"F\u00e5nga stj\u00e4rnornas magi genom att skapa en anpassad stj\u00e4rnkarta med exakt plats och datum L\u00e4gg till planeter, konstellationer och Vintergatan  Anpassa i 3 enkla steg Inkludera en meningsfull personlig text Se resultatet direkt \u2013 den interaktiva f\u00f6rhandsvisningen l\u00e5ter dig finjustera varje detalj\" \/>\n<meta property=\"og:url\" content=\"https:\/\/positiveprints.com\/sv\/produkt\/nar-den-basta-mamman-foddes\/\" \/>\n<meta property=\"og:site_name\" content=\"Positive Prints\" \/>\n<meta property=\"article:publisher\" content=\"https:\/\/www.facebook.com\/positiveprintscom\" \/>\n<meta property=\"article:modified_time\" content=\"2026-04-18T05:14:34+00:00\" \/>\n<meta property=\"og:image\" content=\"https:\/\/positiveprints.com\/wp-content\/uploads\/2025\/02\/Na\u0308r-den-ba\u0308sta-mamman-fo\u0308ddes-1.webp\" \/>\n\t<meta property=\"og:image:width\" content=\"1450\" \/>\n\t<meta property=\"og:image:height\" content=\"1450\" \/>\n\t<meta property=\"og:image:type\" content=\"image\/webp\" \/>\n<meta name=\"twitter:card\" content=\"summary_large_image\" \/>\n<meta name=\"twitter:label1\" content=\"Ber\u00e4knad l\u00e4stid\" \/>\n\t<meta name=\"twitter:data1\" content=\"2 minut\" \/>\n<!-- \/ Yoast SEO Premium plugin. -->","yoast_head_json":{"title":"N\u00e4r den b\u00e4sta mamman f\u00f6ddes - Positive Prints","description":"Letar du efter den perfekta presenten f\u00f6r att fira mors dag eller f\u00f6r mammas f\u00f6delsedag? S\u00f6k inte l\u00e4ngre \u00e4n till N\u00e4r den b\u00e4sta mamman f\u00f6ddes.","robots":{"index":"index","follow":"follow","max-snippet":"max-snippet:-1","max-image-preview":"max-image-preview:large","max-video-preview":"max-video-preview:-1"},"canonical":"https:\/\/positiveprints.com\/sv\/produkt\/nar-den-basta-mamman-foddes\/","og_locale":"sv_SE","og_type":"article","og_title":"N\u00e4r den b\u00e4sta mamman f\u00f6ddes","og_description":"F\u00e5nga stj\u00e4rnornas magi genom att skapa en anpassad stj\u00e4rnkarta med exakt plats och datum L\u00e4gg till planeter, konstellationer och Vintergatan  Anpassa i 3 enkla steg Inkludera en meningsfull personlig text Se resultatet direkt \u2013 den interaktiva f\u00f6rhandsvisningen l\u00e5ter dig finjustera varje detalj","og_url":"https:\/\/positiveprints.com\/sv\/produkt\/nar-den-basta-mamman-foddes\/","og_site_name":"Positive Prints","article_publisher":"https:\/\/www.facebook.com\/positiveprintscom","article_modified_time":"2026-04-18T05:14:34+00:00","og_image":[{"width":1450,"height":1450,"url":"https:\/\/positiveprints.com\/wp-content\/uploads\/2025\/02\/Na\u0308r-den-ba\u0308sta-mamman-fo\u0308ddes-1.webp","type":"image\/webp"}],"twitter_card":"summary_large_image","twitter_misc":{"Ber\u00e4knad l\u00e4stid":"2 minut"},"schema":{"@context":"https:\/\/schema.org","@graph":[{"@type":["WebPage","ItemPage"],"@id":"https:\/\/positiveprints.com\/sv\/produkt\/nar-den-basta-mamman-foddes\/","url":"https:\/\/positiveprints.com\/sv\/produkt\/nar-den-basta-mamman-foddes\/","name":"N\u00e4r den b\u00e4sta mamman f\u00f6ddes - Positive Prints","isPartOf":{"@id":"https:\/\/positiveprints.com\/sv\/#website"},"primaryImageOfPage":{"@id":"https:\/\/positiveprints.com\/sv\/produkt\/nar-den-basta-mamman-foddes\/#primaryimage"},"image":{"@id":"https:\/\/positiveprints.com\/sv\/produkt\/nar-den-basta-mamman-foddes\/#primaryimage"},"thumbnailUrl":"https:\/\/positiveprints.com\/wp-content\/uploads\/2025\/02\/Na\u0308r-den-ba\u0308sta-mamman-fo\u0308ddes-1.webp","datePublished":"2023-04-05T15:17:53+00:00","dateModified":"2026-04-18T05:14:34+00:00","description":"Letar du efter den perfekta presenten f\u00f6r att fira mors dag eller f\u00f6r mammas f\u00f6delsedag? S\u00f6k inte l\u00e4ngre \u00e4n till N\u00e4r den b\u00e4sta mamman f\u00f6ddes.","breadcrumb":{"@id":"https:\/\/positiveprints.com\/sv\/produkt\/nar-den-basta-mamman-foddes\/#breadcrumb"},"inLanguage":"sv-SE","potentialAction":[{"@type":"ReadAction","target":["https:\/\/positiveprints.com\/sv\/produkt\/nar-den-basta-mamman-foddes\/"]}]},{"@type":"ImageObject","inLanguage":"sv-SE","@id":"https:\/\/positiveprints.com\/sv\/produkt\/nar-den-basta-mamman-foddes\/#primaryimage","url":"https:\/\/positiveprints.com\/wp-content\/uploads\/2025\/02\/Na\u0308r-den-ba\u0308sta-mamman-fo\u0308ddes-1.webp","contentUrl":"https:\/\/positiveprints.com\/wp-content\/uploads\/2025\/02\/Na\u0308r-den-ba\u0308sta-mamman-fo\u0308ddes-1.webp","width":1450,"height":1450},{"@type":"BreadcrumbList","@id":"https:\/\/positiveprints.com\/sv\/produkt\/nar-den-basta-mamman-foddes\/#breadcrumb","itemListElement":[{"@type":"ListItem","position":1,"name":"Home","item":"https:\/\/positiveprints.com\/sv\/"},{"@type":"ListItem","position":2,"name":"Produkter","item":"https:\/\/positiveprints.com\/sv\/shop\/"},{"@type":"ListItem","position":3,"name":"N\u00e4r den b\u00e4sta mamman f\u00f6ddes"}]},{"@type":"WebSite","@id":"https:\/\/positiveprints.com\/sv\/#website","url":"https:\/\/positiveprints.com\/sv\/","name":"Positive Prints","description":"Amazing Custom Personalized Gifts","publisher":{"@id":"https:\/\/positiveprints.com\/sv\/#organization"},"potentialAction":[{"@type":"SearchAction","target":{"@type":"EntryPoint","urlTemplate":"https:\/\/positiveprints.com\/sv\/?s={search_term_string}"},"query-input":{"@type":"PropertyValueSpecification","valueRequired":true,"valueName":"search_term_string"}}],"inLanguage":"sv-SE"},{"@type":"Organization","@id":"https:\/\/positiveprints.com\/sv\/#organization","name":"Positive Prints","alternateName":"Positive Prints","url":"https:\/\/positiveprints.com\/sv\/","logo":{"@type":"ImageObject","inLanguage":"sv-SE","@id":"https:\/\/positiveprints.com\/sv\/#\/schema\/logo\/image\/","url":"https:\/\/positiveprints.com\/wp-content\/uploads\/2026\/03\/245815646_1337939713319158_5671353136411139666_n.png","contentUrl":"https:\/\/positiveprints.com\/wp-content\/uploads\/2026\/03\/245815646_1337939713319158_5671353136411139666_n.png","width":800,"height":800,"caption":"Positive Prints"},"image":{"@id":"https:\/\/positiveprints.com\/sv\/#\/schema\/logo\/image\/"},"sameAs":["https:\/\/www.facebook.com\/positiveprintscom","https:\/\/www.instagram.com\/positiveprintscom\/","https:\/\/www.tiktok.com\/@positiveprintscom","https:\/\/www.pinterest.com\/positiveprintscom\/"]}]}},"jetpack_sharing_enabled":true,"_links":{"self":[{"href":"https:\/\/positiveprints.com\/sv\/wp-json\/wp\/v2\/product\/453080","targetHints":{"allow":["GET"]}}],"collection":[{"href":"https:\/\/positiveprints.com\/sv\/wp-json\/wp\/v2\/product"}],"about":[{"href":"https:\/\/positiveprints.com\/sv\/wp-json\/wp\/v2\/types\/product"}],"wp:featuredmedia":[{"embeddable":true,"href":"https:\/\/positiveprints.com\/sv\/wp-json\/wp\/v2\/media\/1346369"}],"wp:attachment":[{"href":"https:\/\/positiveprints.com\/sv\/wp-json\/wp\/v2\/media?parent=453080"}],"wp:term":[{"taxonomy":"product_brand","embeddable":true,"href":"https:\/\/positiveprints.com\/sv\/wp-json\/wp\/v2\/product_brand?post=453080"},{"taxonomy":"product_cat","embeddable":true,"href":"https:\/\/positiveprints.com\/sv\/wp-json\/wp\/v2\/product_cat?post=453080"},{"taxonomy":"product_tag","embeddable":true,"href":"https:\/\/positiveprints.com\/sv\/wp-json\/wp\/v2\/product_tag?post=453080"}],"curies":[{"name":"wp","href":"https:\/\/api.w.org\/{rel}","templated":true}]}}