{"id":453021,"date":"2023-02-13T10:25:20","date_gmt":"2023-02-13T09:25:20","guid":{"rendered":"https:\/\/positiveprints.com\/?post_type=product&#038;p=453021"},"modified":"2026-04-12T22:42:39","modified_gmt":"2026-04-12T21:42:39","slug":"mamma-och-barn-karta","status":"publish","type":"product","link":"https:\/\/positiveprints.com\/sv\/produkt\/mamma-och-barn-karta\/","title":{"rendered":"Mamma och barn-karta"},"content":{"rendered":"<p style=\"margin-top: 1rem\">Letar du efter den perfekta presenten till mamma f\u00f6r att visa hur mycket du bryr dig om henne? S\u00f6k inte l\u00e4ngre &#8211; Mamma och barn-karta \u00e4r h\u00e4r! Det \u00e4r ett sp\u00e4nnande och unikt s\u00e4tt att f\u00f6ra din mamma och dig sj\u00e4lv n\u00e4rmare varandra. Med detta personliga affischuttryck eller canvas blir det inte bara en omt\u00e4nksam present utan ger ocks\u00e5 ett minnesv\u00e4rt, konkret s\u00e4tt att koppla ihop tv\u00e5 platser.<\/p>\r\n\r\n\r\n\r\n<h2 class=\"grenB f24 cblue\" style=\"margin-top: 3rem\">Hur man anpassar Mamma och barn-karta<\/h2>\r\n\r\n<p style=\"margin-top: 1rem\">V\u00e4lj mellan ett hj\u00e4rta delat i tv\u00e5 kartor, tv\u00e5 hj\u00e4rtan, tv\u00e5 fyrkanter eller tv\u00e5 cirklar och anpassa f\u00e4rgerna f\u00f6r att g\u00f6ra din g\u00e5va unik! Markera den exakta adressen f\u00f6r b\u00e5de dig och din mamma med hj\u00e4rtn\u00e5lar. Till r\u00e5ga p\u00e5 allt kan du l\u00e4gga till en egen text d\u00e4r ni kan skriva era namn, adresser eller n\u00e5got sentimentalt citat eller n\u00e5gon mening som kommer att ha en speciell betydelse f\u00f6r er b\u00e5da.<\/p>\r\n\r\n<p style=\"margin-top: 1rem\">Anv\u00e4nd v\u00e5r l\u00e4ttanv\u00e4nda redigerare med f\u00f6rhandsgranskning online och skapa den perfekta presenten till mamma! L\u00e5t Mamma och barn-karta vara ditt s\u00e4tt att p\u00e5minna henne om hur mycket du \u00e4lskar henne, oavsett hur l\u00e5ngt ifr\u00e5n varandra ni \u00e4r.<\/p>\r\n\r\n\r\n\r\n<h2 class=\"grenB f24 cblue\" style=\"margin-top: 3rem\">F\u00f6r mamma och dig sj\u00e4lv n\u00e4rmare varandra<\/h2>\r\n\r\n<p style=\"margin-top: 1rem\">Oavsett hur gammal du \u00e4r kan det vara ett vackert s\u00e4tt att visa din uppskattning f\u00f6r din mamma att fira mors dag eller hennes f\u00f6delsedag. Om du \u00e4r l\u00e5ngt borta fr\u00e5n din mamma \u00e4r Mamma och barn-karta ett meningsfullt och unikt s\u00e4tt att f\u00f6rena er tv\u00e5.<\/p> \r\n\r\n<p style=\"margin-top: 1rem\">En karta d\u00e4r du och din mammas hem ligger kan vara en mycket sentimental g\u00e5va n\u00e4r ni inte l\u00e4ngre bor tillsammans. En s\u00e5dan g\u00e5va \u00e4r meningsfull eftersom den f\u00e5ngar det fysiska avst\u00e5ndet mellan er tv\u00e5, vilket symboliserar hur stort det k\u00e4nslom\u00e4ssiga bandet mellan er tv\u00e5 fortfarande \u00e4r. Den p\u00e5minner ocks\u00e5 din mamma om att du st\u00e4ndigt \u00e4r i hennes tankar och att hon alltid kommer att f\u00f6rbli n\u00e4ra ditt hj\u00e4rta trots att ni \u00e4r \u00e5tskilda. Dessutom blir den en vacker dekoration i din mammas vardagsrum!<\/p>\r\n\r\n\r\n<p style=\"margin-top: 3rem\">Ingen g\u00e5va talar h\u00f6gre \u00e4n k\u00e4rlekens g\u00e5va. L\u00e5t Mamma och barn-karta vara ditt s\u00e4tt att uttrycka att du bryr dig, oavsett hur l\u00e5ngt ifr\u00e5n varandra ni befinner er. Var kreativ med v\u00e5r l\u00e4ttanv\u00e4nda redigerare och \u00f6verraska din mamma med den perfekta sentimentala presenten f\u00f6r att visa henne hur mycket hon betyder f\u00f6r dig.<\/p>","protected":false},"excerpt":{"rendered":"<ul class=\"check-list\">\n<li>Skapa en karta som hyllar er k\u00e4rlek, oavsett hur l\u00e5ngt ifr\u00e5n varandra ni befinner er<\/li>\n<li>Markera tv\u00e5 speciella platser med utvalda symboler<\/li>\n<li>Anpassa i 3 enkla steg<\/li>\n<li>Inkludera en meningsfull personlig text<\/li>\n<li>Se resultatet direkt \u2013 den interaktiva f\u00f6rhandsvisningen l\u00e5ter dig finjustera varje detalj<\/li>\n<\/ul>\n","protected":false},"featured_media":1467221,"template":"","meta":[],"product_brand":[],"product_cat":[9118,7459,8113,8108,11474,7710],"product_tag":[11833,8409],"class_list":{"0":"post-453021","1":"product","2":"type-product","3":"status-publish","4":"has-post-thumbnail","6":"product_cat-double-maps-sv","7":"product_cat-alla-produkter","8":"product_cat-mors-dag-presenter","9":"product_cat-julpresenter","10":"product_cat-julklappar-till-mamma","11":"product_cat-gavor-till-mamma","12":"product_tag-julklappar-till-mamma","13":"product_tag-mother-sv","15":"first","16":"instock","17":"sale","18":"taxable","19":"shipping-taxable","20":"purchasable","21":"product-type-variable"},"yoast_head":"<!-- This site is optimized with the Yoast SEO Premium plugin v27.2 (Yoast SEO v27.2) - https:\/\/yoast.com\/product\/yoast-seo-premium-wordpress\/ -->\n<title>Mamma och barn-karta - Positive Prints<\/title>\n<meta name=\"description\" content=\"Ingen g\u00e5va talar h\u00f6gre \u00e4n k\u00e4rlekens g\u00e5va. L\u00e5t Mamma och barn-karta vara ditt s\u00e4tt att uttrycka att du bryr dig, oavsett hur l\u00e5ngt ifr\u00e5n varandra ni befinner er.\" \/>\n<meta name=\"robots\" content=\"index, follow, max-snippet:-1, max-image-preview:large, max-video-preview:-1\" \/>\n<link rel=\"canonical\" href=\"https:\/\/positiveprints.com\/sv\/produkt\/mamma-och-barn-karta\/\" \/>\n<meta property=\"og:locale\" content=\"sv_SE\" \/>\n<meta property=\"og:type\" content=\"article\" \/>\n<meta property=\"og:title\" content=\"Mamma och barn-karta\" \/>\n<meta property=\"og:description\" content=\"Skapa en karta som hyllar er k\u00e4rlek, oavsett hur l\u00e5ngt ifr\u00e5n varandra ni befinner er  Markera tv\u00e5 speciella platser med utvalda symboler Anpassa i 3 enkla steg Inkludera en meningsfull personlig text Se resultatet direkt \u2013 den interaktiva f\u00f6rhandsvisningen l\u00e5ter dig finjustera varje detalj\" \/>\n<meta property=\"og:url\" content=\"https:\/\/positiveprints.com\/sv\/produkt\/mamma-och-barn-karta\/\" \/>\n<meta property=\"og:site_name\" content=\"Positive Prints\" \/>\n<meta property=\"article:publisher\" content=\"https:\/\/www.facebook.com\/positiveprintscom\" \/>\n<meta property=\"article:modified_time\" content=\"2026-04-12T21:42:39+00:00\" \/>\n<meta property=\"og:image\" content=\"https:\/\/positiveprints.com\/wp-content\/uploads\/2023\/02\/gift-for-mother-from-child.jpg\" \/>\n\t<meta property=\"og:image:width\" content=\"1080\" \/>\n\t<meta property=\"og:image:height\" content=\"1080\" \/>\n\t<meta property=\"og:image:type\" content=\"image\/jpeg\" \/>\n<meta name=\"twitter:card\" content=\"summary_large_image\" \/>\n<!-- \/ Yoast SEO Premium plugin. -->","yoast_head_json":{"title":"Mamma och barn-karta - Positive Prints","description":"Ingen g\u00e5va talar h\u00f6gre \u00e4n k\u00e4rlekens g\u00e5va. L\u00e5t Mamma och barn-karta vara ditt s\u00e4tt att uttrycka att du bryr dig, oavsett hur l\u00e5ngt ifr\u00e5n varandra ni befinner er.","robots":{"index":"index","follow":"follow","max-snippet":"max-snippet:-1","max-image-preview":"max-image-preview:large","max-video-preview":"max-video-preview:-1"},"canonical":"https:\/\/positiveprints.com\/sv\/produkt\/mamma-och-barn-karta\/","og_locale":"sv_SE","og_type":"article","og_title":"Mamma och barn-karta","og_description":"Skapa en karta som hyllar er k\u00e4rlek, oavsett hur l\u00e5ngt ifr\u00e5n varandra ni befinner er  Markera tv\u00e5 speciella platser med utvalda symboler Anpassa i 3 enkla steg Inkludera en meningsfull personlig text Se resultatet direkt \u2013 den interaktiva f\u00f6rhandsvisningen l\u00e5ter dig finjustera varje detalj","og_url":"https:\/\/positiveprints.com\/sv\/produkt\/mamma-och-barn-karta\/","og_site_name":"Positive Prints","article_publisher":"https:\/\/www.facebook.com\/positiveprintscom","article_modified_time":"2026-04-12T21:42:39+00:00","og_image":[{"width":1080,"height":1080,"url":"https:\/\/positiveprints.com\/wp-content\/uploads\/2023\/02\/gift-for-mother-from-child.jpg","type":"image\/jpeg"}],"twitter_card":"summary_large_image","schema":{"@context":"https:\/\/schema.org","@graph":[{"@type":["WebPage","ItemPage"],"@id":"https:\/\/positiveprints.com\/sv\/produkt\/mamma-och-barn-karta\/","url":"https:\/\/positiveprints.com\/sv\/produkt\/mamma-och-barn-karta\/","name":"Mamma och barn-karta - Positive Prints","isPartOf":{"@id":"https:\/\/positiveprints.com\/sv\/#website"},"primaryImageOfPage":{"@id":"https:\/\/positiveprints.com\/sv\/produkt\/mamma-och-barn-karta\/#primaryimage"},"image":{"@id":"https:\/\/positiveprints.com\/sv\/produkt\/mamma-och-barn-karta\/#primaryimage"},"thumbnailUrl":"https:\/\/positiveprints.com\/wp-content\/uploads\/2025\/07\/Packshot_SE_Mamma-och-barn-karta.webp","datePublished":"2023-02-13T09:25:20+00:00","dateModified":"2026-04-12T21:42:39+00:00","description":"Ingen g\u00e5va talar h\u00f6gre \u00e4n k\u00e4rlekens g\u00e5va. L\u00e5t Mamma och barn-karta vara ditt s\u00e4tt att uttrycka att du bryr dig, oavsett hur l\u00e5ngt ifr\u00e5n varandra ni befinner er.","breadcrumb":{"@id":"https:\/\/positiveprints.com\/sv\/produkt\/mamma-och-barn-karta\/#breadcrumb"},"inLanguage":"sv-SE","potentialAction":[{"@type":"ReadAction","target":["https:\/\/positiveprints.com\/sv\/produkt\/mamma-och-barn-karta\/"]}]},{"@type":"ImageObject","inLanguage":"sv-SE","@id":"https:\/\/positiveprints.com\/sv\/produkt\/mamma-och-barn-karta\/#primaryimage","url":"https:\/\/positiveprints.com\/wp-content\/uploads\/2025\/07\/Packshot_SE_Mamma-och-barn-karta.webp","contentUrl":"https:\/\/positiveprints.com\/wp-content\/uploads\/2025\/07\/Packshot_SE_Mamma-och-barn-karta.webp","width":1450,"height":1450},{"@type":"BreadcrumbList","@id":"https:\/\/positiveprints.com\/sv\/produkt\/mamma-och-barn-karta\/#breadcrumb","itemListElement":[{"@type":"ListItem","position":1,"name":"Home","item":"https:\/\/positiveprints.com\/sv\/"},{"@type":"ListItem","position":2,"name":"Produkter","item":"https:\/\/positiveprints.com\/sv\/shop\/"},{"@type":"ListItem","position":3,"name":"Mamma och barn-karta"}]},{"@type":"WebSite","@id":"https:\/\/positiveprints.com\/sv\/#website","url":"https:\/\/positiveprints.com\/sv\/","name":"Positive Prints","description":"Amazing Custom Personalized Gifts","publisher":{"@id":"https:\/\/positiveprints.com\/sv\/#organization"},"potentialAction":[{"@type":"SearchAction","target":{"@type":"EntryPoint","urlTemplate":"https:\/\/positiveprints.com\/sv\/?s={search_term_string}"},"query-input":{"@type":"PropertyValueSpecification","valueRequired":true,"valueName":"search_term_string"}}],"inLanguage":"sv-SE"},{"@type":"Organization","@id":"https:\/\/positiveprints.com\/sv\/#organization","name":"Positive Prints","alternateName":"Positive Prints","url":"https:\/\/positiveprints.com\/sv\/","logo":{"@type":"ImageObject","inLanguage":"sv-SE","@id":"https:\/\/positiveprints.com\/sv\/#\/schema\/logo\/image\/","url":"https:\/\/positiveprints.com\/wp-content\/uploads\/2026\/03\/245815646_1337939713319158_5671353136411139666_n.png","contentUrl":"https:\/\/positiveprints.com\/wp-content\/uploads\/2026\/03\/245815646_1337939713319158_5671353136411139666_n.png","width":800,"height":800,"caption":"Positive Prints"},"image":{"@id":"https:\/\/positiveprints.com\/sv\/#\/schema\/logo\/image\/"},"sameAs":["https:\/\/www.facebook.com\/positiveprintscom","https:\/\/www.instagram.com\/positiveprintscom\/","https:\/\/www.tiktok.com\/@positiveprintscom","https:\/\/www.pinterest.com\/positiveprintscom\/"]}]}},"jetpack_sharing_enabled":true,"_links":{"self":[{"href":"https:\/\/positiveprints.com\/sv\/wp-json\/wp\/v2\/product\/453021","targetHints":{"allow":["GET"]}}],"collection":[{"href":"https:\/\/positiveprints.com\/sv\/wp-json\/wp\/v2\/product"}],"about":[{"href":"https:\/\/positiveprints.com\/sv\/wp-json\/wp\/v2\/types\/product"}],"wp:featuredmedia":[{"embeddable":true,"href":"https:\/\/positiveprints.com\/sv\/wp-json\/wp\/v2\/media\/1467221"}],"wp:attachment":[{"href":"https:\/\/positiveprints.com\/sv\/wp-json\/wp\/v2\/media?parent=453021"}],"wp:term":[{"taxonomy":"product_brand","embeddable":true,"href":"https:\/\/positiveprints.com\/sv\/wp-json\/wp\/v2\/product_brand?post=453021"},{"taxonomy":"product_cat","embeddable":true,"href":"https:\/\/positiveprints.com\/sv\/wp-json\/wp\/v2\/product_cat?post=453021"},{"taxonomy":"product_tag","embeddable":true,"href":"https:\/\/positiveprints.com\/sv\/wp-json\/wp\/v2\/product_tag?post=453021"}],"curies":[{"name":"wp","href":"https:\/\/api.w.org\/{rel}","templated":true}]}}