{"id":452829,"date":"2023-03-23T21:11:15","date_gmt":"2023-03-23T20:11:15","guid":{"rendered":"https:\/\/positiveprints.com\/?post_type=product&#038;p=452829"},"modified":"2026-04-18T06:04:55","modified_gmt":"2026-04-18T05:04:55","slug":"trippel-stjarnkarta-for-mamma","status":"publish","type":"product","link":"https:\/\/positiveprints.com\/sv\/produkt\/trippel-stjarnkarta-for-mamma\/","title":{"rendered":"Trippel stj\u00e4rnkarta f\u00f6r mamma"},"content":{"rendered":"<p style=\"margin-top: 1rem\">Trippel stj\u00e4rnkarta f\u00f6r mamma \u00e4r den perfekta personliga presenten f\u00f6r alla trebarnsmammor vid speciella tillf\u00e4llen! Oavsett om det \u00e4r mors dag, hennes f\u00f6delsedag eller jul, kommer detta unika tryck att g\u00f6ra hennes dag of\u00f6rgl\u00f6mlig.<\/p>\r\n\r\n\r\n\r\n<p style=\"margin-top: 1rem\">Med tre fantastiska stj\u00e4rnkartor p\u00e5 en enda affisch \u00e4r den h\u00e4r presenten en perfekt representation av natthimlen fr\u00e5n den dag du och dina syskon f\u00f6ddes. Du kan \u00e4ven inkludera andra viktiga \u00f6gonblick fr\u00e5n din mammas liv genom att anpassa den. M\u00f6jligheterna \u00e4r verkligen o\u00e4ndliga!<\/p>\r\n\r\n\r\n\r\n<p style=\"margin-top: 1rem\">Med v\u00e5r l\u00e4ttanv\u00e4nda online-redigerare kan du v\u00e4lja mellan ett brett utbud av m\u00f6nster och f\u00e4rger f\u00f6r att skapa en unik och fantastisk Trippel stj\u00e4rnkarta f\u00f6r mamma. Du kan v\u00e4lja f\u00f6rdefinierade f\u00e4rger eller leka med dina egna f\u00f6r att f\u00e5 det att se perfekt ut. Dessutom kan du l\u00e4gga till en speciell touch genom att skriva in ett personligt meddelande eller citat.<\/p>\r\n\r\n\r\n\r\n<p style=\"margin-top: 1rem\">N\u00e4r du har utformat de perfekta stj\u00e4rnkartorna kan du v\u00e4lja den storlek och det format som passar b\u00e4st f\u00f6r dina behov. Vi erbjuder tryckta, inramade affischer, canvas eller en digital nedladdningsfil f\u00f6r omedelbar nedladdning. S\u00e5 oavsett om du vill ge affischen i present eller h\u00e4nga upp den p\u00e5 v\u00e4ggen kan du enkelt v\u00e4lja det perfekta alternativet.<\/p>","protected":false},"excerpt":{"rendered":"<ul class=\"check-list\">\n<li>L\u00e4gg till konstellationer och Vintergatan <\/li>\n<li>Anpassa i 3 enkla steg<\/li>\n<li>Inkludera en meningsfull personlig text<\/li>\n<li>Se resultatet direkt \u2013 den interaktiva f\u00f6rhandsvisningen l\u00e5ter dig finjustera varje detalj<\/li>\n<\/ul>\n","protected":false},"featured_media":1244540,"template":"","meta":[],"product_brand":[],"product_cat":[8832,7459,8113,8108,11474,7710],"product_tag":[11833,8409],"class_list":{"0":"post-452829","1":"product","2":"type-product","3":"status-publish","4":"has-post-thumbnail","6":"product_cat-trio-stjarnor","7":"product_cat-alla-produkter","8":"product_cat-mors-dag-presenter","9":"product_cat-julpresenter","10":"product_cat-julklappar-till-mamma","11":"product_cat-gavor-till-mamma","12":"product_tag-julklappar-till-mamma","13":"product_tag-mother-sv","15":"first","16":"instock","17":"sale","18":"taxable","19":"shipping-taxable","20":"purchasable","21":"product-type-variable"},"yoast_head":"<!-- This site is optimized with the Yoast SEO Premium plugin v27.2 (Yoast SEO v27.2) - https:\/\/yoast.com\/product\/yoast-seo-premium-wordpress\/ -->\n<title>Trippel stj\u00e4rnkarta f\u00f6r mamma - Positive Prints<\/title>\n<meta name=\"description\" content=\"Skapa en unik Trippel stj\u00e4rnkarta f\u00f6r mamma och g\u00f6r hennes dag extra speciell med denna unika och omt\u00e4nksamma g\u00e5va!\" \/>\n<meta name=\"robots\" content=\"index, follow, max-snippet:-1, max-image-preview:large, max-video-preview:-1\" \/>\n<link rel=\"canonical\" href=\"https:\/\/positiveprints.com\/sv\/produkt\/trippel-stjarnkarta-for-mamma\/\" \/>\n<meta property=\"og:locale\" content=\"sv_SE\" \/>\n<meta property=\"og:type\" content=\"article\" \/>\n<meta property=\"og:title\" content=\"Trippel stj\u00e4rnkarta f\u00f6r mamma\" \/>\n<meta property=\"og:description\" content=\"L\u00e4gg till konstellationer och Vintergatan  Anpassa i 3 enkla steg Inkludera en meningsfull personlig text Se resultatet direkt \u2013 den interaktiva f\u00f6rhandsvisningen l\u00e5ter dig finjustera varje detalj\" \/>\n<meta property=\"og:url\" content=\"https:\/\/positiveprints.com\/sv\/produkt\/trippel-stjarnkarta-for-mamma\/\" \/>\n<meta property=\"og:site_name\" content=\"Positive Prints\" \/>\n<meta property=\"article:publisher\" content=\"https:\/\/www.facebook.com\/positiveprintscom\" \/>\n<meta property=\"article:modified_time\" content=\"2026-04-18T05:04:55+00:00\" \/>\n<meta property=\"og:image\" content=\"https:\/\/positiveprints.com\/wp-content\/uploads\/2024\/10\/Packshot_NL_Triple-Star-Map-for-Mom-product-image-.webp\" \/>\n\t<meta property=\"og:image:width\" content=\"1450\" \/>\n\t<meta property=\"og:image:height\" content=\"1450\" \/>\n\t<meta property=\"og:image:type\" content=\"image\/webp\" \/>\n<meta name=\"twitter:card\" content=\"summary_large_image\" \/>\n<meta name=\"twitter:label1\" content=\"Ber\u00e4knad l\u00e4stid\" \/>\n\t<meta name=\"twitter:data1\" content=\"1 minut\" \/>\n<!-- \/ Yoast SEO Premium plugin. -->","yoast_head_json":{"title":"Trippel stj\u00e4rnkarta f\u00f6r mamma - Positive Prints","description":"Skapa en unik Trippel stj\u00e4rnkarta f\u00f6r mamma och g\u00f6r hennes dag extra speciell med denna unika och omt\u00e4nksamma g\u00e5va!","robots":{"index":"index","follow":"follow","max-snippet":"max-snippet:-1","max-image-preview":"max-image-preview:large","max-video-preview":"max-video-preview:-1"},"canonical":"https:\/\/positiveprints.com\/sv\/produkt\/trippel-stjarnkarta-for-mamma\/","og_locale":"sv_SE","og_type":"article","og_title":"Trippel stj\u00e4rnkarta f\u00f6r mamma","og_description":"L\u00e4gg till konstellationer och Vintergatan  Anpassa i 3 enkla steg Inkludera en meningsfull personlig text Se resultatet direkt \u2013 den interaktiva f\u00f6rhandsvisningen l\u00e5ter dig finjustera varje detalj","og_url":"https:\/\/positiveprints.com\/sv\/produkt\/trippel-stjarnkarta-for-mamma\/","og_site_name":"Positive Prints","article_publisher":"https:\/\/www.facebook.com\/positiveprintscom","article_modified_time":"2026-04-18T05:04:55+00:00","og_image":[{"width":1450,"height":1450,"url":"https:\/\/positiveprints.com\/wp-content\/uploads\/2024\/10\/Packshot_NL_Triple-Star-Map-for-Mom-product-image-.webp","type":"image\/webp"}],"twitter_card":"summary_large_image","twitter_misc":{"Ber\u00e4knad l\u00e4stid":"1 minut"},"schema":{"@context":"https:\/\/schema.org","@graph":[{"@type":["WebPage","ItemPage"],"@id":"https:\/\/positiveprints.com\/sv\/produkt\/trippel-stjarnkarta-for-mamma\/","url":"https:\/\/positiveprints.com\/sv\/produkt\/trippel-stjarnkarta-for-mamma\/","name":"Trippel stj\u00e4rnkarta f\u00f6r mamma - Positive Prints","isPartOf":{"@id":"https:\/\/positiveprints.com\/sv\/#website"},"primaryImageOfPage":{"@id":"https:\/\/positiveprints.com\/sv\/produkt\/trippel-stjarnkarta-for-mamma\/#primaryimage"},"image":{"@id":"https:\/\/positiveprints.com\/sv\/produkt\/trippel-stjarnkarta-for-mamma\/#primaryimage"},"thumbnailUrl":"https:\/\/positiveprints.com\/wp-content\/uploads\/2024\/10\/Packshot_NL_Triple-Star-Map-for-Mom-product-image-.webp","datePublished":"2023-03-23T20:11:15+00:00","dateModified":"2026-04-18T05:04:55+00:00","description":"Skapa en unik Trippel stj\u00e4rnkarta f\u00f6r mamma och g\u00f6r hennes dag extra speciell med denna unika och omt\u00e4nksamma g\u00e5va!","breadcrumb":{"@id":"https:\/\/positiveprints.com\/sv\/produkt\/trippel-stjarnkarta-for-mamma\/#breadcrumb"},"inLanguage":"sv-SE","potentialAction":[{"@type":"ReadAction","target":["https:\/\/positiveprints.com\/sv\/produkt\/trippel-stjarnkarta-for-mamma\/"]}]},{"@type":"ImageObject","inLanguage":"sv-SE","@id":"https:\/\/positiveprints.com\/sv\/produkt\/trippel-stjarnkarta-for-mamma\/#primaryimage","url":"https:\/\/positiveprints.com\/wp-content\/uploads\/2024\/10\/Packshot_NL_Triple-Star-Map-for-Mom-product-image-.webp","contentUrl":"https:\/\/positiveprints.com\/wp-content\/uploads\/2024\/10\/Packshot_NL_Triple-Star-Map-for-Mom-product-image-.webp","width":1450,"height":1450},{"@type":"BreadcrumbList","@id":"https:\/\/positiveprints.com\/sv\/produkt\/trippel-stjarnkarta-for-mamma\/#breadcrumb","itemListElement":[{"@type":"ListItem","position":1,"name":"Home","item":"https:\/\/positiveprints.com\/sv\/"},{"@type":"ListItem","position":2,"name":"Produkter","item":"https:\/\/positiveprints.com\/sv\/shop\/"},{"@type":"ListItem","position":3,"name":"Trippel stj\u00e4rnkarta f\u00f6r mamma"}]},{"@type":"WebSite","@id":"https:\/\/positiveprints.com\/sv\/#website","url":"https:\/\/positiveprints.com\/sv\/","name":"Positive Prints","description":"Amazing Custom Personalized Gifts","publisher":{"@id":"https:\/\/positiveprints.com\/sv\/#organization"},"potentialAction":[{"@type":"SearchAction","target":{"@type":"EntryPoint","urlTemplate":"https:\/\/positiveprints.com\/sv\/?s={search_term_string}"},"query-input":{"@type":"PropertyValueSpecification","valueRequired":true,"valueName":"search_term_string"}}],"inLanguage":"sv-SE"},{"@type":"Organization","@id":"https:\/\/positiveprints.com\/sv\/#organization","name":"Positive Prints","alternateName":"Positive Prints","url":"https:\/\/positiveprints.com\/sv\/","logo":{"@type":"ImageObject","inLanguage":"sv-SE","@id":"https:\/\/positiveprints.com\/sv\/#\/schema\/logo\/image\/","url":"https:\/\/positiveprints.com\/wp-content\/uploads\/2026\/03\/245815646_1337939713319158_5671353136411139666_n.png","contentUrl":"https:\/\/positiveprints.com\/wp-content\/uploads\/2026\/03\/245815646_1337939713319158_5671353136411139666_n.png","width":800,"height":800,"caption":"Positive Prints"},"image":{"@id":"https:\/\/positiveprints.com\/sv\/#\/schema\/logo\/image\/"},"sameAs":["https:\/\/www.facebook.com\/positiveprintscom","https:\/\/www.instagram.com\/positiveprintscom\/","https:\/\/www.tiktok.com\/@positiveprintscom","https:\/\/www.pinterest.com\/positiveprintscom\/"]}]}},"jetpack_sharing_enabled":true,"_links":{"self":[{"href":"https:\/\/positiveprints.com\/sv\/wp-json\/wp\/v2\/product\/452829","targetHints":{"allow":["GET"]}}],"collection":[{"href":"https:\/\/positiveprints.com\/sv\/wp-json\/wp\/v2\/product"}],"about":[{"href":"https:\/\/positiveprints.com\/sv\/wp-json\/wp\/v2\/types\/product"}],"wp:featuredmedia":[{"embeddable":true,"href":"https:\/\/positiveprints.com\/sv\/wp-json\/wp\/v2\/media\/1244540"}],"wp:attachment":[{"href":"https:\/\/positiveprints.com\/sv\/wp-json\/wp\/v2\/media?parent=452829"}],"wp:term":[{"taxonomy":"product_brand","embeddable":true,"href":"https:\/\/positiveprints.com\/sv\/wp-json\/wp\/v2\/product_brand?post=452829"},{"taxonomy":"product_cat","embeddable":true,"href":"https:\/\/positiveprints.com\/sv\/wp-json\/wp\/v2\/product_cat?post=452829"},{"taxonomy":"product_tag","embeddable":true,"href":"https:\/\/positiveprints.com\/sv\/wp-json\/wp\/v2\/product_tag?post=452829"}],"curies":[{"name":"wp","href":"https:\/\/api.w.org\/{rel}","templated":true}]}}