{"id":452782,"date":"2023-03-23T17:38:06","date_gmt":"2023-03-23T16:38:06","guid":{"rendered":"https:\/\/positiveprints.com\/?post_type=product&#038;p=452782"},"modified":"2026-04-12T22:35:27","modified_gmt":"2026-04-12T21:35:27","slug":"var-mamma-trippel-stjarnkarta","status":"publish","type":"product","link":"https:\/\/positiveprints.com\/sv\/produkt\/var-mamma-trippel-stjarnkarta\/","title":{"rendered":"V\u00e5r mamma Trippel stj\u00e4rnkarta"},"content":{"rendered":"<p style=\"margin-top: 1rem\">V\u00e5r mamma Trippel stj\u00e4rnkarta \u00e4r den perfekta personliga presenten till din mamma vid varje speciellt tillf\u00e4lle! Oavsett om det \u00e4r Mors dag, hennes f\u00f6delsedag eller jul, kommer detta unika tryck att g\u00f6ra hennes dag till en h\u00f6jdare.<\/p>\r\n\r\n\r\n<p style=\"margin-top: 1rem\">Det h\u00e4r trycket inneh\u00e5ller tre vackra stj\u00e4rnkartor p\u00e5 en enda affisch, vilket g\u00f6r det helt anpassningsbart. En av stj\u00e4rnkartorna visar datum och plats f\u00f6r din mammas f\u00f6delse, medan de andra tv\u00e5 kartorna \u00e4r till\u00e4gnade dig och dina syskon.<\/p>\r\n\r\n\r\n<p style=\"margin-top: 1rem\">Med v\u00e5r l\u00e4ttanv\u00e4nda online-redigerare har du friheten att v\u00e4lja mellan ett brett utbud av m\u00f6nster och f\u00e4rger f\u00f6r att skapa en unik och fantastisk trippelstj\u00e4rnkarta. Du kan \u00e4ven l\u00e4gga till en speciell touch genom att skriva in ett personligt meddelande eller citat.<\/p>\r\n\r\n\r\n<p style=\"margin-top: 1rem\">N\u00e4r du har utformat de perfekta stj\u00e4rnkartorna kan du v\u00e4lja den storlek och det format som passar b\u00e4st f\u00f6r dina behov. Vi erbjuder tryckta, inramade affischer, canvas eller en digital nedladdningsfil f\u00f6r omedelbar nedladdning. S\u00e5 oavsett om du vill ge affischen i present eller h\u00e4nga upp den p\u00e5 v\u00e4ggen kan du enkelt v\u00e4lja det perfekta alternativet.<\/p>","protected":false},"excerpt":{"rendered":"<ul class=\"check-list\">\n<li>L\u00e4gg till konstellationer och Vintergatan <\/li>\n<li>Anpassa i 3 enkla steg<\/li>\n<li>Inkludera en meningsfull personlig text<\/li>\n<li>Se resultatet direkt \u2013 den interaktiva f\u00f6rhandsvisningen l\u00e5ter dig finjustera varje detalj<\/li>\n<\/ul>\n","protected":false},"featured_media":1262968,"template":"","meta":[],"product_brand":[],"product_cat":[8832,7459,9119,8108,11474],"product_tag":[11833,11030,10961,11031,11032,10951,8409,11033,11029],"class_list":{"0":"post-452782","1":"product","2":"type-product","3":"status-publish","4":"has-post-thumbnail","6":"product_cat-trio-stjarnor","7":"product_cat-alla-produkter","8":"product_cat-map-sv","9":"product_cat-julpresenter","10":"product_cat-julklappar-till-mamma","11":"product_tag-julklappar-till-mamma","12":"product_tag-mam-sv","13":"product_tag-mamma","14":"product_tag-mamma-sv","15":"product_tag-mammor","16":"product_tag-mors-dag","17":"product_tag-mother-sv","18":"product_tag-mumie-sv","19":"product_tag-mumie","21":"first","22":"instock","23":"sale","24":"taxable","25":"shipping-taxable","26":"purchasable","27":"product-type-variable"},"yoast_head":"<!-- This site is optimized with the Yoast SEO Premium plugin v27.2 (Yoast SEO v27.2) - https:\/\/yoast.com\/product\/yoast-seo-premium-wordpress\/ -->\n<title>V\u00e5r mamma Trippel stj\u00e4rnkarta - Positive Prints<\/title>\n<meta name=\"description\" content=\"V\u00e5r amma Trippel stj\u00e4rnkarta \u00e4r den perfekta personliga presenten till din mamma vid varje speciellt tillf\u00e4lle! Det h\u00e4r unika trycket kommer garanterat att g\u00f6ra hennes dag till en h\u00f6jdare.\" \/>\n<meta name=\"robots\" content=\"index, follow, max-snippet:-1, max-image-preview:large, max-video-preview:-1\" \/>\n<link rel=\"canonical\" href=\"https:\/\/positiveprints.com\/sv\/produkt\/var-mamma-trippel-stjarnkarta\/\" \/>\n<meta property=\"og:locale\" content=\"sv_SE\" \/>\n<meta property=\"og:type\" content=\"article\" \/>\n<meta property=\"og:title\" content=\"V\u00e5r mamma Trippel stj\u00e4rnkarta\" \/>\n<meta property=\"og:description\" content=\"L\u00e4gg till konstellationer och Vintergatan   Anpassa i 3 enkla steg  Inkludera en meningsfull personlig text  Se resultatet direkt \u2013 den interaktiva f\u00f6rhandsvisningen l\u00e5ter dig finjustera varje detalj\" \/>\n<meta property=\"og:url\" content=\"https:\/\/positiveprints.com\/sv\/produkt\/var-mamma-trippel-stjarnkarta\/\" \/>\n<meta property=\"og:site_name\" content=\"Positive Prints\" \/>\n<meta property=\"article:publisher\" content=\"https:\/\/www.facebook.com\/positiveprintscom\" \/>\n<meta property=\"article:modified_time\" content=\"2026-04-12T21:35:27+00:00\" \/>\n<meta property=\"og:image\" content=\"https:\/\/positiveprints.com\/wp-content\/uploads\/2024\/11\/Packshot_SE_Our-Mom-Triple-Star-Map-product-image-.webp\" \/>\n\t<meta property=\"og:image:width\" content=\"1450\" \/>\n\t<meta property=\"og:image:height\" content=\"1450\" \/>\n\t<meta property=\"og:image:type\" content=\"image\/webp\" \/>\n<meta name=\"twitter:card\" content=\"summary_large_image\" \/>\n<meta name=\"twitter:label1\" content=\"Ber\u00e4knad l\u00e4stid\" \/>\n\t<meta name=\"twitter:data1\" content=\"1 minut\" \/>\n<!-- \/ Yoast SEO Premium plugin. -->","yoast_head_json":{"title":"V\u00e5r mamma Trippel stj\u00e4rnkarta - Positive Prints","description":"V\u00e5r amma Trippel stj\u00e4rnkarta \u00e4r den perfekta personliga presenten till din mamma vid varje speciellt tillf\u00e4lle! Det h\u00e4r unika trycket kommer garanterat att g\u00f6ra hennes dag till en h\u00f6jdare.","robots":{"index":"index","follow":"follow","max-snippet":"max-snippet:-1","max-image-preview":"max-image-preview:large","max-video-preview":"max-video-preview:-1"},"canonical":"https:\/\/positiveprints.com\/sv\/produkt\/var-mamma-trippel-stjarnkarta\/","og_locale":"sv_SE","og_type":"article","og_title":"V\u00e5r mamma Trippel stj\u00e4rnkarta","og_description":"L\u00e4gg till konstellationer och Vintergatan   Anpassa i 3 enkla steg  Inkludera en meningsfull personlig text  Se resultatet direkt \u2013 den interaktiva f\u00f6rhandsvisningen l\u00e5ter dig finjustera varje detalj","og_url":"https:\/\/positiveprints.com\/sv\/produkt\/var-mamma-trippel-stjarnkarta\/","og_site_name":"Positive Prints","article_publisher":"https:\/\/www.facebook.com\/positiveprintscom","article_modified_time":"2026-04-12T21:35:27+00:00","og_image":[{"width":1450,"height":1450,"url":"https:\/\/positiveprints.com\/wp-content\/uploads\/2024\/11\/Packshot_SE_Our-Mom-Triple-Star-Map-product-image-.webp","type":"image\/webp"}],"twitter_card":"summary_large_image","twitter_misc":{"Ber\u00e4knad l\u00e4stid":"1 minut"},"schema":{"@context":"https:\/\/schema.org","@graph":[{"@type":["WebPage","ItemPage"],"@id":"https:\/\/positiveprints.com\/sv\/produkt\/var-mamma-trippel-stjarnkarta\/","url":"https:\/\/positiveprints.com\/sv\/produkt\/var-mamma-trippel-stjarnkarta\/","name":"V\u00e5r mamma Trippel stj\u00e4rnkarta - Positive Prints","isPartOf":{"@id":"https:\/\/positiveprints.com\/sv\/#website"},"primaryImageOfPage":{"@id":"https:\/\/positiveprints.com\/sv\/produkt\/var-mamma-trippel-stjarnkarta\/#primaryimage"},"image":{"@id":"https:\/\/positiveprints.com\/sv\/produkt\/var-mamma-trippel-stjarnkarta\/#primaryimage"},"thumbnailUrl":"https:\/\/positiveprints.com\/wp-content\/uploads\/2024\/11\/Packshot_SE_Our-Mom-Triple-Star-Map-product-image-.webp","datePublished":"2023-03-23T16:38:06+00:00","dateModified":"2026-04-12T21:35:27+00:00","description":"V\u00e5r amma Trippel stj\u00e4rnkarta \u00e4r den perfekta personliga presenten till din mamma vid varje speciellt tillf\u00e4lle! Det h\u00e4r unika trycket kommer garanterat att g\u00f6ra hennes dag till en h\u00f6jdare.","breadcrumb":{"@id":"https:\/\/positiveprints.com\/sv\/produkt\/var-mamma-trippel-stjarnkarta\/#breadcrumb"},"inLanguage":"sv-SE","potentialAction":[{"@type":"ReadAction","target":["https:\/\/positiveprints.com\/sv\/produkt\/var-mamma-trippel-stjarnkarta\/"]}]},{"@type":"ImageObject","inLanguage":"sv-SE","@id":"https:\/\/positiveprints.com\/sv\/produkt\/var-mamma-trippel-stjarnkarta\/#primaryimage","url":"https:\/\/positiveprints.com\/wp-content\/uploads\/2024\/11\/Packshot_SE_Our-Mom-Triple-Star-Map-product-image-.webp","contentUrl":"https:\/\/positiveprints.com\/wp-content\/uploads\/2024\/11\/Packshot_SE_Our-Mom-Triple-Star-Map-product-image-.webp","width":1450,"height":1450},{"@type":"BreadcrumbList","@id":"https:\/\/positiveprints.com\/sv\/produkt\/var-mamma-trippel-stjarnkarta\/#breadcrumb","itemListElement":[{"@type":"ListItem","position":1,"name":"Home","item":"https:\/\/positiveprints.com\/sv\/"},{"@type":"ListItem","position":2,"name":"Produkter","item":"https:\/\/positiveprints.com\/sv\/shop\/"},{"@type":"ListItem","position":3,"name":"V\u00e5r mamma Trippel stj\u00e4rnkarta"}]},{"@type":"WebSite","@id":"https:\/\/positiveprints.com\/sv\/#website","url":"https:\/\/positiveprints.com\/sv\/","name":"Positive Prints","description":"Amazing Custom Personalized Gifts","publisher":{"@id":"https:\/\/positiveprints.com\/sv\/#organization"},"potentialAction":[{"@type":"SearchAction","target":{"@type":"EntryPoint","urlTemplate":"https:\/\/positiveprints.com\/sv\/?s={search_term_string}"},"query-input":{"@type":"PropertyValueSpecification","valueRequired":true,"valueName":"search_term_string"}}],"inLanguage":"sv-SE"},{"@type":"Organization","@id":"https:\/\/positiveprints.com\/sv\/#organization","name":"Positive Prints","alternateName":"Positive Prints","url":"https:\/\/positiveprints.com\/sv\/","logo":{"@type":"ImageObject","inLanguage":"sv-SE","@id":"https:\/\/positiveprints.com\/sv\/#\/schema\/logo\/image\/","url":"https:\/\/positiveprints.com\/wp-content\/uploads\/2026\/03\/245815646_1337939713319158_5671353136411139666_n.png","contentUrl":"https:\/\/positiveprints.com\/wp-content\/uploads\/2026\/03\/245815646_1337939713319158_5671353136411139666_n.png","width":800,"height":800,"caption":"Positive Prints"},"image":{"@id":"https:\/\/positiveprints.com\/sv\/#\/schema\/logo\/image\/"},"sameAs":["https:\/\/www.facebook.com\/positiveprintscom","https:\/\/www.instagram.com\/positiveprintscom\/","https:\/\/www.tiktok.com\/@positiveprintscom","https:\/\/www.pinterest.com\/positiveprintscom\/"]}]}},"jetpack_sharing_enabled":true,"_links":{"self":[{"href":"https:\/\/positiveprints.com\/sv\/wp-json\/wp\/v2\/product\/452782","targetHints":{"allow":["GET"]}}],"collection":[{"href":"https:\/\/positiveprints.com\/sv\/wp-json\/wp\/v2\/product"}],"about":[{"href":"https:\/\/positiveprints.com\/sv\/wp-json\/wp\/v2\/types\/product"}],"wp:featuredmedia":[{"embeddable":true,"href":"https:\/\/positiveprints.com\/sv\/wp-json\/wp\/v2\/media\/1262968"}],"wp:attachment":[{"href":"https:\/\/positiveprints.com\/sv\/wp-json\/wp\/v2\/media?parent=452782"}],"wp:term":[{"taxonomy":"product_brand","embeddable":true,"href":"https:\/\/positiveprints.com\/sv\/wp-json\/wp\/v2\/product_brand?post=452782"},{"taxonomy":"product_cat","embeddable":true,"href":"https:\/\/positiveprints.com\/sv\/wp-json\/wp\/v2\/product_cat?post=452782"},{"taxonomy":"product_tag","embeddable":true,"href":"https:\/\/positiveprints.com\/sv\/wp-json\/wp\/v2\/product_tag?post=452782"}],"curies":[{"name":"wp","href":"https:\/\/api.w.org\/{rel}","templated":true}]}}