{"id":452337,"date":"2023-04-03T17:09:03","date_gmt":"2023-04-03T16:09:03","guid":{"rendered":"https:\/\/positiveprints.com\/?post_type=product&#038;p=452337"},"modified":"2026-04-07T15:11:13","modified_gmt":"2026-04-07T14:11:13","slug":"mamma-jag-dubbel-stjarnkarta","status":"publish","type":"product","link":"https:\/\/positiveprints.com\/sv\/produkt\/mamma-jag-dubbel-stjarnkarta\/","title":{"rendered":"Mamma &#038; Jag Dubbel stj\u00e4rnkarta"},"content":{"rendered":"<p style=\"margin-top: 1rem\">Letar du efter en unik och personlig present till din mamma vid speciella tillf\u00e4llen som mors dag, hennes f\u00f6delsedag eller jul? Titta inte l\u00e4ngre \u00e4n till Mamma &#038; Jag Dubbel stj\u00e4rnkarta &#8211; ett fantastiskt, unikt tryck med tv\u00e5 stj\u00e4rnkartor p\u00e5 en enda affisch.<\/p>\r\n\r\n\r\n<p style=\"margin-top: 1rem\">Med Mamma &#038; Jag Dubbel stj\u00e4rnkarta kan du skapa en helt anpassad representation av natthimlen den dag du och din mamma f\u00f6ddes. En av kartorna visar din mammas f\u00f6delsedatum och plats, medan den andra kartan visar din.<\/p>\r\n\r\n\r\n<p style=\"margin-top: 1rem\">Det \u00e4r l\u00e4tt att skapa ett eget personligt tryck. Det \u00e4r bara att g\u00e5 till v\u00e5r online-redigerare, d\u00e4r du kan v\u00e4lja mellan en m\u00e4ngd olika m\u00f6nster och f\u00e4rgst\u00e4llningar. D\u00e4refter anger du datum och platser f\u00f6r varje stj\u00e4rnkarta. Slutligen v\u00e4ljer du den storlek och det format som passar dig b\u00e4st, oavsett om det \u00e4r en tryckt eller inramad affisch, en canvas eller en fil som kan laddas ner direkt digitalt.<\/p>\r\n\r\n\r\n<p style=\"margin-top: 1rem\">Men personaliseringsm\u00f6jligheterna slutar inte d\u00e4r. Du kan till och med l\u00e4gga till ditt eget speciella meddelande eller citat f\u00f6r att g\u00f6ra Mamma &#038; Jag Dubbel stj\u00e4rnkarta \u00e4nnu mer unik och omt\u00e4nksam.<\/p>\r\n\r\n\r\n<p style=\"margin-top: 1rem\">Ge stj\u00e4rnorna en g\u00e5va med en personlig Mamma &#038; Jag Dubbel stj\u00e4rnkarta, en r\u00f6rande och minnesv\u00e4rd p\u00e5minnelse om det speciella bandet mellan mor och barn.<\/p>","protected":false},"excerpt":{"rendered":"<ul class=\"check-list\">\n<li>Utforma din egen stj\u00e4rnkarta som visar himlen fr\u00e5n tv\u00e5 olika platser och datum<\/li>\n<li>L\u00e4gg till konstellationer och Vintergatan <\/li>\n<li>Anpassa i 3 enkla steg<\/li>\n<li>Inkludera en meningsfull personlig text<\/li>\n<li>Se resultatet direkt \u2013 den interaktiva f\u00f6rhandsvisningen l\u00e5ter dig finjustera varje detalj<\/li>\n<\/ul>\n","protected":false},"featured_media":1252147,"template":"","meta":[],"product_brand":[],"product_cat":[7459,8831,9119,8115,7774,7822,7662],"product_tag":[],"class_list":{"0":"post-452337","1":"product","2":"type-product","3":"status-publish","4":"has-post-thumbnail","6":"product_cat-alla-produkter","7":"product_cat-duo-stjarnor","8":"product_cat-map-sv","9":"product_cat-gavor-till-nyfodda-barn-presenttillfallen","10":"product_cat-gavor-till-dottern","11":"product_cat-gavor-till-nya-foraldrar","12":"product_cat-gavor-till-sonen","14":"first","15":"instock","16":"sale","17":"taxable","18":"shipping-taxable","19":"purchasable","20":"product-type-variable"},"yoast_head":"<!-- This site is optimized with the Yoast SEO Premium plugin v27.2 (Yoast SEO v27.2) - https:\/\/yoast.com\/product\/yoast-seo-premium-wordpress\/ -->\n<title>Mamma &amp; Jag Dubbel stj\u00e4rnkarta - Positive Prints<\/title>\n<meta name=\"description\" content=\"Ge stj\u00e4rnorna en g\u00e5va med en personlig Mamma &amp; Jag Dubbel stj\u00e4rnkarta, en r\u00f6rande och minnesv\u00e4rd p\u00e5minnelse om det speciella bandet mellan mor och barn.\" \/>\n<meta name=\"robots\" content=\"index, follow, max-snippet:-1, max-image-preview:large, max-video-preview:-1\" \/>\n<link rel=\"canonical\" href=\"https:\/\/positiveprints.com\/sv\/produkt\/mamma-jag-dubbel-stjarnkarta\/\" \/>\n<meta property=\"og:locale\" content=\"sv_SE\" \/>\n<meta property=\"og:type\" content=\"article\" \/>\n<meta property=\"og:title\" content=\"Mamma &amp; Jag Dubbel stj\u00e4rnkarta\" \/>\n<meta property=\"og:description\" content=\"Utforma din egen stj\u00e4rnkarta som visar himlen fr\u00e5n tv\u00e5 olika platser och datum L\u00e4gg till konstellationer och Vintergatan  Anpassa i 3 enkla steg Inkludera en meningsfull personlig text Se resultatet direkt \u2013 den interaktiva f\u00f6rhandsvisningen l\u00e5ter dig finjustera varje detalj\" \/>\n<meta property=\"og:url\" content=\"https:\/\/positiveprints.com\/sv\/produkt\/mamma-jag-dubbel-stjarnkarta\/\" \/>\n<meta property=\"og:site_name\" content=\"Positive Prints\" \/>\n<meta property=\"article:publisher\" content=\"https:\/\/www.facebook.com\/positiveprintscom\" \/>\n<meta property=\"article:modified_time\" content=\"2026-04-07T14:11:13+00:00\" \/>\n<meta property=\"og:image\" content=\"https:\/\/positiveprints.com\/wp-content\/uploads\/2024\/11\/PACKSHOT_NL_Mom-Me-Double-Star-Map-product-image-.webp\" \/>\n\t<meta property=\"og:image:width\" content=\"1450\" \/>\n\t<meta property=\"og:image:height\" content=\"1450\" \/>\n\t<meta property=\"og:image:type\" content=\"image\/webp\" \/>\n<meta name=\"twitter:card\" content=\"summary_large_image\" \/>\n<!-- \/ Yoast SEO Premium plugin. -->","yoast_head_json":{"title":"Mamma &amp; Jag Dubbel stj\u00e4rnkarta - Positive Prints","description":"Ge stj\u00e4rnorna en g\u00e5va med en personlig Mamma & Jag Dubbel stj\u00e4rnkarta, en r\u00f6rande och minnesv\u00e4rd p\u00e5minnelse om det speciella bandet mellan mor och barn.","robots":{"index":"index","follow":"follow","max-snippet":"max-snippet:-1","max-image-preview":"max-image-preview:large","max-video-preview":"max-video-preview:-1"},"canonical":"https:\/\/positiveprints.com\/sv\/produkt\/mamma-jag-dubbel-stjarnkarta\/","og_locale":"sv_SE","og_type":"article","og_title":"Mamma & Jag Dubbel stj\u00e4rnkarta","og_description":"Utforma din egen stj\u00e4rnkarta som visar himlen fr\u00e5n tv\u00e5 olika platser och datum L\u00e4gg till konstellationer och Vintergatan  Anpassa i 3 enkla steg Inkludera en meningsfull personlig text Se resultatet direkt \u2013 den interaktiva f\u00f6rhandsvisningen l\u00e5ter dig finjustera varje detalj","og_url":"https:\/\/positiveprints.com\/sv\/produkt\/mamma-jag-dubbel-stjarnkarta\/","og_site_name":"Positive Prints","article_publisher":"https:\/\/www.facebook.com\/positiveprintscom","article_modified_time":"2026-04-07T14:11:13+00:00","og_image":[{"width":1450,"height":1450,"url":"https:\/\/positiveprints.com\/wp-content\/uploads\/2024\/11\/PACKSHOT_NL_Mom-Me-Double-Star-Map-product-image-.webp","type":"image\/webp"}],"twitter_card":"summary_large_image","schema":{"@context":"https:\/\/schema.org","@graph":[{"@type":["WebPage","ItemPage"],"@id":"https:\/\/positiveprints.com\/sv\/produkt\/mamma-jag-dubbel-stjarnkarta\/","url":"https:\/\/positiveprints.com\/sv\/produkt\/mamma-jag-dubbel-stjarnkarta\/","name":"Mamma &amp; Jag Dubbel stj\u00e4rnkarta - Positive Prints","isPartOf":{"@id":"https:\/\/positiveprints.com\/sv\/#website"},"primaryImageOfPage":{"@id":"https:\/\/positiveprints.com\/sv\/produkt\/mamma-jag-dubbel-stjarnkarta\/#primaryimage"},"image":{"@id":"https:\/\/positiveprints.com\/sv\/produkt\/mamma-jag-dubbel-stjarnkarta\/#primaryimage"},"thumbnailUrl":"https:\/\/positiveprints.com\/wp-content\/uploads\/2024\/11\/PACKSHOT_NL_Mom-Me-Double-Star-Map-product-image-.webp","datePublished":"2023-04-03T16:09:03+00:00","dateModified":"2026-04-07T14:11:13+00:00","description":"Ge stj\u00e4rnorna en g\u00e5va med en personlig Mamma & Jag Dubbel stj\u00e4rnkarta, en r\u00f6rande och minnesv\u00e4rd p\u00e5minnelse om det speciella bandet mellan mor och barn.","breadcrumb":{"@id":"https:\/\/positiveprints.com\/sv\/produkt\/mamma-jag-dubbel-stjarnkarta\/#breadcrumb"},"inLanguage":"sv-SE","potentialAction":[{"@type":"ReadAction","target":["https:\/\/positiveprints.com\/sv\/produkt\/mamma-jag-dubbel-stjarnkarta\/"]}]},{"@type":"ImageObject","inLanguage":"sv-SE","@id":"https:\/\/positiveprints.com\/sv\/produkt\/mamma-jag-dubbel-stjarnkarta\/#primaryimage","url":"https:\/\/positiveprints.com\/wp-content\/uploads\/2024\/11\/PACKSHOT_NL_Mom-Me-Double-Star-Map-product-image-.webp","contentUrl":"https:\/\/positiveprints.com\/wp-content\/uploads\/2024\/11\/PACKSHOT_NL_Mom-Me-Double-Star-Map-product-image-.webp","width":1450,"height":1450},{"@type":"BreadcrumbList","@id":"https:\/\/positiveprints.com\/sv\/produkt\/mamma-jag-dubbel-stjarnkarta\/#breadcrumb","itemListElement":[{"@type":"ListItem","position":1,"name":"Home","item":"https:\/\/positiveprints.com\/sv\/"},{"@type":"ListItem","position":2,"name":"Produkter","item":"https:\/\/positiveprints.com\/sv\/shop\/"},{"@type":"ListItem","position":3,"name":"Mamma &#038; Jag Dubbel stj\u00e4rnkarta"}]},{"@type":"WebSite","@id":"https:\/\/positiveprints.com\/sv\/#website","url":"https:\/\/positiveprints.com\/sv\/","name":"Positive Prints","description":"Amazing Custom Personalized Gifts","publisher":{"@id":"https:\/\/positiveprints.com\/sv\/#organization"},"potentialAction":[{"@type":"SearchAction","target":{"@type":"EntryPoint","urlTemplate":"https:\/\/positiveprints.com\/sv\/?s={search_term_string}"},"query-input":{"@type":"PropertyValueSpecification","valueRequired":true,"valueName":"search_term_string"}}],"inLanguage":"sv-SE"},{"@type":"Organization","@id":"https:\/\/positiveprints.com\/sv\/#organization","name":"Positive Prints","alternateName":"Positive Prints","url":"https:\/\/positiveprints.com\/sv\/","logo":{"@type":"ImageObject","inLanguage":"sv-SE","@id":"https:\/\/positiveprints.com\/sv\/#\/schema\/logo\/image\/","url":"https:\/\/positiveprints.com\/wp-content\/uploads\/2026\/03\/245815646_1337939713319158_5671353136411139666_n.png","contentUrl":"https:\/\/positiveprints.com\/wp-content\/uploads\/2026\/03\/245815646_1337939713319158_5671353136411139666_n.png","width":800,"height":800,"caption":"Positive Prints"},"image":{"@id":"https:\/\/positiveprints.com\/sv\/#\/schema\/logo\/image\/"},"sameAs":["https:\/\/www.facebook.com\/positiveprintscom","https:\/\/www.instagram.com\/positiveprintscom\/","https:\/\/www.tiktok.com\/@positiveprintscom","https:\/\/www.pinterest.com\/positiveprintscom\/"]}]}},"jetpack_sharing_enabled":true,"_links":{"self":[{"href":"https:\/\/positiveprints.com\/sv\/wp-json\/wp\/v2\/product\/452337","targetHints":{"allow":["GET"]}}],"collection":[{"href":"https:\/\/positiveprints.com\/sv\/wp-json\/wp\/v2\/product"}],"about":[{"href":"https:\/\/positiveprints.com\/sv\/wp-json\/wp\/v2\/types\/product"}],"wp:featuredmedia":[{"embeddable":true,"href":"https:\/\/positiveprints.com\/sv\/wp-json\/wp\/v2\/media\/1252147"}],"wp:attachment":[{"href":"https:\/\/positiveprints.com\/sv\/wp-json\/wp\/v2\/media?parent=452337"}],"wp:term":[{"taxonomy":"product_brand","embeddable":true,"href":"https:\/\/positiveprints.com\/sv\/wp-json\/wp\/v2\/product_brand?post=452337"},{"taxonomy":"product_cat","embeddable":true,"href":"https:\/\/positiveprints.com\/sv\/wp-json\/wp\/v2\/product_cat?post=452337"},{"taxonomy":"product_tag","embeddable":true,"href":"https:\/\/positiveprints.com\/sv\/wp-json\/wp\/v2\/product_tag?post=452337"}],"curies":[{"name":"wp","href":"https:\/\/api.w.org\/{rel}","templated":true}]}}