{"id":452296,"date":"2023-04-03T15:57:09","date_gmt":"2023-04-03T14:57:09","guid":{"rendered":"https:\/\/positiveprints.com\/?post_type=product&#038;p=452296"},"modified":"2026-04-07T15:12:26","modified_gmt":"2026-04-07T14:12:26","slug":"dubbel-stjarnkarta-for-mamma","status":"publish","type":"product","link":"https:\/\/positiveprints.com\/sv\/produkt\/dubbel-stjarnkarta-for-mamma\/","title":{"rendered":"Dubbel stj\u00e4rnkarta f\u00f6r mamma"},"content":{"rendered":"<p style=\"margin-top: 1rem\">Dubbel stj\u00e4rnkarta f\u00f6r mamma \u00e4r en unik g\u00e5va som f\u00e5ngar stj\u00e4rnorna som st\u00e5r i linje med varandra under de tv\u00e5 mest speciella dagarna i en mammas liv, n\u00e4mligen n\u00e4r hennes barn f\u00f6ds. Den h\u00e4r personliga stj\u00e4rnkartan representerar h\u00e4ndelser som f\u00f6r alltid kommer att ha en speciell plats i en mammas hj\u00e4rta.<\/p>\r\n\r\n\r\n<p style=\"margin-top: 1rem\">Med v\u00e5r unika trestegsprocess kan du enkelt skapa din egen dubbel stj\u00e4rnkarta.\r\nI steg ett kan du \u00e4ndra f\u00e4rgerna p\u00e5 stj\u00e4rnorna och bakgrunden p\u00e5 ditt tryck. Du kan v\u00e4lja bland v\u00e5ra f\u00f6rdefinierade kombinationer eller skapa ditt eget unika och personliga f\u00e4rgschema. D\u00e4refter matar du in f\u00f6delsedatum, tid och plats f\u00f6r varje barn samt egen text. I det sista steget v\u00e4ljer du mellan tryckt eller inramad affisch, canvas och direkt nedladdningsbar digital fil.\r\n<\/p>\r\n\r\n\r\n<p style=\"margin-top: 1rem\">Det finns m\u00f6jlighet att inkludera namn och f\u00f6delsetid f\u00f6r varje barn i trycket, vilket g\u00f6r det till ett unikt verk. Oavsett om det \u00e4r till Mors dag, en f\u00f6delsedag eller bara f\u00f6r att, \u00e4r Dubbel stj\u00e4rnkarta f\u00f6r mamma en of\u00f6rgl\u00f6mlig g\u00e5va som kommer att vara uppskattad i m\u00e5nga \u00e5r fram\u00f6ver.<\/p>","protected":false},"excerpt":{"rendered":"<ul class=\"check-list\">\n<li>F\u00e5 alla mammor att k\u00e4nna sig speciella och imponera p\u00e5 henne med en fantastisk bild av natthimlen p\u00e5 barnens f\u00f6delsedatum<\/li>\n<li>L\u00e4gg till konstellationer och Vintergatan <\/li>\n<li>Anpassa i 3 enkla steg<\/li>\n<li>Inkludera en meningsfull personlig text<\/li>\n<li>Se resultatet direkt \u2013 den interaktiva f\u00f6rhandsvisningen l\u00e5ter dig finjustera varje detalj<\/li>\n<\/ul>\n","protected":false},"featured_media":1489937,"template":"","meta":[],"product_brand":[],"product_cat":[7459,8831],"product_tag":[],"class_list":{"0":"post-452296","1":"product","2":"type-product","3":"status-publish","4":"has-post-thumbnail","6":"product_cat-alla-produkter","7":"product_cat-duo-stjarnor","9":"first","10":"instock","11":"sale","12":"taxable","13":"shipping-taxable","14":"purchasable","15":"product-type-variable"},"yoast_head":"<!-- This site is optimized with the Yoast SEO Premium plugin v27.2 (Yoast SEO v27.2) - https:\/\/yoast.com\/product\/yoast-seo-premium-wordpress\/ -->\n<title>Dubbel stj\u00e4rnkarta f\u00f6r mamma - Positive Prints<\/title>\n<meta name=\"description\" content=\"Dubbel stj\u00e4rnkarta f\u00f6r mamma \u00e4r en g\u00e5va som f\u00e5ngar stj\u00e4rnorna i linje under de tv\u00e5 mest speciella dagarna i en mammas liv, n\u00e4r hennes barn f\u00f6ds.\" \/>\n<meta name=\"robots\" content=\"index, follow, max-snippet:-1, max-image-preview:large, max-video-preview:-1\" \/>\n<link rel=\"canonical\" href=\"https:\/\/positiveprints.com\/sv\/produkt\/dubbel-stjarnkarta-for-mamma\/\" \/>\n<meta property=\"og:locale\" content=\"sv_SE\" \/>\n<meta property=\"og:type\" content=\"article\" \/>\n<meta property=\"og:title\" content=\"Dubbel stj\u00e4rnkarta f\u00f6r mamma\" \/>\n<meta property=\"og:description\" content=\"F\u00e5 alla mammor att k\u00e4nna sig speciella och imponera p\u00e5 henne med en fantastisk bild av natthimlen p\u00e5 barnens f\u00f6delsedatum L\u00e4gg till konstellationer och Vintergatan  Anpassa i 3 enkla steg Inkludera en meningsfull personlig text Se resultatet direkt \u2013 den interaktiva f\u00f6rhandsvisningen l\u00e5ter dig finjustera varje detalj\" \/>\n<meta property=\"og:url\" content=\"https:\/\/positiveprints.com\/sv\/produkt\/dubbel-stjarnkarta-for-mamma\/\" \/>\n<meta property=\"og:site_name\" content=\"Positive Prints\" \/>\n<meta property=\"article:publisher\" content=\"https:\/\/www.facebook.com\/positiveprintscom\" \/>\n<meta property=\"article:modified_time\" content=\"2026-04-07T14:12:26+00:00\" \/>\n<meta property=\"og:image\" content=\"https:\/\/positiveprints.com\/wp-content\/uploads\/2024\/11\/Packshot_SE_Double-Star-Map-for-Mom-product-image-.webp\" \/>\n\t<meta property=\"og:image:width\" content=\"1450\" \/>\n\t<meta property=\"og:image:height\" content=\"1450\" \/>\n\t<meta property=\"og:image:type\" content=\"image\/webp\" \/>\n<meta name=\"twitter:card\" content=\"summary_large_image\" \/>\n<!-- \/ Yoast SEO Premium plugin. -->","yoast_head_json":{"title":"Dubbel stj\u00e4rnkarta f\u00f6r mamma - Positive Prints","description":"Dubbel stj\u00e4rnkarta f\u00f6r mamma \u00e4r en g\u00e5va som f\u00e5ngar stj\u00e4rnorna i linje under de tv\u00e5 mest speciella dagarna i en mammas liv, n\u00e4r hennes barn f\u00f6ds.","robots":{"index":"index","follow":"follow","max-snippet":"max-snippet:-1","max-image-preview":"max-image-preview:large","max-video-preview":"max-video-preview:-1"},"canonical":"https:\/\/positiveprints.com\/sv\/produkt\/dubbel-stjarnkarta-for-mamma\/","og_locale":"sv_SE","og_type":"article","og_title":"Dubbel stj\u00e4rnkarta f\u00f6r mamma","og_description":"F\u00e5 alla mammor att k\u00e4nna sig speciella och imponera p\u00e5 henne med en fantastisk bild av natthimlen p\u00e5 barnens f\u00f6delsedatum L\u00e4gg till konstellationer och Vintergatan  Anpassa i 3 enkla steg Inkludera en meningsfull personlig text Se resultatet direkt \u2013 den interaktiva f\u00f6rhandsvisningen l\u00e5ter dig finjustera varje detalj","og_url":"https:\/\/positiveprints.com\/sv\/produkt\/dubbel-stjarnkarta-for-mamma\/","og_site_name":"Positive Prints","article_publisher":"https:\/\/www.facebook.com\/positiveprintscom","article_modified_time":"2026-04-07T14:12:26+00:00","og_image":[{"width":1450,"height":1450,"url":"https:\/\/positiveprints.com\/wp-content\/uploads\/2024\/11\/Packshot_SE_Double-Star-Map-for-Mom-product-image-.webp","type":"image\/webp"}],"twitter_card":"summary_large_image","schema":{"@context":"https:\/\/schema.org","@graph":[{"@type":["WebPage","ItemPage"],"@id":"https:\/\/positiveprints.com\/sv\/produkt\/dubbel-stjarnkarta-for-mamma\/","url":"https:\/\/positiveprints.com\/sv\/produkt\/dubbel-stjarnkarta-for-mamma\/","name":"Dubbel stj\u00e4rnkarta f\u00f6r mamma - Positive Prints","isPartOf":{"@id":"https:\/\/positiveprints.com\/sv\/#website"},"primaryImageOfPage":{"@id":"https:\/\/positiveprints.com\/sv\/produkt\/dubbel-stjarnkarta-for-mamma\/#primaryimage"},"image":{"@id":"https:\/\/positiveprints.com\/sv\/produkt\/dubbel-stjarnkarta-for-mamma\/#primaryimage"},"thumbnailUrl":"https:\/\/positiveprints.com\/wp-content\/uploads\/2025\/08\/Packshot_SE_Dubbel-stja\u0308rnkarta-fo\u0308r-mamma.webp","datePublished":"2023-04-03T14:57:09+00:00","dateModified":"2026-04-07T14:12:26+00:00","description":"Dubbel stj\u00e4rnkarta f\u00f6r mamma \u00e4r en g\u00e5va som f\u00e5ngar stj\u00e4rnorna i linje under de tv\u00e5 mest speciella dagarna i en mammas liv, n\u00e4r hennes barn f\u00f6ds.","breadcrumb":{"@id":"https:\/\/positiveprints.com\/sv\/produkt\/dubbel-stjarnkarta-for-mamma\/#breadcrumb"},"inLanguage":"sv-SE","potentialAction":[{"@type":"ReadAction","target":["https:\/\/positiveprints.com\/sv\/produkt\/dubbel-stjarnkarta-for-mamma\/"]}]},{"@type":"ImageObject","inLanguage":"sv-SE","@id":"https:\/\/positiveprints.com\/sv\/produkt\/dubbel-stjarnkarta-for-mamma\/#primaryimage","url":"https:\/\/positiveprints.com\/wp-content\/uploads\/2025\/08\/Packshot_SE_Dubbel-stja\u0308rnkarta-fo\u0308r-mamma.webp","contentUrl":"https:\/\/positiveprints.com\/wp-content\/uploads\/2025\/08\/Packshot_SE_Dubbel-stja\u0308rnkarta-fo\u0308r-mamma.webp","width":1450,"height":1450},{"@type":"BreadcrumbList","@id":"https:\/\/positiveprints.com\/sv\/produkt\/dubbel-stjarnkarta-for-mamma\/#breadcrumb","itemListElement":[{"@type":"ListItem","position":1,"name":"Home","item":"https:\/\/positiveprints.com\/sv\/"},{"@type":"ListItem","position":2,"name":"Produkter","item":"https:\/\/positiveprints.com\/sv\/shop\/"},{"@type":"ListItem","position":3,"name":"Dubbel stj\u00e4rnkarta f\u00f6r mamma"}]},{"@type":"WebSite","@id":"https:\/\/positiveprints.com\/sv\/#website","url":"https:\/\/positiveprints.com\/sv\/","name":"Positive Prints","description":"Amazing Custom Personalized Gifts","publisher":{"@id":"https:\/\/positiveprints.com\/sv\/#organization"},"potentialAction":[{"@type":"SearchAction","target":{"@type":"EntryPoint","urlTemplate":"https:\/\/positiveprints.com\/sv\/?s={search_term_string}"},"query-input":{"@type":"PropertyValueSpecification","valueRequired":true,"valueName":"search_term_string"}}],"inLanguage":"sv-SE"},{"@type":"Organization","@id":"https:\/\/positiveprints.com\/sv\/#organization","name":"Positive Prints","alternateName":"Positive Prints","url":"https:\/\/positiveprints.com\/sv\/","logo":{"@type":"ImageObject","inLanguage":"sv-SE","@id":"https:\/\/positiveprints.com\/sv\/#\/schema\/logo\/image\/","url":"https:\/\/positiveprints.com\/wp-content\/uploads\/2026\/03\/245815646_1337939713319158_5671353136411139666_n.png","contentUrl":"https:\/\/positiveprints.com\/wp-content\/uploads\/2026\/03\/245815646_1337939713319158_5671353136411139666_n.png","width":800,"height":800,"caption":"Positive Prints"},"image":{"@id":"https:\/\/positiveprints.com\/sv\/#\/schema\/logo\/image\/"},"sameAs":["https:\/\/www.facebook.com\/positiveprintscom","https:\/\/www.instagram.com\/positiveprintscom\/","https:\/\/www.tiktok.com\/@positiveprintscom","https:\/\/www.pinterest.com\/positiveprintscom\/"]}]}},"jetpack_sharing_enabled":true,"_links":{"self":[{"href":"https:\/\/positiveprints.com\/sv\/wp-json\/wp\/v2\/product\/452296","targetHints":{"allow":["GET"]}}],"collection":[{"href":"https:\/\/positiveprints.com\/sv\/wp-json\/wp\/v2\/product"}],"about":[{"href":"https:\/\/positiveprints.com\/sv\/wp-json\/wp\/v2\/types\/product"}],"wp:featuredmedia":[{"embeddable":true,"href":"https:\/\/positiveprints.com\/sv\/wp-json\/wp\/v2\/media\/1489937"}],"wp:attachment":[{"href":"https:\/\/positiveprints.com\/sv\/wp-json\/wp\/v2\/media?parent=452296"}],"wp:term":[{"taxonomy":"product_brand","embeddable":true,"href":"https:\/\/positiveprints.com\/sv\/wp-json\/wp\/v2\/product_brand?post=452296"},{"taxonomy":"product_cat","embeddable":true,"href":"https:\/\/positiveprints.com\/sv\/wp-json\/wp\/v2\/product_cat?post=452296"},{"taxonomy":"product_tag","embeddable":true,"href":"https:\/\/positiveprints.com\/sv\/wp-json\/wp\/v2\/product_tag?post=452296"}],"curies":[{"name":"wp","href":"https:\/\/api.w.org\/{rel}","templated":true}]}}