{"id":452221,"date":"2023-03-22T11:45:44","date_gmt":"2023-03-22T10:45:44","guid":{"rendered":"https:\/\/positiveprints.com\/?post_type=product&#038;p=452221"},"modified":"2026-04-18T06:06:26","modified_gmt":"2026-04-18T05:06:26","slug":"dagarna-da-du-blev-var-mamma","status":"publish","type":"product","link":"https:\/\/positiveprints.com\/sv\/produkt\/dagarna-da-du-blev-var-mamma\/","title":{"rendered":"Dagarna d\u00e5 du blev v\u00e5r mamma"},"content":{"rendered":"<p style=\"margin-top: 1rem\">Dagarna d\u00e5 du blev v\u00e5r mamma \u00e4r den perfekta presenten f\u00f6r mammor som v\u00e4rdes\u00e4tter de speciella \u00f6gonblicken n\u00e4r man blir f\u00f6r\u00e4lder. Det h\u00e4r personliga trycket lyfter fram den dag d\u00e5 en mamma v\u00e4lkomnar vart och ett av sina barn till v\u00e4rlden. Stj\u00e4rnhimlen den dagen \u00e5terskapas och f\u00e5ngar universums sk\u00f6nhet och underverk i det \u00f6gonblick d\u00e5 varje barn f\u00f6ddes.<\/p>\r\n\r\n\r\n<p style=\"margin-top: 1rem\">Varje utskrift kan anpassas med datum, tid och plats f\u00f6r f\u00f6dseln samt varje barns namn. Resultatet blir ett fantastiskt och unikt konstverk som hyllar den gl\u00e4dje och k\u00e4rlek som f\u00f6ljer med moderskapet.<\/p>\r\n\r\n\r\n<p style=\"margin-top: 1rem\">Dagarna d\u00e5 du blev v\u00e5r mamma \u00e4r en perfekt morsdagspresent, f\u00f6delsedagspresent eller jul\u00f6verraskning. Det h\u00e4r personliga trycket kommer garanterat att v\u00e4rnas i m\u00e5nga \u00e5r fram\u00f6ver och \u00e4r ett underbart s\u00e4tt att uttrycka din k\u00e4rlek och uppskattning f\u00f6r den speciella mamman i ditt liv.<\/p>","protected":false},"excerpt":{"rendered":"<ul class=\"check-list\">\n<li>L\u00e4gg till konstellationer och Vintergatan <\/li>\n<li>Anpassa i 3 enkla steg<\/li>\n<li>Inkludera en meningsfull personlig text<\/li>\n<li>Se resultatet direkt \u2013 den interaktiva f\u00f6rhandsvisningen l\u00e5ter dig finjustera varje detalj<\/li>\n<\/ul>\n","protected":false},"featured_media":1668306,"template":"","meta":[],"product_brand":[],"product_cat":[9281,8831,7459,9119,8113,8108,11474,7710],"product_tag":[11833,11030,11031,10961,11032,8409,11033,11029,16781],"class_list":{"0":"post-452221","1":"product","2":"type-product","3":"status-publish","4":"has-post-thumbnail","6":"product_cat-bestsellers-label-sv","7":"product_cat-duo-stjarnor","8":"product_cat-alla-produkter","9":"product_cat-map-sv","10":"product_cat-mors-dag-presenter","11":"product_cat-julpresenter","12":"product_cat-julklappar-till-mamma","13":"product_cat-gavor-till-mamma","14":"product_tag-julklappar-till-mamma","15":"product_tag-mam-sv","16":"product_tag-mamma-sv","17":"product_tag-mamma","18":"product_tag-mammor","19":"product_tag-mother-sv","20":"product_tag-mumie-sv","21":"product_tag-mumie","22":"product_tag-presenter-till-mamma","24":"first","25":"instock","26":"sale","27":"taxable","28":"shipping-taxable","29":"purchasable","30":"product-type-variable"},"yoast_head":"<!-- This site is optimized with the Yoast SEO Premium plugin v27.2 (Yoast SEO v27.2) - https:\/\/yoast.com\/product\/yoast-seo-premium-wordpress\/ -->\n<title>Dagarna d\u00e5 du blev v\u00e5r mamma - Positive Prints<\/title>\n<meta name=\"description\" content=\"Dagarna d\u00e5 du blev v\u00e5r mamma \u00e4r den perfekta presenten f\u00f6r mammor som v\u00e4rdes\u00e4tter de speciella \u00f6gonblicken n\u00e4r man blir f\u00f6r\u00e4lder. Best\u00e4ll idag!\" \/>\n<meta name=\"robots\" content=\"index, follow, max-snippet:-1, max-image-preview:large, max-video-preview:-1\" \/>\n<link rel=\"canonical\" href=\"https:\/\/positiveprints.com\/sv\/produkt\/dagarna-da-du-blev-var-mamma\/\" \/>\n<meta property=\"og:locale\" content=\"sv_SE\" \/>\n<meta property=\"og:type\" content=\"article\" \/>\n<meta property=\"og:title\" content=\"Dagarna d\u00e5 du blev v\u00e5r mamma\" \/>\n<meta property=\"og:description\" content=\"L\u00e4gg till konstellationer och Vintergatan   Anpassa i 3 enkla steg  Inkludera en meningsfull personlig text  Se resultatet direkt \u2013 den interaktiva f\u00f6rhandsvisningen l\u00e5ter dig finjustera varje detalj\" \/>\n<meta property=\"og:url\" content=\"https:\/\/positiveprints.com\/sv\/produkt\/dagarna-da-du-blev-var-mamma\/\" \/>\n<meta property=\"og:site_name\" content=\"Positive Prints\" \/>\n<meta property=\"article:publisher\" content=\"https:\/\/www.facebook.com\/positiveprintscom\" \/>\n<meta property=\"article:modified_time\" content=\"2026-04-18T05:06:26+00:00\" \/>\n<meta property=\"og:image\" content=\"https:\/\/positiveprints.com\/wp-content\/uploads\/2025\/02\/The-Days-You-Became-Our-Mom-1.webp\" \/>\n\t<meta property=\"og:image:width\" content=\"1450\" \/>\n\t<meta property=\"og:image:height\" content=\"1450\" \/>\n\t<meta property=\"og:image:type\" content=\"image\/webp\" \/>\n<meta name=\"twitter:card\" content=\"summary_large_image\" \/>\n<meta name=\"twitter:label1\" content=\"Ber\u00e4knad l\u00e4stid\" \/>\n\t<meta name=\"twitter:data1\" content=\"1 minut\" \/>\n<!-- \/ Yoast SEO Premium plugin. -->","yoast_head_json":{"title":"Dagarna d\u00e5 du blev v\u00e5r mamma - Positive Prints","description":"Dagarna d\u00e5 du blev v\u00e5r mamma \u00e4r den perfekta presenten f\u00f6r mammor som v\u00e4rdes\u00e4tter de speciella \u00f6gonblicken n\u00e4r man blir f\u00f6r\u00e4lder. Best\u00e4ll idag!","robots":{"index":"index","follow":"follow","max-snippet":"max-snippet:-1","max-image-preview":"max-image-preview:large","max-video-preview":"max-video-preview:-1"},"canonical":"https:\/\/positiveprints.com\/sv\/produkt\/dagarna-da-du-blev-var-mamma\/","og_locale":"sv_SE","og_type":"article","og_title":"Dagarna d\u00e5 du blev v\u00e5r mamma","og_description":"L\u00e4gg till konstellationer och Vintergatan   Anpassa i 3 enkla steg  Inkludera en meningsfull personlig text  Se resultatet direkt \u2013 den interaktiva f\u00f6rhandsvisningen l\u00e5ter dig finjustera varje detalj","og_url":"https:\/\/positiveprints.com\/sv\/produkt\/dagarna-da-du-blev-var-mamma\/","og_site_name":"Positive Prints","article_publisher":"https:\/\/www.facebook.com\/positiveprintscom","article_modified_time":"2026-04-18T05:06:26+00:00","og_image":[{"width":1450,"height":1450,"url":"https:\/\/positiveprints.com\/wp-content\/uploads\/2025\/02\/The-Days-You-Became-Our-Mom-1.webp","type":"image\/webp"}],"twitter_card":"summary_large_image","twitter_misc":{"Ber\u00e4knad l\u00e4stid":"1 minut"},"schema":{"@context":"https:\/\/schema.org","@graph":[{"@type":["WebPage","ItemPage"],"@id":"https:\/\/positiveprints.com\/sv\/produkt\/dagarna-da-du-blev-var-mamma\/","url":"https:\/\/positiveprints.com\/sv\/produkt\/dagarna-da-du-blev-var-mamma\/","name":"Dagarna d\u00e5 du blev v\u00e5r mamma - Positive Prints","isPartOf":{"@id":"https:\/\/positiveprints.com\/sv\/#website"},"primaryImageOfPage":{"@id":"https:\/\/positiveprints.com\/sv\/produkt\/dagarna-da-du-blev-var-mamma\/#primaryimage"},"image":{"@id":"https:\/\/positiveprints.com\/sv\/produkt\/dagarna-da-du-blev-var-mamma\/#primaryimage"},"thumbnailUrl":"https:\/\/positiveprints.com\/wp-content\/uploads\/2026\/03\/The-Day-You-Became-Our-Mommy_EN-packshot-.webp","datePublished":"2023-03-22T10:45:44+00:00","dateModified":"2026-04-18T05:06:26+00:00","description":"Dagarna d\u00e5 du blev v\u00e5r mamma \u00e4r den perfekta presenten f\u00f6r mammor som v\u00e4rdes\u00e4tter de speciella \u00f6gonblicken n\u00e4r man blir f\u00f6r\u00e4lder. Best\u00e4ll idag!","breadcrumb":{"@id":"https:\/\/positiveprints.com\/sv\/produkt\/dagarna-da-du-blev-var-mamma\/#breadcrumb"},"inLanguage":"sv-SE","potentialAction":[{"@type":"ReadAction","target":["https:\/\/positiveprints.com\/sv\/produkt\/dagarna-da-du-blev-var-mamma\/"]}]},{"@type":"ImageObject","inLanguage":"sv-SE","@id":"https:\/\/positiveprints.com\/sv\/produkt\/dagarna-da-du-blev-var-mamma\/#primaryimage","url":"https:\/\/positiveprints.com\/wp-content\/uploads\/2026\/03\/The-Day-You-Became-Our-Mommy_EN-packshot-.webp","contentUrl":"https:\/\/positiveprints.com\/wp-content\/uploads\/2026\/03\/The-Day-You-Became-Our-Mommy_EN-packshot-.webp","width":1450,"height":1450,"caption":"The Day You Became Our Mommy_EN packshot"},{"@type":"BreadcrumbList","@id":"https:\/\/positiveprints.com\/sv\/produkt\/dagarna-da-du-blev-var-mamma\/#breadcrumb","itemListElement":[{"@type":"ListItem","position":1,"name":"Home","item":"https:\/\/positiveprints.com\/sv\/"},{"@type":"ListItem","position":2,"name":"Produkter","item":"https:\/\/positiveprints.com\/sv\/shop\/"},{"@type":"ListItem","position":3,"name":"Dagarna d\u00e5 du blev v\u00e5r mamma"}]},{"@type":"WebSite","@id":"https:\/\/positiveprints.com\/sv\/#website","url":"https:\/\/positiveprints.com\/sv\/","name":"Positive Prints","description":"Amazing Custom Personalized Gifts","publisher":{"@id":"https:\/\/positiveprints.com\/sv\/#organization"},"potentialAction":[{"@type":"SearchAction","target":{"@type":"EntryPoint","urlTemplate":"https:\/\/positiveprints.com\/sv\/?s={search_term_string}"},"query-input":{"@type":"PropertyValueSpecification","valueRequired":true,"valueName":"search_term_string"}}],"inLanguage":"sv-SE"},{"@type":"Organization","@id":"https:\/\/positiveprints.com\/sv\/#organization","name":"Positive Prints","alternateName":"Positive Prints","url":"https:\/\/positiveprints.com\/sv\/","logo":{"@type":"ImageObject","inLanguage":"sv-SE","@id":"https:\/\/positiveprints.com\/sv\/#\/schema\/logo\/image\/","url":"https:\/\/positiveprints.com\/wp-content\/uploads\/2026\/03\/245815646_1337939713319158_5671353136411139666_n.png","contentUrl":"https:\/\/positiveprints.com\/wp-content\/uploads\/2026\/03\/245815646_1337939713319158_5671353136411139666_n.png","width":800,"height":800,"caption":"Positive Prints"},"image":{"@id":"https:\/\/positiveprints.com\/sv\/#\/schema\/logo\/image\/"},"sameAs":["https:\/\/www.facebook.com\/positiveprintscom","https:\/\/www.instagram.com\/positiveprintscom\/","https:\/\/www.tiktok.com\/@positiveprintscom","https:\/\/www.pinterest.com\/positiveprintscom\/"]}]}},"jetpack_sharing_enabled":true,"_links":{"self":[{"href":"https:\/\/positiveprints.com\/sv\/wp-json\/wp\/v2\/product\/452221","targetHints":{"allow":["GET"]}}],"collection":[{"href":"https:\/\/positiveprints.com\/sv\/wp-json\/wp\/v2\/product"}],"about":[{"href":"https:\/\/positiveprints.com\/sv\/wp-json\/wp\/v2\/types\/product"}],"wp:featuredmedia":[{"embeddable":true,"href":"https:\/\/positiveprints.com\/sv\/wp-json\/wp\/v2\/media\/1668306"}],"wp:attachment":[{"href":"https:\/\/positiveprints.com\/sv\/wp-json\/wp\/v2\/media?parent=452221"}],"wp:term":[{"taxonomy":"product_brand","embeddable":true,"href":"https:\/\/positiveprints.com\/sv\/wp-json\/wp\/v2\/product_brand?post=452221"},{"taxonomy":"product_cat","embeddable":true,"href":"https:\/\/positiveprints.com\/sv\/wp-json\/wp\/v2\/product_cat?post=452221"},{"taxonomy":"product_tag","embeddable":true,"href":"https:\/\/positiveprints.com\/sv\/wp-json\/wp\/v2\/product_tag?post=452221"}],"curies":[{"name":"wp","href":"https:\/\/api.w.org\/{rel}","templated":true}]}}