{"id":451207,"date":"2023-02-10T19:32:31","date_gmt":"2023-02-10T18:32:31","guid":{"rendered":"https:\/\/positiveprints.com\/?post_type=product&#038;p=451207"},"modified":"2026-04-18T06:14:43","modified_gmt":"2026-04-18T05:14:43","slug":"karlek-kanner-inga-avstand-karta-for-mamma","status":"publish","type":"product","link":"https:\/\/positiveprints.com\/sv\/produkt\/karlek-kanner-inga-avstand-karta-for-mamma\/","title":{"rendered":"K\u00e4rlek k\u00e4nner inga avst\u00e5nd-karta f\u00f6r mamma"},"content":{"rendered":"<p style=\"margin-top: 1rem\">Att fira speciella dagar med mamma, som f\u00f6delsedagar och mors dag, kan vara en utmaning n\u00e4r ni bor \u00e5tskilda. Men att skicka henne ett meningsfullt minne av din k\u00e4rlek och uppskattning \u00e4r ett s\u00e4tt att \u00f6verbrygga avst\u00e5ndet. Ett personligt tryck eller en canvas med en karta f\u00f6r mamma med namnet K\u00e4rlek k\u00e4nner inga avst\u00e5nd-karta f\u00f6r mamma \u00e4r den perfekta presenten f\u00f6r alla tillf\u00e4llen &#8211; den l\u00e5ter henne veta att oavsett hur l\u00e5ngt borta ni \u00e4r s\u00e5 kommer ert band aldrig att f\u00f6rsvinna. Det \u00e4r en p\u00e5minnelse som hon kommer att uppskatta f\u00f6r alltid!<\/p>\r\n\r\n\r\n\r\n<h2 class=\"grenB f24 cblue\" style=\"margin-top: 3rem\">Personlig K\u00e4rlek k\u00e4nner inga avst\u00e5nd-karta f\u00f6r mamma<\/h2>\r\n\r\n\r\n<p style=\"margin-top: 1rem\">V\u00e5r K\u00e4rlek k\u00e4nner inga avst\u00e5nd-karta f\u00f6r mamma f\u00e5ngar det speciella bandet mellan dig och din mamma. F\u00f6r att skapa den perfekta presenten till mamma \u00e4r det bara att ange tv\u00e5 adresser som vi anv\u00e4nder f\u00f6r att markera era platser p\u00e5 en vacker karta. Du kan ocks\u00e5 anpassa kartan med ditt val av f\u00e4rg, stil och storlek. Vi ser till att det blir n\u00e5got som mamma kommer att vara stolt \u00f6ver att visa upp i sitt hem.<\/p>\r\n\r\n\r\n\r\n<h2 class=\"grenB f24 cblue\" style=\"margin-top: 3rem\">En g\u00e5va som firar ert band<\/h2>\r\n\r\n\r\n<p style=\"margin-top: 1rem\">Din mamma kommer att bli glad \u00f6ver att f\u00e5 en personlig K\u00e4rlek k\u00e4nner inga avst\u00e5nd-karta f\u00f6r mamma, och hon kommer att bli p\u00e5mind om er k\u00e4rlek och kontakt varje g\u00e5ng hon tittar p\u00e5 den. Den h\u00e4r omsorgsfullt utformade presenten hyllar det band som ni delar, \u00e4ven n\u00e4r livet drar er is\u00e4r. Det \u00e4r ett kraftfullt s\u00e4tt att visa din mamma hur mycket hon betyder f\u00f6r dig och l\u00e5ta henne veta att oavsett avst\u00e5nd \u00e4r er k\u00e4rlek o\u00e4ndlig.<\/p>\r\n\r\n\r\n\r\n<h2 class=\"grenB f24 cblue\" style=\"margin-top: 3rem\">Best\u00e4ll din K\u00e4rlek k\u00e4nner inga avst\u00e5nd-karta f\u00f6r din mamma nu<\/h2>\r\n\r\n\r\n<p style=\"margin-top: 1rem\">P\u00e5 Positive Prints specialiserar vi oss p\u00e5 att skapa personliga g\u00e5vor som kommer att f\u00e5 din mamma att le. Vi vet hur speciellt bandet mellan er b\u00e5da \u00e4r, och vi \u00e4r h\u00e4r f\u00f6r att hj\u00e4lpa till att \u00f6verbrygga alla avst\u00e5nd med v\u00e5ra konstfulla, meningsfulla verk. Best\u00e4ll en personlig K\u00e4rlek k\u00e4nner inga avst\u00e5nd-karta idag och visa henne att oavsett hur l\u00e5ngt borta ni \u00e4r s\u00e5 k\u00e4nner er k\u00e4rlek inga gr\u00e4nser.<\/p>","protected":false},"excerpt":{"rendered":"<ul class=\"check-list\">\n<li>Visa din mamma hur mycket hon betyder f\u00f6r dig: lyft fram de speciella platser som f\u00f6renar er b\u00e5da \u00e4ven n\u00e4r ni \u00e4r l\u00e5ngt ifr\u00e5n varandra<\/li>\n<li>Markera tv\u00e5 speciella platser med utvalda symboler<\/li>\n<li>Anpassa i 3 enkla steg<\/li>\n<li>Inkludera en meningsfull personlig text<\/li>\n<li>Se resultatet direkt \u2013 den interaktiva f\u00f6rhandsvisningen l\u00e5ter dig finjustera varje detalj<\/li>\n<\/ul>\n","protected":false},"featured_media":1464872,"template":"","meta":[],"product_brand":[],"product_cat":[9118,7459,8113,8108,11474,7710],"product_tag":[11833,8409],"class_list":{"0":"post-451207","1":"product","2":"type-product","3":"status-publish","4":"has-post-thumbnail","6":"product_cat-double-maps-sv","7":"product_cat-alla-produkter","8":"product_cat-mors-dag-presenter","9":"product_cat-julpresenter","10":"product_cat-julklappar-till-mamma","11":"product_cat-gavor-till-mamma","12":"product_tag-julklappar-till-mamma","13":"product_tag-mother-sv","15":"first","16":"instock","17":"sale","18":"taxable","19":"shipping-taxable","20":"purchasable","21":"product-type-variable"},"yoast_head":"<!-- This site is optimized with the Yoast SEO Premium plugin v27.2 (Yoast SEO v27.2) - https:\/\/yoast.com\/product\/yoast-seo-premium-wordpress\/ -->\n<title>K\u00e4rlek k\u00e4nner inga avst\u00e5nd-karta f\u00f6r mamma - Positive Prints<\/title>\n<meta name=\"description\" content=\"Best\u00e4ll en personlig karta till mamma idag och visa henne att oavsett hur l\u00e5ngt borta ni \u00e4r s\u00e5 \u00e4r er k\u00e4rlek gr\u00e4nsl\u00f6s.\" \/>\n<meta name=\"robots\" content=\"index, follow, max-snippet:-1, max-image-preview:large, max-video-preview:-1\" \/>\n<link rel=\"canonical\" href=\"https:\/\/positiveprints.com\/sv\/produkt\/karlek-kanner-inga-avstand-karta-for-mamma\/\" \/>\n<meta property=\"og:locale\" content=\"sv_SE\" \/>\n<meta property=\"og:type\" content=\"article\" \/>\n<meta property=\"og:title\" content=\"K\u00e4rlek k\u00e4nner inga avst\u00e5nd-karta f\u00f6r mamma\" \/>\n<meta property=\"og:description\" content=\"Visa din mamma hur mycket hon betyder f\u00f6r dig: lyft fram de speciella platser som f\u00f6renar er b\u00e5da \u00e4ven n\u00e4r ni \u00e4r l\u00e5ngt ifr\u00e5n varandra Markera tv\u00e5 speciella platser med utvalda symboler Anpassa i 3 enkla steg Inkludera en meningsfull personlig text Se resultatet direkt \u2013 den interaktiva f\u00f6rhandsvisningen l\u00e5ter dig finjustera varje detalj\" \/>\n<meta property=\"og:url\" content=\"https:\/\/positiveprints.com\/sv\/produkt\/karlek-kanner-inga-avstand-karta-for-mamma\/\" \/>\n<meta property=\"og:site_name\" content=\"Positive Prints\" \/>\n<meta property=\"article:publisher\" content=\"https:\/\/www.facebook.com\/positiveprintscom\" \/>\n<meta property=\"article:modified_time\" content=\"2026-04-18T05:14:43+00:00\" \/>\n<meta property=\"og:image\" content=\"https:\/\/positiveprints.com\/wp-content\/uploads\/2023\/02\/love-knows-no-distance-map-for-mom.jpg\" \/>\n\t<meta property=\"og:image:width\" content=\"1080\" \/>\n\t<meta property=\"og:image:height\" content=\"1080\" \/>\n\t<meta property=\"og:image:type\" content=\"image\/jpeg\" \/>\n<meta name=\"twitter:card\" content=\"summary_large_image\" \/>\n<meta name=\"twitter:label1\" content=\"Ber\u00e4knad l\u00e4stid\" \/>\n\t<meta name=\"twitter:data1\" content=\"2 minut\" \/>\n<!-- \/ Yoast SEO Premium plugin. -->","yoast_head_json":{"title":"K\u00e4rlek k\u00e4nner inga avst\u00e5nd-karta f\u00f6r mamma - Positive Prints","description":"Best\u00e4ll en personlig karta till mamma idag och visa henne att oavsett hur l\u00e5ngt borta ni \u00e4r s\u00e5 \u00e4r er k\u00e4rlek gr\u00e4nsl\u00f6s.","robots":{"index":"index","follow":"follow","max-snippet":"max-snippet:-1","max-image-preview":"max-image-preview:large","max-video-preview":"max-video-preview:-1"},"canonical":"https:\/\/positiveprints.com\/sv\/produkt\/karlek-kanner-inga-avstand-karta-for-mamma\/","og_locale":"sv_SE","og_type":"article","og_title":"K\u00e4rlek k\u00e4nner inga avst\u00e5nd-karta f\u00f6r mamma","og_description":"Visa din mamma hur mycket hon betyder f\u00f6r dig: lyft fram de speciella platser som f\u00f6renar er b\u00e5da \u00e4ven n\u00e4r ni \u00e4r l\u00e5ngt ifr\u00e5n varandra Markera tv\u00e5 speciella platser med utvalda symboler Anpassa i 3 enkla steg Inkludera en meningsfull personlig text Se resultatet direkt \u2013 den interaktiva f\u00f6rhandsvisningen l\u00e5ter dig finjustera varje detalj","og_url":"https:\/\/positiveprints.com\/sv\/produkt\/karlek-kanner-inga-avstand-karta-for-mamma\/","og_site_name":"Positive Prints","article_publisher":"https:\/\/www.facebook.com\/positiveprintscom","article_modified_time":"2026-04-18T05:14:43+00:00","og_image":[{"width":1080,"height":1080,"url":"https:\/\/positiveprints.com\/wp-content\/uploads\/2023\/02\/love-knows-no-distance-map-for-mom.jpg","type":"image\/jpeg"}],"twitter_card":"summary_large_image","twitter_misc":{"Ber\u00e4knad l\u00e4stid":"2 minut"},"schema":{"@context":"https:\/\/schema.org","@graph":[{"@type":["WebPage","ItemPage"],"@id":"https:\/\/positiveprints.com\/sv\/produkt\/karlek-kanner-inga-avstand-karta-for-mamma\/","url":"https:\/\/positiveprints.com\/sv\/produkt\/karlek-kanner-inga-avstand-karta-for-mamma\/","name":"K\u00e4rlek k\u00e4nner inga avst\u00e5nd-karta f\u00f6r mamma - Positive Prints","isPartOf":{"@id":"https:\/\/positiveprints.com\/sv\/#website"},"primaryImageOfPage":{"@id":"https:\/\/positiveprints.com\/sv\/produkt\/karlek-kanner-inga-avstand-karta-for-mamma\/#primaryimage"},"image":{"@id":"https:\/\/positiveprints.com\/sv\/produkt\/karlek-kanner-inga-avstand-karta-for-mamma\/#primaryimage"},"thumbnailUrl":"https:\/\/positiveprints.com\/wp-content\/uploads\/2025\/06\/Packshot_SE_Ka\u0308rlek-ka\u0308nner-inga-avsta\u030and-karta-fo\u0308r-mamma.webp","datePublished":"2023-02-10T18:32:31+00:00","dateModified":"2026-04-18T05:14:43+00:00","description":"Best\u00e4ll en personlig karta till mamma idag och visa henne att oavsett hur l\u00e5ngt borta ni \u00e4r s\u00e5 \u00e4r er k\u00e4rlek gr\u00e4nsl\u00f6s.","breadcrumb":{"@id":"https:\/\/positiveprints.com\/sv\/produkt\/karlek-kanner-inga-avstand-karta-for-mamma\/#breadcrumb"},"inLanguage":"sv-SE","potentialAction":[{"@type":"ReadAction","target":["https:\/\/positiveprints.com\/sv\/produkt\/karlek-kanner-inga-avstand-karta-for-mamma\/"]}]},{"@type":"ImageObject","inLanguage":"sv-SE","@id":"https:\/\/positiveprints.com\/sv\/produkt\/karlek-kanner-inga-avstand-karta-for-mamma\/#primaryimage","url":"https:\/\/positiveprints.com\/wp-content\/uploads\/2025\/06\/Packshot_SE_Ka\u0308rlek-ka\u0308nner-inga-avsta\u030and-karta-fo\u0308r-mamma.webp","contentUrl":"https:\/\/positiveprints.com\/wp-content\/uploads\/2025\/06\/Packshot_SE_Ka\u0308rlek-ka\u0308nner-inga-avsta\u030and-karta-fo\u0308r-mamma.webp","width":1450,"height":1450},{"@type":"BreadcrumbList","@id":"https:\/\/positiveprints.com\/sv\/produkt\/karlek-kanner-inga-avstand-karta-for-mamma\/#breadcrumb","itemListElement":[{"@type":"ListItem","position":1,"name":"Home","item":"https:\/\/positiveprints.com\/sv\/"},{"@type":"ListItem","position":2,"name":"Produkter","item":"https:\/\/positiveprints.com\/sv\/shop\/"},{"@type":"ListItem","position":3,"name":"K\u00e4rlek k\u00e4nner inga avst\u00e5nd-karta f\u00f6r mamma"}]},{"@type":"WebSite","@id":"https:\/\/positiveprints.com\/sv\/#website","url":"https:\/\/positiveprints.com\/sv\/","name":"Positive Prints","description":"Amazing Custom Personalized Gifts","publisher":{"@id":"https:\/\/positiveprints.com\/sv\/#organization"},"potentialAction":[{"@type":"SearchAction","target":{"@type":"EntryPoint","urlTemplate":"https:\/\/positiveprints.com\/sv\/?s={search_term_string}"},"query-input":{"@type":"PropertyValueSpecification","valueRequired":true,"valueName":"search_term_string"}}],"inLanguage":"sv-SE"},{"@type":"Organization","@id":"https:\/\/positiveprints.com\/sv\/#organization","name":"Positive Prints","alternateName":"Positive Prints","url":"https:\/\/positiveprints.com\/sv\/","logo":{"@type":"ImageObject","inLanguage":"sv-SE","@id":"https:\/\/positiveprints.com\/sv\/#\/schema\/logo\/image\/","url":"https:\/\/positiveprints.com\/wp-content\/uploads\/2026\/03\/245815646_1337939713319158_5671353136411139666_n.png","contentUrl":"https:\/\/positiveprints.com\/wp-content\/uploads\/2026\/03\/245815646_1337939713319158_5671353136411139666_n.png","width":800,"height":800,"caption":"Positive Prints"},"image":{"@id":"https:\/\/positiveprints.com\/sv\/#\/schema\/logo\/image\/"},"sameAs":["https:\/\/www.facebook.com\/positiveprintscom","https:\/\/www.instagram.com\/positiveprintscom\/","https:\/\/www.tiktok.com\/@positiveprintscom","https:\/\/www.pinterest.com\/positiveprintscom\/"]}]}},"jetpack_sharing_enabled":true,"_links":{"self":[{"href":"https:\/\/positiveprints.com\/sv\/wp-json\/wp\/v2\/product\/451207","targetHints":{"allow":["GET"]}}],"collection":[{"href":"https:\/\/positiveprints.com\/sv\/wp-json\/wp\/v2\/product"}],"about":[{"href":"https:\/\/positiveprints.com\/sv\/wp-json\/wp\/v2\/types\/product"}],"wp:featuredmedia":[{"embeddable":true,"href":"https:\/\/positiveprints.com\/sv\/wp-json\/wp\/v2\/media\/1464872"}],"wp:attachment":[{"href":"https:\/\/positiveprints.com\/sv\/wp-json\/wp\/v2\/media?parent=451207"}],"wp:term":[{"taxonomy":"product_brand","embeddable":true,"href":"https:\/\/positiveprints.com\/sv\/wp-json\/wp\/v2\/product_brand?post=451207"},{"taxonomy":"product_cat","embeddable":true,"href":"https:\/\/positiveprints.com\/sv\/wp-json\/wp\/v2\/product_cat?post=451207"},{"taxonomy":"product_tag","embeddable":true,"href":"https:\/\/positiveprints.com\/sv\/wp-json\/wp\/v2\/product_tag?post=451207"}],"curies":[{"name":"wp","href":"https:\/\/api.w.org\/{rel}","templated":true}]}}