{"id":451170,"date":"2023-02-08T10:42:11","date_gmt":"2023-02-08T09:42:11","guid":{"rendered":"https:\/\/positiveprints.com\/?post_type=product&#038;p=451170"},"modified":"2026-04-18T06:16:07","modified_gmt":"2026-04-18T05:16:07","slug":"mammas-favoritlat","status":"publish","type":"product","link":"https:\/\/positiveprints.com\/sv\/produkt\/mammas-favoritlat\/","title":{"rendered":"Mammas favoritl\u00e5t"},"content":{"rendered":"<p style=\"margin-top: 1rem\">Att hitta den perfekta presenten till mamma kan ofta vara en utmaning. Vare sig hon har tipsat om n\u00e5got speciellt eller om du bara f\u00f6rs\u00f6ker hitta n\u00e5got som f\u00e5r henne att le finns det s\u00e5 m\u00e5nga alternativ att v\u00e4lja mellan att du s\u00e4kert blir \u00f6verv\u00e4ldigad. Men om du vill ge mamma n\u00e5got riktigt unikt kan du \u00f6verv\u00e4ga att skapa ljudv\u00e5gskonst med mammas favorits\u00e5ng som inneh\u00e5ller hennes favoritl\u00e5t&#8230;<\/p>\n\n\n\n\n\n\n\n<h2 class=\"grenB f24 cblue\" style=\"margin-top: 3rem\">Skapa personlig Ljudv\u00e5gskonst med mammas favorits\u00e5ng<\/h2>\n\n\n\n\n\n<p style=\"margin-top: 1rem\">Visa din mamma hur mycket hon betyder f\u00f6r dig med personlig v\u00e4ggkonst gjord av hennes favoritl\u00e5t. Det \u00e4r ett enkelt s\u00e4tt att skapa en meningsfull g\u00e5va som hon sent kommer att gl\u00f6mma! Allt du beh\u00f6ver g\u00f6ra \u00e4r att ladda upp ljud eller klistra in en Spotify-l\u00e4nk till din mammas favoritl\u00e5t, v\u00e4lja f\u00e4rg p\u00e5 ljudv\u00e5gen och bakgrunden och l\u00e4gga till ett s\u00e4rskilt meddelande eller citat om du vill. Du kan ocks\u00e5 v\u00e4lja om du vill ha det tryckt som en affisch, inramat konstverk eller canvas &#8211; beroende p\u00e5 vad som passar din mamma b\u00e4st! De kreativa m\u00f6jligheterna \u00e4r o\u00e4ndliga.<\/p>\n\n\n\n\n\n\n\n<p style=\"margin-top: 1rem\">Med denna tankev\u00e4ckande gest kommer din mamma att k\u00e4nna k\u00e4rlek och uppskattning varje g\u00e5ng hon tittar p\u00e5 detta fascinerande konstverk. Det kommer inte bara att fungera som en p\u00e5minnelse om ert band utan det kommer ocks\u00e5 att vara n\u00e5got som hon stolt kan visa upp i sitt hem i m\u00e5nga \u00e5r fram\u00f6ver. Det \u00e4r verkligen det perfekta s\u00e4ttet att l\u00e5ta henne veta hur mycket hon \u00e4r \u00e4lskad och uppskattad!<\/p>\n\n\n\n\n\n\n\n\n\n\n\n<h2 class=\"grenB f24 cblue\" style=\"margin-top: 3rem\">Visa din mamma hur mycket hon betyder f\u00f6r dig<\/h2>\n\n\n\n<p style=\"margin-top: 1rem\">Den perfekta presenten till en mamma b\u00f6r \u00e5terspegla n\u00e5got unikt och speciellt som din mamma har k\u00e4rt. Det ska vara n\u00e5got som visar att du bryr dig om henne och har tagit dig tid att t\u00e4nka p\u00e5 vad som skulle g\u00f6ra henne gladast.<\/p>  \n\n\n\n\n\n\n\n<p style=\"margin-top: 1rem\">Personlig soundwave-konst med mammas favorits\u00e5ng \u00e4r det perfekta s\u00e4ttet att l\u00e5ta henne veta hur mycket du \u00e4lskar och uppskattar henne! Hon kommer garanterat att le varje g\u00e5ng hon ser det h\u00e4r vackra konstverket. Det \u00e4r en g\u00e5va som kommer att h\u00e5lla hela livet och alltid p\u00e5minna henne om ert band.<\/p>\n\n\n\n\n\n\n\n\n\n\n\n\n\n\n\n<p style=\"margin-top: 3rem\">Oavsett vilken g\u00e5va du v\u00e4ljer att ge din mamma, kommer tanken och anstr\u00e4ngningen bakom den alltid att uppskattas. Personlig ljudv\u00e5gskonst \u00e4r ett kreativt s\u00e4tt att visa din k\u00e4rlek och uppskattning f\u00f6r henne. Det \u00e4r en vacker p\u00e5minnelse om ert band som hon stolt kan visa upp i sitt hem i m\u00e5nga \u00e5r fram\u00f6ver. Visa din mamma hur mycket hon betyder f\u00f6r dig med denna meningsfulla och omt\u00e4nksamma g\u00e5va som kommer att h\u00e5lla hela livet!<\/p>","protected":false},"excerpt":{"rendered":"<ul class=\"check-list\">\n<li>F\u00f6rvandla din favoritl\u00e5t, ditt tal eller ljud till ett fantastiskt konstverk med Soundwave Art<\/li>\n<li>Ladda bara upp en ljudfil<\/li>\n<li>L\u00e4gg till en QR-kod och skanna den f\u00f6r att spela upp din favoritl\u00e5t<\/li>\n<li>Anpassa i 3 enkla steg<\/li>\n<li>V\u00e4lj en mall eller var kreativ<\/li>\n<\/ul>\n","protected":false},"featured_media":1337105,"template":"","meta":[],"product_brand":[],"product_cat":[7459,8113,8108,11474,15061,11475,7710,7487],"product_tag":[16082,13470,11833],"class_list":{"0":"post-451170","1":"product","2":"type-product","3":"status-publish","4":"has-post-thumbnail","6":"product_cat-alla-produkter","7":"product_cat-mors-dag-presenter","8":"product_cat-julpresenter","9":"product_cat-julklappar-till-mamma","10":"product_cat-julklappar-till-familjen","11":"product_cat-julklappar-till-foraldrarna","12":"product_cat-gavor-till-mamma","13":"product_cat-soundwave-sv","14":"product_tag-cadeaux-de-noel-pour-la-famille-sv","15":"product_tag-julklappar-till-familjen","16":"product_tag-julklappar-till-mamma","18":"first","19":"instock","20":"sale","21":"taxable","22":"shipping-taxable","23":"purchasable","24":"product-type-variable"},"yoast_head":"<!-- This site is optimized with the Yoast SEO Premium plugin v27.2 (Yoast SEO v27.2) - https:\/\/yoast.com\/product\/yoast-seo-premium-wordpress\/ -->\n<title>Mammas favoritl\u00e5t - Positive Prints<\/title>\n<meta name=\"description\" content=\"Mammas favorits\u00e5ng \u00e4r det perfekta s\u00e4ttet att l\u00e5ta henne veta hur mycket du \u00e4lskar och uppskattar henne! Hon kommer garanterat att le varje g\u00e5ng hon ser det h\u00e4r konstverket.\" \/>\n<meta name=\"robots\" content=\"index, follow, max-snippet:-1, max-image-preview:large, max-video-preview:-1\" \/>\n<link rel=\"canonical\" href=\"https:\/\/positiveprints.com\/sv\/produkt\/mammas-favoritlat\/\" \/>\n<meta property=\"og:locale\" content=\"sv_SE\" \/>\n<meta property=\"og:type\" content=\"article\" \/>\n<meta property=\"og:title\" content=\"Mammas favoritl\u00e5t\" \/>\n<meta property=\"og:description\" content=\"F\u00f6rvandla din favoritl\u00e5t, ditt tal eller ljud till ett fantastiskt konstverk med Soundwave Art Ladda bara upp en ljudfil L\u00e4gg till en QR-kod och skanna den f\u00f6r att spela upp din favoritl\u00e5t Anpassa i 3 enkla steg V\u00e4lj en mall eller var kreativ\" \/>\n<meta property=\"og:url\" content=\"https:\/\/positiveprints.com\/sv\/produkt\/mammas-favoritlat\/\" \/>\n<meta property=\"og:site_name\" content=\"Positive Prints\" \/>\n<meta property=\"article:publisher\" content=\"https:\/\/www.facebook.com\/positiveprintscom\" \/>\n<meta property=\"article:modified_time\" content=\"2026-04-18T05:16:07+00:00\" \/>\n<meta property=\"og:image\" content=\"https:\/\/positiveprints.com\/wp-content\/uploads\/2023\/02\/moms-favorite-song-soundwave-art.jpg\" \/>\n\t<meta property=\"og:image:width\" content=\"1080\" \/>\n\t<meta property=\"og:image:height\" content=\"1080\" \/>\n\t<meta property=\"og:image:type\" content=\"image\/jpeg\" \/>\n<meta name=\"twitter:card\" content=\"summary_large_image\" \/>\n<!-- \/ Yoast SEO Premium plugin. -->","yoast_head_json":{"title":"Mammas favoritl\u00e5t - Positive Prints","description":"Mammas favorits\u00e5ng \u00e4r det perfekta s\u00e4ttet att l\u00e5ta henne veta hur mycket du \u00e4lskar och uppskattar henne! Hon kommer garanterat att le varje g\u00e5ng hon ser det h\u00e4r konstverket.","robots":{"index":"index","follow":"follow","max-snippet":"max-snippet:-1","max-image-preview":"max-image-preview:large","max-video-preview":"max-video-preview:-1"},"canonical":"https:\/\/positiveprints.com\/sv\/produkt\/mammas-favoritlat\/","og_locale":"sv_SE","og_type":"article","og_title":"Mammas favoritl\u00e5t","og_description":"F\u00f6rvandla din favoritl\u00e5t, ditt tal eller ljud till ett fantastiskt konstverk med Soundwave Art Ladda bara upp en ljudfil L\u00e4gg till en QR-kod och skanna den f\u00f6r att spela upp din favoritl\u00e5t Anpassa i 3 enkla steg V\u00e4lj en mall eller var kreativ","og_url":"https:\/\/positiveprints.com\/sv\/produkt\/mammas-favoritlat\/","og_site_name":"Positive Prints","article_publisher":"https:\/\/www.facebook.com\/positiveprintscom","article_modified_time":"2026-04-18T05:16:07+00:00","og_image":[{"width":1080,"height":1080,"url":"https:\/\/positiveprints.com\/wp-content\/uploads\/2023\/02\/moms-favorite-song-soundwave-art.jpg","type":"image\/jpeg"}],"twitter_card":"summary_large_image","schema":{"@context":"https:\/\/schema.org","@graph":[{"@type":["WebPage","ItemPage"],"@id":"https:\/\/positiveprints.com\/sv\/produkt\/mammas-favoritlat\/","url":"https:\/\/positiveprints.com\/sv\/produkt\/mammas-favoritlat\/","name":"Mammas favoritl\u00e5t - Positive Prints","isPartOf":{"@id":"https:\/\/positiveprints.com\/sv\/#website"},"primaryImageOfPage":{"@id":"https:\/\/positiveprints.com\/sv\/produkt\/mammas-favoritlat\/#primaryimage"},"image":{"@id":"https:\/\/positiveprints.com\/sv\/produkt\/mammas-favoritlat\/#primaryimage"},"thumbnailUrl":"https:\/\/positiveprints.com\/wp-content\/uploads\/2025\/01\/Mammas-favoritla\u030at-1.webp","datePublished":"2023-02-08T09:42:11+00:00","dateModified":"2026-04-18T05:16:07+00:00","description":"Mammas favorits\u00e5ng \u00e4r det perfekta s\u00e4ttet att l\u00e5ta henne veta hur mycket du \u00e4lskar och uppskattar henne! Hon kommer garanterat att le varje g\u00e5ng hon ser det h\u00e4r konstverket.","breadcrumb":{"@id":"https:\/\/positiveprints.com\/sv\/produkt\/mammas-favoritlat\/#breadcrumb"},"inLanguage":"sv-SE","potentialAction":[{"@type":"ReadAction","target":["https:\/\/positiveprints.com\/sv\/produkt\/mammas-favoritlat\/"]}]},{"@type":"ImageObject","inLanguage":"sv-SE","@id":"https:\/\/positiveprints.com\/sv\/produkt\/mammas-favoritlat\/#primaryimage","url":"https:\/\/positiveprints.com\/wp-content\/uploads\/2025\/01\/Mammas-favoritla\u030at-1.webp","contentUrl":"https:\/\/positiveprints.com\/wp-content\/uploads\/2025\/01\/Mammas-favoritla\u030at-1.webp","width":1450,"height":1450},{"@type":"BreadcrumbList","@id":"https:\/\/positiveprints.com\/sv\/produkt\/mammas-favoritlat\/#breadcrumb","itemListElement":[{"@type":"ListItem","position":1,"name":"Home","item":"https:\/\/positiveprints.com\/sv\/"},{"@type":"ListItem","position":2,"name":"Produkter","item":"https:\/\/positiveprints.com\/sv\/shop\/"},{"@type":"ListItem","position":3,"name":"Mammas favoritl\u00e5t"}]},{"@type":"WebSite","@id":"https:\/\/positiveprints.com\/sv\/#website","url":"https:\/\/positiveprints.com\/sv\/","name":"Positive Prints","description":"Amazing Custom Personalized Gifts","publisher":{"@id":"https:\/\/positiveprints.com\/sv\/#organization"},"potentialAction":[{"@type":"SearchAction","target":{"@type":"EntryPoint","urlTemplate":"https:\/\/positiveprints.com\/sv\/?s={search_term_string}"},"query-input":{"@type":"PropertyValueSpecification","valueRequired":true,"valueName":"search_term_string"}}],"inLanguage":"sv-SE"},{"@type":"Organization","@id":"https:\/\/positiveprints.com\/sv\/#organization","name":"Positive Prints","alternateName":"Positive Prints","url":"https:\/\/positiveprints.com\/sv\/","logo":{"@type":"ImageObject","inLanguage":"sv-SE","@id":"https:\/\/positiveprints.com\/sv\/#\/schema\/logo\/image\/","url":"https:\/\/positiveprints.com\/wp-content\/uploads\/2026\/03\/245815646_1337939713319158_5671353136411139666_n.png","contentUrl":"https:\/\/positiveprints.com\/wp-content\/uploads\/2026\/03\/245815646_1337939713319158_5671353136411139666_n.png","width":800,"height":800,"caption":"Positive Prints"},"image":{"@id":"https:\/\/positiveprints.com\/sv\/#\/schema\/logo\/image\/"},"sameAs":["https:\/\/www.facebook.com\/positiveprintscom","https:\/\/www.instagram.com\/positiveprintscom\/","https:\/\/www.tiktok.com\/@positiveprintscom","https:\/\/www.pinterest.com\/positiveprintscom\/"]}]}},"jetpack_sharing_enabled":true,"_links":{"self":[{"href":"https:\/\/positiveprints.com\/sv\/wp-json\/wp\/v2\/product\/451170","targetHints":{"allow":["GET"]}}],"collection":[{"href":"https:\/\/positiveprints.com\/sv\/wp-json\/wp\/v2\/product"}],"about":[{"href":"https:\/\/positiveprints.com\/sv\/wp-json\/wp\/v2\/types\/product"}],"wp:featuredmedia":[{"embeddable":true,"href":"https:\/\/positiveprints.com\/sv\/wp-json\/wp\/v2\/media\/1337105"}],"wp:attachment":[{"href":"https:\/\/positiveprints.com\/sv\/wp-json\/wp\/v2\/media?parent=451170"}],"wp:term":[{"taxonomy":"product_brand","embeddable":true,"href":"https:\/\/positiveprints.com\/sv\/wp-json\/wp\/v2\/product_brand?post=451170"},{"taxonomy":"product_cat","embeddable":true,"href":"https:\/\/positiveprints.com\/sv\/wp-json\/wp\/v2\/product_cat?post=451170"},{"taxonomy":"product_tag","embeddable":true,"href":"https:\/\/positiveprints.com\/sv\/wp-json\/wp\/v2\/product_tag?post=451170"}],"curies":[{"name":"wp","href":"https:\/\/api.w.org\/{rel}","templated":true}]}}