{"id":450998,"date":"2023-03-31T12:29:18","date_gmt":"2023-03-31T11:29:18","guid":{"rendered":"https:\/\/positiveprints.com\/?post_type=product&#038;p=450998"},"modified":"2026-04-18T06:04:43","modified_gmt":"2026-04-18T05:04:43","slug":"min-lilla-bebis","status":"publish","type":"product","link":"https:\/\/positiveprints.com\/sv\/produkt\/min-lilla-bebis\/","title":{"rendered":"Min lilla bebis"},"content":{"rendered":"<p style=\"margin-top: 1rem\">Barnkammaren ska vara en plats f\u00f6r komfort och avkoppling, d\u00e4r det lilla barnet kan vila och f\u00f6r\u00e4ldrarna kan finna tr\u00f6st. N\u00e4r du inreder ett barnrum, varf\u00f6r inte anpassa det med Min lilla bebis-v\u00e4ggkonst? Den kan anpassas med barnets f\u00f6delseinformation som namn, datum och m\u00e5tt.<\/p>\n\n\n\n\n\n<h2 class=\"grenB f24 cblue\" style=\"margin-top: 3rem\">Personlig Min lilla bebis-v\u00e4ggkonst<\/h2>\n\n\n\n<p style=\"margin-top: 1rem\">Min lilla bebis-v\u00e4ggkonst \u00e4r den perfekta presenten f\u00f6r b\u00e5de nya mammor och pappor. Oavsett om du letar efter en unik v\u00e4lkomstg\u00e5va eller bara n\u00e5got speciellt f\u00f6r att fira din babys f\u00f6delse, beh\u00f6ver du inte leta l\u00e4ngre. V\u00e5ra personliga f\u00f6delseaffischer och canvaser kommer garanterat att g\u00f6ra ett stort intryck med sitt fantastiska skrifttypsnitt, sina livliga f\u00e4rger och sina genomt\u00e4nkta designelement. Du kommer inte bara att ge ett vackert konstverk som f\u00e5ngar information om din lilla, utan du kan ocks\u00e5 g\u00f6ra det personligt f\u00f6r att g\u00f6ra det \u00e4nnu mer unikt. Med funktionen f\u00f6r omedelbar f\u00f6rhandsgranskning kan du vara s\u00e4ker p\u00e5 att det du best\u00e4ller kommer att skrivas ut korrekt &#8211; vilket s\u00e4kerst\u00e4ller noggrannhet f\u00f6re leverans.<\/p>\n\n\n\n<p style=\"margin-top: 1rem\">Det \u00e4r enkelt och bekv\u00e4mt att anpassa Min lilla bebis-v\u00e4ggkonst! Det \u00e4r bara att skriva in din lilla sons f\u00f6delseinformation, v\u00e4lja design och sedan v\u00e4lja storlek p\u00e5 affischen eller duken du vill ha. Du kan ocks\u00e5 l\u00e4gga till ett eget meddelande om du vill. N\u00e4r du har angett dina uppgifter genererar systemet en omedelbar f\u00f6rhandsgranskning utifr\u00e5n dina val s\u00e5 att du kan vara s\u00e4ker p\u00e5 att det ser ut precis som du vill innan det skrivs ut och skickas. Med en m\u00e4ngd olika f\u00e4rgst\u00e4llningar tillg\u00e4ngliga hittar du s\u00e4kert n\u00e5got som passar perfekt till barnrummet och firar deras speciella dag med stil.<\/p>\n\n\n\n<h2 class=\"grenB f24 cblue\" style=\"margin-top: 3rem\">Visa din k\u00e4rlek och omsorg<\/h2>\n\n\n\n<p style=\"margin-top: 1rem\">V\u00e4nner vill ofta ge tr\u00f6st och st\u00f6d till nya mammor, men det \u00e4r sv\u00e5rt att veta var man ska b\u00f6rja. Ett av de b\u00e4sta s\u00e4tten att visa din k\u00e4rlek och omsorg \u00e4r att helt enkelt tillbringa tid med dem. Oavsett om det \u00e4r ett telefonsamtal eller en kaffedate, att lyssna n\u00e4r de ber\u00e4ttar om sin graviditet och f\u00f6rlossning eller att erbjuda en hj\u00e4lpande hand i hemmet, \u00e4r det alltid uppskattat att vara tillg\u00e4nglig.<\/p>\n\n\n\n<p style=\"margin-top: 1rem\">En unik g\u00e5va kan ocks\u00e5 vara en speciell p\u00e5minnelse om hur mycket de \u00e4r \u00e4lskade och st\u00f6dda. I st\u00e4llet f\u00f6r att ge den nya mamman \u00e4nnu en l\u00e5da bl\u00f6jor eller ett paket med babypulver, ge henne en konkret p\u00e5minnelse om n\u00e4r hon f\u00f6r f\u00f6rsta g\u00e5ngen h\u00f6ll sin lilla i famnen. Tryckt i skala 1:1 med ett elegant skriven typsnitt l\u00e4ngs botten kommer det h\u00e4r trycket att bli ett evigt minne varhelst det h\u00e4ngs upp &#8211; p\u00e5 barnkammarv\u00e4ggen eller i n\u00e5got annat rum i huset!<\/p>\n\n\n\n<p style=\"margin-top: 3rem\">V\u00e4nta inte l\u00e4ngre &#8211; best\u00e4ll Min lilla bebis personlig affisch eller duk idag och se till att minnena av den nyf\u00f6dda lilla barnets f\u00f6delseinformation varar hela livet. Ge de nya f\u00f6r\u00e4ldrarna ett unikt s\u00e4tt att visa upp sin stolthet och gl\u00e4dje och samtidigt l\u00e4gga till en extra speciell touch i barnets rum. G\u00f6r dig redo f\u00f6r en fantastisk design som firar den nya bebisen!<\/p>","protected":false},"excerpt":{"rendered":"<ul class=\"check-list\">\n<li>Bevara v\u00e4rdefulla minnen med F\u00f6delsepostern &#8211; en unik g\u00e5va som de nya f\u00f6r\u00e4ldrarna kommer att uppskatta f\u00f6r alltid<\/li>\n<li>Commemorate birth details such as name, date of birth, height, and weight <\/li>\n<li>V\u00e4lj mellan 7 illustrationer och skala dem 1:1 till barnets l\u00e4ngd vid f\u00f6dseln<\/li>\n<li>Se resultatet direkt \u2013 den interaktiva f\u00f6rhandsvisningen l\u00e5ter dig finjustera varje detalj<\/li>\n<\/ul>\n","protected":false},"featured_media":605583,"template":"","meta":[],"product_brand":[],"product_cat":[7459,8143],"product_tag":[8409],"class_list":{"0":"post-450998","1":"product","2":"type-product","3":"status-publish","4":"has-post-thumbnail","6":"product_cat-alla-produkter","7":"product_cat-infant-sv","8":"product_tag-mother-sv","10":"first","11":"instock","12":"sale","13":"taxable","14":"shipping-taxable","15":"purchasable","16":"product-type-variable"},"yoast_head":"<!-- This site is optimized with the Yoast SEO Premium plugin v27.2 (Yoast SEO v27.2) - https:\/\/yoast.com\/product\/yoast-seo-premium-wordpress\/ -->\n<title>Min lilla bebis - Positive Prints<\/title>\n<meta name=\"description\" content=\"V\u00e4nta inte l\u00e4ngre - best\u00e4ll en Min lilla bebis-affisch eller canvas idag och se till att minnena av den nyf\u00f6dda lilla barnets f\u00f6delseinformation varar hela livet.\" \/>\n<meta name=\"robots\" content=\"index, follow, max-snippet:-1, max-image-preview:large, max-video-preview:-1\" \/>\n<link rel=\"canonical\" href=\"https:\/\/positiveprints.com\/sv\/produkt\/min-lilla-bebis\/\" \/>\n<meta property=\"og:locale\" content=\"sv_SE\" \/>\n<meta property=\"og:type\" content=\"article\" \/>\n<meta property=\"og:title\" content=\"Min lilla bebis\" \/>\n<meta property=\"og:description\" content=\"Bevara v\u00e4rdefulla minnen med F\u00f6delsepostern - en unik g\u00e5va som de nya f\u00f6r\u00e4ldrarna kommer att uppskatta f\u00f6r alltid Commemorate birth details such as name, date of birth, height, and weight  V\u00e4lj mellan 7 illustrationer och skala dem 1:1 till barnets l\u00e4ngd vid f\u00f6dseln Se resultatet direkt \u2013 den interaktiva f\u00f6rhandsvisningen l\u00e5ter dig finjustera varje detalj\" \/>\n<meta property=\"og:url\" content=\"https:\/\/positiveprints.com\/sv\/produkt\/min-lilla-bebis\/\" \/>\n<meta property=\"og:site_name\" content=\"Positive Prints\" \/>\n<meta property=\"article:publisher\" content=\"https:\/\/www.facebook.com\/positiveprintscom\" \/>\n<meta property=\"article:modified_time\" content=\"2026-04-18T05:04:43+00:00\" \/>\n<meta property=\"og:image\" content=\"https:\/\/positiveprints.com\/wp-content\/uploads\/2023\/05\/My-Little-Baby-poster.jpg\" \/>\n\t<meta property=\"og:image:width\" content=\"1080\" \/>\n\t<meta property=\"og:image:height\" content=\"1080\" \/>\n\t<meta property=\"og:image:type\" content=\"image\/jpeg\" \/>\n<meta name=\"twitter:card\" content=\"summary_large_image\" \/>\n<!-- \/ Yoast SEO Premium plugin. -->","yoast_head_json":{"title":"Min lilla bebis - Positive Prints","description":"V\u00e4nta inte l\u00e4ngre - best\u00e4ll en Min lilla bebis-affisch eller canvas idag och se till att minnena av den nyf\u00f6dda lilla barnets f\u00f6delseinformation varar hela livet.","robots":{"index":"index","follow":"follow","max-snippet":"max-snippet:-1","max-image-preview":"max-image-preview:large","max-video-preview":"max-video-preview:-1"},"canonical":"https:\/\/positiveprints.com\/sv\/produkt\/min-lilla-bebis\/","og_locale":"sv_SE","og_type":"article","og_title":"Min lilla bebis","og_description":"Bevara v\u00e4rdefulla minnen med F\u00f6delsepostern - en unik g\u00e5va som de nya f\u00f6r\u00e4ldrarna kommer att uppskatta f\u00f6r alltid Commemorate birth details such as name, date of birth, height, and weight  V\u00e4lj mellan 7 illustrationer och skala dem 1:1 till barnets l\u00e4ngd vid f\u00f6dseln Se resultatet direkt \u2013 den interaktiva f\u00f6rhandsvisningen l\u00e5ter dig finjustera varje detalj","og_url":"https:\/\/positiveprints.com\/sv\/produkt\/min-lilla-bebis\/","og_site_name":"Positive Prints","article_publisher":"https:\/\/www.facebook.com\/positiveprintscom","article_modified_time":"2026-04-18T05:04:43+00:00","og_image":[{"width":1080,"height":1080,"url":"https:\/\/positiveprints.com\/wp-content\/uploads\/2023\/05\/My-Little-Baby-poster.jpg","type":"image\/jpeg"}],"twitter_card":"summary_large_image","schema":{"@context":"https:\/\/schema.org","@graph":[{"@type":["WebPage","ItemPage"],"@id":"https:\/\/positiveprints.com\/sv\/produkt\/min-lilla-bebis\/","url":"https:\/\/positiveprints.com\/sv\/produkt\/min-lilla-bebis\/","name":"Min lilla bebis - Positive Prints","isPartOf":{"@id":"https:\/\/positiveprints.com\/sv\/#website"},"primaryImageOfPage":{"@id":"https:\/\/positiveprints.com\/sv\/produkt\/min-lilla-bebis\/#primaryimage"},"image":{"@id":"https:\/\/positiveprints.com\/sv\/produkt\/min-lilla-bebis\/#primaryimage"},"thumbnailUrl":"https:\/\/positiveprints.com\/wp-content\/uploads\/2023\/05\/My-Little-Baby-poster.jpg","datePublished":"2023-03-31T11:29:18+00:00","dateModified":"2026-04-18T05:04:43+00:00","description":"V\u00e4nta inte l\u00e4ngre - best\u00e4ll en Min lilla bebis-affisch eller canvas idag och se till att minnena av den nyf\u00f6dda lilla barnets f\u00f6delseinformation varar hela livet.","breadcrumb":{"@id":"https:\/\/positiveprints.com\/sv\/produkt\/min-lilla-bebis\/#breadcrumb"},"inLanguage":"sv-SE","potentialAction":[{"@type":"ReadAction","target":["https:\/\/positiveprints.com\/sv\/produkt\/min-lilla-bebis\/"]}]},{"@type":"ImageObject","inLanguage":"sv-SE","@id":"https:\/\/positiveprints.com\/sv\/produkt\/min-lilla-bebis\/#primaryimage","url":"https:\/\/positiveprints.com\/wp-content\/uploads\/2023\/05\/My-Little-Baby-poster.jpg","contentUrl":"https:\/\/positiveprints.com\/wp-content\/uploads\/2023\/05\/My-Little-Baby-poster.jpg","width":1080,"height":1080,"caption":"My Little Baby poster"},{"@type":"BreadcrumbList","@id":"https:\/\/positiveprints.com\/sv\/produkt\/min-lilla-bebis\/#breadcrumb","itemListElement":[{"@type":"ListItem","position":1,"name":"Home","item":"https:\/\/positiveprints.com\/sv\/"},{"@type":"ListItem","position":2,"name":"Produkter","item":"https:\/\/positiveprints.com\/sv\/shop\/"},{"@type":"ListItem","position":3,"name":"Min lilla bebis"}]},{"@type":"WebSite","@id":"https:\/\/positiveprints.com\/sv\/#website","url":"https:\/\/positiveprints.com\/sv\/","name":"Positive Prints","description":"Amazing Custom Personalized Gifts","publisher":{"@id":"https:\/\/positiveprints.com\/sv\/#organization"},"potentialAction":[{"@type":"SearchAction","target":{"@type":"EntryPoint","urlTemplate":"https:\/\/positiveprints.com\/sv\/?s={search_term_string}"},"query-input":{"@type":"PropertyValueSpecification","valueRequired":true,"valueName":"search_term_string"}}],"inLanguage":"sv-SE"},{"@type":"Organization","@id":"https:\/\/positiveprints.com\/sv\/#organization","name":"Positive Prints","alternateName":"Positive Prints","url":"https:\/\/positiveprints.com\/sv\/","logo":{"@type":"ImageObject","inLanguage":"sv-SE","@id":"https:\/\/positiveprints.com\/sv\/#\/schema\/logo\/image\/","url":"https:\/\/positiveprints.com\/wp-content\/uploads\/2026\/03\/245815646_1337939713319158_5671353136411139666_n.png","contentUrl":"https:\/\/positiveprints.com\/wp-content\/uploads\/2026\/03\/245815646_1337939713319158_5671353136411139666_n.png","width":800,"height":800,"caption":"Positive Prints"},"image":{"@id":"https:\/\/positiveprints.com\/sv\/#\/schema\/logo\/image\/"},"sameAs":["https:\/\/www.facebook.com\/positiveprintscom","https:\/\/www.instagram.com\/positiveprintscom\/","https:\/\/www.tiktok.com\/@positiveprintscom","https:\/\/www.pinterest.com\/positiveprintscom\/"]}]}},"jetpack_sharing_enabled":true,"_links":{"self":[{"href":"https:\/\/positiveprints.com\/sv\/wp-json\/wp\/v2\/product\/450998","targetHints":{"allow":["GET"]}}],"collection":[{"href":"https:\/\/positiveprints.com\/sv\/wp-json\/wp\/v2\/product"}],"about":[{"href":"https:\/\/positiveprints.com\/sv\/wp-json\/wp\/v2\/types\/product"}],"wp:featuredmedia":[{"embeddable":true,"href":"https:\/\/positiveprints.com\/sv\/wp-json\/wp\/v2\/media\/605583"}],"wp:attachment":[{"href":"https:\/\/positiveprints.com\/sv\/wp-json\/wp\/v2\/media?parent=450998"}],"wp:term":[{"taxonomy":"product_brand","embeddable":true,"href":"https:\/\/positiveprints.com\/sv\/wp-json\/wp\/v2\/product_brand?post=450998"},{"taxonomy":"product_cat","embeddable":true,"href":"https:\/\/positiveprints.com\/sv\/wp-json\/wp\/v2\/product_cat?post=450998"},{"taxonomy":"product_tag","embeddable":true,"href":"https:\/\/positiveprints.com\/sv\/wp-json\/wp\/v2\/product_tag?post=450998"}],"curies":[{"name":"wp","href":"https:\/\/api.w.org\/{rel}","templated":true}]}}