{"id":450364,"date":"2023-03-30T17:05:06","date_gmt":"2023-03-30T16:05:06","guid":{"rendered":"https:\/\/positiveprints.com\/?post_type=product&#038;p=450364"},"modified":"2026-04-23T11:35:14","modified_gmt":"2026-04-23T10:35:14","slug":"hej-varlden-bebis-vaggkonst","status":"publish","type":"product","link":"https:\/\/positiveprints.com\/sv\/produkt\/hej-varlden-bebis-vaggkonst\/","title":{"rendered":"Hej, v\u00e4rlden Bebis-v\u00e4ggkonst"},"content":{"rendered":"<p style=\"margin-top: 1rem\">Graviditet och f\u00f6rlossning kan vara en \u00f6verv\u00e4ldigande upplevelse f\u00f6r nya m\u00f6drar, s\u00e5 det \u00e4r viktigt att visa ditt st\u00f6d och din f\u00f6rst\u00e5else genom genomt\u00e4nkta gester. Ett av de b\u00e4sta s\u00e4tten att g\u00f6ra detta \u00e4r att ge en speciell g\u00e5va till nya mammor. Personlig Hej, v\u00e4rlden Bebis-v\u00e4ggkonst \u00e4r ett utm\u00e4rkt s\u00e4tt att minnas ankomsten av din lilla och \u00e4r en perfekt present till v\u00e4ntande eller nya mammor.<\/p>\r\n\r\n\r\n<h2 class=\"grenB f24 cblue\" style=\"margin-top: 3rem\">Personlig Hej, v\u00e4rlden Bebis-v\u00e4ggkonst<\/h2>\r\n\r\n<p style=\"margin-top: 1rem\">Med personliga f\u00f6delseaffischer kan du anpassa m\u00e5nga detaljer f\u00f6r att skapa det perfekta utseendet. Du kan inkludera barnets l\u00e4ngd och vikt samt f\u00f6delsedatum. Du kan ocks\u00e5 v\u00e4lja en bakgrundsf\u00e4rg som passar din stil, och v\u00e4lja mellan en m\u00e4ngd olika designar f\u00f6r babyskisser. Oavsett om du letar efter n\u00e5got minimalistiskt eller mer f\u00e4rgstarkt kommer du att kunna hitta n\u00e5got som passar dig och din familj.<\/p>\r\n\r\n<p style=\"margin-top: 1rem\">Personlig Hej, v\u00e4rlden Bebis-v\u00e4ggkonst \u00e4r utm\u00e4rkta g\u00e5vor eftersom de \u00e4r unika. Dessutom ger de gl\u00e4dje och lycka till alla hem och barnkammare. De fungerar som ett vackert minne av den dag som f\u00f6r\u00e4ndrade ditt liv f\u00f6r alltid och kommer att ge t\u00e5rar n\u00e4r man tittar p\u00e5 dem i framtiden. S\u00e5 fira din lilla persons ankomst med stil med personliga utskrifter!<\/p>\r\n\r\n<h2 class=\"grenB f24 cblue\" style=\"margin-top: 3rem\">Visa en nybliven mamma i ditt liv att du bryr dig om henne<\/h2>\r\n\r\n<p style=\"margin-top: 1rem\">Det \u00e4r viktigt att komma ih\u00e5g att en g\u00e5va till en nybliven mamma handlar om s\u00e5 mycket mer \u00e4n bara det fysiska f\u00f6rem\u00e5let. Det handlar om att visa dem ditt st\u00f6d, din k\u00e4rlek och din f\u00f6rst\u00e5else under denna speciella tid i deras liv. Nya mammor beh\u00f6ver v\u00e5r hj\u00e4lp, v\u00e5ra r\u00e5d, v\u00e5r uppmuntran och v\u00e5r f\u00f6rst\u00e5else &#8211; och ibland bara ett par extra h\u00e4nder!<\/p>\r\n\r\n<p style=\"margin-top: 1rem\">Genom att fr\u00e5ga om du kan hj\u00e4lpa till p\u00e5 n\u00e5got s\u00e4tt visar du ditt st\u00f6d och l\u00e5ter den nya mamman veta att hon inte \u00e4r ensam under denna speciella tid i sitt liv. Det finns m\u00e5nga olika s\u00e4tt att visa en nybliven mamma i ditt liv att du bryr dig om henne eller honom, fr\u00e5n att erbjuda barnpassning till att laga mat eller hj\u00e4lpa till med tv\u00e4tten. Att ge en s\u00e5dan omt\u00e4nksam gest kan betyda mer \u00e4n vilken fysisk g\u00e5va som helst!<\/p>\r\n\r\n<p style=\"margin-top: 3rem\">Genom att anpassa Hej, v\u00e4rlden Bebis-v\u00e4ggkonst kan du f\u00e5 alla nya f\u00f6r\u00e4ldrar att k\u00e4nna sig extra speciella och p\u00e5minna dem om hur \u00e4lskad deras lilla barn \u00e4r. B\u00f6rja personalisera idag f\u00f6r att visa ditt st\u00f6d och din v\u00e4nlighet mot den speciella personen i ditt liv!<\/p>","protected":false},"excerpt":{"rendered":"<ul class=\"\"check-list\"\">\n<li>Bevara v\u00e4rdefulla minnen med F\u00f6delsepostern &#8211; en unik g\u00e5va som de nya f\u00f6r\u00e4ldrarna kommer att uppskatta f\u00f6r alltid<\/li>\n<li>Commemorate birth details such as name, date of birth, height, and weight <\/li>\n<li>V\u00e4lj mellan 7 illustrationer och skala dem 1:1 till barnets l\u00e4ngd vid f\u00f6dseln<\/li>\n<li>Se resultatet direkt \u2013 den interaktiva f\u00f6rhandsvisningen l\u00e5ter dig finjustera varje detalj<\/li>\n<\/ul>\n","protected":false},"featured_media":409827,"template":"","meta":[],"product_brand":[],"product_cat":[7459,8143],"product_tag":[9473,8458,9493],"class_list":{"0":"post-450364","1":"product","2":"type-product","3":"status-publish","4":"has-post-thumbnail","6":"product_cat-alla-produkter","7":"product_cat-infant-sv","8":"product_tag-baby-affisch","9":"product_tag-new-parents-sv","10":"product_tag-nyfodd","12":"first","13":"instock","14":"sale","15":"taxable","16":"shipping-taxable","17":"purchasable","18":"product-type-variable"},"yoast_head":"<!-- This site is optimized with the Yoast SEO Premium plugin v27.2 (Yoast SEO v27.2) - https:\/\/yoast.com\/product\/yoast-seo-premium-wordpress\/ -->\n<title>Hej, v\u00e4rlden Bebis-v\u00e4ggkonst - Positive Prints<\/title>\n<meta name=\"description\" content=\"Hej, v\u00e4rlden Bebis-v\u00e4ggkonst \u00e4r en utm\u00e4rkt g\u00e5va eftersom de \u00e4r unika. Dessutom kommer de att ge gl\u00e4dje och lycka till alla hem och barnrum.\" \/>\n<meta name=\"robots\" content=\"index, follow, max-snippet:-1, max-image-preview:large, max-video-preview:-1\" \/>\n<link rel=\"canonical\" href=\"https:\/\/positiveprints.com\/sv\/produkt\/hej-varlden-bebis-vaggkonst\/\" \/>\n<meta property=\"og:locale\" content=\"sv_SE\" \/>\n<meta property=\"og:type\" content=\"article\" \/>\n<meta property=\"og:title\" content=\"Hej, v\u00e4rlden Bebis-v\u00e4ggkonst\" \/>\n<meta property=\"og:description\" content=\"Bevara v\u00e4rdefulla minnen med F\u00f6delsepostern - en unik g\u00e5va som de nya f\u00f6r\u00e4ldrarna kommer att uppskatta f\u00f6r alltid Commemorate birth details such as name, date of birth, height, and weight  V\u00e4lj mellan 7 illustrationer och skala dem 1:1 till barnets l\u00e4ngd vid f\u00f6dseln Se resultatet direkt \u2013 den interaktiva f\u00f6rhandsvisningen l\u00e5ter dig finjustera varje detalj\" \/>\n<meta property=\"og:url\" content=\"https:\/\/positiveprints.com\/sv\/produkt\/hej-varlden-bebis-vaggkonst\/\" \/>\n<meta property=\"og:site_name\" content=\"Positive Prints\" \/>\n<meta property=\"article:publisher\" content=\"https:\/\/www.facebook.com\/positiveprintscom\" \/>\n<meta property=\"article:modified_time\" content=\"2026-04-23T10:35:14+00:00\" \/>\n<meta property=\"og:image\" content=\"https:\/\/positiveprints.com\/wp-content\/uploads\/2023\/02\/hello-world-baby.jpg\" \/>\n\t<meta property=\"og:image:width\" content=\"1080\" \/>\n\t<meta property=\"og:image:height\" content=\"1080\" \/>\n\t<meta property=\"og:image:type\" content=\"image\/jpeg\" \/>\n<meta name=\"twitter:card\" content=\"summary_large_image\" \/>\n<!-- \/ Yoast SEO Premium plugin. -->","yoast_head_json":{"title":"Hej, v\u00e4rlden Bebis-v\u00e4ggkonst - Positive Prints","description":"Hej, v\u00e4rlden Bebis-v\u00e4ggkonst \u00e4r en utm\u00e4rkt g\u00e5va eftersom de \u00e4r unika. Dessutom kommer de att ge gl\u00e4dje och lycka till alla hem och barnrum.","robots":{"index":"index","follow":"follow","max-snippet":"max-snippet:-1","max-image-preview":"max-image-preview:large","max-video-preview":"max-video-preview:-1"},"canonical":"https:\/\/positiveprints.com\/sv\/produkt\/hej-varlden-bebis-vaggkonst\/","og_locale":"sv_SE","og_type":"article","og_title":"Hej, v\u00e4rlden Bebis-v\u00e4ggkonst","og_description":"Bevara v\u00e4rdefulla minnen med F\u00f6delsepostern - en unik g\u00e5va som de nya f\u00f6r\u00e4ldrarna kommer att uppskatta f\u00f6r alltid Commemorate birth details such as name, date of birth, height, and weight  V\u00e4lj mellan 7 illustrationer och skala dem 1:1 till barnets l\u00e4ngd vid f\u00f6dseln Se resultatet direkt \u2013 den interaktiva f\u00f6rhandsvisningen l\u00e5ter dig finjustera varje detalj","og_url":"https:\/\/positiveprints.com\/sv\/produkt\/hej-varlden-bebis-vaggkonst\/","og_site_name":"Positive Prints","article_publisher":"https:\/\/www.facebook.com\/positiveprintscom","article_modified_time":"2026-04-23T10:35:14+00:00","og_image":[{"width":1080,"height":1080,"url":"https:\/\/positiveprints.com\/wp-content\/uploads\/2023\/02\/hello-world-baby.jpg","type":"image\/jpeg"}],"twitter_card":"summary_large_image","schema":{"@context":"https:\/\/schema.org","@graph":[{"@type":["WebPage","ItemPage"],"@id":"https:\/\/positiveprints.com\/sv\/produkt\/hej-varlden-bebis-vaggkonst\/","url":"https:\/\/positiveprints.com\/sv\/produkt\/hej-varlden-bebis-vaggkonst\/","name":"Hej, v\u00e4rlden Bebis-v\u00e4ggkonst - Positive Prints","isPartOf":{"@id":"https:\/\/positiveprints.com\/sv\/#website"},"primaryImageOfPage":{"@id":"https:\/\/positiveprints.com\/sv\/produkt\/hej-varlden-bebis-vaggkonst\/#primaryimage"},"image":{"@id":"https:\/\/positiveprints.com\/sv\/produkt\/hej-varlden-bebis-vaggkonst\/#primaryimage"},"thumbnailUrl":"https:\/\/positiveprints.com\/wp-content\/uploads\/2023\/02\/hello-world-baby.jpg","datePublished":"2023-03-30T16:05:06+00:00","dateModified":"2026-04-23T10:35:14+00:00","description":"Hej, v\u00e4rlden Bebis-v\u00e4ggkonst \u00e4r en utm\u00e4rkt g\u00e5va eftersom de \u00e4r unika. Dessutom kommer de att ge gl\u00e4dje och lycka till alla hem och barnrum.","breadcrumb":{"@id":"https:\/\/positiveprints.com\/sv\/produkt\/hej-varlden-bebis-vaggkonst\/#breadcrumb"},"inLanguage":"sv-SE","potentialAction":[{"@type":"ReadAction","target":["https:\/\/positiveprints.com\/sv\/produkt\/hej-varlden-bebis-vaggkonst\/"]}]},{"@type":"ImageObject","inLanguage":"sv-SE","@id":"https:\/\/positiveprints.com\/sv\/produkt\/hej-varlden-bebis-vaggkonst\/#primaryimage","url":"https:\/\/positiveprints.com\/wp-content\/uploads\/2023\/02\/hello-world-baby.jpg","contentUrl":"https:\/\/positiveprints.com\/wp-content\/uploads\/2023\/02\/hello-world-baby.jpg","width":1080,"height":1080,"caption":"hello world baby"},{"@type":"BreadcrumbList","@id":"https:\/\/positiveprints.com\/sv\/produkt\/hej-varlden-bebis-vaggkonst\/#breadcrumb","itemListElement":[{"@type":"ListItem","position":1,"name":"Home","item":"https:\/\/positiveprints.com\/sv\/"},{"@type":"ListItem","position":2,"name":"Produkter","item":"https:\/\/positiveprints.com\/sv\/shop\/"},{"@type":"ListItem","position":3,"name":"Hej, v\u00e4rlden Bebis-v\u00e4ggkonst"}]},{"@type":"WebSite","@id":"https:\/\/positiveprints.com\/sv\/#website","url":"https:\/\/positiveprints.com\/sv\/","name":"Positive Prints","description":"Amazing Custom Personalized Gifts","publisher":{"@id":"https:\/\/positiveprints.com\/sv\/#organization"},"potentialAction":[{"@type":"SearchAction","target":{"@type":"EntryPoint","urlTemplate":"https:\/\/positiveprints.com\/sv\/?s={search_term_string}"},"query-input":{"@type":"PropertyValueSpecification","valueRequired":true,"valueName":"search_term_string"}}],"inLanguage":"sv-SE"},{"@type":"Organization","@id":"https:\/\/positiveprints.com\/sv\/#organization","name":"Positive Prints","alternateName":"Positive Prints","url":"https:\/\/positiveprints.com\/sv\/","logo":{"@type":"ImageObject","inLanguage":"sv-SE","@id":"https:\/\/positiveprints.com\/sv\/#\/schema\/logo\/image\/","url":"https:\/\/positiveprints.com\/wp-content\/uploads\/2026\/03\/245815646_1337939713319158_5671353136411139666_n.png","contentUrl":"https:\/\/positiveprints.com\/wp-content\/uploads\/2026\/03\/245815646_1337939713319158_5671353136411139666_n.png","width":800,"height":800,"caption":"Positive Prints"},"image":{"@id":"https:\/\/positiveprints.com\/sv\/#\/schema\/logo\/image\/"},"sameAs":["https:\/\/www.facebook.com\/positiveprintscom","https:\/\/www.instagram.com\/positiveprintscom\/","https:\/\/www.tiktok.com\/@positiveprintscom","https:\/\/www.pinterest.com\/positiveprintscom\/"]}]}},"jetpack_sharing_enabled":true,"_links":{"self":[{"href":"https:\/\/positiveprints.com\/sv\/wp-json\/wp\/v2\/product\/450364","targetHints":{"allow":["GET"]}}],"collection":[{"href":"https:\/\/positiveprints.com\/sv\/wp-json\/wp\/v2\/product"}],"about":[{"href":"https:\/\/positiveprints.com\/sv\/wp-json\/wp\/v2\/types\/product"}],"wp:featuredmedia":[{"embeddable":true,"href":"https:\/\/positiveprints.com\/sv\/wp-json\/wp\/v2\/media\/409827"}],"wp:attachment":[{"href":"https:\/\/positiveprints.com\/sv\/wp-json\/wp\/v2\/media?parent=450364"}],"wp:term":[{"taxonomy":"product_brand","embeddable":true,"href":"https:\/\/positiveprints.com\/sv\/wp-json\/wp\/v2\/product_brand?post=450364"},{"taxonomy":"product_cat","embeddable":true,"href":"https:\/\/positiveprints.com\/sv\/wp-json\/wp\/v2\/product_cat?post=450364"},{"taxonomy":"product_tag","embeddable":true,"href":"https:\/\/positiveprints.com\/sv\/wp-json\/wp\/v2\/product_tag?post=450364"}],"curies":[{"name":"wp","href":"https:\/\/api.w.org\/{rel}","templated":true}]}}