{"id":447961,"date":"2023-03-29T09:51:28","date_gmt":"2023-03-29T08:51:28","guid":{"rendered":"https:\/\/positiveprints.com\/?post_type=product&#038;p=447961"},"modified":"2026-04-23T11:35:17","modified_gmt":"2026-04-23T10:35:17","slug":"brev-fotocollage","status":"publish","type":"product","link":"https:\/\/positiveprints.com\/sv\/produkt\/brev-fotocollage\/","title":{"rendered":"Bokstavskollage"},"content":{"rendered":"<p style=\"margin-top: 1rem;\">Ge en omt\u00e4nksam och unik g\u00e5va som visar dina v\u00e4nner och familj hur mycket du bryr dig om dem. Ist\u00e4llet f\u00f6r att k\u00f6pa n\u00e5got fr\u00e5n hyllan, varf\u00f6r inte skapa n\u00e5got speciellt med ett personligt bokstavsfotokollage? Dessa minnen kommer att f\u00e5nga minnen p\u00e5 ett kreativt s\u00e4tt som kommer att vara v\u00e4rdefulla i m\u00e5nga \u00e5r fram\u00f6ver. S\u00e5 ge gl\u00e4djens g\u00e5va med ett skr\u00e4ddarsytt bokstavsfotokollage!<\/p>\r\n\r\n<h2 class=\"grenB f24 cblue\" style=\"margin-top: 3rem;\">Vad \u00e4r ett bokstavsfotokollage?<\/h2>\r\n<p style=\"margin-top: 1rem;\">Ett bokstavsfotokollage \u00e4r ett kreativt s\u00e4tt att visa fotografier och konstverk i form av bokst\u00e4ver. Bokst\u00e4verna kan bildas av enskilda foton. Med den h\u00e4r typen av kollage kan du skapa ett skr\u00e4ddarsytt konstverk som \u00e4r b\u00e5de visuellt tilltalande och meningsfullt.<\/p>\r\n<p style=\"margin-top: 1rem;\">V\u00e5r redigerare erbjuder ett personligt och unikt s\u00e4tt att uttrycka din kreativitet. Du kan v\u00e4lja alla foton sj\u00e4lv och till och med v\u00e4lja de ord eller fraser som ska f\u00f6lja med dem. Du kan ocks\u00e5 anpassa varje bokstavsfotokollage s\u00e5 att det passar det specifika tillf\u00e4lle du firar. Om ni till exempel firar en \u00e5rsdag kan ni inkludera foton av speciella \u00f6gonblick under hela ert f\u00f6rh\u00e5llande. Om du g\u00f6r en g\u00e5va till n\u00e5gons pensionering kan du v\u00e4lja ut foton av minnesv\u00e4rda tillf\u00e4llen under dennes karri\u00e4r. Med bokstavsfotokollage \u00e4r m\u00f6jligheterna o\u00e4ndliga!<\/p>\r\n\r\n<h2 class=\"grenB f24 cblue\" style=\"margin-top: 3rem;\">Vad g\u00f6r ett bokstavsfotokollage till en s\u00e5 unik och tankev\u00e4ckande g\u00e5va?<\/h2>\r\n<p style=\"margin-top: 1rem;\">Bokstavsfotokollage kan vara en utm\u00e4rkt present till en speciell person eller en familjemedlem. Det \u00e4r ett omt\u00e4nksamt och unikt s\u00e4tt att visa din uppskattning eller minnas ett speciellt \u00f6gonblick. Genom att kombinera fotografier och konstverk skapar du n\u00e5got som \u00e4r meningsfullt och individuellt. Dessutom kommer mottagaren av g\u00e5van kunna njuta av den i m\u00e5nga \u00e5r fram\u00f6ver.<\/p>\r\n<p style=\"margin-top: 1rem;\">Om du vill ha lite extra utrymme f\u00f6r att l\u00e4gga till ett s\u00e4rskilt meddelande kan du alltid l\u00e4gga till ett personligt utrymme under bokstavsfotokollage. Detta \u00e4r ett utm\u00e4rkt s\u00e4tt att skriva n\u00e5got hj\u00e4rtligt och meningsfullt, till exempel ett citat eller ordspr\u00e5k. Du kan ocks\u00e5 anv\u00e4nda det h\u00e4r omr\u00e5det f\u00f6r att lyfta fram viktiga datum, namn eller ord som \u00e4r betydelsefulla f\u00f6r dig. Oavsett om du skapar n\u00e5got f\u00f6r dig sj\u00e4lv eller som en g\u00e5va kan du l\u00e4gga till en personlig touch f\u00f6r att g\u00f6ra ditt bokstavsfotokollage \u00e4nnu mer speciellt och unikt.<\/p>\r\n\r\n<h2 class=\"grenB f24 cblue\" style=\"margin-top: 3rem;\">Hur skapar man ett bokstavsfotokollage?<\/h2>\r\n<p style=\"margin-top: 1rem;\">Det \u00e4r enkelt och roligt att skapa ett bokstavsfotokollage! V\u00e4lj f\u00f6rst ett ord som ska bildas av fotografier. Det kan vara allt fr\u00e5n initialer, fullst\u00e4ndiga namn eller smeknamn till ord som uttrycker k\u00e4nslor. Best\u00e4m dig f\u00f6r en konturf\u00e4rg f\u00f6r bokst\u00e4verna. Du kanske vill v\u00e4lja f\u00e4rger som matchar de foton du ska anv\u00e4nda i kollaget eller helt enkelt v\u00e4lja n\u00e5got som sticker ut mot bakgrunden. Det \u00e4r upp till dig hur kreativ du vill bli!<\/p>\r\n<p style=\"margin-top: 1rem;\">L\u00e4gg sedan till en personlig touch genom att skriva in ett s\u00e4rskilt meddelande som skrivs ut under kollaget. Det kan vara vad som helst &#8211; citat, texter, namn &#8211; vad du \u00e4n tycker \u00e4r mest meningsfullt! Nu \u00e4r det dags att ladda upp foton f\u00f6r varje bokstav i kollaget. Se till att v\u00e4lja foton med l\u00e4mplig uppl\u00f6sning och se till att de har redigerats som \u00f6nskat om det beh\u00f6vs.<\/p>\r\n<p style=\"margin-top: 1rem;\">N\u00e4r alla foton \u00e4r uppladdade v\u00e4ljer du storlek och format f\u00f6r kollaget. Du kan v\u00e4lja mellan olika tryckstorlekar eller best\u00e4lla som en omedelbar digital nedladdning. N\u00e4r dessa steg \u00e4r slutf\u00f6rda \u00e4r din design f\u00f6r bokstavsfotokollaget redo f\u00f6r utskrift &#8211; det \u00e4r s\u00e5 enkelt som det \u00e4r!<\/p>\r\n<p style=\"margin-top: 1rem;\">Ge en g\u00e5va som du s\u00e4kert kommer att uppskatta i m\u00e5nga \u00e5r fram\u00f6ver &#8211; ett personligt bokstavsfotokollage! Ett unikt och kreativt s\u00e4tt att f\u00e5nga minnen, fira livsh\u00e4ndelser och visa dina n\u00e4ra och k\u00e4ra hur mycket du bryr dig om dem. S\u00e5 f\u00e5 n\u00e5gon speciell att le med ett personligt bokstavsfotokollage idag!<\/p>","protected":false},"excerpt":{"rendered":"<ul class=\"check-list\">\n<li>Ladda upp dina favoritfoton f\u00f6r att g\u00f6ra varje bokstav personlig<\/li>\n<li>L\u00e4gg till ett hj\u00e4rtligt meddelande f\u00f6r att g\u00f6ra kollaget till ditt eget<\/li>\n<li>Anpassa i 3 enkla steg med v\u00e5r l\u00e4ttanv\u00e4nda editor<\/li>\n<li>Se din design direkt med en interaktiv f\u00f6rhandsgranskning<\/li>\n<\/ul>\n","protected":false},"featured_media":1674207,"template":"","meta":[],"product_brand":[],"product_cat":[15851,9281,15116,9031,8973,7459,8151,8147,8108,15061],"product_tag":[16082,8397,15012,13815],"class_list":{"0":"post-447961","1":"product","2":"type-product","3":"status-publish","4":"has-post-thumbnail","6":"product_cat-shop-bestsellers-sv","7":"product_cat-bestsellers-label-sv","8":"product_cat-bestsellers-menu-sv","9":"product_cat-digitala-produkter","10":"product_cat-fotobrev","11":"product_cat-alla-produkter","12":"product_cat-bastsaljare","13":"product_cat-creators-sv","14":"product_cat-julpresenter","15":"product_cat-julklappar-till-familjen","16":"product_tag-cadeaux-de-noel-pour-la-famille-sv","17":"product_tag-creators-sv","18":"product_tag-custom-photo-sv","19":"product_tag-personlig-fotoposter","21":"first","22":"instock","23":"sale","24":"taxable","25":"shipping-taxable","26":"purchasable","27":"product-type-variable"},"yoast_head":"<!-- This site is optimized with the Yoast SEO Premium plugin v27.2 (Yoast SEO v27.2) - https:\/\/yoast.com\/product\/yoast-seo-premium-wordpress\/ -->\n<title>Bokstavskollage - Positive Prints<\/title>\n<meta name=\"description\" content=\"F\u00f6rvandla dina foton, ord och minnen till ett vackert bokstavsfotokollage. Skapa ett unikt och meningsfullt konstverk som kommer att h\u00e5lla i m\u00e5nga \u00e5r!\" \/>\n<meta name=\"robots\" content=\"index, follow, max-snippet:-1, max-image-preview:large, max-video-preview:-1\" \/>\n<link rel=\"canonical\" href=\"https:\/\/positiveprints.com\/sv\/produkt\/brev-fotocollage\/\" \/>\n<meta property=\"og:locale\" content=\"sv_SE\" \/>\n<meta property=\"og:type\" content=\"article\" \/>\n<meta property=\"og:title\" content=\"Bokstavskollage\" \/>\n<meta property=\"og:description\" content=\"Ladda upp dina favoritfoton f\u00f6r att g\u00f6ra varje bokstav personlig  L\u00e4gg till ett hj\u00e4rtligt meddelande f\u00f6r att g\u00f6ra kollaget till ditt eget  Anpassa i 3 enkla steg med v\u00e5r l\u00e4ttanv\u00e4nda editor  Se din design direkt med en interaktiv f\u00f6rhandsgranskning\" \/>\n<meta property=\"og:url\" content=\"https:\/\/positiveprints.com\/sv\/produkt\/brev-fotocollage\/\" \/>\n<meta property=\"og:site_name\" content=\"Positive Prints\" \/>\n<meta property=\"article:publisher\" content=\"https:\/\/www.facebook.com\/positiveprintscom\" \/>\n<meta property=\"article:modified_time\" content=\"2026-04-23T10:35:17+00:00\" \/>\n<meta property=\"og:image\" content=\"https:\/\/positiveprints.com\/wp-content\/uploads\/2025\/06\/SE_Packshot_Bokstavskollage.webp\" \/>\n\t<meta property=\"og:image:width\" content=\"1450\" \/>\n\t<meta property=\"og:image:height\" content=\"1450\" \/>\n\t<meta property=\"og:image:type\" content=\"image\/webp\" \/>\n<meta name=\"twitter:card\" content=\"summary_large_image\" \/>\n<meta name=\"twitter:label1\" content=\"Ber\u00e4knad l\u00e4stid\" \/>\n\t<meta name=\"twitter:data1\" content=\"3 minut\" \/>\n<!-- \/ Yoast SEO Premium plugin. -->","yoast_head_json":{"title":"Bokstavskollage - Positive Prints","description":"F\u00f6rvandla dina foton, ord och minnen till ett vackert bokstavsfotokollage. Skapa ett unikt och meningsfullt konstverk som kommer att h\u00e5lla i m\u00e5nga \u00e5r!","robots":{"index":"index","follow":"follow","max-snippet":"max-snippet:-1","max-image-preview":"max-image-preview:large","max-video-preview":"max-video-preview:-1"},"canonical":"https:\/\/positiveprints.com\/sv\/produkt\/brev-fotocollage\/","og_locale":"sv_SE","og_type":"article","og_title":"Bokstavskollage","og_description":"Ladda upp dina favoritfoton f\u00f6r att g\u00f6ra varje bokstav personlig  L\u00e4gg till ett hj\u00e4rtligt meddelande f\u00f6r att g\u00f6ra kollaget till ditt eget  Anpassa i 3 enkla steg med v\u00e5r l\u00e4ttanv\u00e4nda editor  Se din design direkt med en interaktiv f\u00f6rhandsgranskning","og_url":"https:\/\/positiveprints.com\/sv\/produkt\/brev-fotocollage\/","og_site_name":"Positive Prints","article_publisher":"https:\/\/www.facebook.com\/positiveprintscom","article_modified_time":"2026-04-23T10:35:17+00:00","og_image":[{"width":1450,"height":1450,"url":"https:\/\/positiveprints.com\/wp-content\/uploads\/2025\/06\/SE_Packshot_Bokstavskollage.webp","type":"image\/webp"}],"twitter_card":"summary_large_image","twitter_misc":{"Ber\u00e4knad l\u00e4stid":"3 minut"},"schema":{"@context":"https:\/\/schema.org","@graph":[{"@type":["WebPage","ItemPage"],"@id":"https:\/\/positiveprints.com\/sv\/produkt\/brev-fotocollage\/","url":"https:\/\/positiveprints.com\/sv\/produkt\/brev-fotocollage\/","name":"Bokstavskollage - Positive Prints","isPartOf":{"@id":"https:\/\/positiveprints.com\/sv\/#website"},"primaryImageOfPage":{"@id":"https:\/\/positiveprints.com\/sv\/produkt\/brev-fotocollage\/#primaryimage"},"image":{"@id":"https:\/\/positiveprints.com\/sv\/produkt\/brev-fotocollage\/#primaryimage"},"thumbnailUrl":"https:\/\/positiveprints.com\/wp-content\/uploads\/2026\/03\/Custom_EN.webp","datePublished":"2023-03-29T08:51:28+00:00","dateModified":"2026-04-23T10:35:17+00:00","description":"F\u00f6rvandla dina foton, ord och minnen till ett vackert bokstavsfotokollage. Skapa ett unikt och meningsfullt konstverk som kommer att h\u00e5lla i m\u00e5nga \u00e5r!","breadcrumb":{"@id":"https:\/\/positiveprints.com\/sv\/produkt\/brev-fotocollage\/#breadcrumb"},"inLanguage":"sv-SE","potentialAction":[{"@type":"ReadAction","target":["https:\/\/positiveprints.com\/sv\/produkt\/brev-fotocollage\/"]}]},{"@type":"ImageObject","inLanguage":"sv-SE","@id":"https:\/\/positiveprints.com\/sv\/produkt\/brev-fotocollage\/#primaryimage","url":"https:\/\/positiveprints.com\/wp-content\/uploads\/2026\/03\/Custom_EN.webp","contentUrl":"https:\/\/positiveprints.com\/wp-content\/uploads\/2026\/03\/Custom_EN.webp","width":1450,"height":1450},{"@type":"BreadcrumbList","@id":"https:\/\/positiveprints.com\/sv\/produkt\/brev-fotocollage\/#breadcrumb","itemListElement":[{"@type":"ListItem","position":1,"name":"Home","item":"https:\/\/positiveprints.com\/sv\/"},{"@type":"ListItem","position":2,"name":"Produkter","item":"https:\/\/positiveprints.com\/sv\/shop\/"},{"@type":"ListItem","position":3,"name":"Bokstavskollage"}]},{"@type":"WebSite","@id":"https:\/\/positiveprints.com\/sv\/#website","url":"https:\/\/positiveprints.com\/sv\/","name":"Positive Prints","description":"Amazing Custom Personalized Gifts","publisher":{"@id":"https:\/\/positiveprints.com\/sv\/#organization"},"potentialAction":[{"@type":"SearchAction","target":{"@type":"EntryPoint","urlTemplate":"https:\/\/positiveprints.com\/sv\/?s={search_term_string}"},"query-input":{"@type":"PropertyValueSpecification","valueRequired":true,"valueName":"search_term_string"}}],"inLanguage":"sv-SE"},{"@type":"Organization","@id":"https:\/\/positiveprints.com\/sv\/#organization","name":"Positive Prints","alternateName":"Positive Prints","url":"https:\/\/positiveprints.com\/sv\/","logo":{"@type":"ImageObject","inLanguage":"sv-SE","@id":"https:\/\/positiveprints.com\/sv\/#\/schema\/logo\/image\/","url":"https:\/\/positiveprints.com\/wp-content\/uploads\/2026\/03\/245815646_1337939713319158_5671353136411139666_n.png","contentUrl":"https:\/\/positiveprints.com\/wp-content\/uploads\/2026\/03\/245815646_1337939713319158_5671353136411139666_n.png","width":800,"height":800,"caption":"Positive Prints"},"image":{"@id":"https:\/\/positiveprints.com\/sv\/#\/schema\/logo\/image\/"},"sameAs":["https:\/\/www.facebook.com\/positiveprintscom","https:\/\/www.instagram.com\/positiveprintscom\/","https:\/\/www.tiktok.com\/@positiveprintscom","https:\/\/www.pinterest.com\/positiveprintscom\/"]}]}},"jetpack_sharing_enabled":true,"_links":{"self":[{"href":"https:\/\/positiveprints.com\/sv\/wp-json\/wp\/v2\/product\/447961","targetHints":{"allow":["GET"]}}],"collection":[{"href":"https:\/\/positiveprints.com\/sv\/wp-json\/wp\/v2\/product"}],"about":[{"href":"https:\/\/positiveprints.com\/sv\/wp-json\/wp\/v2\/types\/product"}],"wp:featuredmedia":[{"embeddable":true,"href":"https:\/\/positiveprints.com\/sv\/wp-json\/wp\/v2\/media\/1674207"}],"wp:attachment":[{"href":"https:\/\/positiveprints.com\/sv\/wp-json\/wp\/v2\/media?parent=447961"}],"wp:term":[{"taxonomy":"product_brand","embeddable":true,"href":"https:\/\/positiveprints.com\/sv\/wp-json\/wp\/v2\/product_brand?post=447961"},{"taxonomy":"product_cat","embeddable":true,"href":"https:\/\/positiveprints.com\/sv\/wp-json\/wp\/v2\/product_cat?post=447961"},{"taxonomy":"product_tag","embeddable":true,"href":"https:\/\/positiveprints.com\/sv\/wp-json\/wp\/v2\/product_tag?post=447961"}],"curies":[{"name":"wp","href":"https:\/\/api.w.org\/{rel}","templated":true}]}}