{"id":440562,"date":"2023-02-23T22:36:36","date_gmt":"2023-02-23T21:36:36","guid":{"rendered":"https:\/\/positiveprints.com\/?post_type=product&#038;p=440562"},"modified":"2026-04-18T06:11:09","modified_gmt":"2026-04-18T05:11:09","slug":"dubbel-stjarnkarta","status":"publish","type":"product","link":"https:\/\/positiveprints.com\/sv\/produkt\/dubbel-stjarnkarta\/","title":{"rendered":"Dubbel Stj\u00e4rnkarta"},"content":{"rendered":"<p style=\"margin-top: 1rem\">Letar du efter en unik och meningsfull g\u00e5va till n\u00e5gon speciell person? S\u00f6k inte l\u00e4ngre \u00e4n till Dubbel Stj\u00e4rnkarta! V\u00e5ra stj\u00e4rnkartor f\u00e5ngar tv\u00e5 natthimlar fr\u00e5n de datum och platser du v\u00e4ljer och skapar en best\u00e5ende minnesg\u00e5va som speglar speciella \u00f6gonblick i ditt liv.<\/p>\r\n\r\n<h2 class=\"grenB f24 cblue\" style=\"margin-top: 3rem\">Vad \u00e4r Dubbel Stj\u00e4rnkarta?<\/h2>\r\n<p style=\"margin-top: 1rem\">Med Dubbel Stj\u00e4rnkarta kan du minnas speciella \u00f6gonblick i ditt liv, till exempel kv\u00e4llen d\u00e5 du och din \u00e4lskade f\u00f6ddes, n\u00e4r ni tr\u00e4ffades och gifte er f\u00f6r f\u00f6rsta g\u00e5ngen eller n\u00e5gon annan speciell dag.<\/p>\r\n<p style=\"margin-top: 1rem\">Kartan \u00e4r helt anpassningsbar och kan skapas i v\u00e5r l\u00e4ttanv\u00e4nda online-redigerare. Du kan v\u00e4lja stil p\u00e5 trycket och g\u00f6ra det riktigt speciellt genom att l\u00e4gga till ditt personliga meddelande, en dikt eller ett speciellt citat p\u00e5 kartan.<\/p>\r\n<p style=\"margin-top: 1rem\">Vi anv\u00e4nder de senaste astronomiska uppgifterna och v\u00e5ra egenutvecklade algoritmer f\u00f6r att skapa en exakt stj\u00e4rnkarta som exakt \u00e5terspeglar natthimlen f\u00f6r dina valda datum och platser. Varje karta skrivs ut p\u00e5 h\u00f6gkvalitativt konstpapper och ramas in i en vacker tr\u00e4ram.<\/p>\r\n\r\n<h2 class=\"grenB f24 cblue\" style=\"margin-top: 3rem\">Hur skapar du din egen Dubbel Stj\u00e4rnkarta?<\/h2>\r\n<p style=\"margin-top: 1rem\">P\u00e5 Positive Prints anser vi att en vacker och meningsfull g\u00e5va ska h\u00e5lla i m\u00e5nga \u00e5r fram\u00f6ver. V\u00e5ra stj\u00e4rnkartor \u00e4r utformade f\u00f6r att vara en tidl\u00f6s p\u00e5minnelse om speciella \u00f6gonblick i ditt liv &#8211; en unik och omt\u00e4nksam g\u00e5va som kommer att ge gl\u00e4dje i m\u00e5nga \u00e5r fram\u00f6ver.<\/p>\r\n<p style=\"margin-top: 1rem\">Det \u00e4r enkelt att skapa en Dubbel Stj\u00e4rnkarta! Med v\u00e5r enkla trestegsprocess kan du f\u00e5 ditt personliga print p\u00e5 nolltid.<\/p>\r\n\r\n\r\n\r\n<p style=\"margin-top: 1rem\">Steg 1: V\u00e4lj stil f\u00f6r din print, inklusive f\u00e4rger och element som syns p\u00e5 printen.<\/p>\r\n\r\n<p style=\"margin-top: 1rem\">Steg 2: Ange datum och platser samt eventuella personliga meddelanden som du vill l\u00e4gga till i designen.<\/p>\r\n\r\n<p style=\"margin-top: 1rem\">Steg 3: V\u00e4lj tryckt, inramat affischuttryck eller canvas eller digital nedladdningsfil f\u00f6r omedelbar nedladdning. V\u00e4lj sedan storlek och format.<\/p>\r\n\r\n<p style=\"margin-top: 1rem\">N\u00e4r du har genomf\u00f6rt dessa tre steg kan du luta dig tillbaka och l\u00e5ta oss ta hand om resten! Vi tar hand om tryckning och inramning av din Dubbel Stj\u00e4rnkarta.<\/p>\r\n\r\n<h2 class=\"grenB f24 cblue\" style=\"margin-top: 3rem\">G\u00f6r en unik och omt\u00e4nksam g\u00e5va till n\u00e5gon speciell person<\/h2>\r\n<p style=\"margin-top: 1rem\">Personliga g\u00e5vor \u00e4r ett av de mest speciella och unika s\u00e4tten att visa n\u00e5gon hur mycket du bryr dig om honom eller henne. Oavsett om det \u00e4r till en f\u00f6delsedag, \u00e5rsdag, mors dag, fars dag eller bara som ett tecken p\u00e5 din uppskattning och k\u00e4rlek g\u00f6r personliga g\u00e5vor alltid ett gott intryck.<\/p>\r\n<p style=\"margin-top: 1rem\">Den h\u00e4r g\u00e5van kommer helt enkelt att g\u00f6ra dina n\u00e4ra och k\u00e4ra m\u00e5ll\u00f6sa och ge dem ett of\u00f6rgl\u00f6mligt minne! S\u00e5 v\u00e4nta inte l\u00e4ngre &#8211; skapa din egen idag! L\u00e5t oss hj\u00e4lpa dig att skapa ett best\u00e5ende minne av ett speciellt \u00f6gonblick i ditt liv, med Dubbel Stj\u00e4rnkarta.<\/p>","protected":false},"excerpt":{"rendered":"<ul class=\"check-list\">\n<li>Utforma din egen stj\u00e4rnkarta som visar himlen fr\u00e5n tv\u00e5 olika platser och datum<\/li>\n<li>L\u00e4gg till konstellationer och Vintergatan <\/li>\n<li>Anpassa i 3 enkla steg<\/li>\n<li>Inkludera en meningsfull personlig text<\/li>\n<li>Se resultatet direkt \u2013 den interaktiva f\u00f6rhandsvisningen l\u00e5ter dig finjustera varje detalj<\/li>\n<\/ul>\n","protected":false},"featured_media":1251487,"template":"","meta":[],"product_brand":[],"product_cat":[9031,8831,7459,8147,8014,7694],"product_tag":[8397],"class_list":{"0":"post-440562","1":"product","2":"type-product","3":"status-publish","4":"has-post-thumbnail","6":"product_cat-digitala-produkter","7":"product_cat-duo-stjarnor","8":"product_cat-alla-produkter","9":"product_cat-creators-sv","10":"product_cat-gavor-for-man","11":"product_cat-gavor-for-kvinnor","12":"product_tag-creators-sv","14":"first","15":"instock","16":"sale","17":"taxable","18":"shipping-taxable","19":"purchasable","20":"product-type-variable"},"yoast_head":"<!-- This site is optimized with the Yoast SEO Premium plugin v27.2 (Yoast SEO v27.2) - https:\/\/yoast.com\/product\/yoast-seo-premium-wordpress\/ -->\n<title>Dubbel Stj\u00e4rnkarta - Positive Prints<\/title>\n<meta name=\"description\" content=\"Letar du efter en unik och meningsfull g\u00e5va till n\u00e5gon speciell person? S\u00f6k inte l\u00e4ngre \u00e4n till Dubbel Stj\u00e4rnkarta!\" \/>\n<meta name=\"robots\" content=\"index, follow, max-snippet:-1, max-image-preview:large, max-video-preview:-1\" \/>\n<link rel=\"canonical\" href=\"https:\/\/positiveprints.com\/sv\/produkt\/dubbel-stjarnkarta\/\" \/>\n<meta property=\"og:locale\" content=\"sv_SE\" \/>\n<meta property=\"og:type\" content=\"article\" \/>\n<meta property=\"og:title\" content=\"Dubbel Stj\u00e4rnkarta\" \/>\n<meta property=\"og:description\" content=\"Utforma din egen stj\u00e4rnkarta som visar himlen fr\u00e5n tv\u00e5 olika platser och datum  L\u00e4gg till konstellationer och Vintergatan   Anpassa i 3 enkla steg  Inkludera en meningsfull personlig text  Se resultatet direkt \u2013 den interaktiva f\u00f6rhandsvisningen l\u00e5ter dig finjustera varje detalj\" \/>\n<meta property=\"og:url\" content=\"https:\/\/positiveprints.com\/sv\/produkt\/dubbel-stjarnkarta\/\" \/>\n<meta property=\"og:site_name\" content=\"Positive Prints\" \/>\n<meta property=\"article:publisher\" content=\"https:\/\/www.facebook.com\/positiveprintscom\" \/>\n<meta property=\"article:modified_time\" content=\"2026-04-18T05:11:09+00:00\" \/>\n<meta property=\"og:image\" content=\"https:\/\/positiveprints.com\/wp-content\/uploads\/2024\/11\/PACKSHOT_SE_Digital-Double-Star-Map-product-image-.webp\" \/>\n\t<meta property=\"og:image:width\" content=\"1450\" \/>\n\t<meta property=\"og:image:height\" content=\"1450\" \/>\n\t<meta property=\"og:image:type\" content=\"image\/webp\" \/>\n<meta name=\"twitter:card\" content=\"summary_large_image\" \/>\n<meta name=\"twitter:label1\" content=\"Ber\u00e4knad l\u00e4stid\" \/>\n\t<meta name=\"twitter:data1\" content=\"3 minut\" \/>\n<!-- \/ Yoast SEO Premium plugin. -->","yoast_head_json":{"title":"Dubbel Stj\u00e4rnkarta - Positive Prints","description":"Letar du efter en unik och meningsfull g\u00e5va till n\u00e5gon speciell person? S\u00f6k inte l\u00e4ngre \u00e4n till Dubbel Stj\u00e4rnkarta!","robots":{"index":"index","follow":"follow","max-snippet":"max-snippet:-1","max-image-preview":"max-image-preview:large","max-video-preview":"max-video-preview:-1"},"canonical":"https:\/\/positiveprints.com\/sv\/produkt\/dubbel-stjarnkarta\/","og_locale":"sv_SE","og_type":"article","og_title":"Dubbel Stj\u00e4rnkarta","og_description":"Utforma din egen stj\u00e4rnkarta som visar himlen fr\u00e5n tv\u00e5 olika platser och datum  L\u00e4gg till konstellationer och Vintergatan   Anpassa i 3 enkla steg  Inkludera en meningsfull personlig text  Se resultatet direkt \u2013 den interaktiva f\u00f6rhandsvisningen l\u00e5ter dig finjustera varje detalj","og_url":"https:\/\/positiveprints.com\/sv\/produkt\/dubbel-stjarnkarta\/","og_site_name":"Positive Prints","article_publisher":"https:\/\/www.facebook.com\/positiveprintscom","article_modified_time":"2026-04-18T05:11:09+00:00","og_image":[{"width":1450,"height":1450,"url":"https:\/\/positiveprints.com\/wp-content\/uploads\/2024\/11\/PACKSHOT_SE_Digital-Double-Star-Map-product-image-.webp","type":"image\/webp"}],"twitter_card":"summary_large_image","twitter_misc":{"Ber\u00e4knad l\u00e4stid":"3 minut"},"schema":{"@context":"https:\/\/schema.org","@graph":[{"@type":["WebPage","ItemPage"],"@id":"https:\/\/positiveprints.com\/sv\/produkt\/dubbel-stjarnkarta\/","url":"https:\/\/positiveprints.com\/sv\/produkt\/dubbel-stjarnkarta\/","name":"Dubbel Stj\u00e4rnkarta - Positive Prints","isPartOf":{"@id":"https:\/\/positiveprints.com\/sv\/#website"},"primaryImageOfPage":{"@id":"https:\/\/positiveprints.com\/sv\/produkt\/dubbel-stjarnkarta\/#primaryimage"},"image":{"@id":"https:\/\/positiveprints.com\/sv\/produkt\/dubbel-stjarnkarta\/#primaryimage"},"thumbnailUrl":"https:\/\/positiveprints.com\/wp-content\/uploads\/2024\/11\/PACKSHOT_SE_Digital-Double-Star-Map-product-image-.webp","datePublished":"2023-02-23T21:36:36+00:00","dateModified":"2026-04-18T05:11:09+00:00","description":"Letar du efter en unik och meningsfull g\u00e5va till n\u00e5gon speciell person? S\u00f6k inte l\u00e4ngre \u00e4n till Dubbel Stj\u00e4rnkarta!","breadcrumb":{"@id":"https:\/\/positiveprints.com\/sv\/produkt\/dubbel-stjarnkarta\/#breadcrumb"},"inLanguage":"sv-SE","potentialAction":[{"@type":"ReadAction","target":["https:\/\/positiveprints.com\/sv\/produkt\/dubbel-stjarnkarta\/"]}]},{"@type":"ImageObject","inLanguage":"sv-SE","@id":"https:\/\/positiveprints.com\/sv\/produkt\/dubbel-stjarnkarta\/#primaryimage","url":"https:\/\/positiveprints.com\/wp-content\/uploads\/2024\/11\/PACKSHOT_SE_Digital-Double-Star-Map-product-image-.webp","contentUrl":"https:\/\/positiveprints.com\/wp-content\/uploads\/2024\/11\/PACKSHOT_SE_Digital-Double-Star-Map-product-image-.webp","width":1450,"height":1450},{"@type":"BreadcrumbList","@id":"https:\/\/positiveprints.com\/sv\/produkt\/dubbel-stjarnkarta\/#breadcrumb","itemListElement":[{"@type":"ListItem","position":1,"name":"Home","item":"https:\/\/positiveprints.com\/sv\/"},{"@type":"ListItem","position":2,"name":"Produkter","item":"https:\/\/positiveprints.com\/sv\/shop\/"},{"@type":"ListItem","position":3,"name":"Dubbel Stj\u00e4rnkarta"}]},{"@type":"WebSite","@id":"https:\/\/positiveprints.com\/sv\/#website","url":"https:\/\/positiveprints.com\/sv\/","name":"Positive Prints","description":"Amazing Custom Personalized Gifts","publisher":{"@id":"https:\/\/positiveprints.com\/sv\/#organization"},"potentialAction":[{"@type":"SearchAction","target":{"@type":"EntryPoint","urlTemplate":"https:\/\/positiveprints.com\/sv\/?s={search_term_string}"},"query-input":{"@type":"PropertyValueSpecification","valueRequired":true,"valueName":"search_term_string"}}],"inLanguage":"sv-SE"},{"@type":"Organization","@id":"https:\/\/positiveprints.com\/sv\/#organization","name":"Positive Prints","alternateName":"Positive Prints","url":"https:\/\/positiveprints.com\/sv\/","logo":{"@type":"ImageObject","inLanguage":"sv-SE","@id":"https:\/\/positiveprints.com\/sv\/#\/schema\/logo\/image\/","url":"https:\/\/positiveprints.com\/wp-content\/uploads\/2026\/03\/245815646_1337939713319158_5671353136411139666_n.png","contentUrl":"https:\/\/positiveprints.com\/wp-content\/uploads\/2026\/03\/245815646_1337939713319158_5671353136411139666_n.png","width":800,"height":800,"caption":"Positive Prints"},"image":{"@id":"https:\/\/positiveprints.com\/sv\/#\/schema\/logo\/image\/"},"sameAs":["https:\/\/www.facebook.com\/positiveprintscom","https:\/\/www.instagram.com\/positiveprintscom\/","https:\/\/www.tiktok.com\/@positiveprintscom","https:\/\/www.pinterest.com\/positiveprintscom\/"]}]}},"jetpack_sharing_enabled":true,"_links":{"self":[{"href":"https:\/\/positiveprints.com\/sv\/wp-json\/wp\/v2\/product\/440562","targetHints":{"allow":["GET"]}}],"collection":[{"href":"https:\/\/positiveprints.com\/sv\/wp-json\/wp\/v2\/product"}],"about":[{"href":"https:\/\/positiveprints.com\/sv\/wp-json\/wp\/v2\/types\/product"}],"wp:featuredmedia":[{"embeddable":true,"href":"https:\/\/positiveprints.com\/sv\/wp-json\/wp\/v2\/media\/1251487"}],"wp:attachment":[{"href":"https:\/\/positiveprints.com\/sv\/wp-json\/wp\/v2\/media?parent=440562"}],"wp:term":[{"taxonomy":"product_brand","embeddable":true,"href":"https:\/\/positiveprints.com\/sv\/wp-json\/wp\/v2\/product_brand?post=440562"},{"taxonomy":"product_cat","embeddable":true,"href":"https:\/\/positiveprints.com\/sv\/wp-json\/wp\/v2\/product_cat?post=440562"},{"taxonomy":"product_tag","embeddable":true,"href":"https:\/\/positiveprints.com\/sv\/wp-json\/wp\/v2\/product_tag?post=440562"}],"curies":[{"name":"wp","href":"https:\/\/api.w.org\/{rel}","templated":true}]}}