{"id":421667,"date":"2023-02-23T23:27:00","date_gmt":"2023-02-23T22:27:00","guid":{"rendered":"https:\/\/positiveprints.com\/?post_type=product&#038;p=421667"},"modified":"2026-04-18T06:09:42","modified_gmt":"2026-04-18T05:09:42","slug":"trippel-stjarnkarta","status":"publish","type":"product","link":"https:\/\/positiveprints.com\/sv\/produkt\/trippel-stjarnkarta\/","title":{"rendered":"Trippel stj\u00e4rnkarta"},"content":{"rendered":"<p style=\"margin-top: 1rem\">G\u00f6r ett best\u00e5ende intryck med v\u00e5r personliga g\u00e5va med Trippel stj\u00e4rnkarta &#8211; den \u00e4r perfekt f\u00f6r \u00e5rsdagar, br\u00f6llop eller f\u00f6delsedagar! G\u00f6r dig redo att \u00f6verraska den speciella personen i ditt liv med detta vackra konstverk. Forts\u00e4tt l\u00e4sa och ta reda p\u00e5 varf\u00f6r detta kommer att bli en g\u00e5va som kommer att bli ih\u00e5gkommen i m\u00e5nga \u00e5r fram\u00f6ver.<\/p>\r\n\r\n\r\n\r\n<h2 class=\"grenB f24 cblue\" style=\"margin-top: 3rem\">Vad \u00e4r en Trippel stj\u00e4rnkarta?<\/h2>\r\n\r\n<p style=\"margin-top: 1rem\">En Trippel stj\u00e4rnkarta \u00e4r det perfekta s\u00e4ttet att visa din \u00e4lskade hur mycket de betyder f\u00f6r dig. Den h\u00e4r tankev\u00e4ckande g\u00e5van f\u00e5ngar tre betydelsefulla \u00f6gonblick i tiden och l\u00e5ter dem se natthimlen fr\u00e5n dessa dagar. Dessutom, med sina personaliseringsalternativ, blir det s\u00e4kert en of\u00f6rgl\u00f6mlig g\u00e5va som din speciella person kommer att v\u00e5rda i m\u00e5nga \u00e5r fram\u00f6ver.<\/p>\r\n\r\n\r\n\r\n\r\n\r\n<h2 class=\"grenB f24 cblue\" style=\"margin-top: 3rem\">Hur skapar man en Triple stj\u00e4rnkarta-g\u00e5va?<\/h2>\r\n\r\n<p style=\"margin-top: 1rem\">Det \u00e4r enkelt att skapa din personliga g\u00e5va med Trippel stj\u00e4rnkarta. B\u00f6rja med att v\u00e4lja de tre viktiga datum du vill visa upp &#8211; det kan vara ett speciellt \u00f6gonblick som du delade med din \u00e4lskade, en f\u00f6delsedag eller \u00e5rsdag, eller n\u00e5gon annan dag som \u00e4r viktig f\u00f6r er relation. Anpassa sedan kartan med f\u00e4rger och meddelanden enligt dina \u00f6nskem\u00e5l. N\u00e4r du har slutf\u00f6rt din design kan du f\u00e5 den skickad i olika tryckstorlekar eller som en omedelbar digital nedladdning.<\/p>\r\n\r\n\r\n\r\n<h2 class=\"grenB f24 cblue\" style=\"margin-top: 3rem\">Visa n\u00e5gon hur mycket du bryr dig<\/h2>\r\n\r\n\r\n\r\n<p style=\"margin-top: 1rem\">Personliga g\u00e5vor \u00e4r ett verkligt unikt och meningsfullt s\u00e4tt att visa n\u00e5gon hur mycket du bryr dig om honom eller henne. Till skillnad fr\u00e5n generiska varor fr\u00e5n butikshyllan har personliga presenter en extra speciell touch som inte kan kopieras &#8211; de ger dig m\u00f6jlighet att l\u00e4gga till din egen personliga pr\u00e4gel f\u00f6r att g\u00f6ra det till n\u00e5got unikt. N\u00e4r n\u00e5gon f\u00e5r en personlig g\u00e5va vet de dessutom att den \u00e4r gjord just f\u00f6r dem, vilket g\u00f6r den \u00e4nnu mer speciell och minnesv\u00e4rd. Personliga g\u00e5vor kommer garanterat att bli ih\u00e5gkomna l\u00e5ngt efter det att n\u00e5gon generisk artikel har gl\u00f6mts bort.<\/p>\r\n\r\n\r\n\r\n<p style=\"margin-top: 1rem\">Missa inte denna fantastiska m\u00f6jlighet att visa n\u00e5gon speciell hur mycket du bryr dig om honom eller henne &#8211; skaffa ditt personliga Trippel stj\u00e4rnkarta-tryck eller din canvasduk idag! Det kommer garanterat att bli en of\u00f6rgl\u00f6mlig g\u00e5va som kommer att bli ih\u00e5gkommen i m\u00e5nga \u00e5r fram\u00f6ver.<\/p>","protected":false},"excerpt":{"rendered":"<ul class=\"check-list\">\n<li>L\u00e4gg till konstellationer och Vintergatan <\/li>\n<li>Anpassa i 3 enkla steg<\/li>\n<li>Inkludera en meningsfull personlig text<\/li>\n<li>Se resultatet direkt \u2013 den interaktiva f\u00f6rhandsvisningen l\u00e5ter dig finjustera varje detalj<\/li>\n<\/ul>\n","protected":false},"featured_media":1240797,"template":"","meta":[],"product_brand":[],"product_cat":[9031,8832,7459,8147,11582,11602,11583,11579,11585,11580,11581,8014,7694],"product_tag":[8397],"class_list":{"0":"post-421667","1":"product","2":"type-product","3":"status-publish","4":"has-post-thumbnail","6":"product_cat-digitala-produkter","7":"product_cat-trio-stjarnor","8":"product_cat-alla-produkter","9":"product_cat-creators-sv","10":"product_cat-10-arsjubileum","11":"product_cat-50-arsjubileum","12":"product_cat-15-arsjubileum","13":"product_cat-1-arsjubileum","14":"product_cat-20-arsjubileum","15":"product_cat-2-arsjubileum","16":"product_cat-5-arsjubileum","17":"product_cat-gavor-for-man","18":"product_cat-gavor-for-kvinnor","19":"product_tag-creators-sv","21":"first","22":"instock","23":"sale","24":"taxable","25":"shipping-taxable","26":"purchasable","27":"product-type-variable"},"yoast_head":"<!-- This site is optimized with the Yoast SEO Premium plugin v27.2 (Yoast SEO v27.2) - https:\/\/yoast.com\/product\/yoast-seo-premium-wordpress\/ -->\n<title>Trippel stj\u00e4rnkarta - Positive Prints<\/title>\n<meta name=\"description\" content=\"G\u00f6r ett best\u00e5ende intryck med v\u00e5r personliga g\u00e5va med Trippel stj\u00e4rnkarta - den \u00e4r perfekt f\u00f6r \u00e5rsdagar, br\u00f6llop eller f\u00f6delsedagar! Skaffa din nu.\" \/>\n<meta name=\"robots\" content=\"index, follow, max-snippet:-1, max-image-preview:large, max-video-preview:-1\" \/>\n<link rel=\"canonical\" href=\"https:\/\/positiveprints.com\/sv\/produkt\/trippel-stjarnkarta\/\" \/>\n<meta property=\"og:locale\" content=\"sv_SE\" \/>\n<meta property=\"og:type\" content=\"article\" \/>\n<meta property=\"og:title\" content=\"Trippel stj\u00e4rnkarta\" \/>\n<meta property=\"og:description\" content=\"L\u00e4gg till konstellationer och Vintergatan   Anpassa i 3 enkla steg  Inkludera en meningsfull personlig text  Se resultatet direkt \u2013 den interaktiva f\u00f6rhandsvisningen l\u00e5ter dig finjustera varje detalj\" \/>\n<meta property=\"og:url\" content=\"https:\/\/positiveprints.com\/sv\/produkt\/trippel-stjarnkarta\/\" \/>\n<meta property=\"og:site_name\" content=\"Positive Prints\" \/>\n<meta property=\"article:publisher\" content=\"https:\/\/www.facebook.com\/positiveprintscom\" \/>\n<meta property=\"article:modified_time\" content=\"2026-04-18T05:09:42+00:00\" \/>\n<meta property=\"og:image\" content=\"https:\/\/positiveprints.com\/wp-content\/uploads\/2024\/10\/Packshot_EN_Triple-Star-Map-product-image-1.webp\" \/>\n\t<meta property=\"og:image:width\" content=\"1450\" \/>\n\t<meta property=\"og:image:height\" content=\"1450\" \/>\n\t<meta property=\"og:image:type\" content=\"image\/webp\" \/>\n<meta name=\"twitter:card\" content=\"summary_large_image\" \/>\n<meta name=\"twitter:label1\" content=\"Ber\u00e4knad l\u00e4stid\" \/>\n\t<meta name=\"twitter:data1\" content=\"2 minut\" \/>\n<!-- \/ Yoast SEO Premium plugin. -->","yoast_head_json":{"title":"Trippel stj\u00e4rnkarta - Positive Prints","description":"G\u00f6r ett best\u00e5ende intryck med v\u00e5r personliga g\u00e5va med Trippel stj\u00e4rnkarta - den \u00e4r perfekt f\u00f6r \u00e5rsdagar, br\u00f6llop eller f\u00f6delsedagar! Skaffa din nu.","robots":{"index":"index","follow":"follow","max-snippet":"max-snippet:-1","max-image-preview":"max-image-preview:large","max-video-preview":"max-video-preview:-1"},"canonical":"https:\/\/positiveprints.com\/sv\/produkt\/trippel-stjarnkarta\/","og_locale":"sv_SE","og_type":"article","og_title":"Trippel stj\u00e4rnkarta","og_description":"L\u00e4gg till konstellationer och Vintergatan   Anpassa i 3 enkla steg  Inkludera en meningsfull personlig text  Se resultatet direkt \u2013 den interaktiva f\u00f6rhandsvisningen l\u00e5ter dig finjustera varje detalj","og_url":"https:\/\/positiveprints.com\/sv\/produkt\/trippel-stjarnkarta\/","og_site_name":"Positive Prints","article_publisher":"https:\/\/www.facebook.com\/positiveprintscom","article_modified_time":"2026-04-18T05:09:42+00:00","og_image":[{"width":1450,"height":1450,"url":"https:\/\/positiveprints.com\/wp-content\/uploads\/2024\/10\/Packshot_EN_Triple-Star-Map-product-image-1.webp","type":"image\/webp"}],"twitter_card":"summary_large_image","twitter_misc":{"Ber\u00e4knad l\u00e4stid":"2 minut"},"schema":{"@context":"https:\/\/schema.org","@graph":[{"@type":["WebPage","ItemPage"],"@id":"https:\/\/positiveprints.com\/sv\/produkt\/trippel-stjarnkarta\/","url":"https:\/\/positiveprints.com\/sv\/produkt\/trippel-stjarnkarta\/","name":"Trippel stj\u00e4rnkarta - Positive Prints","isPartOf":{"@id":"https:\/\/positiveprints.com\/sv\/#website"},"primaryImageOfPage":{"@id":"https:\/\/positiveprints.com\/sv\/produkt\/trippel-stjarnkarta\/#primaryimage"},"image":{"@id":"https:\/\/positiveprints.com\/sv\/produkt\/trippel-stjarnkarta\/#primaryimage"},"thumbnailUrl":"https:\/\/positiveprints.com\/wp-content\/uploads\/2024\/10\/Packshot_EN_Triple-Star-Map-product-image-1.webp","datePublished":"2023-02-23T22:27:00+00:00","dateModified":"2026-04-18T05:09:42+00:00","description":"G\u00f6r ett best\u00e5ende intryck med v\u00e5r personliga g\u00e5va med Trippel stj\u00e4rnkarta - den \u00e4r perfekt f\u00f6r \u00e5rsdagar, br\u00f6llop eller f\u00f6delsedagar! Skaffa din nu.","breadcrumb":{"@id":"https:\/\/positiveprints.com\/sv\/produkt\/trippel-stjarnkarta\/#breadcrumb"},"inLanguage":"sv-SE","potentialAction":[{"@type":"ReadAction","target":["https:\/\/positiveprints.com\/sv\/produkt\/trippel-stjarnkarta\/"]}]},{"@type":"ImageObject","inLanguage":"sv-SE","@id":"https:\/\/positiveprints.com\/sv\/produkt\/trippel-stjarnkarta\/#primaryimage","url":"https:\/\/positiveprints.com\/wp-content\/uploads\/2024\/10\/Packshot_EN_Triple-Star-Map-product-image-1.webp","contentUrl":"https:\/\/positiveprints.com\/wp-content\/uploads\/2024\/10\/Packshot_EN_Triple-Star-Map-product-image-1.webp","width":1450,"height":1450},{"@type":"BreadcrumbList","@id":"https:\/\/positiveprints.com\/sv\/produkt\/trippel-stjarnkarta\/#breadcrumb","itemListElement":[{"@type":"ListItem","position":1,"name":"Home","item":"https:\/\/positiveprints.com\/sv\/"},{"@type":"ListItem","position":2,"name":"Produkter","item":"https:\/\/positiveprints.com\/sv\/shop\/"},{"@type":"ListItem","position":3,"name":"Trippel stj\u00e4rnkarta"}]},{"@type":"WebSite","@id":"https:\/\/positiveprints.com\/sv\/#website","url":"https:\/\/positiveprints.com\/sv\/","name":"Positive Prints","description":"Amazing Custom Personalized Gifts","publisher":{"@id":"https:\/\/positiveprints.com\/sv\/#organization"},"potentialAction":[{"@type":"SearchAction","target":{"@type":"EntryPoint","urlTemplate":"https:\/\/positiveprints.com\/sv\/?s={search_term_string}"},"query-input":{"@type":"PropertyValueSpecification","valueRequired":true,"valueName":"search_term_string"}}],"inLanguage":"sv-SE"},{"@type":"Organization","@id":"https:\/\/positiveprints.com\/sv\/#organization","name":"Positive Prints","alternateName":"Positive Prints","url":"https:\/\/positiveprints.com\/sv\/","logo":{"@type":"ImageObject","inLanguage":"sv-SE","@id":"https:\/\/positiveprints.com\/sv\/#\/schema\/logo\/image\/","url":"https:\/\/positiveprints.com\/wp-content\/uploads\/2026\/03\/245815646_1337939713319158_5671353136411139666_n.png","contentUrl":"https:\/\/positiveprints.com\/wp-content\/uploads\/2026\/03\/245815646_1337939713319158_5671353136411139666_n.png","width":800,"height":800,"caption":"Positive Prints"},"image":{"@id":"https:\/\/positiveprints.com\/sv\/#\/schema\/logo\/image\/"},"sameAs":["https:\/\/www.facebook.com\/positiveprintscom","https:\/\/www.instagram.com\/positiveprintscom\/","https:\/\/www.tiktok.com\/@positiveprintscom","https:\/\/www.pinterest.com\/positiveprintscom\/"]}]}},"jetpack_sharing_enabled":true,"_links":{"self":[{"href":"https:\/\/positiveprints.com\/sv\/wp-json\/wp\/v2\/product\/421667","targetHints":{"allow":["GET"]}}],"collection":[{"href":"https:\/\/positiveprints.com\/sv\/wp-json\/wp\/v2\/product"}],"about":[{"href":"https:\/\/positiveprints.com\/sv\/wp-json\/wp\/v2\/types\/product"}],"wp:featuredmedia":[{"embeddable":true,"href":"https:\/\/positiveprints.com\/sv\/wp-json\/wp\/v2\/media\/1240797"}],"wp:attachment":[{"href":"https:\/\/positiveprints.com\/sv\/wp-json\/wp\/v2\/media?parent=421667"}],"wp:term":[{"taxonomy":"product_brand","embeddable":true,"href":"https:\/\/positiveprints.com\/sv\/wp-json\/wp\/v2\/product_brand?post=421667"},{"taxonomy":"product_cat","embeddable":true,"href":"https:\/\/positiveprints.com\/sv\/wp-json\/wp\/v2\/product_cat?post=421667"},{"taxonomy":"product_tag","embeddable":true,"href":"https:\/\/positiveprints.com\/sv\/wp-json\/wp\/v2\/product_tag?post=421667"}],"curies":[{"name":"wp","href":"https:\/\/api.w.org\/{rel}","templated":true}]}}