{"id":400385,"date":"2023-01-25T11:18:24","date_gmt":"2023-01-25T10:19:52","guid":{"rendered":"https:\/\/positiveprints.com\/?post_type=product&#038;p=400385"},"modified":"2026-04-12T22:44:02","modified_gmt":"2026-04-12T21:44:02","slug":"dagen-du-doptes","status":"publish","type":"product","link":"https:\/\/positiveprints.com\/sv\/produkt\/dagen-du-doptes\/","title":{"rendered":"Dagen du d\u00f6ptes"},"content":{"rendered":"<p>Fira en speciell dag i tron med en fantastisk\u00a0dopg\u00e5va! Oavsett om du v\u00e4ljer n\u00e5got meningsfullt f\u00f6r ditt gudbarn eller letar efter den perfekta presenten till gudf\u00f6r\u00e4ldrarna har vi n\u00e5got vackert och omt\u00e4nksamt som passar alla behov. V\u00e5rt konstverk Dagen du d\u00f6ptes kommer att vara en p\u00e5minnelse om tro och gl\u00e4dje under hela deras liv. S\u00e5 b\u00f6rja skapa denna unika symbol f\u00f6r att fira deras speciella dag.<\/p>\r\n<h2 class=\"grenB f24 cblue\" style=\"margin-top: 3rem\">Personlig Dagen du d\u00f6ptes v\u00e4ggkonst<\/h2>\r\n<p style=\"margin-top: 1rem\">Att ge en\u00a0anpassad stj\u00e4rnkarta\u00a0som dopg\u00e5va \u00e4r ett of\u00f6rgl\u00f6mligt s\u00e4tt att minnas detta speciella tillf\u00e4lle. Kartan kommer att visa natthimlen med dess stj\u00e4rnor och konstellationer p\u00e5 exakt den dag som barnet d\u00f6ptes, s\u00e5 att de kan se tillbaka p\u00e5 sin speciella dag f\u00f6r alltid. Denna unika present kan ramas in och h\u00e4ngas upp i deras rum eller f\u00f6rvaras p\u00e5 ett s\u00e4kert st\u00e4lle f\u00f6r att fungera som en evig p\u00e5minnelse om deras tro.<\/p>\r\n<p style=\"margin-top: 1rem\">Sj\u00e4lva kartan \u00e4r anpassningsbar, s\u00e5 det finns m\u00e5nga m\u00f6jligheter att g\u00f6ra den unik. En karta med ett religi\u00f6st citat skrivet under kan bli en meningsfull g\u00e5va som firar dopdagen och tron i sig. Genom att ge denna personliga p\u00e5minnelse om Guds n\u00e4rvaro visar gudf\u00f6r\u00e4ldrarna att de verkligen \u00e4r investerade i barnets andliga resa.<\/p>\r\n<h2 class=\"grenB f24 cblue\" style=\"margin-top: 3rem\">Fira dopdagen!<\/h2>\r\n<p style=\"margin-top: 1rem\">P\u00e5 dopdagen samlas familj och v\u00e4nner f\u00f6r att fira dopet. Det \u00e4r en gl\u00e4djefylld och betydelsefull h\u00e4ndelse n\u00e4r den nyss d\u00f6pta personen v\u00e4lkomnas in i tron. Som en del av ceremonin kan gudf\u00f6r\u00e4ldrarna ocks\u00e5 ge g\u00e5vor till sitt gudbarn i ett f\u00f6rs\u00f6k att hj\u00e4lpa till att fr\u00e4mja religiositet och andlig tillv\u00e4xt. G\u00e5vorna kan vara allt fr\u00e5n kors och rosenkransar till b\u00f6cker eller andra religi\u00f6sa f\u00f6rem\u00e5l.<\/p>\r\n<p style=\"margin-top: 1rem\">Sj\u00e4lva dopceremonin best\u00e5r vanligen av flera steg, som sm\u00f6rjelse, syndabstinning och trosbek\u00e4nnelse. Under dopet h\u00e4ller pr\u00e4sten v\u00e4lsignat vatten \u00f6ver huvudet p\u00e5 den som d\u00f6ps tre g\u00e5nger som ett tecken p\u00e5 att personen nu \u00e4r en del av Guds familj. Vid denna tidpunkt kan sl\u00e4ktingar tala v\u00e4lsignande ord \u00f6ver dem f\u00f6r att visa att de st\u00f6der deras andliga resa fram\u00e5t.<\/p>\r\n<h2 class=\"grenB f24 cblue\" style=\"margin-top: 3rem\">Den perfekta presenten till ditt gudbarn eller dina gudf\u00f6r\u00e4ldrar<\/h2>\r\n<p style=\"margin-top: 1rem\">Gudf\u00e4der och gudm\u00f6drar spelar en viktig roll i de nyd\u00f6ptas liv och blir ofta viktiga personer som ger v\u00e4gledning och st\u00f6d. Gudf\u00f6r\u00e4ldrarna tar p\u00e5 sig ansvaret f\u00f6r den religi\u00f6sa uppfostran av sitt gudbarn och hj\u00e4lper till att ge moraliskt och andligt st\u00f6d n\u00e4r de blir \u00e4ldre. De f\u00f6rv\u00e4ntas ocks\u00e5 f\u00f6reg\u00e5 med gott exempel och uppmuntra sunda andliga vanor som att g\u00e5 i kyrkan och be.<\/p>\r\n<p style=\"margin-top: 1rem\">Gudf\u00f6r\u00e4ldrarna kan ge meningsfulla g\u00e5vor vid dopet som speglar deras egen tro eller inspirerar den nyd\u00f6ptes att utvecklas vidare p\u00e5 sin resa. S\u00e5dana g\u00e5vor kan vara kors, biblar, rosenkransar eller andra f\u00f6rem\u00e5l som symboliserar engagemanget f\u00f6r sin tro. M\u00e5nga familjer v\u00e4ljer ocks\u00e5 att l\u00e5ta gudf\u00f6r\u00e4ldrarna underteckna ett formellt dokument n\u00e4r de accepterar rollen f\u00f6r att st\u00e4rka f\u00f6rh\u00e5llandet mellan dem och gudbarnet.<\/p>","protected":false},"excerpt":{"rendered":"<ul class=\"check-list\">\n<li>F\u00e5nga stj\u00e4rnornas magi genom att skapa en anpassad stj\u00e4rnkarta med exakt plats och datum<\/li>\n<li>L\u00e4gg till planeter, konstellationer och Vintergatan <\/li>\n<li>Anpassa i 3 enkla steg<\/li>\n<li>Inkludera en meningsfull personlig text<\/li>\n<li>Se resultatet direkt \u2013 den interaktiva f\u00f6rhandsvisningen l\u00e5ter dig finjustera varje detalj<\/li>\n<\/ul>\n","protected":false},"featured_media":1354246,"template":"","meta":[],"product_brand":[],"product_cat":[7459,7598,8218],"product_tag":[15143,15144,15145,8389,15146,15147,15148],"class_list":{"0":"post-400385","1":"product","2":"type-product","3":"status-publish","4":"has-post-thumbnail","6":"product_cat-alla-produkter","7":"product_cat-gavor-till-dopet","8":"product_cat-star-sv","9":"product_tag-baby-baptism-gift-sv","10":"product_tag-baptism-gift-sv","11":"product_tag-baptism-gifts-sv","12":"product_tag-baptism-sv","13":"product_tag-christening-gift-sv","14":"product_tag-christening-gifts-sv","15":"product_tag-religious-gift-sv","17":"first","18":"instock","19":"sale","20":"taxable","21":"shipping-taxable","22":"purchasable","23":"product-type-variable"},"yoast_head":"<!-- This site is optimized with the Yoast SEO Premium plugin v27.2 (Yoast SEO v27.2) - https:\/\/yoast.com\/product\/yoast-seo-premium-wordpress\/ -->\n<title>Dagen du d\u00f6ptes - Present till dopet - Positive Prints<\/title>\n<meta name=\"description\" content=\"Letar du efter en unik och speciell dopg\u00e5va? Titta inte l\u00e4ngre \u00e4n till v\u00e5r Dagen du d\u00f6ptes. Den perfekta g\u00e5van till gudf\u00f6r\u00e4ldrar eller gudbarn.\" \/>\n<meta name=\"robots\" content=\"index, follow, max-snippet:-1, max-image-preview:large, max-video-preview:-1\" \/>\n<link rel=\"canonical\" href=\"https:\/\/positiveprints.com\/sv\/produkt\/dagen-du-doptes\/\" \/>\n<meta property=\"og:locale\" content=\"sv_SE\" \/>\n<meta property=\"og:type\" content=\"article\" \/>\n<meta property=\"og:title\" content=\"Dagen du d\u00f6ptes\" \/>\n<meta property=\"og:description\" content=\"F\u00e5nga stj\u00e4rnornas magi genom att skapa en anpassad stj\u00e4rnkarta med exakt plats och datum  L\u00e4gg till planeter, konstellationer och Vintergatan   Anpassa i 3 enkla steg  Inkludera en meningsfull personlig text  Se resultatet direkt \u2013 den interaktiva f\u00f6rhandsvisningen l\u00e5ter dig finjustera varje detalj\" \/>\n<meta property=\"og:url\" content=\"https:\/\/positiveprints.com\/sv\/produkt\/dagen-du-doptes\/\" \/>\n<meta property=\"og:site_name\" content=\"Positive Prints\" \/>\n<meta property=\"article:publisher\" content=\"https:\/\/www.facebook.com\/positiveprintscom\" \/>\n<meta property=\"article:modified_time\" content=\"2026-04-12T21:44:02+00:00\" \/>\n<meta property=\"og:image\" content=\"https:\/\/positiveprints.com\/wp-content\/uploads\/2025\/02\/Dagen-du-do\u0308ptes-1.webp\" \/>\n\t<meta property=\"og:image:width\" content=\"1450\" \/>\n\t<meta property=\"og:image:height\" content=\"1450\" \/>\n\t<meta property=\"og:image:type\" content=\"image\/webp\" \/>\n<meta name=\"twitter:card\" content=\"summary_large_image\" \/>\n<meta name=\"twitter:label1\" content=\"Ber\u00e4knad l\u00e4stid\" \/>\n\t<meta name=\"twitter:data1\" content=\"3 minut\" \/>\n<!-- \/ Yoast SEO Premium plugin. -->","yoast_head_json":{"title":"Dagen du d\u00f6ptes - Present till dopet - Positive Prints","description":"Letar du efter en unik och speciell dopg\u00e5va? Titta inte l\u00e4ngre \u00e4n till v\u00e5r Dagen du d\u00f6ptes. Den perfekta g\u00e5van till gudf\u00f6r\u00e4ldrar eller gudbarn.","robots":{"index":"index","follow":"follow","max-snippet":"max-snippet:-1","max-image-preview":"max-image-preview:large","max-video-preview":"max-video-preview:-1"},"canonical":"https:\/\/positiveprints.com\/sv\/produkt\/dagen-du-doptes\/","og_locale":"sv_SE","og_type":"article","og_title":"Dagen du d\u00f6ptes","og_description":"F\u00e5nga stj\u00e4rnornas magi genom att skapa en anpassad stj\u00e4rnkarta med exakt plats och datum  L\u00e4gg till planeter, konstellationer och Vintergatan   Anpassa i 3 enkla steg  Inkludera en meningsfull personlig text  Se resultatet direkt \u2013 den interaktiva f\u00f6rhandsvisningen l\u00e5ter dig finjustera varje detalj","og_url":"https:\/\/positiveprints.com\/sv\/produkt\/dagen-du-doptes\/","og_site_name":"Positive Prints","article_publisher":"https:\/\/www.facebook.com\/positiveprintscom","article_modified_time":"2026-04-12T21:44:02+00:00","og_image":[{"width":1450,"height":1450,"url":"https:\/\/positiveprints.com\/wp-content\/uploads\/2025\/02\/Dagen-du-do\u0308ptes-1.webp","type":"image\/webp"}],"twitter_card":"summary_large_image","twitter_misc":{"Ber\u00e4knad l\u00e4stid":"3 minut"},"schema":{"@context":"https:\/\/schema.org","@graph":[{"@type":["WebPage","ItemPage"],"@id":"https:\/\/positiveprints.com\/sv\/produkt\/dagen-du-doptes\/","url":"https:\/\/positiveprints.com\/sv\/produkt\/dagen-du-doptes\/","name":"Dagen du d\u00f6ptes - Present till dopet - Positive Prints","isPartOf":{"@id":"https:\/\/positiveprints.com\/sv\/#website"},"primaryImageOfPage":{"@id":"https:\/\/positiveprints.com\/sv\/produkt\/dagen-du-doptes\/#primaryimage"},"image":{"@id":"https:\/\/positiveprints.com\/sv\/produkt\/dagen-du-doptes\/#primaryimage"},"thumbnailUrl":"https:\/\/positiveprints.com\/wp-content\/uploads\/2025\/02\/Dagen-du-do\u0308ptes-1.webp","datePublished":"2023-01-25T10:19:52+00:00","dateModified":"2026-04-12T21:44:02+00:00","description":"Letar du efter en unik och speciell dopg\u00e5va? Titta inte l\u00e4ngre \u00e4n till v\u00e5r Dagen du d\u00f6ptes. Den perfekta g\u00e5van till gudf\u00f6r\u00e4ldrar eller gudbarn.","breadcrumb":{"@id":"https:\/\/positiveprints.com\/sv\/produkt\/dagen-du-doptes\/#breadcrumb"},"inLanguage":"sv-SE","potentialAction":[{"@type":"ReadAction","target":["https:\/\/positiveprints.com\/sv\/produkt\/dagen-du-doptes\/"]}]},{"@type":"ImageObject","inLanguage":"sv-SE","@id":"https:\/\/positiveprints.com\/sv\/produkt\/dagen-du-doptes\/#primaryimage","url":"https:\/\/positiveprints.com\/wp-content\/uploads\/2025\/02\/Dagen-du-do\u0308ptes-1.webp","contentUrl":"https:\/\/positiveprints.com\/wp-content\/uploads\/2025\/02\/Dagen-du-do\u0308ptes-1.webp","width":1450,"height":1450},{"@type":"BreadcrumbList","@id":"https:\/\/positiveprints.com\/sv\/produkt\/dagen-du-doptes\/#breadcrumb","itemListElement":[{"@type":"ListItem","position":1,"name":"Home","item":"https:\/\/positiveprints.com\/sv\/"},{"@type":"ListItem","position":2,"name":"Produkter","item":"https:\/\/positiveprints.com\/sv\/shop\/"},{"@type":"ListItem","position":3,"name":"Dagen du d\u00f6ptes"}]},{"@type":"WebSite","@id":"https:\/\/positiveprints.com\/sv\/#website","url":"https:\/\/positiveprints.com\/sv\/","name":"Positive Prints","description":"Amazing Custom Personalized Gifts","publisher":{"@id":"https:\/\/positiveprints.com\/sv\/#organization"},"potentialAction":[{"@type":"SearchAction","target":{"@type":"EntryPoint","urlTemplate":"https:\/\/positiveprints.com\/sv\/?s={search_term_string}"},"query-input":{"@type":"PropertyValueSpecification","valueRequired":true,"valueName":"search_term_string"}}],"inLanguage":"sv-SE"},{"@type":"Organization","@id":"https:\/\/positiveprints.com\/sv\/#organization","name":"Positive Prints","alternateName":"Positive Prints","url":"https:\/\/positiveprints.com\/sv\/","logo":{"@type":"ImageObject","inLanguage":"sv-SE","@id":"https:\/\/positiveprints.com\/sv\/#\/schema\/logo\/image\/","url":"https:\/\/positiveprints.com\/wp-content\/uploads\/2026\/03\/245815646_1337939713319158_5671353136411139666_n.png","contentUrl":"https:\/\/positiveprints.com\/wp-content\/uploads\/2026\/03\/245815646_1337939713319158_5671353136411139666_n.png","width":800,"height":800,"caption":"Positive Prints"},"image":{"@id":"https:\/\/positiveprints.com\/sv\/#\/schema\/logo\/image\/"},"sameAs":["https:\/\/www.facebook.com\/positiveprintscom","https:\/\/www.instagram.com\/positiveprintscom\/","https:\/\/www.tiktok.com\/@positiveprintscom","https:\/\/www.pinterest.com\/positiveprintscom\/"]}]}},"jetpack_sharing_enabled":true,"_links":{"self":[{"href":"https:\/\/positiveprints.com\/sv\/wp-json\/wp\/v2\/product\/400385","targetHints":{"allow":["GET"]}}],"collection":[{"href":"https:\/\/positiveprints.com\/sv\/wp-json\/wp\/v2\/product"}],"about":[{"href":"https:\/\/positiveprints.com\/sv\/wp-json\/wp\/v2\/types\/product"}],"wp:featuredmedia":[{"embeddable":true,"href":"https:\/\/positiveprints.com\/sv\/wp-json\/wp\/v2\/media\/1354246"}],"wp:attachment":[{"href":"https:\/\/positiveprints.com\/sv\/wp-json\/wp\/v2\/media?parent=400385"}],"wp:term":[{"taxonomy":"product_brand","embeddable":true,"href":"https:\/\/positiveprints.com\/sv\/wp-json\/wp\/v2\/product_brand?post=400385"},{"taxonomy":"product_cat","embeddable":true,"href":"https:\/\/positiveprints.com\/sv\/wp-json\/wp\/v2\/product_cat?post=400385"},{"taxonomy":"product_tag","embeddable":true,"href":"https:\/\/positiveprints.com\/sv\/wp-json\/wp\/v2\/product_tag?post=400385"}],"curies":[{"name":"wp","href":"https:\/\/api.w.org\/{rel}","templated":true}]}}