{"id":392363,"date":"2022-12-20T11:49:13","date_gmt":"2022-12-20T10:49:13","guid":{"rendered":"https:\/\/positiveprints.com\/?post_type=product&#038;p=392363"},"modified":"2026-04-12T22:45:21","modified_gmt":"2026-04-12T21:45:21","slug":"basta-van-karta","status":"publish","type":"product","link":"https:\/\/positiveprints.com\/sv\/produkt\/basta-van-karta\/","title":{"rendered":"B\u00e4sta v\u00e4n-karta"},"content":{"rendered":"<p style=\"margin-top: 1rem\">Visa din b\u00e4sta v\u00e4n hur speciell han eller hon \u00e4r med en personlig karta \u00f6ver b\u00e4sta v\u00e4nnen! Den h\u00e4r unika presenten \u00e4r ett perfekt s\u00e4tt att visa dem hur n\u00e4ra ni verkligen st\u00e5r varandra, oavsett avst\u00e5nd. Du kan lita p\u00e5 att du ger din b\u00e4sta v\u00e4n en present som de verkligen kommer att uppskatta i m\u00e5nga \u00e5r fram\u00f6ver.<\/p>\r\n\r\n\r\n\r\n<h2 class=\"grenB f24 cblue\" style=\"margin-top: 3rem\">Visa din v\u00e4n hur mycket deras v\u00e4nskap betyder f\u00f6r dig<\/h2>\r\n\r\n<p style=\"margin-top: 1rem\">V\u00e4nskap \u00e4r en av de starkaste krafterna i v\u00e4rlden, och det spelar ingen roll hur l\u00e5ngt tv\u00e5 m\u00e4nniskor \u00e4r ifr\u00e5n varandra &#8211; en sann v\u00e4nskap kan st\u00e5 emot alla avst\u00e5nd. N\u00e4r v\u00e4nner bor i olika st\u00e4der, delstater eller l\u00e4nder kan avst\u00e5ndet vara sv\u00e5rt att acceptera. Men vad det egentligen betyder \u00e4r att tv\u00e5 personer fortfarande bryr sig djupt om varandra \u00e4ven om de inte kan prata eller umg\u00e5s regelbundet. Avst\u00e5nd f\u00f6rsvagar inte relationen, det st\u00e4rker den &#8211; n\u00e4r tv\u00e5 v\u00e4nner \u00e5terf\u00f6renas efter att ha varit \u00e5tskilda ett tag finns det en outtalad f\u00f6rst\u00e5else och uppskattning av hur lyckliga de \u00e4r att \u00e4ntligen vara tillsammans igen! En b\u00e4sta v\u00e4n-karta \u00e4r det perfekta s\u00e4ttet att visa din v\u00e4n hur mycket deras v\u00e4nskap betyder f\u00f6r dig, oavsett avst\u00e5nd.<\/p>\r\n\r\n<h2 class=\"grenB f24 cblue\" style=\"margin-top: 3rem\">B\u00e4sta v\u00e4n-karta \u00e4r den perfekta presenten<\/h2>\r\n\r\n<p style=\"margin-top: 1rem\">Den h\u00e4r personliga kartan \u00f6ver b\u00e4sta v\u00e4nnen \u00e4r den perfekta presenten till den speciella b\u00e4sta v\u00e4nnen i ditt liv. Visa dem hur n\u00e4ra ni verkligen st\u00e5r varandra med tv\u00e5 kartor &#8211; en med din lokalisering och den andra med deras bostadsort. V\u00e4lj mellan olika m\u00f6nster och f\u00e4rger f\u00f6r att matcha din estetik, och l\u00e4gg till ett personligt textmeddelande som en extra speciell touch. Oavsett om du v\u00e4ljer en tryckt, inramad affisch eller canvas, eller en digital nedladdningsfil som laddas ner direkt &#8211; den h\u00e4r unika presenten kommer att f\u00e5 din v\u00e4n att k\u00e4nna sig riktigt speciell och l\u00e5ta honom eller henne veta hur mycket du bryr dig om honom eller henne. F\u00e5 din b\u00e4sta v\u00e4n att k\u00e4nna sig riktigt uppskattad med denna genomt\u00e4nkta och unika present. Med en karta \u00f6ver b\u00e4sta v\u00e4nnen kan du visa dem hur mycket deras v\u00e4nskap betyder f\u00f6r dig. Skaffa din i dag!<\/p>","protected":false},"excerpt":{"rendered":"<ul class=\"check-list\">\n<li>F\u00e5 tillbaka lyckliga minnen och visa din b\u00e4sta v\u00e4n hur mycket du uppskattar och v\u00e4rdes\u00e4tter det unika bandet mellan er tv\u00e5<\/li>\n<li>Markera tv\u00e5 speciella platser med utvalda symboler<\/li>\n<li>Anpassa i 3 enkla steg<\/li>\n<li>Inkludera en meningsfull personlig text<\/li>\n<li>Se resultatet direkt \u2013 den interaktiva f\u00f6rhandsvisningen l\u00e5ter dig finjustera varje detalj<\/li>\n<\/ul>\n","protected":false},"featured_media":1434550,"template":"","meta":[],"product_brand":[],"product_cat":[7459,9118,15046,8108,7838],"product_tag":[9378,15195,15196,9390,15197,15236,13489,13480,11007,8635,11873],"class_list":{"0":"post-392363","1":"product","2":"type-product","3":"status-publish","4":"has-post-thumbnail","6":"product_cat-alla-produkter","7":"product_cat-double-maps-sv","8":"product_cat-julklappar-for-vanner","9":"product_cat-julpresenter","10":"product_cat-gavor-till-vanner","11":"product_tag-basta-vanner","12":"product_tag-best-friend-sv","13":"product_tag-best-friends-forever-sv","14":"product_tag-besties-sv","15":"product_tag-bff-sv","16":"product_tag-galentines-day-sv-2","17":"product_tag-galentines-day-sv","18":"product_tag-julklappar-till-vanner","19":"product_tag-van","20":"product_tag-vaninnor","21":"product_tag-vanskap","23":"first","24":"instock","25":"sale","26":"taxable","27":"shipping-taxable","28":"purchasable","29":"product-type-variable"},"yoast_head":"<!-- This site is optimized with the Yoast SEO Premium plugin v27.2 (Yoast SEO v27.2) - https:\/\/yoast.com\/product\/yoast-seo-premium-wordpress\/ -->\n<title>B\u00e4sta v\u00e4n-karta - Positive Prints<\/title>\n<meta name=\"description\" content=\"Visa din b\u00e4sta v\u00e4n hur speciell han eller hon \u00e4r med en personlig karta \u00f6ver b\u00e4sta v\u00e4nnen!\" \/>\n<meta name=\"robots\" content=\"index, follow, max-snippet:-1, max-image-preview:large, max-video-preview:-1\" \/>\n<link rel=\"canonical\" href=\"https:\/\/positiveprints.com\/sv\/produkt\/basta-van-karta\/\" \/>\n<meta property=\"og:locale\" content=\"sv_SE\" \/>\n<meta property=\"og:type\" content=\"article\" \/>\n<meta property=\"og:title\" content=\"B\u00e4sta v\u00e4n-karta\" \/>\n<meta property=\"og:description\" content=\"F\u00e5 tillbaka lyckliga minnen och visa din b\u00e4sta v\u00e4n hur mycket du uppskattar och v\u00e4rdes\u00e4tter det unika bandet mellan er tv\u00e5 Markera tv\u00e5 speciella platser med utvalda symboler Anpassa i 3 enkla steg Inkludera en meningsfull personlig text Se resultatet direkt \u2013 den interaktiva f\u00f6rhandsvisningen l\u00e5ter dig finjustera varje detalj\" \/>\n<meta property=\"og:url\" content=\"https:\/\/positiveprints.com\/sv\/produkt\/basta-van-karta\/\" \/>\n<meta property=\"og:site_name\" content=\"Positive Prints\" \/>\n<meta property=\"article:publisher\" content=\"https:\/\/www.facebook.com\/positiveprintscom\" \/>\n<meta property=\"article:modified_time\" content=\"2026-04-12T21:45:21+00:00\" \/>\n<meta property=\"og:image\" content=\"https:\/\/positiveprints.com\/wp-content\/uploads\/2022\/12\/best-friend-map.jpg\" \/>\n\t<meta property=\"og:image:width\" content=\"1080\" \/>\n\t<meta property=\"og:image:height\" content=\"1080\" \/>\n\t<meta property=\"og:image:type\" content=\"image\/jpeg\" \/>\n<meta name=\"twitter:card\" content=\"summary_large_image\" \/>\n<meta name=\"twitter:label1\" content=\"Ber\u00e4knad l\u00e4stid\" \/>\n\t<meta name=\"twitter:data1\" content=\"2 minut\" \/>\n<!-- \/ Yoast SEO Premium plugin. -->","yoast_head_json":{"title":"B\u00e4sta v\u00e4n-karta - Positive Prints","description":"Visa din b\u00e4sta v\u00e4n hur speciell han eller hon \u00e4r med en personlig karta \u00f6ver b\u00e4sta v\u00e4nnen!","robots":{"index":"index","follow":"follow","max-snippet":"max-snippet:-1","max-image-preview":"max-image-preview:large","max-video-preview":"max-video-preview:-1"},"canonical":"https:\/\/positiveprints.com\/sv\/produkt\/basta-van-karta\/","og_locale":"sv_SE","og_type":"article","og_title":"B\u00e4sta v\u00e4n-karta","og_description":"F\u00e5 tillbaka lyckliga minnen och visa din b\u00e4sta v\u00e4n hur mycket du uppskattar och v\u00e4rdes\u00e4tter det unika bandet mellan er tv\u00e5 Markera tv\u00e5 speciella platser med utvalda symboler Anpassa i 3 enkla steg Inkludera en meningsfull personlig text Se resultatet direkt \u2013 den interaktiva f\u00f6rhandsvisningen l\u00e5ter dig finjustera varje detalj","og_url":"https:\/\/positiveprints.com\/sv\/produkt\/basta-van-karta\/","og_site_name":"Positive Prints","article_publisher":"https:\/\/www.facebook.com\/positiveprintscom","article_modified_time":"2026-04-12T21:45:21+00:00","og_image":[{"width":1080,"height":1080,"url":"https:\/\/positiveprints.com\/wp-content\/uploads\/2022\/12\/best-friend-map.jpg","type":"image\/jpeg"}],"twitter_card":"summary_large_image","twitter_misc":{"Ber\u00e4knad l\u00e4stid":"2 minut"},"schema":{"@context":"https:\/\/schema.org","@graph":[{"@type":["WebPage","ItemPage"],"@id":"https:\/\/positiveprints.com\/sv\/produkt\/basta-van-karta\/","url":"https:\/\/positiveprints.com\/sv\/produkt\/basta-van-karta\/","name":"B\u00e4sta v\u00e4n-karta - Positive Prints","isPartOf":{"@id":"https:\/\/positiveprints.com\/sv\/#website"},"primaryImageOfPage":{"@id":"https:\/\/positiveprints.com\/sv\/produkt\/basta-van-karta\/#primaryimage"},"image":{"@id":"https:\/\/positiveprints.com\/sv\/produkt\/basta-van-karta\/#primaryimage"},"thumbnailUrl":"https:\/\/positiveprints.com\/wp-content\/uploads\/2025\/05\/Ba\u0308sta-va\u0308n-karta-1.webp","datePublished":"2022-12-20T10:49:13+00:00","dateModified":"2026-04-12T21:45:21+00:00","description":"Visa din b\u00e4sta v\u00e4n hur speciell han eller hon \u00e4r med en personlig karta \u00f6ver b\u00e4sta v\u00e4nnen!","breadcrumb":{"@id":"https:\/\/positiveprints.com\/sv\/produkt\/basta-van-karta\/#breadcrumb"},"inLanguage":"sv-SE","potentialAction":[{"@type":"ReadAction","target":["https:\/\/positiveprints.com\/sv\/produkt\/basta-van-karta\/"]}]},{"@type":"ImageObject","inLanguage":"sv-SE","@id":"https:\/\/positiveprints.com\/sv\/produkt\/basta-van-karta\/#primaryimage","url":"https:\/\/positiveprints.com\/wp-content\/uploads\/2025\/05\/Ba\u0308sta-va\u0308n-karta-1.webp","contentUrl":"https:\/\/positiveprints.com\/wp-content\/uploads\/2025\/05\/Ba\u0308sta-va\u0308n-karta-1.webp","width":1450,"height":1450,"caption":"Ba\u0308sta va\u0308n-karta 1"},{"@type":"BreadcrumbList","@id":"https:\/\/positiveprints.com\/sv\/produkt\/basta-van-karta\/#breadcrumb","itemListElement":[{"@type":"ListItem","position":1,"name":"Home","item":"https:\/\/positiveprints.com\/sv\/"},{"@type":"ListItem","position":2,"name":"Produkter","item":"https:\/\/positiveprints.com\/sv\/shop\/"},{"@type":"ListItem","position":3,"name":"B\u00e4sta v\u00e4n-karta"}]},{"@type":"WebSite","@id":"https:\/\/positiveprints.com\/sv\/#website","url":"https:\/\/positiveprints.com\/sv\/","name":"Positive Prints","description":"Amazing Custom Personalized Gifts","publisher":{"@id":"https:\/\/positiveprints.com\/sv\/#organization"},"potentialAction":[{"@type":"SearchAction","target":{"@type":"EntryPoint","urlTemplate":"https:\/\/positiveprints.com\/sv\/?s={search_term_string}"},"query-input":{"@type":"PropertyValueSpecification","valueRequired":true,"valueName":"search_term_string"}}],"inLanguage":"sv-SE"},{"@type":"Organization","@id":"https:\/\/positiveprints.com\/sv\/#organization","name":"Positive Prints","alternateName":"Positive Prints","url":"https:\/\/positiveprints.com\/sv\/","logo":{"@type":"ImageObject","inLanguage":"sv-SE","@id":"https:\/\/positiveprints.com\/sv\/#\/schema\/logo\/image\/","url":"https:\/\/positiveprints.com\/wp-content\/uploads\/2026\/03\/245815646_1337939713319158_5671353136411139666_n.png","contentUrl":"https:\/\/positiveprints.com\/wp-content\/uploads\/2026\/03\/245815646_1337939713319158_5671353136411139666_n.png","width":800,"height":800,"caption":"Positive Prints"},"image":{"@id":"https:\/\/positiveprints.com\/sv\/#\/schema\/logo\/image\/"},"sameAs":["https:\/\/www.facebook.com\/positiveprintscom","https:\/\/www.instagram.com\/positiveprintscom\/","https:\/\/www.tiktok.com\/@positiveprintscom","https:\/\/www.pinterest.com\/positiveprintscom\/"]}]}},"jetpack_sharing_enabled":true,"_links":{"self":[{"href":"https:\/\/positiveprints.com\/sv\/wp-json\/wp\/v2\/product\/392363","targetHints":{"allow":["GET"]}}],"collection":[{"href":"https:\/\/positiveprints.com\/sv\/wp-json\/wp\/v2\/product"}],"about":[{"href":"https:\/\/positiveprints.com\/sv\/wp-json\/wp\/v2\/types\/product"}],"wp:featuredmedia":[{"embeddable":true,"href":"https:\/\/positiveprints.com\/sv\/wp-json\/wp\/v2\/media\/1434550"}],"wp:attachment":[{"href":"https:\/\/positiveprints.com\/sv\/wp-json\/wp\/v2\/media?parent=392363"}],"wp:term":[{"taxonomy":"product_brand","embeddable":true,"href":"https:\/\/positiveprints.com\/sv\/wp-json\/wp\/v2\/product_brand?post=392363"},{"taxonomy":"product_cat","embeddable":true,"href":"https:\/\/positiveprints.com\/sv\/wp-json\/wp\/v2\/product_cat?post=392363"},{"taxonomy":"product_tag","embeddable":true,"href":"https:\/\/positiveprints.com\/sv\/wp-json\/wp\/v2\/product_tag?post=392363"}],"curies":[{"name":"wp","href":"https:\/\/api.w.org\/{rel}","templated":true}]}}