{"id":392286,"date":"2022-12-07T09:12:30","date_gmt":"2022-12-07T08:12:30","guid":{"rendered":"https:\/\/positiveprints.com\/?post_type=product&#038;p=392286"},"modified":"2026-04-07T15:25:20","modified_gmt":"2026-04-07T14:25:20","slug":"karlekskarta","status":"publish","type":"product","link":"https:\/\/positiveprints.com\/sv\/produkt\/karlekskarta\/","title":{"rendered":"K\u00e4rlekskarta"},"content":{"rendered":"<p style=\"margin-top: 1rem\">Ta k\u00e4rleken till en helt ny niv\u00e5 med v\u00e5r k\u00e4rlekskarta! Oavsett om du och din \u00e4lskade vuxit upp p\u00e5 tv\u00e5 olika platser eller om det finns betydelsefulla platser som ni alltid kommer att minnas tillsammans, kan du med K\u00e4rlekskartan minnas b\u00e5da dessa platser i en unik minnesg\u00e5va.<\/p>\r\n\r\n\r\n<h2 class=\"grenB f24 cblue\" style=\"margin-top: 3rem\">Platser som \u00e4r viktiga f\u00f6r dig och din k\u00e4rlek<\/h2>\r\n\r\n<p style=\"margin-top: 1rem\">Det \u00e4r n\u00e5got s\u00e5 speciellt med platser som har djupa, meningsfulla k\u00e4rlekshistorier bakom sig f\u00f6r dig och din partner. Oavsett om det \u00e4r platsen d\u00e4r ni v\u00e4xte upp, d\u00e4r ni tr\u00e4ffades f\u00f6rsta g\u00e5ngen, hade er f\u00f6rsta kyss, f\u00f6rlovade er eller gifte er, eller till och med platsen f\u00f6r ert f\u00f6rsta hem tillsammans &#8211; dessa platser \u00e4r en viktig del av det som binder tv\u00e5 f\u00f6r\u00e4lskade m\u00e4nniskor samman.<\/p>\r\n\r\n<p style=\"margin-top: 1rem\">K\u00e4rlek suddar ut allt annat och kan f\u00e5 sm\u00e5 \u00f6gonblick att se ut som monumentala \u00f6gonblick. Genom att minnas platser som dessa kommer dessa \u00f6gonblick att bevaras f\u00f6r evigt. Oavsett om det handlar om att \u00e5terv\u00e4nda f\u00f6r att bes\u00f6ka dem ibland eller bara dela minnena med varandra p\u00e5 n\u00e4tet, kommer minnet av de platser som knyter ihop tv\u00e5 \u00e4lskande att f\u00f6ra in mer k\u00e4rlek i ert f\u00f6rh\u00e5llande &#8211; och i resten av ert liv.<\/p>\r\n\r\n\r\n<h2 class=\"grenB f24 cblue\" style=\"margin-top: 3rem\">Anpassa din k\u00e4rlekskarta<\/h2>\r\n\r\n<p style=\"margin-top: 1rem\">Visa din k\u00e4rlek med en k\u00e4rlekskarta! Dessa personliga kartor visar tv\u00e5 platser &#8211; din och din \u00e4lskades. En hj\u00e4rtformad karta som visar de platser d\u00e4r ni v\u00e4xte upp tillsammans med varandra \u00e4r ett vackert s\u00e4tt att minnas er k\u00e4rlekshistoria.<\/p>\r\n\r\n<p style=\"margin-top: 1rem\">Anpassa affischen eller dukutskriften ytterligare med f\u00e4rger och text f\u00f6r att skapa en unik tolkning av k\u00e4rlek i visualisering. N\u00e4r du \u00e4r klar kan du best\u00e4lla den som antingen inramade tryck, dukar, digitala filer eller bara vanliga affischer &#8211; vad som \u00e4n passar din smak! F\u00e5nga alla speciella stunder tillsammans genom att bevara k\u00e4rleken med en k\u00e4rlekskarta!<\/p>","protected":false},"excerpt":{"rendered":"<ul class=\"check-list\">\n<li>F\u00e5nga essensen av tv\u00e5 speciella platser med v\u00e5r personliga kartposter<\/li>\n<li>Markera tv\u00e5 speciella platser med utvalda symboler<\/li>\n<li>Anpassa i 3 enkla steg<\/li>\n<li>Inkludera en meningsfull personlig text<\/li>\n<li>Se resultatet direkt \u2013 den interaktiva f\u00f6rhandsvisningen l\u00e5ter dig finjustera varje detalj<\/li>\n<\/ul>\n","protected":false},"featured_media":1476226,"template":"","meta":[],"product_brand":[],"product_cat":[8116,11251,11252,7459,11190,11191,11192,7934,9118,7694,8014,8114,7647,7790,7758,8188,8214,7679],"product_tag":[8527],"class_list":{"0":"post-392286","1":"product","2":"type-product","3":"status-publish","4":"has-post-thumbnail","6":"product_cat-gava-pa-alla-hjartans-dag","7":"product_cat-alla-hjartans-dag-presenter-for-henne","8":"product_cat-alla-hjartans-dag-presenter-for-honom","9":"product_cat-alla-produkter","10":"product_cat-arsdagspresenter-till-henne","11":"product_cat-arsdagspresenter-till-honom","12":"product_cat-arsdagspresenter-till-par","13":"product_cat-gavor-till-brollopsdusch","14":"product_cat-double-maps-sv","15":"product_cat-gavor-for-kvinnor","16":"product_cat-gavor-for-man","17":"product_cat-jubileumspresent-presenttillfallen","18":"product_cat-gavor-till-din-man","19":"product_cat-gavor-till-flickvannen","20":"product_cat-gavor-till-fru","21":"product_cat-till-henne","22":"product_cat-till-honom","23":"product_cat-gavor-till-pojkvannen","24":"product_tag-couples-sv","26":"first","27":"instock","28":"sale","29":"taxable","30":"shipping-taxable","31":"purchasable","32":"product-type-variable"},"yoast_head":"<!-- This site is optimized with the Yoast SEO Premium plugin v27.2 (Yoast SEO v27.2) - https:\/\/yoast.com\/product\/yoast-seo-premium-wordpress\/ -->\n<title>K\u00e4rlekskarta - Positive Prints<\/title>\n<meta name=\"description\" content=\"Ta k\u00e4rleken till en helt ny niv\u00e5 med v\u00e5r k\u00e4rlekskarta! F\u00e5nga alla speciella stunder tillsammans genom att bevara k\u00e4rleken med en k\u00e4rlekskarta!\" \/>\n<meta name=\"robots\" content=\"index, follow, max-snippet:-1, max-image-preview:large, max-video-preview:-1\" \/>\n<link rel=\"canonical\" href=\"https:\/\/positiveprints.com\/sv\/produkt\/karlekskarta\/\" \/>\n<meta property=\"og:locale\" content=\"sv_SE\" \/>\n<meta property=\"og:type\" content=\"article\" \/>\n<meta property=\"og:title\" content=\"K\u00e4rlekskarta\" \/>\n<meta property=\"og:description\" content=\"F\u00e5nga essensen av tv\u00e5 speciella platser med v\u00e5r personliga kartposter Markera tv\u00e5 speciella platser med utvalda symboler Anpassa i 3 enkla steg Inkludera en meningsfull personlig text Se resultatet direkt \u2013 den interaktiva f\u00f6rhandsvisningen l\u00e5ter dig finjustera varje detalj\" \/>\n<meta property=\"og:url\" content=\"https:\/\/positiveprints.com\/sv\/produkt\/karlekskarta\/\" \/>\n<meta property=\"og:site_name\" content=\"Positive Prints\" \/>\n<meta property=\"article:publisher\" content=\"https:\/\/www.facebook.com\/positiveprintscom\" \/>\n<meta property=\"article:modified_time\" content=\"2026-04-07T14:25:20+00:00\" \/>\n<meta property=\"og:image\" content=\"https:\/\/positiveprints.com\/wp-content\/uploads\/2022\/12\/love-map-print.jpg\" \/>\n\t<meta property=\"og:image:width\" content=\"1080\" \/>\n\t<meta property=\"og:image:height\" content=\"1080\" \/>\n\t<meta property=\"og:image:type\" content=\"image\/jpeg\" \/>\n<meta name=\"twitter:card\" content=\"summary_large_image\" \/>\n<meta name=\"twitter:label1\" content=\"Ber\u00e4knad l\u00e4stid\" \/>\n\t<meta name=\"twitter:data1\" content=\"2 minut\" \/>\n<!-- \/ Yoast SEO Premium plugin. -->","yoast_head_json":{"title":"K\u00e4rlekskarta - Positive Prints","description":"Ta k\u00e4rleken till en helt ny niv\u00e5 med v\u00e5r k\u00e4rlekskarta! F\u00e5nga alla speciella stunder tillsammans genom att bevara k\u00e4rleken med en k\u00e4rlekskarta!","robots":{"index":"index","follow":"follow","max-snippet":"max-snippet:-1","max-image-preview":"max-image-preview:large","max-video-preview":"max-video-preview:-1"},"canonical":"https:\/\/positiveprints.com\/sv\/produkt\/karlekskarta\/","og_locale":"sv_SE","og_type":"article","og_title":"K\u00e4rlekskarta","og_description":"F\u00e5nga essensen av tv\u00e5 speciella platser med v\u00e5r personliga kartposter Markera tv\u00e5 speciella platser med utvalda symboler Anpassa i 3 enkla steg Inkludera en meningsfull personlig text Se resultatet direkt \u2013 den interaktiva f\u00f6rhandsvisningen l\u00e5ter dig finjustera varje detalj","og_url":"https:\/\/positiveprints.com\/sv\/produkt\/karlekskarta\/","og_site_name":"Positive Prints","article_publisher":"https:\/\/www.facebook.com\/positiveprintscom","article_modified_time":"2026-04-07T14:25:20+00:00","og_image":[{"width":1080,"height":1080,"url":"https:\/\/positiveprints.com\/wp-content\/uploads\/2022\/12\/love-map-print.jpg","type":"image\/jpeg"}],"twitter_card":"summary_large_image","twitter_misc":{"Ber\u00e4knad l\u00e4stid":"2 minut"},"schema":{"@context":"https:\/\/schema.org","@graph":[{"@type":["WebPage","ItemPage"],"@id":"https:\/\/positiveprints.com\/sv\/produkt\/karlekskarta\/","url":"https:\/\/positiveprints.com\/sv\/produkt\/karlekskarta\/","name":"K\u00e4rlekskarta - Positive Prints","isPartOf":{"@id":"https:\/\/positiveprints.com\/sv\/#website"},"primaryImageOfPage":{"@id":"https:\/\/positiveprints.com\/sv\/produkt\/karlekskarta\/#primaryimage"},"image":{"@id":"https:\/\/positiveprints.com\/sv\/produkt\/karlekskarta\/#primaryimage"},"thumbnailUrl":"https:\/\/positiveprints.com\/wp-content\/uploads\/2025\/07\/Packshot_SE_Ka\u0308rlekskarta.webp","datePublished":"2022-12-07T08:12:30+00:00","dateModified":"2026-04-07T14:25:20+00:00","description":"Ta k\u00e4rleken till en helt ny niv\u00e5 med v\u00e5r k\u00e4rlekskarta! F\u00e5nga alla speciella stunder tillsammans genom att bevara k\u00e4rleken med en k\u00e4rlekskarta!","breadcrumb":{"@id":"https:\/\/positiveprints.com\/sv\/produkt\/karlekskarta\/#breadcrumb"},"inLanguage":"sv-SE","potentialAction":[{"@type":"ReadAction","target":["https:\/\/positiveprints.com\/sv\/produkt\/karlekskarta\/"]}]},{"@type":"ImageObject","inLanguage":"sv-SE","@id":"https:\/\/positiveprints.com\/sv\/produkt\/karlekskarta\/#primaryimage","url":"https:\/\/positiveprints.com\/wp-content\/uploads\/2025\/07\/Packshot_SE_Ka\u0308rlekskarta.webp","contentUrl":"https:\/\/positiveprints.com\/wp-content\/uploads\/2025\/07\/Packshot_SE_Ka\u0308rlekskarta.webp","width":1450,"height":1450,"caption":"Packshot_SE_Ka\u0308rlekskarta"},{"@type":"BreadcrumbList","@id":"https:\/\/positiveprints.com\/sv\/produkt\/karlekskarta\/#breadcrumb","itemListElement":[{"@type":"ListItem","position":1,"name":"Home","item":"https:\/\/positiveprints.com\/sv\/"},{"@type":"ListItem","position":2,"name":"Produkter","item":"https:\/\/positiveprints.com\/sv\/shop\/"},{"@type":"ListItem","position":3,"name":"K\u00e4rlekskarta"}]},{"@type":"WebSite","@id":"https:\/\/positiveprints.com\/sv\/#website","url":"https:\/\/positiveprints.com\/sv\/","name":"Positive Prints","description":"Amazing Custom Personalized Gifts","publisher":{"@id":"https:\/\/positiveprints.com\/sv\/#organization"},"potentialAction":[{"@type":"SearchAction","target":{"@type":"EntryPoint","urlTemplate":"https:\/\/positiveprints.com\/sv\/?s={search_term_string}"},"query-input":{"@type":"PropertyValueSpecification","valueRequired":true,"valueName":"search_term_string"}}],"inLanguage":"sv-SE"},{"@type":"Organization","@id":"https:\/\/positiveprints.com\/sv\/#organization","name":"Positive Prints","alternateName":"Positive Prints","url":"https:\/\/positiveprints.com\/sv\/","logo":{"@type":"ImageObject","inLanguage":"sv-SE","@id":"https:\/\/positiveprints.com\/sv\/#\/schema\/logo\/image\/","url":"https:\/\/positiveprints.com\/wp-content\/uploads\/2026\/03\/245815646_1337939713319158_5671353136411139666_n.png","contentUrl":"https:\/\/positiveprints.com\/wp-content\/uploads\/2026\/03\/245815646_1337939713319158_5671353136411139666_n.png","width":800,"height":800,"caption":"Positive Prints"},"image":{"@id":"https:\/\/positiveprints.com\/sv\/#\/schema\/logo\/image\/"},"sameAs":["https:\/\/www.facebook.com\/positiveprintscom","https:\/\/www.instagram.com\/positiveprintscom\/","https:\/\/www.tiktok.com\/@positiveprintscom","https:\/\/www.pinterest.com\/positiveprintscom\/"]}]}},"jetpack_sharing_enabled":true,"_links":{"self":[{"href":"https:\/\/positiveprints.com\/sv\/wp-json\/wp\/v2\/product\/392286","targetHints":{"allow":["GET"]}}],"collection":[{"href":"https:\/\/positiveprints.com\/sv\/wp-json\/wp\/v2\/product"}],"about":[{"href":"https:\/\/positiveprints.com\/sv\/wp-json\/wp\/v2\/types\/product"}],"wp:featuredmedia":[{"embeddable":true,"href":"https:\/\/positiveprints.com\/sv\/wp-json\/wp\/v2\/media\/1476226"}],"wp:attachment":[{"href":"https:\/\/positiveprints.com\/sv\/wp-json\/wp\/v2\/media?parent=392286"}],"wp:term":[{"taxonomy":"product_brand","embeddable":true,"href":"https:\/\/positiveprints.com\/sv\/wp-json\/wp\/v2\/product_brand?post=392286"},{"taxonomy":"product_cat","embeddable":true,"href":"https:\/\/positiveprints.com\/sv\/wp-json\/wp\/v2\/product_cat?post=392286"},{"taxonomy":"product_tag","embeddable":true,"href":"https:\/\/positiveprints.com\/sv\/wp-json\/wp\/v2\/product_tag?post=392286"}],"curies":[{"name":"wp","href":"https:\/\/api.w.org\/{rel}","templated":true}]}}