{"id":392254,"date":"2022-12-01T21:19:09","date_gmt":"2022-12-01T20:19:09","guid":{"rendered":"https:\/\/positiveprints.com\/?post_type=product&#038;p=392254"},"modified":"2026-04-12T22:47:58","modified_gmt":"2026-04-12T21:47:58","slug":"till-min-sjalsfrande","status":"publish","type":"product","link":"https:\/\/positiveprints.com\/sv\/produkt\/till-min-sjalsfrande\/","title":{"rendered":"Till min sj\u00e4lsfr\u00e4nde"},"content":{"rendered":"<p>Vad ser du n\u00e4r du tittar p\u00e5 natthimlen? Ser du universums vidd och k\u00e4nner dig liten i j\u00e4mf\u00f6relse? Eller ser du stj\u00e4rnornas sk\u00f6nhet och majest\u00e4t och k\u00e4nner dig inspirerad? F\u00f6r mig \u00e4r att titta p\u00e5 natthimlen en p\u00e5minnelse om att det finns n\u00e5gon d\u00e4r ute f\u00f6r mig. N\u00e5gon som ser samma sk\u00f6nhet i stj\u00e4rnorna som jag g\u00f6r. N\u00e5gon som k\u00e4nner en djup koppling till universum och till mig. Det \u00e4r som att titta in i natthimlen och se min sj\u00e4lsfr\u00e4nde reflektera tillbaka p\u00e5 mig. <\/p>\r\n\r\n<h2 class=\"grenB f24 cblue\" style=\"margin-top: 3rem\">V\u00e5r perfekta matchning<\/h2>\r\n\r\n<p style=\"margin-top: 1rem\">En sj\u00e4lsfr\u00e4nde \u00e4r en person som vi har en djup och stark kontakt med. Den h\u00e4r personen f\u00f6rst\u00e5r och \u00e4lskar oss villkorsl\u00f6st och \u00e4r v\u00e5r perfekta partner. Sj\u00e4lsfr\u00e4nder hj\u00e4lper oss att v\u00e4xa och utvecklas, och de utmanar oss att bli de b\u00e4sta versionerna av oss sj\u00e4lva. De f\u00e5r oss ocks\u00e5 att k\u00e4nna oss kompletta och hela.<\/p>\r\n\r\n<p style=\"margin-top: 1rem\">N\u00e4r du har hittat din sj\u00e4lsfr\u00e4nde \u00e4r det viktigt att v\u00e5rda och v\u00e5rda den relationen. Sj\u00e4lsfr\u00e4nder \u00e4r s\u00e4llsynta och speciella, s\u00e5 det \u00e4r viktigt att behandla dem med omsorg. Tillbringa tid tillsammans med saker som ni b\u00e5da tycker om och se till att kommunicera \u00f6ppet och \u00e4rligt med varandra. Sj\u00e4lsfr\u00e4nder \u00e4r en m\u00f6jlighet som man bara f\u00e5r en g\u00e5ng i livet, s\u00e5 se till att v\u00e4rdes\u00e4tta dem!<\/p>\r\n\r\n<h2 class=\"grenB f24 cblue\" style=\"margin-top: 3rem\">Till min sj\u00e4lsfr\u00e4nde Personligt tryck<\/h2>\r\n\r\n<p style=\"margin-top: 1rem\">Letar du efter en unik och romantisk present till din sj\u00e4lsfr\u00e4nde? Titta inte l\u00e4ngre \u00e4n till &#8220;Till min sj\u00e4lsfr\u00e4nde&#8221;! Den h\u00e4r personliga affischen eller duken visar en vacker natthimmel fr\u00e5n ett speciellt datum och en speciell plats, tillsammans med din egen personliga text. Du kan till och med v\u00e4lja f\u00e4rgerna p\u00e5 trycket f\u00f6r att matcha din sj\u00e4lsfr\u00e4nders favoritf\u00e4rger. Oavsett om du best\u00e4ller en tryckt affisch, ett inramat tryck, en canvas eller en digital fil kommer detta garanterat att bli en g\u00e5va som din sj\u00e4lsfr\u00e4nde kommer att uppskatta f\u00f6r alltid. S\u00e5 v\u00e4nta inte l\u00e4ngre, best\u00e4ll &#8220;Till min sj\u00e4lsfr\u00e4nde&#8221; idag!<\/p>","protected":false},"excerpt":{"rendered":"<ul class=\"check-list\">\n<li>Fira din sj\u00e4lsfr\u00e4nde med en personlig stj\u00e4rnkarta som f\u00e5ngar magin i er f\u00f6rbindelse<\/li>\n<li>L\u00e4gg till planeter, konstellationer och Vintergatan <\/li>\n<li>Anpassa i 3 enkla steg<\/li>\n<li>Inkludera en meningsfull personlig text<\/li>\n<li>Se resultatet direkt \u2013 den interaktiva f\u00f6rhandsvisningen l\u00e5ter dig finjustera varje detalj<\/li>\n<\/ul>\n","protected":false},"featured_media":1333061,"template":"","meta":[],"product_brand":[],"product_cat":[7459,8014,7694,8218,11251],"product_tag":[8527],"class_list":{"0":"post-392254","1":"product","2":"type-product","3":"status-publish","4":"has-post-thumbnail","6":"product_cat-alla-produkter","7":"product_cat-gavor-for-man","8":"product_cat-gavor-for-kvinnor","9":"product_cat-star-sv","10":"product_cat-alla-hjartans-dag-presenter-for-henne","11":"product_tag-couples-sv","13":"first","14":"instock","15":"sale","16":"taxable","17":"shipping-taxable","18":"purchasable","19":"product-type-variable"},"yoast_head":"<!-- This site is optimized with the Yoast SEO Premium plugin v27.2 (Yoast SEO v27.2) - https:\/\/yoast.com\/product\/yoast-seo-premium-wordpress\/ -->\n<title>Till min sj\u00e4lsfr\u00e4nde - Positive Prints<\/title>\n<meta name=\"description\" content=\"Letar du efter en unik och romantisk present till din sj\u00e4lsfr\u00e4nde? Titta inte l\u00e4ngre \u00e4n till Till min sj\u00e4lsfr\u00e4nde!\" \/>\n<meta name=\"robots\" content=\"index, follow, max-snippet:-1, max-image-preview:large, max-video-preview:-1\" \/>\n<link rel=\"canonical\" href=\"https:\/\/positiveprints.com\/sv\/produkt\/till-min-sjalsfrande\/\" \/>\n<meta property=\"og:locale\" content=\"sv_SE\" \/>\n<meta property=\"og:type\" content=\"article\" \/>\n<meta property=\"og:title\" content=\"Till min sj\u00e4lsfr\u00e4nde\" \/>\n<meta property=\"og:description\" content=\"Fira din sj\u00e4lsfr\u00e4nde med en personlig stj\u00e4rnkarta som f\u00e5ngar magin i er f\u00f6rbindelse L\u00e4gg till planeter, konstellationer och Vintergatan  Anpassa i 3 enkla steg Inkludera en meningsfull personlig text Se resultatet direkt \u2013 den interaktiva f\u00f6rhandsvisningen l\u00e5ter dig finjustera varje detalj\" \/>\n<meta property=\"og:url\" content=\"https:\/\/positiveprints.com\/sv\/produkt\/till-min-sjalsfrande\/\" \/>\n<meta property=\"og:site_name\" content=\"Positive Prints\" \/>\n<meta property=\"article:publisher\" content=\"https:\/\/www.facebook.com\/positiveprintscom\" \/>\n<meta property=\"article:modified_time\" content=\"2026-04-12T21:47:58+00:00\" \/>\n<meta property=\"og:image\" content=\"https:\/\/positiveprints.com\/wp-content\/uploads\/2025\/01\/Till-min-sja\u0308lsfra\u0308nde-1.webp\" \/>\n\t<meta property=\"og:image:width\" content=\"1450\" \/>\n\t<meta property=\"og:image:height\" content=\"1450\" \/>\n\t<meta property=\"og:image:type\" content=\"image\/webp\" \/>\n<meta name=\"twitter:card\" content=\"summary_large_image\" \/>\n<meta name=\"twitter:label1\" content=\"Ber\u00e4knad l\u00e4stid\" \/>\n\t<meta name=\"twitter:data1\" content=\"2 minut\" \/>\n<!-- \/ Yoast SEO Premium plugin. -->","yoast_head_json":{"title":"Till min sj\u00e4lsfr\u00e4nde - Positive Prints","description":"Letar du efter en unik och romantisk present till din sj\u00e4lsfr\u00e4nde? Titta inte l\u00e4ngre \u00e4n till Till min sj\u00e4lsfr\u00e4nde!","robots":{"index":"index","follow":"follow","max-snippet":"max-snippet:-1","max-image-preview":"max-image-preview:large","max-video-preview":"max-video-preview:-1"},"canonical":"https:\/\/positiveprints.com\/sv\/produkt\/till-min-sjalsfrande\/","og_locale":"sv_SE","og_type":"article","og_title":"Till min sj\u00e4lsfr\u00e4nde","og_description":"Fira din sj\u00e4lsfr\u00e4nde med en personlig stj\u00e4rnkarta som f\u00e5ngar magin i er f\u00f6rbindelse L\u00e4gg till planeter, konstellationer och Vintergatan  Anpassa i 3 enkla steg Inkludera en meningsfull personlig text Se resultatet direkt \u2013 den interaktiva f\u00f6rhandsvisningen l\u00e5ter dig finjustera varje detalj","og_url":"https:\/\/positiveprints.com\/sv\/produkt\/till-min-sjalsfrande\/","og_site_name":"Positive Prints","article_publisher":"https:\/\/www.facebook.com\/positiveprintscom","article_modified_time":"2026-04-12T21:47:58+00:00","og_image":[{"width":1450,"height":1450,"url":"https:\/\/positiveprints.com\/wp-content\/uploads\/2025\/01\/Till-min-sja\u0308lsfra\u0308nde-1.webp","type":"image\/webp"}],"twitter_card":"summary_large_image","twitter_misc":{"Ber\u00e4knad l\u00e4stid":"2 minut"},"schema":{"@context":"https:\/\/schema.org","@graph":[{"@type":["WebPage","ItemPage"],"@id":"https:\/\/positiveprints.com\/sv\/produkt\/till-min-sjalsfrande\/","url":"https:\/\/positiveprints.com\/sv\/produkt\/till-min-sjalsfrande\/","name":"Till min sj\u00e4lsfr\u00e4nde - Positive Prints","isPartOf":{"@id":"https:\/\/positiveprints.com\/sv\/#website"},"primaryImageOfPage":{"@id":"https:\/\/positiveprints.com\/sv\/produkt\/till-min-sjalsfrande\/#primaryimage"},"image":{"@id":"https:\/\/positiveprints.com\/sv\/produkt\/till-min-sjalsfrande\/#primaryimage"},"thumbnailUrl":"https:\/\/positiveprints.com\/wp-content\/uploads\/2025\/01\/Till-min-sja\u0308lsfra\u0308nde-1.webp","datePublished":"2022-12-01T20:19:09+00:00","dateModified":"2026-04-12T21:47:58+00:00","description":"Letar du efter en unik och romantisk present till din sj\u00e4lsfr\u00e4nde? Titta inte l\u00e4ngre \u00e4n till Till min sj\u00e4lsfr\u00e4nde!","breadcrumb":{"@id":"https:\/\/positiveprints.com\/sv\/produkt\/till-min-sjalsfrande\/#breadcrumb"},"inLanguage":"sv-SE","potentialAction":[{"@type":"ReadAction","target":["https:\/\/positiveprints.com\/sv\/produkt\/till-min-sjalsfrande\/"]}]},{"@type":"ImageObject","inLanguage":"sv-SE","@id":"https:\/\/positiveprints.com\/sv\/produkt\/till-min-sjalsfrande\/#primaryimage","url":"https:\/\/positiveprints.com\/wp-content\/uploads\/2025\/01\/Till-min-sja\u0308lsfra\u0308nde-1.webp","contentUrl":"https:\/\/positiveprints.com\/wp-content\/uploads\/2025\/01\/Till-min-sja\u0308lsfra\u0308nde-1.webp","width":1450,"height":1450},{"@type":"BreadcrumbList","@id":"https:\/\/positiveprints.com\/sv\/produkt\/till-min-sjalsfrande\/#breadcrumb","itemListElement":[{"@type":"ListItem","position":1,"name":"Home","item":"https:\/\/positiveprints.com\/sv\/"},{"@type":"ListItem","position":2,"name":"Produkter","item":"https:\/\/positiveprints.com\/sv\/shop\/"},{"@type":"ListItem","position":3,"name":"Till min sj\u00e4lsfr\u00e4nde"}]},{"@type":"WebSite","@id":"https:\/\/positiveprints.com\/sv\/#website","url":"https:\/\/positiveprints.com\/sv\/","name":"Positive Prints","description":"Amazing Custom Personalized Gifts","publisher":{"@id":"https:\/\/positiveprints.com\/sv\/#organization"},"potentialAction":[{"@type":"SearchAction","target":{"@type":"EntryPoint","urlTemplate":"https:\/\/positiveprints.com\/sv\/?s={search_term_string}"},"query-input":{"@type":"PropertyValueSpecification","valueRequired":true,"valueName":"search_term_string"}}],"inLanguage":"sv-SE"},{"@type":"Organization","@id":"https:\/\/positiveprints.com\/sv\/#organization","name":"Positive Prints","alternateName":"Positive Prints","url":"https:\/\/positiveprints.com\/sv\/","logo":{"@type":"ImageObject","inLanguage":"sv-SE","@id":"https:\/\/positiveprints.com\/sv\/#\/schema\/logo\/image\/","url":"https:\/\/positiveprints.com\/wp-content\/uploads\/2026\/03\/245815646_1337939713319158_5671353136411139666_n.png","contentUrl":"https:\/\/positiveprints.com\/wp-content\/uploads\/2026\/03\/245815646_1337939713319158_5671353136411139666_n.png","width":800,"height":800,"caption":"Positive Prints"},"image":{"@id":"https:\/\/positiveprints.com\/sv\/#\/schema\/logo\/image\/"},"sameAs":["https:\/\/www.facebook.com\/positiveprintscom","https:\/\/www.instagram.com\/positiveprintscom\/","https:\/\/www.tiktok.com\/@positiveprintscom","https:\/\/www.pinterest.com\/positiveprintscom\/"]}]}},"jetpack_sharing_enabled":true,"_links":{"self":[{"href":"https:\/\/positiveprints.com\/sv\/wp-json\/wp\/v2\/product\/392254","targetHints":{"allow":["GET"]}}],"collection":[{"href":"https:\/\/positiveprints.com\/sv\/wp-json\/wp\/v2\/product"}],"about":[{"href":"https:\/\/positiveprints.com\/sv\/wp-json\/wp\/v2\/types\/product"}],"wp:featuredmedia":[{"embeddable":true,"href":"https:\/\/positiveprints.com\/sv\/wp-json\/wp\/v2\/media\/1333061"}],"wp:attachment":[{"href":"https:\/\/positiveprints.com\/sv\/wp-json\/wp\/v2\/media?parent=392254"}],"wp:term":[{"taxonomy":"product_brand","embeddable":true,"href":"https:\/\/positiveprints.com\/sv\/wp-json\/wp\/v2\/product_brand?post=392254"},{"taxonomy":"product_cat","embeddable":true,"href":"https:\/\/positiveprints.com\/sv\/wp-json\/wp\/v2\/product_cat?post=392254"},{"taxonomy":"product_tag","embeddable":true,"href":"https:\/\/positiveprints.com\/sv\/wp-json\/wp\/v2\/product_tag?post=392254"}],"curies":[{"name":"wp","href":"https:\/\/api.w.org\/{rel}","templated":true}]}}