{"id":392161,"date":"2022-12-12T10:35:25","date_gmt":"2023-01-04T11:39:21","guid":{"rendered":"https:\/\/positiveprints.com\/?post_type=product&#038;p=392161"},"modified":"2026-04-12T22:46:38","modified_gmt":"2026-04-12T21:46:38","slug":"var-karlekssang-ljudvagskonst","status":"publish","type":"product","link":"https:\/\/positiveprints.com\/sv\/produkt\/var-karlekssang-ljudvagskonst\/","title":{"rendered":"V\u00e5r k\u00e4rlekss\u00e5ng Ljudv\u00e5gskonst"},"content":{"rendered":"<p style=\"margin-top: 1rem\">Att f\u00f6rvandla din k\u00e4rlekss\u00e5ng till ett konstverk \u00e4r ett fantastiskt s\u00e4tt att uttrycka din k\u00e4rlek och pryda dina v\u00e4ggar. Oavsett om du har en l\u00e5ngvarig k\u00e4rlek eller precis har b\u00f6rjat uppskatta en speciell person, kan du visa upp k\u00e4rleken genom musikbilder och f\u00e5 en unik inredning som har ett sentimentalt v\u00e4rde och en uppfriskande energi. Alla f\u00f6rtj\u00e4nar att fira k\u00e4rleken med sk\u00f6nhet i och utanf\u00f6r sina hem, l\u00e5t din k\u00e4rlekss\u00e5ng ge dig gl\u00e4dje n\u00e4r du h\u00e5ller upp den p\u00e5 v\u00e4ggen!<\/p>\n\n<h2 class=\"grenB f24 cblue\" style=\"margin-top: 3rem\">Musik kan uttrycka k\u00e4nslor<\/h2>\n\n<p style=\"margin-top: 1rem\">K\u00e4rlekss\u00e5nger \u00e4r v\u00e5r st\u00f6rsta k\u00e4lla till musikalisk tr\u00f6st. Vi \u00e4lskar att uttrycka v\u00e5ra innersta k\u00e4nslor genom k\u00e4rlekss\u00e5nger, eftersom k\u00e4rlek \u00e4r ett universellt spr\u00e5k som alla kan relatera till. <\/p>\n\n<p style=\"margin-top: 1rem\">Vi f\u00e5r v\u00e5ra k\u00e4rlekss\u00e5nger fr\u00e5n m\u00e5nga h\u00e5ll; ibland hittar vi p\u00e5 dem sj\u00e4lva och f\u00e5r dem att spegla sanna k\u00e4rlekshistorier, medan vi ibland f\u00e5r h\u00f6ra k\u00e4rlekss\u00e5nger f\u00f6r f\u00f6rsta g\u00e5ngen fr\u00e5n radiostationer eller fr\u00e5n s\u00e5ngarna sj\u00e4lva som till\u00e4gnar dem till dem de \u00e4lskar. Oavsett var k\u00e4rlekss\u00e5ngerna kommer ifr\u00e5n finner vi s\u00e5 mycket tr\u00f6st i deras innerliga texter och vackra melodier som ger oss en k\u00e4nsla av hopp och k\u00e4rlek i en annars trist v\u00e4rld.<\/p>\n\n<h2 class=\"grenB f24 cblue\" style=\"margin-top: 3rem\">Anspassa V\u00e5r k\u00e4rlekss\u00e5ng Ljudv\u00e5gskonst<\/h2>\n\n<p style=\"margin-top: 1rem\">Letar du efter det perfekta s\u00e4ttet att visa din k\u00e4rlek? Ett personligt ljudv\u00e5gskonsttryck med din k\u00e4rlekss\u00e5ng kommer garanterat att ge dig ett leende eller till och med gl\u00e4djet\u00e5rar! Med denna speciella g\u00e5va kan du ladda upp din egen ljudfil eller l\u00e4nk fr\u00e5n Spotify och anpassa design, f\u00e4rg och text som visas p\u00e5 trycket. Du har flera alternativ att v\u00e4lja mellan, till exempel att best\u00e4lla en tryckt affisch, ett inramat verk eller en canvas, eller att omedelbart ladda ner en digital fil. Verkligen n\u00e5got unikt och meningsfullt som hyllar den k\u00e4rlek du delar med din speciella person!<\/p>\n\n<p style=\"margin-top: 1rem\">Vad kan vara mer speciellt \u00e4n att ge din \u00e4lskade sin egen l\u00e5t? Skapa ett skr\u00e4ddarsytt ljudv\u00e5gskonsttryck fr\u00e5n din k\u00e4rlekss\u00e5ng. Perfekt g\u00e5va f\u00f6r Alla hj\u00e4rtans dag eller \u00e5rsdagen.<\/p>","protected":false},"excerpt":{"rendered":"<ul class=\"check-list\">\n<li>F\u00f6rvandla din r\u00f6st eller vilket ljud som helst till ett fantastiskt, personligt konstverk<\/li>\n<li>Ladda bara upp en ljudfil<\/li>\n<li>L\u00e4gg till en QR-kod och skanna den f\u00f6r att spela upp din favoritl\u00e5t<\/li>\n<li>Anpassa i 3 enkla steg<\/li>\n<li>V\u00e4lj en mall eller var kreativ<\/li>\n<\/ul>\n","protected":false},"featured_media":1394824,"template":"","meta":[],"product_brand":[],"product_cat":[7459,11190,11191,11192,8114,7487],"product_tag":[14998,8377,9432],"class_list":{"0":"post-392161","1":"product","2":"type-product","3":"status-publish","4":"has-post-thumbnail","6":"product_cat-alla-produkter","7":"product_cat-arsdagspresenter-till-henne","8":"product_cat-arsdagspresenter-till-honom","9":"product_cat-arsdagspresenter-till-par","10":"product_cat-jubileumspresent-presenttillfallen","11":"product_cat-soundwave-sv","12":"product_tag-anniversary-sv","13":"product_tag-jubileum-sv","14":"product_tag-karlekssang","16":"first","17":"instock","18":"sale","19":"taxable","20":"shipping-taxable","21":"purchasable","22":"product-type-variable"},"yoast_head":"<!-- This site is optimized with the Yoast SEO Premium plugin v27.2 (Yoast SEO v27.2) - https:\/\/yoast.com\/product\/yoast-seo-premium-wordpress\/ -->\n<title>V\u00e5r k\u00e4rlekss\u00e5ng Ljudv\u00e5gskonst - Positive Prints<\/title>\n<meta name=\"description\" content=\"Skapa ett skr\u00e4ddarsytt ljudv\u00e5gskonsttryck fr\u00e5n din k\u00e4rlekss\u00e5ng. Perfekt g\u00e5va f\u00f6r Alla hj\u00e4rtans dag eller \u00e5rsdagen.\" \/>\n<meta name=\"robots\" content=\"index, follow, max-snippet:-1, max-image-preview:large, max-video-preview:-1\" \/>\n<link rel=\"canonical\" href=\"https:\/\/positiveprints.com\/sv\/produkt\/var-karlekssang-ljudvagskonst\/\" \/>\n<meta property=\"og:locale\" content=\"sv_SE\" \/>\n<meta property=\"og:type\" content=\"article\" \/>\n<meta property=\"og:title\" content=\"V\u00e5r k\u00e4rlekss\u00e5ng Ljudv\u00e5gskonst\" \/>\n<meta property=\"og:description\" content=\"F\u00f6rvandla din r\u00f6st eller vilket ljud som helst till ett fantastiskt, personligt konstverk Ladda bara upp en ljudfil L\u00e4gg till en QR-kod och skanna den f\u00f6r att spela upp din favoritl\u00e5t Anpassa i 3 enkla steg V\u00e4lj en mall eller var kreativ\" \/>\n<meta property=\"og:url\" content=\"https:\/\/positiveprints.com\/sv\/produkt\/var-karlekssang-ljudvagskonst\/\" \/>\n<meta property=\"og:site_name\" content=\"Positive Prints\" \/>\n<meta property=\"article:publisher\" content=\"https:\/\/www.facebook.com\/positiveprintscom\" \/>\n<meta property=\"article:modified_time\" content=\"2026-04-12T21:46:38+00:00\" \/>\n<meta property=\"og:image\" content=\"https:\/\/positiveprints.com\/wp-content\/uploads\/2022\/12\/personalized-our-love-song-art.jpg\" \/>\n\t<meta property=\"og:image:width\" content=\"1080\" \/>\n\t<meta property=\"og:image:height\" content=\"1080\" \/>\n\t<meta property=\"og:image:type\" content=\"image\/jpeg\" \/>\n<meta name=\"twitter:card\" content=\"summary_large_image\" \/>\n<meta name=\"twitter:label1\" content=\"Ber\u00e4knad l\u00e4stid\" \/>\n\t<meta name=\"twitter:data1\" content=\"2 minut\" \/>\n<!-- \/ Yoast SEO Premium plugin. -->","yoast_head_json":{"title":"V\u00e5r k\u00e4rlekss\u00e5ng Ljudv\u00e5gskonst - Positive Prints","description":"Skapa ett skr\u00e4ddarsytt ljudv\u00e5gskonsttryck fr\u00e5n din k\u00e4rlekss\u00e5ng. Perfekt g\u00e5va f\u00f6r Alla hj\u00e4rtans dag eller \u00e5rsdagen.","robots":{"index":"index","follow":"follow","max-snippet":"max-snippet:-1","max-image-preview":"max-image-preview:large","max-video-preview":"max-video-preview:-1"},"canonical":"https:\/\/positiveprints.com\/sv\/produkt\/var-karlekssang-ljudvagskonst\/","og_locale":"sv_SE","og_type":"article","og_title":"V\u00e5r k\u00e4rlekss\u00e5ng Ljudv\u00e5gskonst","og_description":"F\u00f6rvandla din r\u00f6st eller vilket ljud som helst till ett fantastiskt, personligt konstverk Ladda bara upp en ljudfil L\u00e4gg till en QR-kod och skanna den f\u00f6r att spela upp din favoritl\u00e5t Anpassa i 3 enkla steg V\u00e4lj en mall eller var kreativ","og_url":"https:\/\/positiveprints.com\/sv\/produkt\/var-karlekssang-ljudvagskonst\/","og_site_name":"Positive Prints","article_publisher":"https:\/\/www.facebook.com\/positiveprintscom","article_modified_time":"2026-04-12T21:46:38+00:00","og_image":[{"width":1080,"height":1080,"url":"https:\/\/positiveprints.com\/wp-content\/uploads\/2022\/12\/personalized-our-love-song-art.jpg","type":"image\/jpeg"}],"twitter_card":"summary_large_image","twitter_misc":{"Ber\u00e4knad l\u00e4stid":"2 minut"},"schema":{"@context":"https:\/\/schema.org","@graph":[{"@type":["WebPage","ItemPage"],"@id":"https:\/\/positiveprints.com\/sv\/produkt\/var-karlekssang-ljudvagskonst\/","url":"https:\/\/positiveprints.com\/sv\/produkt\/var-karlekssang-ljudvagskonst\/","name":"V\u00e5r k\u00e4rlekss\u00e5ng Ljudv\u00e5gskonst - Positive Prints","isPartOf":{"@id":"https:\/\/positiveprints.com\/sv\/#website"},"primaryImageOfPage":{"@id":"https:\/\/positiveprints.com\/sv\/produkt\/var-karlekssang-ljudvagskonst\/#primaryimage"},"image":{"@id":"https:\/\/positiveprints.com\/sv\/produkt\/var-karlekssang-ljudvagskonst\/#primaryimage"},"thumbnailUrl":"https:\/\/positiveprints.com\/wp-content\/uploads\/2025\/04\/Va\u030ar-ka\u0308rlekssa\u030ang-Ljudva\u030agskonst-1.webp","datePublished":"2023-01-04T11:39:21+00:00","dateModified":"2026-04-12T21:46:38+00:00","description":"Skapa ett skr\u00e4ddarsytt ljudv\u00e5gskonsttryck fr\u00e5n din k\u00e4rlekss\u00e5ng. Perfekt g\u00e5va f\u00f6r Alla hj\u00e4rtans dag eller \u00e5rsdagen.","breadcrumb":{"@id":"https:\/\/positiveprints.com\/sv\/produkt\/var-karlekssang-ljudvagskonst\/#breadcrumb"},"inLanguage":"sv-SE","potentialAction":[{"@type":"ReadAction","target":["https:\/\/positiveprints.com\/sv\/produkt\/var-karlekssang-ljudvagskonst\/"]}]},{"@type":"ImageObject","inLanguage":"sv-SE","@id":"https:\/\/positiveprints.com\/sv\/produkt\/var-karlekssang-ljudvagskonst\/#primaryimage","url":"https:\/\/positiveprints.com\/wp-content\/uploads\/2025\/04\/Va\u030ar-ka\u0308rlekssa\u030ang-Ljudva\u030agskonst-1.webp","contentUrl":"https:\/\/positiveprints.com\/wp-content\/uploads\/2025\/04\/Va\u030ar-ka\u0308rlekssa\u030ang-Ljudva\u030agskonst-1.webp","width":1450,"height":1450,"caption":"Va\u030ar ka\u0308rlekssa\u030ang Ljudva\u030agskonst 1"},{"@type":"BreadcrumbList","@id":"https:\/\/positiveprints.com\/sv\/produkt\/var-karlekssang-ljudvagskonst\/#breadcrumb","itemListElement":[{"@type":"ListItem","position":1,"name":"Home","item":"https:\/\/positiveprints.com\/sv\/"},{"@type":"ListItem","position":2,"name":"Produkter","item":"https:\/\/positiveprints.com\/sv\/shop\/"},{"@type":"ListItem","position":3,"name":"V\u00e5r k\u00e4rlekss\u00e5ng Ljudv\u00e5gskonst"}]},{"@type":"WebSite","@id":"https:\/\/positiveprints.com\/sv\/#website","url":"https:\/\/positiveprints.com\/sv\/","name":"Positive Prints","description":"Amazing Custom Personalized Gifts","publisher":{"@id":"https:\/\/positiveprints.com\/sv\/#organization"},"potentialAction":[{"@type":"SearchAction","target":{"@type":"EntryPoint","urlTemplate":"https:\/\/positiveprints.com\/sv\/?s={search_term_string}"},"query-input":{"@type":"PropertyValueSpecification","valueRequired":true,"valueName":"search_term_string"}}],"inLanguage":"sv-SE"},{"@type":"Organization","@id":"https:\/\/positiveprints.com\/sv\/#organization","name":"Positive Prints","alternateName":"Positive Prints","url":"https:\/\/positiveprints.com\/sv\/","logo":{"@type":"ImageObject","inLanguage":"sv-SE","@id":"https:\/\/positiveprints.com\/sv\/#\/schema\/logo\/image\/","url":"https:\/\/positiveprints.com\/wp-content\/uploads\/2026\/03\/245815646_1337939713319158_5671353136411139666_n.png","contentUrl":"https:\/\/positiveprints.com\/wp-content\/uploads\/2026\/03\/245815646_1337939713319158_5671353136411139666_n.png","width":800,"height":800,"caption":"Positive Prints"},"image":{"@id":"https:\/\/positiveprints.com\/sv\/#\/schema\/logo\/image\/"},"sameAs":["https:\/\/www.facebook.com\/positiveprintscom","https:\/\/www.instagram.com\/positiveprintscom\/","https:\/\/www.tiktok.com\/@positiveprintscom","https:\/\/www.pinterest.com\/positiveprintscom\/"]}]}},"jetpack_sharing_enabled":true,"_links":{"self":[{"href":"https:\/\/positiveprints.com\/sv\/wp-json\/wp\/v2\/product\/392161","targetHints":{"allow":["GET"]}}],"collection":[{"href":"https:\/\/positiveprints.com\/sv\/wp-json\/wp\/v2\/product"}],"about":[{"href":"https:\/\/positiveprints.com\/sv\/wp-json\/wp\/v2\/types\/product"}],"wp:featuredmedia":[{"embeddable":true,"href":"https:\/\/positiveprints.com\/sv\/wp-json\/wp\/v2\/media\/1394824"}],"wp:attachment":[{"href":"https:\/\/positiveprints.com\/sv\/wp-json\/wp\/v2\/media?parent=392161"}],"wp:term":[{"taxonomy":"product_brand","embeddable":true,"href":"https:\/\/positiveprints.com\/sv\/wp-json\/wp\/v2\/product_brand?post=392161"},{"taxonomy":"product_cat","embeddable":true,"href":"https:\/\/positiveprints.com\/sv\/wp-json\/wp\/v2\/product_cat?post=392161"},{"taxonomy":"product_tag","embeddable":true,"href":"https:\/\/positiveprints.com\/sv\/wp-json\/wp\/v2\/product_tag?post=392161"}],"curies":[{"name":"wp","href":"https:\/\/api.w.org\/{rel}","templated":true}]}}