{"id":381776,"date":"2022-10-06T15:05:01","date_gmt":"2022-10-06T14:05:01","guid":{"rendered":"https:\/\/positiveprints.com\/?post_type=product&#038;p=381776"},"modified":"2026-04-12T22:56:08","modified_gmt":"2026-04-12T21:56:08","slug":"familjekarta-for-langvaga-avstand","status":"publish","type":"product","link":"https:\/\/positiveprints.com\/sv\/produkt\/familjekarta-for-langvaga-avstand\/","title":{"rendered":"Familjekarta f\u00f6r l\u00e5ngv\u00e4ga avst\u00e5nd"},"content":{"rendered":"","protected":false},"excerpt":{"rendered":"<ul class=\"check-list\">\n<li>Utforma en karta som visar var du och dina n\u00e4ra och k\u00e4ra bor<\/li>\n<li>Markera exakta adresser med en vald symbol<\/li>\n<li>Anpassa i 3 enkla steg<\/li>\n<li>Inkludera en meningsfull personlig text<\/li>\n<li>Se resultatet direkt \u2013 den interaktiva f\u00f6rhandsvisningen l\u00e5ter dig finjustera varje detalj<\/li>\n<\/ul>\n","protected":false},"featured_media":1698041,"template":"","meta":[],"product_brand":[],"product_cat":[9000,7694,8014,8108,11473,11464,7630,7774,7743,7854,15061,11475,7614,11467,11468,7727,7662,11476,9767,9120],"product_tag":[16081,13381,13430,13460,11778,17191,12774,17100,12775,12773],"class_list":{"0":"post-381776","1":"product","2":"type-product","3":"status-publish","4":"has-post-thumbnail","6":"product_cat-aldreomsorgens-dag","7":"product_cat-gavor-for-kvinnor","8":"product_cat-gavor-for-man","9":"product_cat-julpresenter","10":"product_cat-julklappar-till-barnen","11":"product_cat-julklappar-till-brodern","12":"product_cat-gavor-till-din-bror","13":"product_cat-gavor-till-dottern","14":"product_cat-gavor-till-en-syster","15":"product_cat-gavor-till-familjen","16":"product_cat-julklappar-till-familjen","17":"product_cat-julklappar-till-foraldrarna","18":"product_cat-gavor-till-morfar","19":"product_cat-julklappar-till-morfar","20":"product_cat-julklappar-till-mormor","21":"product_cat-gavor-till-mormor","22":"product_cat-gavor-till-sonen","23":"product_cat-julklappar-till-systern","24":"product_cat-trending-label-sv","25":"product_cat-triple-maps-sv","26":"product_tag-family-fr-sv","27":"product_tag-julklapp-till-en-morfar","28":"product_tag-julklapp-till-syster","29":"product_tag-julklappar-till-bror","30":"product_tag-julklappar-till-mormor","31":"product_tag-present-till-bror","32":"product_tag-present-till-syster","33":"product_tag-presenter-till-bror","34":"product_tag-presenter-till-syster","35":"product_tag-syster","37":"first","38":"instock","39":"sale","40":"taxable","41":"shipping-taxable","42":"purchasable","43":"product-type-variable"},"yoast_head":"<!-- This site is optimized with the Yoast SEO Premium plugin v27.2 (Yoast SEO v27.2) - https:\/\/yoast.com\/product\/yoast-seo-premium-wordpress\/ -->\n<title>Familjekarta f\u00f6r l\u00e5ngv\u00e4ga avst\u00e5nd - Positive Prints<\/title>\n<meta name=\"description\" content=\"Det kan vara sv\u00e5rt att h\u00e5lla koll p\u00e5 alla, men med v\u00e5r print Familjekarta f\u00f6r l\u00e5ngv\u00e4ga avst\u00e5nd kan det bli mycket enklare - och mycket roligare!\" \/>\n<meta name=\"robots\" content=\"index, follow, max-snippet:-1, max-image-preview:large, max-video-preview:-1\" \/>\n<link rel=\"canonical\" href=\"https:\/\/positiveprints.com\/sv\/produkt\/familjekarta-for-langvaga-avstand\/\" \/>\n<meta property=\"og:locale\" content=\"sv_SE\" \/>\n<meta property=\"og:type\" content=\"article\" \/>\n<meta property=\"og:title\" content=\"Familjekarta f\u00f6r l\u00e5ngv\u00e4ga avst\u00e5nd\" \/>\n<meta property=\"og:description\" content=\"Utforma en karta som visar var du och dina n\u00e4ra och k\u00e4ra bor Markera exakta adresser med en vald symbol Anpassa i 3 enkla steg Inkludera en meningsfull personlig text Se resultatet direkt \u2013 den interaktiva f\u00f6rhandsvisningen l\u00e5ter dig finjustera varje detalj\" \/>\n<meta property=\"og:url\" content=\"https:\/\/positiveprints.com\/sv\/produkt\/familjekarta-for-langvaga-avstand\/\" \/>\n<meta property=\"og:site_name\" content=\"Positive Prints\" \/>\n<meta property=\"article:publisher\" content=\"https:\/\/www.facebook.com\/positiveprintscom\" \/>\n<meta property=\"article:modified_time\" content=\"2026-04-12T21:56:08+00:00\" \/>\n<meta property=\"og:image\" content=\"https:\/\/positiveprints.com\/wp-content\/uploads\/2023\/07\/Familjekarta-for-langvaga-avstand.jpg\" \/>\n\t<meta property=\"og:image:width\" content=\"1080\" \/>\n\t<meta property=\"og:image:height\" content=\"1080\" \/>\n\t<meta property=\"og:image:type\" content=\"image\/jpeg\" \/>\n<meta name=\"twitter:card\" content=\"summary_large_image\" \/>\n<!-- \/ Yoast SEO Premium plugin. -->","yoast_head_json":{"title":"Familjekarta f\u00f6r l\u00e5ngv\u00e4ga avst\u00e5nd - Positive Prints","description":"Det kan vara sv\u00e5rt att h\u00e5lla koll p\u00e5 alla, men med v\u00e5r print Familjekarta f\u00f6r l\u00e5ngv\u00e4ga avst\u00e5nd kan det bli mycket enklare - och mycket roligare!","robots":{"index":"index","follow":"follow","max-snippet":"max-snippet:-1","max-image-preview":"max-image-preview:large","max-video-preview":"max-video-preview:-1"},"canonical":"https:\/\/positiveprints.com\/sv\/produkt\/familjekarta-for-langvaga-avstand\/","og_locale":"sv_SE","og_type":"article","og_title":"Familjekarta f\u00f6r l\u00e5ngv\u00e4ga avst\u00e5nd","og_description":"Utforma en karta som visar var du och dina n\u00e4ra och k\u00e4ra bor Markera exakta adresser med en vald symbol Anpassa i 3 enkla steg Inkludera en meningsfull personlig text Se resultatet direkt \u2013 den interaktiva f\u00f6rhandsvisningen l\u00e5ter dig finjustera varje detalj","og_url":"https:\/\/positiveprints.com\/sv\/produkt\/familjekarta-for-langvaga-avstand\/","og_site_name":"Positive Prints","article_publisher":"https:\/\/www.facebook.com\/positiveprintscom","article_modified_time":"2026-04-12T21:56:08+00:00","og_image":[{"width":1080,"height":1080,"url":"https:\/\/positiveprints.com\/wp-content\/uploads\/2023\/07\/Familjekarta-for-langvaga-avstand.jpg","type":"image\/jpeg"}],"twitter_card":"summary_large_image","schema":{"@context":"https:\/\/schema.org","@graph":[{"@type":["WebPage","ItemPage"],"@id":"https:\/\/positiveprints.com\/sv\/produkt\/familjekarta-for-langvaga-avstand\/","url":"https:\/\/positiveprints.com\/sv\/produkt\/familjekarta-for-langvaga-avstand\/","name":"Familjekarta f\u00f6r l\u00e5ngv\u00e4ga avst\u00e5nd - Positive Prints","isPartOf":{"@id":"https:\/\/positiveprints.com\/sv\/#website"},"primaryImageOfPage":{"@id":"https:\/\/positiveprints.com\/sv\/produkt\/familjekarta-for-langvaga-avstand\/#primaryimage"},"image":{"@id":"https:\/\/positiveprints.com\/sv\/produkt\/familjekarta-for-langvaga-avstand\/#primaryimage"},"thumbnailUrl":"https:\/\/positiveprints.com\/wp-content\/uploads\/2026\/04\/Packshot_EN_XX-Long-Distance-Family-Map.webp","datePublished":"2022-10-06T14:05:01+00:00","dateModified":"2026-04-12T21:56:08+00:00","description":"Det kan vara sv\u00e5rt att h\u00e5lla koll p\u00e5 alla, men med v\u00e5r print Familjekarta f\u00f6r l\u00e5ngv\u00e4ga avst\u00e5nd kan det bli mycket enklare - och mycket roligare!","breadcrumb":{"@id":"https:\/\/positiveprints.com\/sv\/produkt\/familjekarta-for-langvaga-avstand\/#breadcrumb"},"inLanguage":"sv-SE","potentialAction":[{"@type":"ReadAction","target":["https:\/\/positiveprints.com\/sv\/produkt\/familjekarta-for-langvaga-avstand\/"]}]},{"@type":"ImageObject","inLanguage":"sv-SE","@id":"https:\/\/positiveprints.com\/sv\/produkt\/familjekarta-for-langvaga-avstand\/#primaryimage","url":"https:\/\/positiveprints.com\/wp-content\/uploads\/2026\/04\/Packshot_EN_XX-Long-Distance-Family-Map.webp","contentUrl":"https:\/\/positiveprints.com\/wp-content\/uploads\/2026\/04\/Packshot_EN_XX-Long-Distance-Family-Map.webp","width":1450,"height":1450},{"@type":"BreadcrumbList","@id":"https:\/\/positiveprints.com\/sv\/produkt\/familjekarta-for-langvaga-avstand\/#breadcrumb","itemListElement":[{"@type":"ListItem","position":1,"name":"Home","item":"https:\/\/positiveprints.com\/sv\/"},{"@type":"ListItem","position":2,"name":"Produkter","item":"https:\/\/positiveprints.com\/sv\/shop\/"},{"@type":"ListItem","position":3,"name":"Familjekarta f\u00f6r l\u00e5ngv\u00e4ga avst\u00e5nd"}]},{"@type":"WebSite","@id":"https:\/\/positiveprints.com\/sv\/#website","url":"https:\/\/positiveprints.com\/sv\/","name":"Positive Prints","description":"Amazing Custom Personalized Gifts","publisher":{"@id":"https:\/\/positiveprints.com\/sv\/#organization"},"potentialAction":[{"@type":"SearchAction","target":{"@type":"EntryPoint","urlTemplate":"https:\/\/positiveprints.com\/sv\/?s={search_term_string}"},"query-input":{"@type":"PropertyValueSpecification","valueRequired":true,"valueName":"search_term_string"}}],"inLanguage":"sv-SE"},{"@type":"Organization","@id":"https:\/\/positiveprints.com\/sv\/#organization","name":"Positive Prints","alternateName":"Positive Prints","url":"https:\/\/positiveprints.com\/sv\/","logo":{"@type":"ImageObject","inLanguage":"sv-SE","@id":"https:\/\/positiveprints.com\/sv\/#\/schema\/logo\/image\/","url":"https:\/\/positiveprints.com\/wp-content\/uploads\/2026\/03\/245815646_1337939713319158_5671353136411139666_n.png","contentUrl":"https:\/\/positiveprints.com\/wp-content\/uploads\/2026\/03\/245815646_1337939713319158_5671353136411139666_n.png","width":800,"height":800,"caption":"Positive Prints"},"image":{"@id":"https:\/\/positiveprints.com\/sv\/#\/schema\/logo\/image\/"},"sameAs":["https:\/\/www.facebook.com\/positiveprintscom","https:\/\/www.instagram.com\/positiveprintscom\/","https:\/\/www.tiktok.com\/@positiveprintscom","https:\/\/www.pinterest.com\/positiveprintscom\/"]}]}},"jetpack_sharing_enabled":true,"_links":{"self":[{"href":"https:\/\/positiveprints.com\/sv\/wp-json\/wp\/v2\/product\/381776","targetHints":{"allow":["GET"]}}],"collection":[{"href":"https:\/\/positiveprints.com\/sv\/wp-json\/wp\/v2\/product"}],"about":[{"href":"https:\/\/positiveprints.com\/sv\/wp-json\/wp\/v2\/types\/product"}],"wp:featuredmedia":[{"embeddable":true,"href":"https:\/\/positiveprints.com\/sv\/wp-json\/wp\/v2\/media\/1698041"}],"wp:attachment":[{"href":"https:\/\/positiveprints.com\/sv\/wp-json\/wp\/v2\/media?parent=381776"}],"wp:term":[{"taxonomy":"product_brand","embeddable":true,"href":"https:\/\/positiveprints.com\/sv\/wp-json\/wp\/v2\/product_brand?post=381776"},{"taxonomy":"product_cat","embeddable":true,"href":"https:\/\/positiveprints.com\/sv\/wp-json\/wp\/v2\/product_cat?post=381776"},{"taxonomy":"product_tag","embeddable":true,"href":"https:\/\/positiveprints.com\/sv\/wp-json\/wp\/v2\/product_tag?post=381776"}],"curies":[{"name":"wp","href":"https:\/\/api.w.org\/{rel}","templated":true}]}}