{"id":381644,"date":"2022-10-11T07:51:05","date_gmt":"2022-10-11T06:51:05","guid":{"rendered":"https:\/\/positiveprints.com\/?post_type=product&#038;p=381644"},"modified":"2026-04-18T06:26:50","modified_gmt":"2026-04-18T05:26:50","slug":"rostinspelning-ljudvagskonst","status":"publish","type":"product","link":"https:\/\/positiveprints.com\/sv\/produkt\/rostinspelning-ljudvagskonst\/","title":{"rendered":"R\u00f6stinspelning Ljudv\u00e5gskonst"},"content":{"rendered":"","protected":false},"excerpt":{"rendered":"<ul class=\"check-list\">\n<li>Spela in ett s\u00e4rskilt meddelande till din \u00e4lskade p\u00e5 ett \u00f6verraskande s\u00e4tt och l\u00e5t ljudets kraft ge liv \u00e5t dina minnen<\/li>\n<li>Ladda bara upp en ljudfil<\/li>\n<li>L\u00e4gg till en QR-kod och skanna den f\u00f6r att spela upp din favoritl\u00e5t<\/li>\n<li>Anpassa i 3 enkla steg<\/li>\n<li>V\u00e4lj en mall eller var kreativ<\/li>\n<\/ul>\n","protected":false},"featured_media":1395049,"template":"","meta":[],"product_brand":[],"product_cat":[9000,8108,11476,11464,11465,11473,7679,7854,7487],"product_tag":[14998,13263,13430,13460],"class_list":{"0":"post-381644","1":"product","2":"type-product","3":"status-publish","4":"has-post-thumbnail","6":"product_cat-aldreomsorgens-dag","7":"product_cat-julpresenter","8":"product_cat-julklappar-till-systern","9":"product_cat-julklappar-till-brodern","10":"product_cat-julklappar-till-kollegorna","11":"product_cat-julklappar-till-barnen","12":"product_cat-gavor-till-pojkvannen","13":"product_cat-gavor-till-familjen","14":"product_cat-soundwave-sv","15":"product_tag-anniversary-sv","16":"product_tag-julklapp-till-en-kollega","17":"product_tag-julklapp-till-syster","18":"product_tag-julklappar-till-bror","20":"first","21":"instock","22":"sale","23":"taxable","24":"shipping-taxable","25":"purchasable","26":"product-type-variable"},"yoast_head":"<!-- This site is optimized with the Yoast SEO Premium plugin v27.2 (Yoast SEO v27.2) - https:\/\/yoast.com\/product\/yoast-seo-premium-wordpress\/ -->\n<title>R\u00f6stinspelning Ljudv\u00e5gskonst - Positive Prints<\/title>\n<meta name=\"description\" content=\"R\u00f6stinspelning Ljudv\u00e5gskonst \u00e4r den perfekta presenten f\u00f6r alla tillf\u00e4llen. Det \u00e4r ett speciellt s\u00e4tt att visa dina n\u00e4ra och k\u00e4ra hur mycket du bryr dig om dem.\" \/>\n<meta name=\"robots\" content=\"index, follow, max-snippet:-1, max-image-preview:large, max-video-preview:-1\" \/>\n<link rel=\"canonical\" href=\"https:\/\/positiveprints.com\/sv\/produkt\/rostinspelning-ljudvagskonst\/\" \/>\n<meta property=\"og:locale\" content=\"sv_SE\" \/>\n<meta property=\"og:type\" content=\"article\" \/>\n<meta property=\"og:title\" content=\"R\u00f6stinspelning Ljudv\u00e5gskonst\" \/>\n<meta property=\"og:description\" content=\"Spela in ett s\u00e4rskilt meddelande till din \u00e4lskade p\u00e5 ett \u00f6verraskande s\u00e4tt och l\u00e5t ljudets kraft ge liv \u00e5t dina minnen Ladda bara upp en ljudfil L\u00e4gg till en QR-kod och skanna den f\u00f6r att spela upp din favoritl\u00e5t Anpassa i 3 enkla steg V\u00e4lj en mall eller var kreativ\" \/>\n<meta property=\"og:url\" content=\"https:\/\/positiveprints.com\/sv\/produkt\/rostinspelning-ljudvagskonst\/\" \/>\n<meta property=\"og:site_name\" content=\"Positive Prints\" \/>\n<meta property=\"article:publisher\" content=\"https:\/\/www.facebook.com\/positiveprintscom\" \/>\n<meta property=\"article:modified_time\" content=\"2026-04-18T05:26:50+00:00\" \/>\n<meta property=\"og:image\" content=\"https:\/\/positiveprints.com\/wp-content\/uploads\/2022\/10\/voice-recording-gift.jpg\" \/>\n\t<meta property=\"og:image:width\" content=\"1080\" \/>\n\t<meta property=\"og:image:height\" content=\"1080\" \/>\n\t<meta property=\"og:image:type\" content=\"image\/jpeg\" \/>\n<meta name=\"twitter:card\" content=\"summary_large_image\" \/>\n<!-- \/ Yoast SEO Premium plugin. -->","yoast_head_json":{"title":"R\u00f6stinspelning Ljudv\u00e5gskonst - Positive Prints","description":"R\u00f6stinspelning Ljudv\u00e5gskonst \u00e4r den perfekta presenten f\u00f6r alla tillf\u00e4llen. Det \u00e4r ett speciellt s\u00e4tt att visa dina n\u00e4ra och k\u00e4ra hur mycket du bryr dig om dem.","robots":{"index":"index","follow":"follow","max-snippet":"max-snippet:-1","max-image-preview":"max-image-preview:large","max-video-preview":"max-video-preview:-1"},"canonical":"https:\/\/positiveprints.com\/sv\/produkt\/rostinspelning-ljudvagskonst\/","og_locale":"sv_SE","og_type":"article","og_title":"R\u00f6stinspelning Ljudv\u00e5gskonst","og_description":"Spela in ett s\u00e4rskilt meddelande till din \u00e4lskade p\u00e5 ett \u00f6verraskande s\u00e4tt och l\u00e5t ljudets kraft ge liv \u00e5t dina minnen Ladda bara upp en ljudfil L\u00e4gg till en QR-kod och skanna den f\u00f6r att spela upp din favoritl\u00e5t Anpassa i 3 enkla steg V\u00e4lj en mall eller var kreativ","og_url":"https:\/\/positiveprints.com\/sv\/produkt\/rostinspelning-ljudvagskonst\/","og_site_name":"Positive Prints","article_publisher":"https:\/\/www.facebook.com\/positiveprintscom","article_modified_time":"2026-04-18T05:26:50+00:00","og_image":[{"width":1080,"height":1080,"url":"https:\/\/positiveprints.com\/wp-content\/uploads\/2022\/10\/voice-recording-gift.jpg","type":"image\/jpeg"}],"twitter_card":"summary_large_image","schema":{"@context":"https:\/\/schema.org","@graph":[{"@type":["WebPage","ItemPage"],"@id":"https:\/\/positiveprints.com\/sv\/produkt\/rostinspelning-ljudvagskonst\/","url":"https:\/\/positiveprints.com\/sv\/produkt\/rostinspelning-ljudvagskonst\/","name":"R\u00f6stinspelning Ljudv\u00e5gskonst - Positive Prints","isPartOf":{"@id":"https:\/\/positiveprints.com\/sv\/#website"},"primaryImageOfPage":{"@id":"https:\/\/positiveprints.com\/sv\/produkt\/rostinspelning-ljudvagskonst\/#primaryimage"},"image":{"@id":"https:\/\/positiveprints.com\/sv\/produkt\/rostinspelning-ljudvagskonst\/#primaryimage"},"thumbnailUrl":"https:\/\/positiveprints.com\/wp-content\/uploads\/2025\/04\/Ro\u0308stinspelning-Ljudva\u030agskonst-1.webp","datePublished":"2022-10-11T06:51:05+00:00","dateModified":"2026-04-18T05:26:50+00:00","description":"R\u00f6stinspelning Ljudv\u00e5gskonst \u00e4r den perfekta presenten f\u00f6r alla tillf\u00e4llen. Det \u00e4r ett speciellt s\u00e4tt att visa dina n\u00e4ra och k\u00e4ra hur mycket du bryr dig om dem.","breadcrumb":{"@id":"https:\/\/positiveprints.com\/sv\/produkt\/rostinspelning-ljudvagskonst\/#breadcrumb"},"inLanguage":"sv-SE","potentialAction":[{"@type":"ReadAction","target":["https:\/\/positiveprints.com\/sv\/produkt\/rostinspelning-ljudvagskonst\/"]}]},{"@type":"ImageObject","inLanguage":"sv-SE","@id":"https:\/\/positiveprints.com\/sv\/produkt\/rostinspelning-ljudvagskonst\/#primaryimage","url":"https:\/\/positiveprints.com\/wp-content\/uploads\/2025\/04\/Ro\u0308stinspelning-Ljudva\u030agskonst-1.webp","contentUrl":"https:\/\/positiveprints.com\/wp-content\/uploads\/2025\/04\/Ro\u0308stinspelning-Ljudva\u030agskonst-1.webp","width":1450,"height":1450,"caption":"Ro\u0308stinspelning Ljudva\u030agskonst 1"},{"@type":"BreadcrumbList","@id":"https:\/\/positiveprints.com\/sv\/produkt\/rostinspelning-ljudvagskonst\/#breadcrumb","itemListElement":[{"@type":"ListItem","position":1,"name":"Home","item":"https:\/\/positiveprints.com\/sv\/"},{"@type":"ListItem","position":2,"name":"Produkter","item":"https:\/\/positiveprints.com\/sv\/shop\/"},{"@type":"ListItem","position":3,"name":"R\u00f6stinspelning Ljudv\u00e5gskonst"}]},{"@type":"WebSite","@id":"https:\/\/positiveprints.com\/sv\/#website","url":"https:\/\/positiveprints.com\/sv\/","name":"Positive Prints","description":"Amazing Custom Personalized Gifts","publisher":{"@id":"https:\/\/positiveprints.com\/sv\/#organization"},"potentialAction":[{"@type":"SearchAction","target":{"@type":"EntryPoint","urlTemplate":"https:\/\/positiveprints.com\/sv\/?s={search_term_string}"},"query-input":{"@type":"PropertyValueSpecification","valueRequired":true,"valueName":"search_term_string"}}],"inLanguage":"sv-SE"},{"@type":"Organization","@id":"https:\/\/positiveprints.com\/sv\/#organization","name":"Positive Prints","alternateName":"Positive Prints","url":"https:\/\/positiveprints.com\/sv\/","logo":{"@type":"ImageObject","inLanguage":"sv-SE","@id":"https:\/\/positiveprints.com\/sv\/#\/schema\/logo\/image\/","url":"https:\/\/positiveprints.com\/wp-content\/uploads\/2026\/03\/245815646_1337939713319158_5671353136411139666_n.png","contentUrl":"https:\/\/positiveprints.com\/wp-content\/uploads\/2026\/03\/245815646_1337939713319158_5671353136411139666_n.png","width":800,"height":800,"caption":"Positive Prints"},"image":{"@id":"https:\/\/positiveprints.com\/sv\/#\/schema\/logo\/image\/"},"sameAs":["https:\/\/www.facebook.com\/positiveprintscom","https:\/\/www.instagram.com\/positiveprintscom\/","https:\/\/www.tiktok.com\/@positiveprintscom","https:\/\/www.pinterest.com\/positiveprintscom\/"]}]}},"jetpack_sharing_enabled":true,"_links":{"self":[{"href":"https:\/\/positiveprints.com\/sv\/wp-json\/wp\/v2\/product\/381644","targetHints":{"allow":["GET"]}}],"collection":[{"href":"https:\/\/positiveprints.com\/sv\/wp-json\/wp\/v2\/product"}],"about":[{"href":"https:\/\/positiveprints.com\/sv\/wp-json\/wp\/v2\/types\/product"}],"wp:featuredmedia":[{"embeddable":true,"href":"https:\/\/positiveprints.com\/sv\/wp-json\/wp\/v2\/media\/1395049"}],"wp:attachment":[{"href":"https:\/\/positiveprints.com\/sv\/wp-json\/wp\/v2\/media?parent=381644"}],"wp:term":[{"taxonomy":"product_brand","embeddable":true,"href":"https:\/\/positiveprints.com\/sv\/wp-json\/wp\/v2\/product_brand?post=381644"},{"taxonomy":"product_cat","embeddable":true,"href":"https:\/\/positiveprints.com\/sv\/wp-json\/wp\/v2\/product_cat?post=381644"},{"taxonomy":"product_tag","embeddable":true,"href":"https:\/\/positiveprints.com\/sv\/wp-json\/wp\/v2\/product_tag?post=381644"}],"curies":[{"name":"wp","href":"https:\/\/api.w.org\/{rel}","templated":true}]}}