{"id":381096,"date":"2022-12-08T17:02:45","date_gmt":"2022-12-08T16:02:45","guid":{"rendered":"https:\/\/positiveprints.com\/?post_type=product&#038;p=381096"},"modified":"2026-04-12T22:46:41","modified_gmt":"2026-04-12T21:46:41","slug":"det-ar-en-pojke-foto-vaggkonst","status":"publish","type":"product","link":"https:\/\/positiveprints.com\/sv\/produkt\/det-ar-en-pojke-foto-vaggkonst\/","title":{"rendered":"Det \u00e4r en pojke foto v\u00e4ggkonst"},"content":{"rendered":"","protected":false},"excerpt":{"rendered":"<ul class=\"check-list\">\n<li>\u00d6verraska de blivande f\u00f6r\u00e4ldrarna med en minnesv\u00e4rd och unik g\u00e5va och g\u00f6r k\u00f6nsavsl\u00f6jningsfesten of\u00f6rgl\u00f6mlig<\/li>\n<li>L\u00e4gg till text\u00f6verl\u00e4gg f\u00f6r att g\u00f6ra varje g\u00e5va speciell och meningsfull<\/li>\n<li>Anpassa i 3 enkla steg<\/li>\n<li>Se resultatet direkt \u2013 den interaktiva f\u00f6rhandsvisningen l\u00e5ter dig finjustera varje detalj<\/li>\n<\/ul>\n","protected":false},"featured_media":356093,"template":"","meta":[],"product_brand":[],"product_cat":[7966,7503,8115,7822],"product_tag":[8458],"class_list":{"0":"post-381096","1":"product","2":"type-product","3":"status-publish","4":"has-post-thumbnail","6":"product_cat-gavor-till-baby-shower","7":"product_cat-foto-sv","8":"product_cat-gavor-till-nyfodda-barn-presenttillfallen","9":"product_cat-gavor-till-nya-foraldrar","10":"product_tag-new-parents-sv","12":"first","13":"instock","14":"sale","15":"taxable","16":"shipping-taxable","17":"purchasable","18":"product-type-variable"},"yoast_head":"<!-- This site is optimized with the Yoast SEO Premium plugin v27.2 (Yoast SEO v27.2) - https:\/\/yoast.com\/product\/yoast-seo-premium-wordpress\/ -->\n<title>Det \u00e4r en pojke foto v\u00e4ggkonst - Positive Prints<\/title>\n<meta name=\"description\" content=\"Vi presenterar v\u00e4ggkonsten Det \u00e4r en pojke. Det \u00e4r ett vackert s\u00e4tt att fira ankomsten av deras nya pojke.\" \/>\n<meta name=\"robots\" content=\"index, follow, max-snippet:-1, max-image-preview:large, max-video-preview:-1\" \/>\n<link rel=\"canonical\" href=\"https:\/\/positiveprints.com\/sv\/produkt\/det-ar-en-pojke-foto-vaggkonst\/\" \/>\n<meta property=\"og:locale\" content=\"sv_SE\" \/>\n<meta property=\"og:type\" content=\"article\" \/>\n<meta property=\"og:title\" content=\"Det \u00e4r en pojke foto v\u00e4ggkonst\" \/>\n<meta property=\"og:description\" content=\"\u00d6verraska de blivande f\u00f6r\u00e4ldrarna med en minnesv\u00e4rd och unik g\u00e5va och g\u00f6r k\u00f6nsavsl\u00f6jningsfesten of\u00f6rgl\u00f6mlig L\u00e4gg till text\u00f6verl\u00e4gg f\u00f6r att g\u00f6ra varje g\u00e5va speciell och meningsfull Anpassa i 3 enkla steg Se resultatet direkt \u2013 den interaktiva f\u00f6rhandsvisningen l\u00e5ter dig finjustera varje detalj\" \/>\n<meta property=\"og:url\" content=\"https:\/\/positiveprints.com\/sv\/produkt\/det-ar-en-pojke-foto-vaggkonst\/\" \/>\n<meta property=\"og:site_name\" content=\"Positive Prints\" \/>\n<meta property=\"article:publisher\" content=\"https:\/\/www.facebook.com\/positiveprintscom\" \/>\n<meta property=\"article:modified_time\" content=\"2026-04-12T21:46:41+00:00\" \/>\n<meta property=\"og:image\" content=\"https:\/\/positiveprints.com\/wp-content\/uploads\/2022\/10\/its-a-boy-photo-wall-art.jpg\" \/>\n\t<meta property=\"og:image:width\" content=\"1080\" \/>\n\t<meta property=\"og:image:height\" content=\"1080\" \/>\n\t<meta property=\"og:image:type\" content=\"image\/jpeg\" \/>\n<meta name=\"twitter:card\" content=\"summary_large_image\" \/>\n<!-- \/ Yoast SEO Premium plugin. -->","yoast_head_json":{"title":"Det \u00e4r en pojke foto v\u00e4ggkonst - Positive Prints","description":"Vi presenterar v\u00e4ggkonsten Det \u00e4r en pojke. Det \u00e4r ett vackert s\u00e4tt att fira ankomsten av deras nya pojke.","robots":{"index":"index","follow":"follow","max-snippet":"max-snippet:-1","max-image-preview":"max-image-preview:large","max-video-preview":"max-video-preview:-1"},"canonical":"https:\/\/positiveprints.com\/sv\/produkt\/det-ar-en-pojke-foto-vaggkonst\/","og_locale":"sv_SE","og_type":"article","og_title":"Det \u00e4r en pojke foto v\u00e4ggkonst","og_description":"\u00d6verraska de blivande f\u00f6r\u00e4ldrarna med en minnesv\u00e4rd och unik g\u00e5va och g\u00f6r k\u00f6nsavsl\u00f6jningsfesten of\u00f6rgl\u00f6mlig L\u00e4gg till text\u00f6verl\u00e4gg f\u00f6r att g\u00f6ra varje g\u00e5va speciell och meningsfull Anpassa i 3 enkla steg Se resultatet direkt \u2013 den interaktiva f\u00f6rhandsvisningen l\u00e5ter dig finjustera varje detalj","og_url":"https:\/\/positiveprints.com\/sv\/produkt\/det-ar-en-pojke-foto-vaggkonst\/","og_site_name":"Positive Prints","article_publisher":"https:\/\/www.facebook.com\/positiveprintscom","article_modified_time":"2026-04-12T21:46:41+00:00","og_image":[{"width":1080,"height":1080,"url":"https:\/\/positiveprints.com\/wp-content\/uploads\/2022\/10\/its-a-boy-photo-wall-art.jpg","type":"image\/jpeg"}],"twitter_card":"summary_large_image","schema":{"@context":"https:\/\/schema.org","@graph":[{"@type":["WebPage","ItemPage"],"@id":"https:\/\/positiveprints.com\/sv\/produkt\/det-ar-en-pojke-foto-vaggkonst\/","url":"https:\/\/positiveprints.com\/sv\/produkt\/det-ar-en-pojke-foto-vaggkonst\/","name":"Det \u00e4r en pojke foto v\u00e4ggkonst - Positive Prints","isPartOf":{"@id":"https:\/\/positiveprints.com\/sv\/#website"},"primaryImageOfPage":{"@id":"https:\/\/positiveprints.com\/sv\/produkt\/det-ar-en-pojke-foto-vaggkonst\/#primaryimage"},"image":{"@id":"https:\/\/positiveprints.com\/sv\/produkt\/det-ar-en-pojke-foto-vaggkonst\/#primaryimage"},"thumbnailUrl":"https:\/\/positiveprints.com\/wp-content\/uploads\/2022\/10\/its-a-boy-photo-wall-art.jpg","datePublished":"2022-12-08T16:02:45+00:00","dateModified":"2026-04-12T21:46:41+00:00","description":"Vi presenterar v\u00e4ggkonsten Det \u00e4r en pojke. Det \u00e4r ett vackert s\u00e4tt att fira ankomsten av deras nya pojke.","breadcrumb":{"@id":"https:\/\/positiveprints.com\/sv\/produkt\/det-ar-en-pojke-foto-vaggkonst\/#breadcrumb"},"inLanguage":"sv-SE","potentialAction":[{"@type":"ReadAction","target":["https:\/\/positiveprints.com\/sv\/produkt\/det-ar-en-pojke-foto-vaggkonst\/"]}]},{"@type":"ImageObject","inLanguage":"sv-SE","@id":"https:\/\/positiveprints.com\/sv\/produkt\/det-ar-en-pojke-foto-vaggkonst\/#primaryimage","url":"https:\/\/positiveprints.com\/wp-content\/uploads\/2022\/10\/its-a-boy-photo-wall-art.jpg","contentUrl":"https:\/\/positiveprints.com\/wp-content\/uploads\/2022\/10\/its-a-boy-photo-wall-art.jpg","width":1080,"height":1080,"caption":"The purpose of the baby shower is to help the expectant parents prepare for the arrival of their new baby, and to give them a chance to bonding with their new child."},{"@type":"BreadcrumbList","@id":"https:\/\/positiveprints.com\/sv\/produkt\/det-ar-en-pojke-foto-vaggkonst\/#breadcrumb","itemListElement":[{"@type":"ListItem","position":1,"name":"Home","item":"https:\/\/positiveprints.com\/sv\/"},{"@type":"ListItem","position":2,"name":"Produkter","item":"https:\/\/positiveprints.com\/sv\/shop\/"},{"@type":"ListItem","position":3,"name":"Det \u00e4r en pojke foto v\u00e4ggkonst"}]},{"@type":"WebSite","@id":"https:\/\/positiveprints.com\/sv\/#website","url":"https:\/\/positiveprints.com\/sv\/","name":"Positive Prints","description":"Amazing Custom Personalized Gifts","publisher":{"@id":"https:\/\/positiveprints.com\/sv\/#organization"},"potentialAction":[{"@type":"SearchAction","target":{"@type":"EntryPoint","urlTemplate":"https:\/\/positiveprints.com\/sv\/?s={search_term_string}"},"query-input":{"@type":"PropertyValueSpecification","valueRequired":true,"valueName":"search_term_string"}}],"inLanguage":"sv-SE"},{"@type":"Organization","@id":"https:\/\/positiveprints.com\/sv\/#organization","name":"Positive Prints","alternateName":"Positive Prints","url":"https:\/\/positiveprints.com\/sv\/","logo":{"@type":"ImageObject","inLanguage":"sv-SE","@id":"https:\/\/positiveprints.com\/sv\/#\/schema\/logo\/image\/","url":"https:\/\/positiveprints.com\/wp-content\/uploads\/2026\/03\/245815646_1337939713319158_5671353136411139666_n.png","contentUrl":"https:\/\/positiveprints.com\/wp-content\/uploads\/2026\/03\/245815646_1337939713319158_5671353136411139666_n.png","width":800,"height":800,"caption":"Positive Prints"},"image":{"@id":"https:\/\/positiveprints.com\/sv\/#\/schema\/logo\/image\/"},"sameAs":["https:\/\/www.facebook.com\/positiveprintscom","https:\/\/www.instagram.com\/positiveprintscom\/","https:\/\/www.tiktok.com\/@positiveprintscom","https:\/\/www.pinterest.com\/positiveprintscom\/"]}]}},"jetpack_sharing_enabled":true,"_links":{"self":[{"href":"https:\/\/positiveprints.com\/sv\/wp-json\/wp\/v2\/product\/381096","targetHints":{"allow":["GET"]}}],"collection":[{"href":"https:\/\/positiveprints.com\/sv\/wp-json\/wp\/v2\/product"}],"about":[{"href":"https:\/\/positiveprints.com\/sv\/wp-json\/wp\/v2\/types\/product"}],"wp:featuredmedia":[{"embeddable":true,"href":"https:\/\/positiveprints.com\/sv\/wp-json\/wp\/v2\/media\/356093"}],"wp:attachment":[{"href":"https:\/\/positiveprints.com\/sv\/wp-json\/wp\/v2\/media?parent=381096"}],"wp:term":[{"taxonomy":"product_brand","embeddable":true,"href":"https:\/\/positiveprints.com\/sv\/wp-json\/wp\/v2\/product_brand?post=381096"},{"taxonomy":"product_cat","embeddable":true,"href":"https:\/\/positiveprints.com\/sv\/wp-json\/wp\/v2\/product_cat?post=381096"},{"taxonomy":"product_tag","embeddable":true,"href":"https:\/\/positiveprints.com\/sv\/wp-json\/wp\/v2\/product_tag?post=381096"}],"curies":[{"name":"wp","href":"https:\/\/api.w.org\/{rel}","templated":true}]}}