{"id":380966,"date":"2022-10-11T20:45:36","date_gmt":"2022-10-11T19:45:36","guid":{"rendered":"https:\/\/positiveprints.com\/?post_type=product&#038;p=380966"},"modified":"2026-04-18T06:26:36","modified_gmt":"2026-04-18T05:26:36","slug":"foto-av-syskon-vaggkonst","status":"publish","type":"product","link":"https:\/\/positiveprints.com\/sv\/produkt\/foto-av-syskon-vaggkonst\/","title":{"rendered":"Foto av syskon v\u00e4ggkonst"},"content":{"rendered":"","protected":false},"excerpt":{"rendered":"<ul class=\"check-list\">\n<li>V\u00e5rda minnena fr\u00e5n din barndom och visa det speciella bandet mellan dina syskon med ett tidl\u00f6st konstverk<\/li>\n<li>L\u00e4gg till text\u00f6verl\u00e4gg f\u00f6r att g\u00f6ra varje g\u00e5va speciell och meningsfull<\/li>\n<li>Anpassa i 3 enkla steg<\/li>\n<li>Se resultatet direkt \u2013 den interaktiva f\u00f6rhandsvisningen l\u00e5ter dig finjustera varje detalj<\/li>\n<\/ul>\n","protected":false},"featured_media":355984,"template":"","meta":[],"product_brand":[],"product_cat":[7503,8108,11476,11464,7630,7743],"product_tag":[16081,8542,13430,13460,17191,12774,17100,12775,12773],"class_list":{"0":"post-380966","1":"product","2":"type-product","3":"status-publish","4":"has-post-thumbnail","6":"product_cat-foto-sv","7":"product_cat-julpresenter","8":"product_cat-julklappar-till-systern","9":"product_cat-julklappar-till-brodern","10":"product_cat-gavor-till-din-bror","11":"product_cat-gavor-till-en-syster","12":"product_tag-family-fr-sv","13":"product_tag-family-sv","14":"product_tag-julklapp-till-syster","15":"product_tag-julklappar-till-bror","16":"product_tag-present-till-bror","17":"product_tag-present-till-syster","18":"product_tag-presenter-till-bror","19":"product_tag-presenter-till-syster","20":"product_tag-syster","22":"first","23":"instock","24":"sale","25":"taxable","26":"shipping-taxable","27":"purchasable","28":"product-type-variable"},"yoast_head":"<!-- This site is optimized with the Yoast SEO Premium plugin v27.2 (Yoast SEO v27.2) - https:\/\/yoast.com\/product\/yoast-seo-premium-wordpress\/ -->\n<title>Foto av syskon v\u00e4ggkonst - Positive Prints<\/title>\n<meta name=\"description\" content=\"Fira det speciella bandet mellan syskon med fotokonst p\u00e5 v\u00e4ggen. Ge minnenas g\u00e5va denna juls\u00e4song!\" \/>\n<meta name=\"robots\" content=\"index, follow, max-snippet:-1, max-image-preview:large, max-video-preview:-1\" \/>\n<link rel=\"canonical\" href=\"https:\/\/positiveprints.com\/sv\/produkt\/foto-av-syskon-vaggkonst\/\" \/>\n<meta property=\"og:locale\" content=\"sv_SE\" \/>\n<meta property=\"og:type\" content=\"article\" \/>\n<meta property=\"og:title\" content=\"Foto av syskon v\u00e4ggkonst\" \/>\n<meta property=\"og:description\" content=\"V\u00e5rda minnena fr\u00e5n din barndom och visa det speciella bandet mellan dina syskon med ett tidl\u00f6st konstverk L\u00e4gg till text\u00f6verl\u00e4gg f\u00f6r att g\u00f6ra varje g\u00e5va speciell och meningsfull Anpassa i 3 enkla steg Se resultatet direkt \u2013 den interaktiva f\u00f6rhandsvisningen l\u00e5ter dig finjustera varje detalj\" \/>\n<meta property=\"og:url\" content=\"https:\/\/positiveprints.com\/sv\/produkt\/foto-av-syskon-vaggkonst\/\" \/>\n<meta property=\"og:site_name\" content=\"Positive Prints\" \/>\n<meta property=\"article:publisher\" content=\"https:\/\/www.facebook.com\/positiveprintscom\" \/>\n<meta property=\"article:modified_time\" content=\"2026-04-18T05:26:36+00:00\" \/>\n<meta property=\"og:image\" content=\"https:\/\/positiveprints.com\/wp-content\/uploads\/2022\/10\/siblings-photo-wall-art.jpg\" \/>\n\t<meta property=\"og:image:width\" content=\"1080\" \/>\n\t<meta property=\"og:image:height\" content=\"1080\" \/>\n\t<meta property=\"og:image:type\" content=\"image\/jpeg\" \/>\n<meta name=\"twitter:card\" content=\"summary_large_image\" \/>\n<!-- \/ Yoast SEO Premium plugin. -->","yoast_head_json":{"title":"Foto av syskon v\u00e4ggkonst - Positive Prints","description":"Fira det speciella bandet mellan syskon med fotokonst p\u00e5 v\u00e4ggen. Ge minnenas g\u00e5va denna juls\u00e4song!","robots":{"index":"index","follow":"follow","max-snippet":"max-snippet:-1","max-image-preview":"max-image-preview:large","max-video-preview":"max-video-preview:-1"},"canonical":"https:\/\/positiveprints.com\/sv\/produkt\/foto-av-syskon-vaggkonst\/","og_locale":"sv_SE","og_type":"article","og_title":"Foto av syskon v\u00e4ggkonst","og_description":"V\u00e5rda minnena fr\u00e5n din barndom och visa det speciella bandet mellan dina syskon med ett tidl\u00f6st konstverk L\u00e4gg till text\u00f6verl\u00e4gg f\u00f6r att g\u00f6ra varje g\u00e5va speciell och meningsfull Anpassa i 3 enkla steg Se resultatet direkt \u2013 den interaktiva f\u00f6rhandsvisningen l\u00e5ter dig finjustera varje detalj","og_url":"https:\/\/positiveprints.com\/sv\/produkt\/foto-av-syskon-vaggkonst\/","og_site_name":"Positive Prints","article_publisher":"https:\/\/www.facebook.com\/positiveprintscom","article_modified_time":"2026-04-18T05:26:36+00:00","og_image":[{"width":1080,"height":1080,"url":"https:\/\/positiveprints.com\/wp-content\/uploads\/2022\/10\/siblings-photo-wall-art.jpg","type":"image\/jpeg"}],"twitter_card":"summary_large_image","schema":{"@context":"https:\/\/schema.org","@graph":[{"@type":["WebPage","ItemPage"],"@id":"https:\/\/positiveprints.com\/sv\/produkt\/foto-av-syskon-vaggkonst\/","url":"https:\/\/positiveprints.com\/sv\/produkt\/foto-av-syskon-vaggkonst\/","name":"Foto av syskon v\u00e4ggkonst - Positive Prints","isPartOf":{"@id":"https:\/\/positiveprints.com\/sv\/#website"},"primaryImageOfPage":{"@id":"https:\/\/positiveprints.com\/sv\/produkt\/foto-av-syskon-vaggkonst\/#primaryimage"},"image":{"@id":"https:\/\/positiveprints.com\/sv\/produkt\/foto-av-syskon-vaggkonst\/#primaryimage"},"thumbnailUrl":"https:\/\/positiveprints.com\/wp-content\/uploads\/2022\/10\/siblings-photo-wall-art.jpg","datePublished":"2022-10-11T19:45:36+00:00","dateModified":"2026-04-18T05:26:36+00:00","description":"Fira det speciella bandet mellan syskon med fotokonst p\u00e5 v\u00e4ggen. Ge minnenas g\u00e5va denna juls\u00e4song!","breadcrumb":{"@id":"https:\/\/positiveprints.com\/sv\/produkt\/foto-av-syskon-vaggkonst\/#breadcrumb"},"inLanguage":"sv-SE","potentialAction":[{"@type":"ReadAction","target":["https:\/\/positiveprints.com\/sv\/produkt\/foto-av-syskon-vaggkonst\/"]}]},{"@type":"ImageObject","inLanguage":"sv-SE","@id":"https:\/\/positiveprints.com\/sv\/produkt\/foto-av-syskon-vaggkonst\/#primaryimage","url":"https:\/\/positiveprints.com\/wp-content\/uploads\/2022\/10\/siblings-photo-wall-art.jpg","contentUrl":"https:\/\/positiveprints.com\/wp-content\/uploads\/2022\/10\/siblings-photo-wall-art.jpg","width":1080,"height":1080,"caption":"No matter what your relationship with your siblings is like, chances are there\u2019s a lot of love there."},{"@type":"BreadcrumbList","@id":"https:\/\/positiveprints.com\/sv\/produkt\/foto-av-syskon-vaggkonst\/#breadcrumb","itemListElement":[{"@type":"ListItem","position":1,"name":"Home","item":"https:\/\/positiveprints.com\/sv\/"},{"@type":"ListItem","position":2,"name":"Produkter","item":"https:\/\/positiveprints.com\/sv\/shop\/"},{"@type":"ListItem","position":3,"name":"Foto av syskon v\u00e4ggkonst"}]},{"@type":"WebSite","@id":"https:\/\/positiveprints.com\/sv\/#website","url":"https:\/\/positiveprints.com\/sv\/","name":"Positive Prints","description":"Amazing Custom Personalized Gifts","publisher":{"@id":"https:\/\/positiveprints.com\/sv\/#organization"},"potentialAction":[{"@type":"SearchAction","target":{"@type":"EntryPoint","urlTemplate":"https:\/\/positiveprints.com\/sv\/?s={search_term_string}"},"query-input":{"@type":"PropertyValueSpecification","valueRequired":true,"valueName":"search_term_string"}}],"inLanguage":"sv-SE"},{"@type":"Organization","@id":"https:\/\/positiveprints.com\/sv\/#organization","name":"Positive Prints","alternateName":"Positive Prints","url":"https:\/\/positiveprints.com\/sv\/","logo":{"@type":"ImageObject","inLanguage":"sv-SE","@id":"https:\/\/positiveprints.com\/sv\/#\/schema\/logo\/image\/","url":"https:\/\/positiveprints.com\/wp-content\/uploads\/2026\/03\/245815646_1337939713319158_5671353136411139666_n.png","contentUrl":"https:\/\/positiveprints.com\/wp-content\/uploads\/2026\/03\/245815646_1337939713319158_5671353136411139666_n.png","width":800,"height":800,"caption":"Positive Prints"},"image":{"@id":"https:\/\/positiveprints.com\/sv\/#\/schema\/logo\/image\/"},"sameAs":["https:\/\/www.facebook.com\/positiveprintscom","https:\/\/www.instagram.com\/positiveprintscom\/","https:\/\/www.tiktok.com\/@positiveprintscom","https:\/\/www.pinterest.com\/positiveprintscom\/"]}]}},"jetpack_sharing_enabled":true,"_links":{"self":[{"href":"https:\/\/positiveprints.com\/sv\/wp-json\/wp\/v2\/product\/380966","targetHints":{"allow":["GET"]}}],"collection":[{"href":"https:\/\/positiveprints.com\/sv\/wp-json\/wp\/v2\/product"}],"about":[{"href":"https:\/\/positiveprints.com\/sv\/wp-json\/wp\/v2\/types\/product"}],"wp:featuredmedia":[{"embeddable":true,"href":"https:\/\/positiveprints.com\/sv\/wp-json\/wp\/v2\/media\/355984"}],"wp:attachment":[{"href":"https:\/\/positiveprints.com\/sv\/wp-json\/wp\/v2\/media?parent=380966"}],"wp:term":[{"taxonomy":"product_brand","embeddable":true,"href":"https:\/\/positiveprints.com\/sv\/wp-json\/wp\/v2\/product_brand?post=380966"},{"taxonomy":"product_cat","embeddable":true,"href":"https:\/\/positiveprints.com\/sv\/wp-json\/wp\/v2\/product_cat?post=380966"},{"taxonomy":"product_tag","embeddable":true,"href":"https:\/\/positiveprints.com\/sv\/wp-json\/wp\/v2\/product_tag?post=380966"}],"curies":[{"name":"wp","href":"https:\/\/api.w.org\/{rel}","templated":true}]}}