{"id":376839,"date":"2022-10-07T14:14:05","date_gmt":"2022-10-07T13:14:05","guid":{"rendered":"https:\/\/positiveprints.com\/product\/mamma-jag-alskar-dig-till-manen-och-tillbaka\/"},"modified":"2026-04-18T06:29:46","modified_gmt":"2026-04-18T05:29:46","slug":"mamma-jag-alskar-dig-till-manen-och-tillbaka","status":"publish","type":"product","link":"https:\/\/positiveprints.com\/sv\/produkt\/mamma-jag-alskar-dig-till-manen-och-tillbaka\/","title":{"rendered":"Mamma, jag \u00e4lskar dig till m\u00e5nen och tillbaka"},"content":{"rendered":"<p>Mamma, jag \u00e4lskar dig till m\u00e5nen och tillbaka \u00e4r en personlig m\u00e5nprint fr\u00e5n ett datum och en tid som du sj\u00e4lv v\u00e4ljer. B\u00e4sta present till mamma<p>","protected":false},"excerpt":{"rendered":"<ul class=\"check-list\">\n<li>\u00d6verraska din mamma med en vacker m\u00e5nkarta som ber\u00e4ttar hur mycket du \u00e4lskar henne<\/li>\n<li>L\u00e4gg till m\u00e5nens unika skugga<\/li>\n<li>Anpassa i 3 enkla steg<\/li>\n<li>V\u00e4lj bland en m\u00e4ngd fantastiska designs<\/li>\n<li>Se resultatet direkt \u2013 den interaktiva f\u00f6rhandsvisningen l\u00e5ter dig finjustera varje detalj<\/li>\n<\/ul>\n","protected":false},"featured_media":1331759,"template":"","meta":[],"product_brand":[],"product_cat":[8108,14193,8113,7710,11474],"product_tag":[11833,8409],"class_list":{"0":"post-376839","1":"product","2":"type-product","3":"status-publish","4":"has-post-thumbnail","6":"product_cat-julpresenter","7":"product_cat-moon-sv","8":"product_cat-mors-dag-presenter","9":"product_cat-gavor-till-mamma","10":"product_cat-julklappar-till-mamma","11":"product_tag-julklappar-till-mamma","12":"product_tag-mother-sv","14":"first","15":"instock","16":"sale","17":"taxable","18":"shipping-taxable","19":"purchasable","20":"product-type-variable"},"yoast_head":"<!-- This site is optimized with the Yoast SEO Premium plugin v27.2 (Yoast SEO v27.2) - https:\/\/yoast.com\/product\/yoast-seo-premium-wordpress\/ -->\n<title>Mamma, jag \u00e4lskar dig till m\u00e5nen och tillbaka - Positive Prints<\/title>\n<meta name=\"description\" content=\"Mamma, jag \u00e4lskar dig till m\u00e5nen och tillbaka \u00e4r en personlig m\u00e5nprint fr\u00e5n ett datum och en tid som du sj\u00e4lv v\u00e4ljer. B\u00e4sta present till mamma\" \/>\n<meta name=\"robots\" content=\"index, follow, max-snippet:-1, max-image-preview:large, max-video-preview:-1\" \/>\n<link rel=\"canonical\" href=\"https:\/\/positiveprints.com\/sv\/produkt\/mamma-jag-alskar-dig-till-manen-och-tillbaka\/\" \/>\n<meta property=\"og:locale\" content=\"sv_SE\" \/>\n<meta property=\"og:type\" content=\"article\" \/>\n<meta property=\"og:title\" content=\"Mamma, jag \u00e4lskar dig till m\u00e5nen och tillbaka\" \/>\n<meta property=\"og:description\" content=\"\u00d6verraska din mamma med en vacker m\u00e5nkarta som ber\u00e4ttar hur mycket du \u00e4lskar henne L\u00e4gg till m\u00e5nens unika skugga Anpassa i 3 enkla steg V\u00e4lj bland en m\u00e4ngd fantastiska designs Se resultatet direkt \u2013 den interaktiva f\u00f6rhandsvisningen l\u00e5ter dig finjustera varje detalj\" \/>\n<meta property=\"og:url\" content=\"https:\/\/positiveprints.com\/sv\/produkt\/mamma-jag-alskar-dig-till-manen-och-tillbaka\/\" \/>\n<meta property=\"og:site_name\" content=\"Positive Prints\" \/>\n<meta property=\"article:publisher\" content=\"https:\/\/www.facebook.com\/positiveprintscom\" \/>\n<meta property=\"article:modified_time\" content=\"2026-04-18T05:29:46+00:00\" \/>\n<meta property=\"og:image\" content=\"https:\/\/positiveprints.com\/wp-content\/uploads\/2025\/01\/Mamma-jag-a\u0308lskar-dig-till-ma\u030anen-och-tillbaka-1.webp\" \/>\n\t<meta property=\"og:image:width\" content=\"1450\" \/>\n\t<meta property=\"og:image:height\" content=\"1450\" \/>\n\t<meta property=\"og:image:type\" content=\"image\/webp\" \/>\n<meta name=\"twitter:card\" content=\"summary_large_image\" \/>\n<meta name=\"twitter:label1\" content=\"Ber\u00e4knad l\u00e4stid\" \/>\n\t<meta name=\"twitter:data1\" content=\"1 minut\" \/>\n<!-- \/ Yoast SEO Premium plugin. -->","yoast_head_json":{"title":"Mamma, jag \u00e4lskar dig till m\u00e5nen och tillbaka - Positive Prints","description":"Mamma, jag \u00e4lskar dig till m\u00e5nen och tillbaka \u00e4r en personlig m\u00e5nprint fr\u00e5n ett datum och en tid som du sj\u00e4lv v\u00e4ljer. B\u00e4sta present till mamma","robots":{"index":"index","follow":"follow","max-snippet":"max-snippet:-1","max-image-preview":"max-image-preview:large","max-video-preview":"max-video-preview:-1"},"canonical":"https:\/\/positiveprints.com\/sv\/produkt\/mamma-jag-alskar-dig-till-manen-och-tillbaka\/","og_locale":"sv_SE","og_type":"article","og_title":"Mamma, jag \u00e4lskar dig till m\u00e5nen och tillbaka","og_description":"\u00d6verraska din mamma med en vacker m\u00e5nkarta som ber\u00e4ttar hur mycket du \u00e4lskar henne L\u00e4gg till m\u00e5nens unika skugga Anpassa i 3 enkla steg V\u00e4lj bland en m\u00e4ngd fantastiska designs Se resultatet direkt \u2013 den interaktiva f\u00f6rhandsvisningen l\u00e5ter dig finjustera varje detalj","og_url":"https:\/\/positiveprints.com\/sv\/produkt\/mamma-jag-alskar-dig-till-manen-och-tillbaka\/","og_site_name":"Positive Prints","article_publisher":"https:\/\/www.facebook.com\/positiveprintscom","article_modified_time":"2026-04-18T05:29:46+00:00","og_image":[{"width":1450,"height":1450,"url":"https:\/\/positiveprints.com\/wp-content\/uploads\/2025\/01\/Mamma-jag-a\u0308lskar-dig-till-ma\u030anen-och-tillbaka-1.webp","type":"image\/webp"}],"twitter_card":"summary_large_image","twitter_misc":{"Ber\u00e4knad l\u00e4stid":"1 minut"},"schema":{"@context":"https:\/\/schema.org","@graph":[{"@type":["WebPage","ItemPage"],"@id":"https:\/\/positiveprints.com\/sv\/produkt\/mamma-jag-alskar-dig-till-manen-och-tillbaka\/","url":"https:\/\/positiveprints.com\/sv\/produkt\/mamma-jag-alskar-dig-till-manen-och-tillbaka\/","name":"Mamma, jag \u00e4lskar dig till m\u00e5nen och tillbaka - Positive Prints","isPartOf":{"@id":"https:\/\/positiveprints.com\/sv\/#website"},"primaryImageOfPage":{"@id":"https:\/\/positiveprints.com\/sv\/produkt\/mamma-jag-alskar-dig-till-manen-och-tillbaka\/#primaryimage"},"image":{"@id":"https:\/\/positiveprints.com\/sv\/produkt\/mamma-jag-alskar-dig-till-manen-och-tillbaka\/#primaryimage"},"thumbnailUrl":"https:\/\/positiveprints.com\/wp-content\/uploads\/2025\/01\/Mamma-jag-a\u0308lskar-dig-till-ma\u030anen-och-tillbaka-1.webp","datePublished":"2022-10-07T13:14:05+00:00","dateModified":"2026-04-18T05:29:46+00:00","description":"Mamma, jag \u00e4lskar dig till m\u00e5nen och tillbaka \u00e4r en personlig m\u00e5nprint fr\u00e5n ett datum och en tid som du sj\u00e4lv v\u00e4ljer. B\u00e4sta present till mamma","breadcrumb":{"@id":"https:\/\/positiveprints.com\/sv\/produkt\/mamma-jag-alskar-dig-till-manen-och-tillbaka\/#breadcrumb"},"inLanguage":"sv-SE","potentialAction":[{"@type":"ReadAction","target":["https:\/\/positiveprints.com\/sv\/produkt\/mamma-jag-alskar-dig-till-manen-och-tillbaka\/"]}]},{"@type":"ImageObject","inLanguage":"sv-SE","@id":"https:\/\/positiveprints.com\/sv\/produkt\/mamma-jag-alskar-dig-till-manen-och-tillbaka\/#primaryimage","url":"https:\/\/positiveprints.com\/wp-content\/uploads\/2025\/01\/Mamma-jag-a\u0308lskar-dig-till-ma\u030anen-och-tillbaka-1.webp","contentUrl":"https:\/\/positiveprints.com\/wp-content\/uploads\/2025\/01\/Mamma-jag-a\u0308lskar-dig-till-ma\u030anen-och-tillbaka-1.webp","width":1450,"height":1450},{"@type":"BreadcrumbList","@id":"https:\/\/positiveprints.com\/sv\/produkt\/mamma-jag-alskar-dig-till-manen-och-tillbaka\/#breadcrumb","itemListElement":[{"@type":"ListItem","position":1,"name":"Home","item":"https:\/\/positiveprints.com\/sv\/"},{"@type":"ListItem","position":2,"name":"Produkter","item":"https:\/\/positiveprints.com\/sv\/shop\/"},{"@type":"ListItem","position":3,"name":"Mamma, jag \u00e4lskar dig till m\u00e5nen och tillbaka"}]},{"@type":"WebSite","@id":"https:\/\/positiveprints.com\/sv\/#website","url":"https:\/\/positiveprints.com\/sv\/","name":"Positive Prints","description":"Amazing Custom Personalized Gifts","publisher":{"@id":"https:\/\/positiveprints.com\/sv\/#organization"},"potentialAction":[{"@type":"SearchAction","target":{"@type":"EntryPoint","urlTemplate":"https:\/\/positiveprints.com\/sv\/?s={search_term_string}"},"query-input":{"@type":"PropertyValueSpecification","valueRequired":true,"valueName":"search_term_string"}}],"inLanguage":"sv-SE"},{"@type":"Organization","@id":"https:\/\/positiveprints.com\/sv\/#organization","name":"Positive Prints","alternateName":"Positive Prints","url":"https:\/\/positiveprints.com\/sv\/","logo":{"@type":"ImageObject","inLanguage":"sv-SE","@id":"https:\/\/positiveprints.com\/sv\/#\/schema\/logo\/image\/","url":"https:\/\/positiveprints.com\/wp-content\/uploads\/2026\/03\/245815646_1337939713319158_5671353136411139666_n.png","contentUrl":"https:\/\/positiveprints.com\/wp-content\/uploads\/2026\/03\/245815646_1337939713319158_5671353136411139666_n.png","width":800,"height":800,"caption":"Positive Prints"},"image":{"@id":"https:\/\/positiveprints.com\/sv\/#\/schema\/logo\/image\/"},"sameAs":["https:\/\/www.facebook.com\/positiveprintscom","https:\/\/www.instagram.com\/positiveprintscom\/","https:\/\/www.tiktok.com\/@positiveprintscom","https:\/\/www.pinterest.com\/positiveprintscom\/"]}]}},"jetpack_sharing_enabled":true,"_links":{"self":[{"href":"https:\/\/positiveprints.com\/sv\/wp-json\/wp\/v2\/product\/376839","targetHints":{"allow":["GET"]}}],"collection":[{"href":"https:\/\/positiveprints.com\/sv\/wp-json\/wp\/v2\/product"}],"about":[{"href":"https:\/\/positiveprints.com\/sv\/wp-json\/wp\/v2\/types\/product"}],"wp:featuredmedia":[{"embeddable":true,"href":"https:\/\/positiveprints.com\/sv\/wp-json\/wp\/v2\/media\/1331759"}],"wp:attachment":[{"href":"https:\/\/positiveprints.com\/sv\/wp-json\/wp\/v2\/media?parent=376839"}],"wp:term":[{"taxonomy":"product_brand","embeddable":true,"href":"https:\/\/positiveprints.com\/sv\/wp-json\/wp\/v2\/product_brand?post=376839"},{"taxonomy":"product_cat","embeddable":true,"href":"https:\/\/positiveprints.com\/sv\/wp-json\/wp\/v2\/product_cat?post=376839"},{"taxonomy":"product_tag","embeddable":true,"href":"https:\/\/positiveprints.com\/sv\/wp-json\/wp\/v2\/product_tag?post=376839"}],"curies":[{"name":"wp","href":"https:\/\/api.w.org\/{rel}","templated":true}]}}