{"id":376734,"date":"2022-10-07T20:04:56","date_gmt":"2022-10-07T19:04:56","guid":{"rendered":"https:\/\/positiveprints.com\/product\/pappa-jag-alskar-dig-till-manen-och-tillbaka\/"},"modified":"2026-04-23T11:42:00","modified_gmt":"2026-04-23T10:42:00","slug":"pappa-jag-alskar-dig-till-manen-och-tillbaka","status":"publish","type":"product","link":"https:\/\/positiveprints.com\/sv\/produkt\/pappa-jag-alskar-dig-till-manen-och-tillbaka\/","title":{"rendered":"Pappa, jag \u00e4lskar dig till m\u00e5nen och tillbaka"},"content":{"rendered":"<p>\r\nPappa, jag \u00e4lskar dig till m\u00e5nen och tillbaka \u00e4r en personlig m\u00e5nprint fr\u00e5n ett datum och en tid som du sj\u00e4lv v\u00e4ljer. B\u00e4sta present till pappa\r\n<\/p>","protected":false},"excerpt":{"rendered":"<ul class=\"check-list\">\n<li>L\u00e4gg till m\u00e5nens unika skugga<\/li>\n<li>Anpassa i 3 enkla steg<\/li>\n<li>V\u00e4lj bland en m\u00e4ngd fantastiska designs<\/li>\n<li>Se resultatet direkt \u2013 den interaktiva f\u00f6rhandsvisningen l\u00e5ter dig finjustera varje detalj<\/li>\n<\/ul>\n","protected":false},"featured_media":353553,"template":"","meta":[],"product_brand":[],"product_cat":[8109,14193,8108,11466,7982],"product_tag":[8560,11765],"class_list":{"0":"post-376734","1":"product","2":"type-product","3":"status-publish","4":"has-post-thumbnail","6":"product_cat-fars-dag-present","7":"product_cat-moon-sv","8":"product_cat-julpresenter","9":"product_cat-julklappar-till-pappa","10":"product_cat-gavor-till-pappa","11":"product_tag-father-sv","12":"product_tag-julklappar-till-pappa","14":"first","15":"instock","16":"sale","17":"taxable","18":"shipping-taxable","19":"purchasable","20":"product-type-variable"},"yoast_head":"<!-- This site is optimized with the Yoast SEO Premium plugin v27.2 (Yoast SEO v27.2) - https:\/\/yoast.com\/product\/yoast-seo-premium-wordpress\/ -->\n<title>Pappa, jag \u00e4lskar dig till m\u00e5nen och tillbaka - Positive Prints<\/title>\n<meta name=\"description\" content=\"Pappa, jag \u00e4lskar dig till m\u00e5nen och tillbaka \u00e4r en personlig m\u00e5nprint fr\u00e5n ett datum och en tid som du sj\u00e4lv v\u00e4ljer. B\u00e4sta present till pappa.\" \/>\n<meta name=\"robots\" content=\"index, follow, max-snippet:-1, max-image-preview:large, max-video-preview:-1\" \/>\n<link rel=\"canonical\" href=\"https:\/\/positiveprints.com\/sv\/produkt\/pappa-jag-alskar-dig-till-manen-och-tillbaka\/\" \/>\n<meta property=\"og:locale\" content=\"sv_SE\" \/>\n<meta property=\"og:type\" content=\"article\" \/>\n<meta property=\"og:title\" content=\"Pappa, jag \u00e4lskar dig till m\u00e5nen och tillbaka\" \/>\n<meta property=\"og:description\" content=\"L\u00e4gg till m\u00e5nens unika skugga  Anpassa i 3 enkla steg  V\u00e4lj bland en m\u00e4ngd fantastiska designs  Se resultatet direkt \u2013 den interaktiva f\u00f6rhandsvisningen l\u00e5ter dig finjustera varje detalj\" \/>\n<meta property=\"og:url\" content=\"https:\/\/positiveprints.com\/sv\/produkt\/pappa-jag-alskar-dig-till-manen-och-tillbaka\/\" \/>\n<meta property=\"og:site_name\" content=\"Positive Prints\" \/>\n<meta property=\"article:publisher\" content=\"https:\/\/www.facebook.com\/positiveprintscom\" \/>\n<meta property=\"article:modified_time\" content=\"2026-04-23T10:42:00+00:00\" \/>\n<meta property=\"og:image\" content=\"https:\/\/positiveprints.com\/wp-content\/uploads\/2022\/10\/daddy-i-love-you-to-the-moon-and-back.jpg\" \/>\n\t<meta property=\"og:image:width\" content=\"1080\" \/>\n\t<meta property=\"og:image:height\" content=\"1080\" \/>\n\t<meta property=\"og:image:type\" content=\"image\/jpeg\" \/>\n<meta name=\"twitter:card\" content=\"summary_large_image\" \/>\n<!-- \/ Yoast SEO Premium plugin. -->","yoast_head_json":{"title":"Pappa, jag \u00e4lskar dig till m\u00e5nen och tillbaka - Positive Prints","description":"Pappa, jag \u00e4lskar dig till m\u00e5nen och tillbaka \u00e4r en personlig m\u00e5nprint fr\u00e5n ett datum och en tid som du sj\u00e4lv v\u00e4ljer. B\u00e4sta present till pappa.","robots":{"index":"index","follow":"follow","max-snippet":"max-snippet:-1","max-image-preview":"max-image-preview:large","max-video-preview":"max-video-preview:-1"},"canonical":"https:\/\/positiveprints.com\/sv\/produkt\/pappa-jag-alskar-dig-till-manen-och-tillbaka\/","og_locale":"sv_SE","og_type":"article","og_title":"Pappa, jag \u00e4lskar dig till m\u00e5nen och tillbaka","og_description":"L\u00e4gg till m\u00e5nens unika skugga  Anpassa i 3 enkla steg  V\u00e4lj bland en m\u00e4ngd fantastiska designs  Se resultatet direkt \u2013 den interaktiva f\u00f6rhandsvisningen l\u00e5ter dig finjustera varje detalj","og_url":"https:\/\/positiveprints.com\/sv\/produkt\/pappa-jag-alskar-dig-till-manen-och-tillbaka\/","og_site_name":"Positive Prints","article_publisher":"https:\/\/www.facebook.com\/positiveprintscom","article_modified_time":"2026-04-23T10:42:00+00:00","og_image":[{"width":1080,"height":1080,"url":"https:\/\/positiveprints.com\/wp-content\/uploads\/2022\/10\/daddy-i-love-you-to-the-moon-and-back.jpg","type":"image\/jpeg"}],"twitter_card":"summary_large_image","schema":{"@context":"https:\/\/schema.org","@graph":[{"@type":["WebPage","ItemPage"],"@id":"https:\/\/positiveprints.com\/sv\/produkt\/pappa-jag-alskar-dig-till-manen-och-tillbaka\/","url":"https:\/\/positiveprints.com\/sv\/produkt\/pappa-jag-alskar-dig-till-manen-och-tillbaka\/","name":"Pappa, jag \u00e4lskar dig till m\u00e5nen och tillbaka - Positive Prints","isPartOf":{"@id":"https:\/\/positiveprints.com\/sv\/#website"},"primaryImageOfPage":{"@id":"https:\/\/positiveprints.com\/sv\/produkt\/pappa-jag-alskar-dig-till-manen-och-tillbaka\/#primaryimage"},"image":{"@id":"https:\/\/positiveprints.com\/sv\/produkt\/pappa-jag-alskar-dig-till-manen-och-tillbaka\/#primaryimage"},"thumbnailUrl":"https:\/\/positiveprints.com\/wp-content\/uploads\/2022\/10\/daddy-i-love-you-to-the-moon-and-back.jpg","datePublished":"2022-10-07T19:04:56+00:00","dateModified":"2026-04-23T10:42:00+00:00","description":"Pappa, jag \u00e4lskar dig till m\u00e5nen och tillbaka \u00e4r en personlig m\u00e5nprint fr\u00e5n ett datum och en tid som du sj\u00e4lv v\u00e4ljer. B\u00e4sta present till pappa.","breadcrumb":{"@id":"https:\/\/positiveprints.com\/sv\/produkt\/pappa-jag-alskar-dig-till-manen-och-tillbaka\/#breadcrumb"},"inLanguage":"sv-SE","potentialAction":[{"@type":"ReadAction","target":["https:\/\/positiveprints.com\/sv\/produkt\/pappa-jag-alskar-dig-till-manen-och-tillbaka\/"]}]},{"@type":"ImageObject","inLanguage":"sv-SE","@id":"https:\/\/positiveprints.com\/sv\/produkt\/pappa-jag-alskar-dig-till-manen-och-tillbaka\/#primaryimage","url":"https:\/\/positiveprints.com\/wp-content\/uploads\/2022\/10\/daddy-i-love-you-to-the-moon-and-back.jpg","contentUrl":"https:\/\/positiveprints.com\/wp-content\/uploads\/2022\/10\/daddy-i-love-you-to-the-moon-and-back.jpg","width":1080,"height":1080,"caption":"Daddy, I love you to the moon and back is a gift that any dad would love to receive."},{"@type":"BreadcrumbList","@id":"https:\/\/positiveprints.com\/sv\/produkt\/pappa-jag-alskar-dig-till-manen-och-tillbaka\/#breadcrumb","itemListElement":[{"@type":"ListItem","position":1,"name":"Home","item":"https:\/\/positiveprints.com\/sv\/"},{"@type":"ListItem","position":2,"name":"Produkter","item":"https:\/\/positiveprints.com\/sv\/shop\/"},{"@type":"ListItem","position":3,"name":"Pappa, jag \u00e4lskar dig till m\u00e5nen och tillbaka"}]},{"@type":"WebSite","@id":"https:\/\/positiveprints.com\/sv\/#website","url":"https:\/\/positiveprints.com\/sv\/","name":"Positive Prints","description":"Amazing Custom Personalized Gifts","publisher":{"@id":"https:\/\/positiveprints.com\/sv\/#organization"},"potentialAction":[{"@type":"SearchAction","target":{"@type":"EntryPoint","urlTemplate":"https:\/\/positiveprints.com\/sv\/?s={search_term_string}"},"query-input":{"@type":"PropertyValueSpecification","valueRequired":true,"valueName":"search_term_string"}}],"inLanguage":"sv-SE"},{"@type":"Organization","@id":"https:\/\/positiveprints.com\/sv\/#organization","name":"Positive Prints","alternateName":"Positive Prints","url":"https:\/\/positiveprints.com\/sv\/","logo":{"@type":"ImageObject","inLanguage":"sv-SE","@id":"https:\/\/positiveprints.com\/sv\/#\/schema\/logo\/image\/","url":"https:\/\/positiveprints.com\/wp-content\/uploads\/2026\/03\/245815646_1337939713319158_5671353136411139666_n.png","contentUrl":"https:\/\/positiveprints.com\/wp-content\/uploads\/2026\/03\/245815646_1337939713319158_5671353136411139666_n.png","width":800,"height":800,"caption":"Positive Prints"},"image":{"@id":"https:\/\/positiveprints.com\/sv\/#\/schema\/logo\/image\/"},"sameAs":["https:\/\/www.facebook.com\/positiveprintscom","https:\/\/www.instagram.com\/positiveprintscom\/","https:\/\/www.tiktok.com\/@positiveprintscom","https:\/\/www.pinterest.com\/positiveprintscom\/"]}]}},"jetpack_sharing_enabled":true,"_links":{"self":[{"href":"https:\/\/positiveprints.com\/sv\/wp-json\/wp\/v2\/product\/376734","targetHints":{"allow":["GET"]}}],"collection":[{"href":"https:\/\/positiveprints.com\/sv\/wp-json\/wp\/v2\/product"}],"about":[{"href":"https:\/\/positiveprints.com\/sv\/wp-json\/wp\/v2\/types\/product"}],"wp:featuredmedia":[{"embeddable":true,"href":"https:\/\/positiveprints.com\/sv\/wp-json\/wp\/v2\/media\/353553"}],"wp:attachment":[{"href":"https:\/\/positiveprints.com\/sv\/wp-json\/wp\/v2\/media?parent=376734"}],"wp:term":[{"taxonomy":"product_brand","embeddable":true,"href":"https:\/\/positiveprints.com\/sv\/wp-json\/wp\/v2\/product_brand?post=376734"},{"taxonomy":"product_cat","embeddable":true,"href":"https:\/\/positiveprints.com\/sv\/wp-json\/wp\/v2\/product_cat?post=376734"},{"taxonomy":"product_tag","embeddable":true,"href":"https:\/\/positiveprints.com\/sv\/wp-json\/wp\/v2\/product_tag?post=376734"}],"curies":[{"name":"wp","href":"https:\/\/api.w.org\/{rel}","templated":true}]}}