{"id":376551,"date":"2022-10-06T21:17:27","date_gmt":"2022-10-06T20:17:27","guid":{"rendered":"https:\/\/positiveprints.com\/product\/vi-traffades-vi-gifte-oss-vi-bodde-kartan\/"},"modified":"2026-04-23T11:42:32","modified_gmt":"2026-04-23T10:42:32","slug":"vi-met-vi-gifta-vi-lever-karta","status":"publish","type":"product","link":"https:\/\/positiveprints.com\/sv\/produkt\/vi-met-vi-gifta-vi-lever-karta\/","title":{"rendered":"Vi tr\u00e4ffades Vi gifte oss Vi bor Karta"},"content":{"rendered":"<p>Tre viktiga platser i v\u00e4rlden?\r\nPlatsen d\u00e4r ni tr\u00e4ffades, d\u00e4r ni gifte er och d\u00e4r ni bor.\r\nVar och en av dessa platser inneh\u00e5ller s\u00e5 m\u00e5nga underbara minnen f\u00f6r dig.\r\nNi \u00e4r lyckligt lottade som har funnit varandra och som f\u00e5r dela v\u00e5ra liv tillsammans.\r\nL\u00e5t oss ta en titt p\u00e5 var och en av dessa speciella platser.      <\/p>\r\n\r\n<h2 class=\"grenB f24 cblue\" style=\"margin-top: 3rem\">Tre viktiga platser i v\u00e4rlden: D\u00e4r vi tr\u00e4ffades, d\u00e4r vi gifte oss och d\u00e4r vi bor<\/h2>\r\n\r\n\r\n<p style=\"margin-top: 1rem\">Den f\u00f6rsta platsen \u00e4r d\u00e4r ni tr\u00e4ffades.\r\nDet var f\u00f6rmodligen en plats som var speciell f\u00f6r er b\u00e5da redan innan ni k\u00e4nde varandra.\r\nDet kan vara en plats som ni alltid har \u00e4lskat eller en plats som har en personlig betydelse f\u00f6r er b\u00e5da.\r\nHur tr\u00e4ffades ni?\r\nVar det k\u00e4rlek vid f\u00f6rsta \u00f6gonkastet?      <\/p>\r\n\r\n\r\n\r\n<p style=\"margin-top: 1rem\">Den andra platsen \u00e4r d\u00e4r ni gifte er.\r\nDet h\u00e4r \u00e4r en dag som ni b\u00e5da kommer att minnas f\u00f6r alltid.\r\nDet \u00e4r dagen d\u00e5 ni lovade varandra trohet inf\u00f6r alla era v\u00e4nner och er familj.\r\nVad gjorde den h\u00e4r dagen s\u00e5 speciell?\r\nVar det det perfekta v\u00e4dret, den vackra platsen eller det faktum att allt gick enligt planerna?      <\/p>\r\n\r\n\r\n\r\n<p style=\"margin-top: 1rem\">Den tredje och sista platsen \u00e4r d\u00e4r du bor.\r\nDet \u00e4r platsen som du kallar ditt hem, och den \u00e4r full av alla dina favoritsaker.\r\nDet \u00e4r d\u00e4r du kopplar av efter en l\u00e5ng dag och d\u00e4r du tillbringar tid med de m\u00e4nniskor du \u00e4lskar.\r\nHar du flyttat hit nyligen?\r\nWe Met We Married We Live Map kommer att vara en unik <a href=\"https:\/\/positiveprints.com\/housewarming-gifts\/\">inflyttningspresent<\/a>.      <\/p>\r\n\r\n\r\n\r\n<h2 class=\"grenB f24 cblue\" style=\"margin-top: 3rem\">Minns din speciella k\u00e4rlekshistoria<\/h2>\r\n\r\n<p style=\"margin-top: 1rem\">Karttrycket We Met We Married We Live \u00e4r det perfekta s\u00e4ttet att minnas din speciella k\u00e4rlekshistoria.\r\nDetta unika och <a href=\"https:\/\/positiveprints.com\/product\/custom-map-art\/\">personliga kart<\/a> tryck \u00e4r en underbar inflyttningspresent f\u00f6r par eller helt enkelt ett vackert tillskott till din heminredning. <\/p>\r\n\r\n\r\n\r\n<p style=\"margin-top: 1rem\">Med We Met We Married We Live Map Print kan du l\u00e4gga till tre platser &#8211; d\u00e4r du tr\u00e4ffades, gifte dig och bor &#8211; och anpassa med dina egna f\u00e4rger och budskap.\r\nDu kan best\u00e4lla som en tryckt eller inramad poster, canvas eller som en direkt digital nedladdningsbar fil. <\/p>\r\n\r\n\r\n\r\n<p style=\"margin-top: 1rem\">Det blir ett vackert och unikt s\u00e4tt att minnas dessa speciella stunder i ditt liv, f\u00f6r alltid.\r\nV\u00e4nta inte &#8211; skaffa ditt Vi tr\u00e4ffades Vi gifte oss Vi lever karttryck idag! <\/p>","protected":false},"excerpt":{"rendered":"\n<ul class=\"check-list\">\n<li>Markera de exakta adresserna med en vald symbol<\/li>\n<li>Anpassa i 3 enkla steg<\/li>\n<li>V\u00e4lj en mall eller var kreativ<\/li>\n<li>Se resultatet direkt \u2013 den interaktiva f\u00f6rhandsvisningen l\u00e5ter dig finjustera varje detalj<\/li>\n<\/ul>\n","protected":false},"featured_media":1320862,"template":"","meta":[],"product_brand":[],"product_cat":[7694,8014,8119,9120],"product_tag":[14998,8377],"class_list":{"0":"post-376551","1":"product","2":"type-product","3":"status-publish","4":"has-post-thumbnail","6":"product_cat-gavor-for-kvinnor","7":"product_cat-gavor-for-man","8":"product_cat-inflyttningspresenter-presenttillfallen","9":"product_cat-triple-maps-sv","10":"product_tag-anniversary-sv","11":"product_tag-jubileum-sv","13":"first","14":"instock","15":"sale","16":"taxable","17":"shipping-taxable","18":"purchasable","19":"product-type-variable"},"yoast_head":"<!-- This site is optimized with the Yoast SEO Premium plugin v27.2 (Yoast SEO v27.2) - https:\/\/yoast.com\/product\/yoast-seo-premium-wordpress\/ -->\n<title>Vi tr\u00e4ffades Vi gifte oss Vi bor Karta - Personligt tryck - Positive Prints<\/title>\n<meta name=\"description\" content=\"We Met We Married We Live Map print \u00e4r det perfekta s\u00e4ttet att minnas din speciella k\u00e4rlekshistoria. Best\u00e4ll redan idag!\" \/>\n<meta name=\"robots\" content=\"index, follow, max-snippet:-1, max-image-preview:large, max-video-preview:-1\" \/>\n<link rel=\"canonical\" href=\"https:\/\/positiveprints.com\/sv\/produkt\/vi-met-vi-gifta-vi-lever-karta\/\" \/>\n<meta property=\"og:locale\" content=\"sv_SE\" \/>\n<meta property=\"og:type\" content=\"article\" \/>\n<meta property=\"og:title\" content=\"Vi tr\u00e4ffades Vi gifte oss Vi bor Karta\" \/>\n<meta property=\"og:description\" content=\"Markera de exakta adresserna med en vald symbol Anpassa i 3 enkla steg V\u00e4lj en mall eller var kreativ Se resultatet direkt \u2013 den interaktiva f\u00f6rhandsvisningen l\u00e5ter dig finjustera varje detalj\" \/>\n<meta property=\"og:url\" content=\"https:\/\/positiveprints.com\/sv\/produkt\/vi-met-vi-gifta-vi-lever-karta\/\" \/>\n<meta property=\"og:site_name\" content=\"Positive Prints\" \/>\n<meta property=\"article:publisher\" content=\"https:\/\/www.facebook.com\/positiveprintscom\" \/>\n<meta property=\"article:modified_time\" content=\"2026-04-23T10:42:32+00:00\" \/>\n<meta property=\"og:image\" content=\"https:\/\/positiveprints.com\/wp-content\/uploads\/2022\/10\/Met-Married-Live-Map.webp\" \/>\n\t<meta property=\"og:image:width\" content=\"1450\" \/>\n\t<meta property=\"og:image:height\" content=\"1450\" \/>\n\t<meta property=\"og:image:type\" content=\"image\/webp\" \/>\n<meta name=\"twitter:card\" content=\"summary_large_image\" \/>\n<!-- \/ Yoast SEO Premium plugin. -->","yoast_head_json":{"title":"Vi tr\u00e4ffades Vi gifte oss Vi bor Karta - Personligt tryck - Positive Prints","description":"We Met We Married We Live Map print \u00e4r det perfekta s\u00e4ttet att minnas din speciella k\u00e4rlekshistoria. Best\u00e4ll redan idag!","robots":{"index":"index","follow":"follow","max-snippet":"max-snippet:-1","max-image-preview":"max-image-preview:large","max-video-preview":"max-video-preview:-1"},"canonical":"https:\/\/positiveprints.com\/sv\/produkt\/vi-met-vi-gifta-vi-lever-karta\/","og_locale":"sv_SE","og_type":"article","og_title":"Vi tr\u00e4ffades Vi gifte oss Vi bor Karta","og_description":"Markera de exakta adresserna med en vald symbol Anpassa i 3 enkla steg V\u00e4lj en mall eller var kreativ Se resultatet direkt \u2013 den interaktiva f\u00f6rhandsvisningen l\u00e5ter dig finjustera varje detalj","og_url":"https:\/\/positiveprints.com\/sv\/produkt\/vi-met-vi-gifta-vi-lever-karta\/","og_site_name":"Positive Prints","article_publisher":"https:\/\/www.facebook.com\/positiveprintscom","article_modified_time":"2026-04-23T10:42:32+00:00","og_image":[{"width":1450,"height":1450,"url":"https:\/\/positiveprints.com\/wp-content\/uploads\/2022\/10\/Met-Married-Live-Map.webp","type":"image\/webp"}],"twitter_card":"summary_large_image","schema":{"@context":"https:\/\/schema.org","@graph":[{"@type":["WebPage","ItemPage"],"@id":"https:\/\/positiveprints.com\/sv\/produkt\/vi-met-vi-gifta-vi-lever-karta\/","url":"https:\/\/positiveprints.com\/sv\/produkt\/vi-met-vi-gifta-vi-lever-karta\/","name":"Vi tr\u00e4ffades Vi gifte oss Vi bor Karta - Personligt tryck - Positive Prints","isPartOf":{"@id":"https:\/\/positiveprints.com\/sv\/#website"},"primaryImageOfPage":{"@id":"https:\/\/positiveprints.com\/sv\/produkt\/vi-met-vi-gifta-vi-lever-karta\/#primaryimage"},"image":{"@id":"https:\/\/positiveprints.com\/sv\/produkt\/vi-met-vi-gifta-vi-lever-karta\/#primaryimage"},"thumbnailUrl":"https:\/\/positiveprints.com\/wp-content\/uploads\/2022\/10\/Met-Married-Live-Map.webp","datePublished":"2022-10-06T20:17:27+00:00","dateModified":"2026-04-23T10:42:32+00:00","description":"We Met We Married We Live Map print \u00e4r det perfekta s\u00e4ttet att minnas din speciella k\u00e4rlekshistoria. Best\u00e4ll redan idag!","breadcrumb":{"@id":"https:\/\/positiveprints.com\/sv\/produkt\/vi-met-vi-gifta-vi-lever-karta\/#breadcrumb"},"inLanguage":"sv-SE","potentialAction":[{"@type":"ReadAction","target":["https:\/\/positiveprints.com\/sv\/produkt\/vi-met-vi-gifta-vi-lever-karta\/"]}]},{"@type":"ImageObject","inLanguage":"sv-SE","@id":"https:\/\/positiveprints.com\/sv\/produkt\/vi-met-vi-gifta-vi-lever-karta\/#primaryimage","url":"https:\/\/positiveprints.com\/wp-content\/uploads\/2022\/10\/Met-Married-Live-Map.webp","contentUrl":"https:\/\/positiveprints.com\/wp-content\/uploads\/2022\/10\/Met-Married-Live-Map.webp","width":1450,"height":1450,"caption":"Met Married Live Map"},{"@type":"BreadcrumbList","@id":"https:\/\/positiveprints.com\/sv\/produkt\/vi-met-vi-gifta-vi-lever-karta\/#breadcrumb","itemListElement":[{"@type":"ListItem","position":1,"name":"Home","item":"https:\/\/positiveprints.com\/sv\/"},{"@type":"ListItem","position":2,"name":"Produkter","item":"https:\/\/positiveprints.com\/sv\/shop\/"},{"@type":"ListItem","position":3,"name":"Vi tr\u00e4ffades Vi gifte oss Vi bor Karta"}]},{"@type":"WebSite","@id":"https:\/\/positiveprints.com\/sv\/#website","url":"https:\/\/positiveprints.com\/sv\/","name":"Positive Prints","description":"Amazing Custom Personalized Gifts","publisher":{"@id":"https:\/\/positiveprints.com\/sv\/#organization"},"potentialAction":[{"@type":"SearchAction","target":{"@type":"EntryPoint","urlTemplate":"https:\/\/positiveprints.com\/sv\/?s={search_term_string}"},"query-input":{"@type":"PropertyValueSpecification","valueRequired":true,"valueName":"search_term_string"}}],"inLanguage":"sv-SE"},{"@type":"Organization","@id":"https:\/\/positiveprints.com\/sv\/#organization","name":"Positive Prints","alternateName":"Positive Prints","url":"https:\/\/positiveprints.com\/sv\/","logo":{"@type":"ImageObject","inLanguage":"sv-SE","@id":"https:\/\/positiveprints.com\/sv\/#\/schema\/logo\/image\/","url":"https:\/\/positiveprints.com\/wp-content\/uploads\/2026\/03\/245815646_1337939713319158_5671353136411139666_n.png","contentUrl":"https:\/\/positiveprints.com\/wp-content\/uploads\/2026\/03\/245815646_1337939713319158_5671353136411139666_n.png","width":800,"height":800,"caption":"Positive Prints"},"image":{"@id":"https:\/\/positiveprints.com\/sv\/#\/schema\/logo\/image\/"},"sameAs":["https:\/\/www.facebook.com\/positiveprintscom","https:\/\/www.instagram.com\/positiveprintscom\/","https:\/\/www.tiktok.com\/@positiveprintscom","https:\/\/www.pinterest.com\/positiveprintscom\/"]}]}},"jetpack_sharing_enabled":true,"_links":{"self":[{"href":"https:\/\/positiveprints.com\/sv\/wp-json\/wp\/v2\/product\/376551","targetHints":{"allow":["GET"]}}],"collection":[{"href":"https:\/\/positiveprints.com\/sv\/wp-json\/wp\/v2\/product"}],"about":[{"href":"https:\/\/positiveprints.com\/sv\/wp-json\/wp\/v2\/types\/product"}],"wp:featuredmedia":[{"embeddable":true,"href":"https:\/\/positiveprints.com\/sv\/wp-json\/wp\/v2\/media\/1320862"}],"wp:attachment":[{"href":"https:\/\/positiveprints.com\/sv\/wp-json\/wp\/v2\/media?parent=376551"}],"wp:term":[{"taxonomy":"product_brand","embeddable":true,"href":"https:\/\/positiveprints.com\/sv\/wp-json\/wp\/v2\/product_brand?post=376551"},{"taxonomy":"product_cat","embeddable":true,"href":"https:\/\/positiveprints.com\/sv\/wp-json\/wp\/v2\/product_cat?post=376551"},{"taxonomy":"product_tag","embeddable":true,"href":"https:\/\/positiveprints.com\/sv\/wp-json\/wp\/v2\/product_tag?post=376551"}],"curies":[{"name":"wp","href":"https:\/\/api.w.org\/{rel}","templated":true}]}}