{"id":375853,"date":"2022-10-11T14:55:34","date_gmt":"2022-10-11T13:55:34","guid":{"rendered":"https:\/\/positiveprints.com\/product\/karleksfoto-present\/"},"modified":"2026-04-18T06:26:41","modified_gmt":"2026-04-18T05:26:41","slug":"karleksfoto-present","status":"publish","type":"product","link":"https:\/\/positiveprints.com\/sv\/produkt\/karleksfoto-present\/","title":{"rendered":"K\u00e4rleksfoto present"},"content":{"rendered":"<p>Personlig k\u00e4rleksfotopresent \u00e4r ett bra s\u00e4tt att fira speciella tillf\u00e4llen som \u00e5rsdagar, f\u00f6delsedagar eller Alla hj\u00e4rtans dag.<\/p>","protected":false},"excerpt":{"rendered":"<ul class=\"check-list\">\n<li>Ge ditt hem en touch av k\u00e4rlek: visa dina favoritminnen tillsammans med din \u00e4lskade och f\u00e5 varje dag att k\u00e4nnas speciell<\/li>\n<li>L\u00e4gg till text\u00f6verl\u00e4gg f\u00f6r att g\u00f6ra varje g\u00e5va speciell och meningsfull<\/li>\n<li>Anpassa i 3 enkla steg<\/li>\n<li>Se resultatet direkt \u2013 den interaktiva f\u00f6rhandsvisningen l\u00e5ter dig finjustera varje detalj<\/li>\n<\/ul>\n","protected":false},"featured_media":355658,"template":"","meta":[],"product_brand":[],"product_cat":[7934,7694,8014,7806,7503,8108,7647,7790,11469,7758,11477,8188,11470,8214,11471,11472,11463,7679],"product_tag":[8527,11758,11772,11835,11829,11832,11830],"class_list":{"0":"post-375853","1":"product","2":"type-product","3":"status-publish","4":"has-post-thumbnail","6":"product_cat-gavor-till-brollopsdusch","7":"product_cat-gavor-for-kvinnor","8":"product_cat-gavor-for-man","9":"product_cat-gavor-for-par","10":"product_cat-foto-sv","11":"product_cat-julpresenter","12":"product_cat-gavor-till-din-man","13":"product_cat-gavor-till-flickvannen","14":"product_cat-julklappar-till-flickvannen","15":"product_cat-gavor-till-fru","16":"product_cat-julklappar-till-frun","17":"product_cat-till-henne","18":"product_cat-julklappar-till-henne","19":"product_cat-till-honom","20":"product_cat-julklappar-till-honom","21":"product_cat-julklappar-till-maken","22":"product_cat-julklapp-till-pojkvan","23":"product_cat-gavor-till-pojkvannen","24":"product_tag-couples-sv","25":"product_tag-julklapp-till-pojkvan","26":"product_tag-julklappar-till-flickvannen","27":"product_tag-julklappar-till-frun","28":"product_tag-julklappar-till-henne","29":"product_tag-julklappar-till-maken","30":"product_tag-kerstcadeaus-for-honom","32":"first","33":"instock","34":"sale","35":"taxable","36":"shipping-taxable","37":"purchasable","38":"product-type-variable"},"yoast_head":"<!-- This site is optimized with the Yoast SEO Premium plugin v27.2 (Yoast SEO v27.2) - https:\/\/yoast.com\/product\/yoast-seo-premium-wordpress\/ -->\n<title>K\u00e4rleksfoto present - Positive Prints<\/title>\n<meta name=\"description\" content=\"Personlig k\u00e4rleksfotopresent \u00e4r ett bra s\u00e4tt att fira speciella tillf\u00e4llen som \u00e5rsdagar, f\u00f6delsedagar eller Alla hj\u00e4rtans dag.\" \/>\n<meta name=\"robots\" content=\"index, follow, max-snippet:-1, max-image-preview:large, max-video-preview:-1\" \/>\n<link rel=\"canonical\" href=\"https:\/\/positiveprints.com\/sv\/produkt\/karleksfoto-present\/\" \/>\n<meta property=\"og:locale\" content=\"sv_SE\" \/>\n<meta property=\"og:type\" content=\"article\" \/>\n<meta property=\"og:title\" content=\"K\u00e4rleksfoto present\" \/>\n<meta property=\"og:description\" content=\"Ge ditt hem en touch av k\u00e4rlek: visa dina favoritminnen tillsammans med din \u00e4lskade och f\u00e5 varje dag att k\u00e4nnas speciell L\u00e4gg till text\u00f6verl\u00e4gg f\u00f6r att g\u00f6ra varje g\u00e5va speciell och meningsfull Anpassa i 3 enkla steg Se resultatet direkt \u2013 den interaktiva f\u00f6rhandsvisningen l\u00e5ter dig finjustera varje detalj\" \/>\n<meta property=\"og:url\" content=\"https:\/\/positiveprints.com\/sv\/produkt\/karleksfoto-present\/\" \/>\n<meta property=\"og:site_name\" content=\"Positive Prints\" \/>\n<meta property=\"article:publisher\" content=\"https:\/\/www.facebook.com\/positiveprintscom\" \/>\n<meta property=\"article:modified_time\" content=\"2026-04-18T05:26:41+00:00\" \/>\n<meta property=\"og:image\" content=\"https:\/\/positiveprints.com\/wp-content\/uploads\/2022\/10\/love-photo-art.jpg\" \/>\n\t<meta property=\"og:image:width\" content=\"1080\" \/>\n\t<meta property=\"og:image:height\" content=\"1080\" \/>\n\t<meta property=\"og:image:type\" content=\"image\/jpeg\" \/>\n<meta name=\"twitter:card\" content=\"summary_large_image\" \/>\n<meta name=\"twitter:label1\" content=\"Ber\u00e4knad l\u00e4stid\" \/>\n\t<meta name=\"twitter:data1\" content=\"1 minut\" \/>\n<!-- \/ Yoast SEO Premium plugin. -->","yoast_head_json":{"title":"K\u00e4rleksfoto present - Positive Prints","description":"Personlig k\u00e4rleksfotopresent \u00e4r ett bra s\u00e4tt att fira speciella tillf\u00e4llen som \u00e5rsdagar, f\u00f6delsedagar eller Alla hj\u00e4rtans dag.","robots":{"index":"index","follow":"follow","max-snippet":"max-snippet:-1","max-image-preview":"max-image-preview:large","max-video-preview":"max-video-preview:-1"},"canonical":"https:\/\/positiveprints.com\/sv\/produkt\/karleksfoto-present\/","og_locale":"sv_SE","og_type":"article","og_title":"K\u00e4rleksfoto present","og_description":"Ge ditt hem en touch av k\u00e4rlek: visa dina favoritminnen tillsammans med din \u00e4lskade och f\u00e5 varje dag att k\u00e4nnas speciell L\u00e4gg till text\u00f6verl\u00e4gg f\u00f6r att g\u00f6ra varje g\u00e5va speciell och meningsfull Anpassa i 3 enkla steg Se resultatet direkt \u2013 den interaktiva f\u00f6rhandsvisningen l\u00e5ter dig finjustera varje detalj","og_url":"https:\/\/positiveprints.com\/sv\/produkt\/karleksfoto-present\/","og_site_name":"Positive Prints","article_publisher":"https:\/\/www.facebook.com\/positiveprintscom","article_modified_time":"2026-04-18T05:26:41+00:00","og_image":[{"width":1080,"height":1080,"url":"https:\/\/positiveprints.com\/wp-content\/uploads\/2022\/10\/love-photo-art.jpg","type":"image\/jpeg"}],"twitter_card":"summary_large_image","twitter_misc":{"Ber\u00e4knad l\u00e4stid":"1 minut"},"schema":{"@context":"https:\/\/schema.org","@graph":[{"@type":["WebPage","ItemPage"],"@id":"https:\/\/positiveprints.com\/sv\/produkt\/karleksfoto-present\/","url":"https:\/\/positiveprints.com\/sv\/produkt\/karleksfoto-present\/","name":"K\u00e4rleksfoto present - Positive Prints","isPartOf":{"@id":"https:\/\/positiveprints.com\/sv\/#website"},"primaryImageOfPage":{"@id":"https:\/\/positiveprints.com\/sv\/produkt\/karleksfoto-present\/#primaryimage"},"image":{"@id":"https:\/\/positiveprints.com\/sv\/produkt\/karleksfoto-present\/#primaryimage"},"thumbnailUrl":"https:\/\/positiveprints.com\/wp-content\/uploads\/2022\/10\/love-photo-art.jpg","datePublished":"2022-10-11T13:55:34+00:00","dateModified":"2026-04-18T05:26:41+00:00","description":"Personlig k\u00e4rleksfotopresent \u00e4r ett bra s\u00e4tt att fira speciella tillf\u00e4llen som \u00e5rsdagar, f\u00f6delsedagar eller Alla hj\u00e4rtans dag.","breadcrumb":{"@id":"https:\/\/positiveprints.com\/sv\/produkt\/karleksfoto-present\/#breadcrumb"},"inLanguage":"sv-SE","potentialAction":[{"@type":"ReadAction","target":["https:\/\/positiveprints.com\/sv\/produkt\/karleksfoto-present\/"]}]},{"@type":"ImageObject","inLanguage":"sv-SE","@id":"https:\/\/positiveprints.com\/sv\/produkt\/karleksfoto-present\/#primaryimage","url":"https:\/\/positiveprints.com\/wp-content\/uploads\/2022\/10\/love-photo-art.jpg","contentUrl":"https:\/\/positiveprints.com\/wp-content\/uploads\/2022\/10\/love-photo-art.jpg","width":1080,"height":1080,"caption":"This unique gift allows you to upload your own photo and add text for a truly custom gift."},{"@type":"BreadcrumbList","@id":"https:\/\/positiveprints.com\/sv\/produkt\/karleksfoto-present\/#breadcrumb","itemListElement":[{"@type":"ListItem","position":1,"name":"Home","item":"https:\/\/positiveprints.com\/sv\/"},{"@type":"ListItem","position":2,"name":"Produkter","item":"https:\/\/positiveprints.com\/sv\/shop\/"},{"@type":"ListItem","position":3,"name":"K\u00e4rleksfoto present"}]},{"@type":"WebSite","@id":"https:\/\/positiveprints.com\/sv\/#website","url":"https:\/\/positiveprints.com\/sv\/","name":"Positive Prints","description":"Amazing Custom Personalized Gifts","publisher":{"@id":"https:\/\/positiveprints.com\/sv\/#organization"},"potentialAction":[{"@type":"SearchAction","target":{"@type":"EntryPoint","urlTemplate":"https:\/\/positiveprints.com\/sv\/?s={search_term_string}"},"query-input":{"@type":"PropertyValueSpecification","valueRequired":true,"valueName":"search_term_string"}}],"inLanguage":"sv-SE"},{"@type":"Organization","@id":"https:\/\/positiveprints.com\/sv\/#organization","name":"Positive Prints","alternateName":"Positive Prints","url":"https:\/\/positiveprints.com\/sv\/","logo":{"@type":"ImageObject","inLanguage":"sv-SE","@id":"https:\/\/positiveprints.com\/sv\/#\/schema\/logo\/image\/","url":"https:\/\/positiveprints.com\/wp-content\/uploads\/2026\/03\/245815646_1337939713319158_5671353136411139666_n.png","contentUrl":"https:\/\/positiveprints.com\/wp-content\/uploads\/2026\/03\/245815646_1337939713319158_5671353136411139666_n.png","width":800,"height":800,"caption":"Positive Prints"},"image":{"@id":"https:\/\/positiveprints.com\/sv\/#\/schema\/logo\/image\/"},"sameAs":["https:\/\/www.facebook.com\/positiveprintscom","https:\/\/www.instagram.com\/positiveprintscom\/","https:\/\/www.tiktok.com\/@positiveprintscom","https:\/\/www.pinterest.com\/positiveprintscom\/"]}]}},"jetpack_sharing_enabled":true,"_links":{"self":[{"href":"https:\/\/positiveprints.com\/sv\/wp-json\/wp\/v2\/product\/375853","targetHints":{"allow":["GET"]}}],"collection":[{"href":"https:\/\/positiveprints.com\/sv\/wp-json\/wp\/v2\/product"}],"about":[{"href":"https:\/\/positiveprints.com\/sv\/wp-json\/wp\/v2\/types\/product"}],"wp:featuredmedia":[{"embeddable":true,"href":"https:\/\/positiveprints.com\/sv\/wp-json\/wp\/v2\/media\/355658"}],"wp:attachment":[{"href":"https:\/\/positiveprints.com\/sv\/wp-json\/wp\/v2\/media?parent=375853"}],"wp:term":[{"taxonomy":"product_brand","embeddable":true,"href":"https:\/\/positiveprints.com\/sv\/wp-json\/wp\/v2\/product_brand?post=375853"},{"taxonomy":"product_cat","embeddable":true,"href":"https:\/\/positiveprints.com\/sv\/wp-json\/wp\/v2\/product_cat?post=375853"},{"taxonomy":"product_tag","embeddable":true,"href":"https:\/\/positiveprints.com\/sv\/wp-json\/wp\/v2\/product_tag?post=375853"}],"curies":[{"name":"wp","href":"https:\/\/api.w.org\/{rel}","templated":true}]}}