{"id":369131,"date":"2022-11-15T12:54:27","date_gmt":"2022-11-15T11:54:27","guid":{"rendered":"https:\/\/positiveprints.com\/product\/karlek-kanner-inga-avstand\/"},"modified":"2026-04-18T06:21:57","modified_gmt":"2026-04-18T05:21:57","slug":"karlek-vet-inget-distans-karta","status":"publish","type":"product","link":"https:\/\/positiveprints.com\/sv\/produkt\/karlek-vet-inget-distans-karta\/","title":{"rendered":"K\u00e4rlek k\u00e4nner inget avst\u00e5nd Karta"},"content":{"rendered":"<p style=\"margin-top: 1rem\">Oavsett hur l\u00e5ngt avst\u00e5ndet \u00e4r mellan er kommer det h\u00e4r trycket att p\u00e5minna din \u00e4lskade om hur stark er k\u00e4rlek \u00e4r.\nK\u00e4rlek k\u00e4nner inga avst\u00e5nd, och denna personliga kartg\u00e5va \u00e4r det perfekta s\u00e4ttet att p\u00e5minna din \u00e4lskade om det!   <\/p>\n\n\n<h2 class=\"grenB f24 cblue\" style=\"margin-top: 3rem\">Fira alla dina speciella tillf\u00e4llen<\/h2>\n\n<p style=\"margin-top: 1rem\">K\u00e4rleken k\u00e4nner inga avst\u00e5nd.\nDet \u00e4r ett tales\u00e4tt som ofta anv\u00e4nds f\u00f6r att beskriva styrkan hos par som lever i l\u00e5ngdistansf\u00f6rh\u00e5llanden.\nOch det \u00e4r sant &#8211; k\u00e4rleken k\u00e4nner verkligen inga avst\u00e5nd.\n\u00c4ven om ni kanske inte kan vara tillsammans fysiskt finns det m\u00e5nga s\u00e4tt att h\u00e5lla l\u00e5gan i ert f\u00f6rh\u00e5llande vid liv.     <\/p>\n\n\n\n<p style=\"margin-top: 1rem\">Ett s\u00e4tt att g\u00f6ra detta \u00e4r att avs\u00e4tta tid varje vecka f\u00f6r att prata i telefon eller videochatta.\nDetta \u00e4r viktigt f\u00f6r att komma ikapp i det dagliga livet och f\u00f6r att dela st\u00f6rre tankar och k\u00e4nslor.\nEtt annat s\u00e4tt att h\u00e5lla kontakten \u00e4r att fira alla era speciella tillf\u00e4llen, \u00e4ven om ni inte kan vara tillsammans personligen.\nG\u00f6r en po\u00e4ng av att skicka en speciell g\u00e5va p\u00e5 f\u00f6delsedagar, \u00e5rsdagar och andra helgdagar.\nOch slutligen, gl\u00f6m inte de sm\u00e5 sakerna.\nIbland \u00e4r det den enkla handlingen att skicka ett sms eller ringa ett godmorgonsamtal som kan g\u00f6ra hela skillnaden n\u00e4r det g\u00e4ller att k\u00e4nna sig n\u00e4ra sin \u00e4lskade, oavsett hur l\u00e5ngt borta de \u00e4r.\nK\u00e4rleken k\u00e4nner verkligen inga avst\u00e5nd.      <\/p>\n\n\n\n<h2 class=\"grenB f24 cblue\" style=\"margin-top: 3rem\">Skapa en personlig Love Knows No Distance-karta<\/h2>\n\n\n<p style=\"margin-top: 1rem\">Det finns inget som g\u00e5r upp mot att vara i samma rum som den man \u00e4lskar, men ibland kan omst\u00e4ndigheter bortom v\u00e5r kontroll h\u00e5lla oss \u00e5tskilda.\nOavsett om du lever i ett l\u00e5ngdistansf\u00f6rh\u00e5llande eller om din \u00e4lskade helt enkelt befinner sig l\u00e5ngt borta kan det vara sv\u00e5rt att k\u00e4nna sig n\u00e4ra.\nMen det finns ingen anledning att misstr\u00f6sta &#8211; med lite kreativitet kan ni \u00e4nd\u00e5 fira era speciella stunder tillsammans, oavsett hur l\u00e5ngt ifr\u00e5n varandra ni befinner er.    <\/p>\n\n\n\n<p style=\"margin-top: 1rem\">Ett personligt tryck \u00e4r en underbar g\u00e5va och ett bra s\u00e4tt att k\u00e4nna sig n\u00e4ra n\u00e5gon, \u00e4ven n\u00e4r ni \u00e4r l\u00e5ngt ifr\u00e5n varandra.\nV\u00e4lj helt enkelt kartdesign, ange din plats och en f\u00f6r din n\u00e4ra och k\u00e4ra och l\u00e4gg till lite personlig text f\u00f6r att skapa en unik g\u00e5va.\nDu kan ocks\u00e5 v\u00e4lja f\u00e4rger och typsnitt f\u00f6r att g\u00f6ra det \u00e4nnu mer personligt.    <\/p>\n\n\n\n<p style=\"margin-top: 1rem\">Med ett personligt tryck kan ni fira alla livets speciella \u00f6gonblick tillsammans, oavsett hur l\u00e5ngt ifr\u00e5n varandra ni befinner er.\nS\u00e5 best\u00e4ll ditt tryck redan idag &#8211; och kom ih\u00e5g att k\u00e4rleken inte k\u00e4nner n\u00e5gra avst\u00e5nd. <\/p>","protected":false},"excerpt":{"rendered":"<ul class=\"check-list\">\n<li>Skapa en karta som hyllar er k\u00e4rlek, oavsett hur l\u00e5ngt ifr\u00e5n varandra ni befinner er<\/li>\n<li>Markera tv\u00e5 speciella platser med valda symboler<\/li>\n<li>Anpassa i 3 enkla steg<\/li>\n<li>Inkludera en meningsfull personlig text<\/li>\n<li>Se resultatet direkt \u2013 den interaktiva f\u00f6rhandsvisningen l\u00e5ter dig finjustera varje detalj<\/li>\n<\/ul>\n","protected":false},"featured_media":1465413,"template":"","meta":[],"product_brand":[],"product_cat":[9118,8188,8214,7459,9000,8108,11470,11471,11468,11467,11469,11463,11475,8014,7679,7630,7614,7662,7694,7774,7790,7727,7743,7806,7854,7838,8116,11251,11252],"product_tag":[8527,13381,13380,11758,11772,11829,11830,14992,14993],"class_list":{"0":"post-369131","1":"product","2":"type-product","3":"status-publish","4":"has-post-thumbnail","6":"product_cat-double-maps-sv","7":"product_cat-till-henne","8":"product_cat-till-honom","9":"product_cat-alla-produkter","10":"product_cat-aldreomsorgens-dag","11":"product_cat-julpresenter","12":"product_cat-julklappar-till-henne","13":"product_cat-julklappar-till-honom","14":"product_cat-julklappar-till-mormor","15":"product_cat-julklappar-till-morfar","16":"product_cat-julklappar-till-flickvannen","17":"product_cat-julklapp-till-pojkvan","18":"product_cat-julklappar-till-foraldrarna","19":"product_cat-gavor-for-man","20":"product_cat-gavor-till-pojkvannen","21":"product_cat-gavor-till-din-bror","22":"product_cat-gavor-till-morfar","23":"product_cat-gavor-till-sonen","24":"product_cat-gavor-for-kvinnor","25":"product_cat-gavor-till-dottern","26":"product_cat-gavor-till-flickvannen","27":"product_cat-gavor-till-mormor","28":"product_cat-gavor-till-en-syster","29":"product_cat-gavor-for-par","30":"product_cat-gavor-till-familjen","31":"product_cat-gavor-till-vanner","32":"product_cat-gava-pa-alla-hjartans-dag","33":"product_cat-alla-hjartans-dag-presenter-for-henne","34":"product_cat-alla-hjartans-dag-presenter-for-honom","35":"product_tag-couples-sv","36":"product_tag-julklapp-till-en-morfar","37":"product_tag-julklapp-till-en-mormor","38":"product_tag-julklapp-till-pojkvan","39":"product_tag-julklappar-till-flickvannen","40":"product_tag-julklappar-till-henne","41":"product_tag-kerstcadeaus-for-honom","42":"product_tag-valentines-day-sv","43":"product_tag-valentines-day-gift-sv","45":"first","46":"instock","47":"sale","48":"taxable","49":"shipping-taxable","50":"purchasable","51":"product-type-variable"},"yoast_head":"<!-- This site is optimized with the Yoast SEO Premium plugin v27.2 (Yoast SEO v27.2) - https:\/\/yoast.com\/product\/yoast-seo-premium-wordpress\/ -->\n<title>K\u00e4rleken k\u00e4nner inget avst\u00e5nd Karta - Positive Prints<\/title>\n<meta name=\"description\" content=\"K\u00e4rleken k\u00e4nner inga avst\u00e5nd, och denna personliga kartpresent \u00e4r det perfekta s\u00e4ttet att p\u00e5minna din \u00e4lskade om det!\" \/>\n<meta name=\"robots\" content=\"index, follow, max-snippet:-1, max-image-preview:large, max-video-preview:-1\" \/>\n<link rel=\"canonical\" href=\"https:\/\/positiveprints.com\/sv\/produkt\/karlek-vet-inget-distans-karta\/\" \/>\n<meta property=\"og:locale\" content=\"sv_SE\" \/>\n<meta property=\"og:type\" content=\"article\" \/>\n<meta property=\"og:title\" content=\"K\u00e4rlek k\u00e4nner inget avst\u00e5nd Karta\" \/>\n<meta property=\"og:description\" content=\"Skapa en karta som hyllar er k\u00e4rlek, oavsett hur l\u00e5ngt ifr\u00e5n varandra ni befinner er Markera tv\u00e5 speciella platser med valda symboler Anpassa i 3 enkla steg Inkludera en meningsfull personlig text Se resultatet direkt \u2013 den interaktiva f\u00f6rhandsvisningen l\u00e5ter dig finjustera varje detalj\" \/>\n<meta property=\"og:url\" content=\"https:\/\/positiveprints.com\/sv\/produkt\/karlek-vet-inget-distans-karta\/\" \/>\n<meta property=\"og:site_name\" content=\"Positive Prints\" \/>\n<meta property=\"article:publisher\" content=\"https:\/\/www.facebook.com\/positiveprintscom\" \/>\n<meta property=\"article:modified_time\" content=\"2026-04-18T05:21:57+00:00\" \/>\n<meta property=\"og:image\" content=\"https:\/\/positiveprints.com\/wp-content\/uploads\/2022\/11\/love-knows-no-distance-map.jpg\" \/>\n\t<meta property=\"og:image:width\" content=\"1080\" \/>\n\t<meta property=\"og:image:height\" content=\"1080\" \/>\n\t<meta property=\"og:image:type\" content=\"image\/jpeg\" \/>\n<meta name=\"twitter:card\" content=\"summary_large_image\" \/>\n<!-- \/ Yoast SEO Premium plugin. -->","yoast_head_json":{"title":"K\u00e4rleken k\u00e4nner inget avst\u00e5nd Karta - Positive Prints","description":"K\u00e4rleken k\u00e4nner inga avst\u00e5nd, och denna personliga kartpresent \u00e4r det perfekta s\u00e4ttet att p\u00e5minna din \u00e4lskade om det!","robots":{"index":"index","follow":"follow","max-snippet":"max-snippet:-1","max-image-preview":"max-image-preview:large","max-video-preview":"max-video-preview:-1"},"canonical":"https:\/\/positiveprints.com\/sv\/produkt\/karlek-vet-inget-distans-karta\/","og_locale":"sv_SE","og_type":"article","og_title":"K\u00e4rlek k\u00e4nner inget avst\u00e5nd Karta","og_description":"Skapa en karta som hyllar er k\u00e4rlek, oavsett hur l\u00e5ngt ifr\u00e5n varandra ni befinner er Markera tv\u00e5 speciella platser med valda symboler Anpassa i 3 enkla steg Inkludera en meningsfull personlig text Se resultatet direkt \u2013 den interaktiva f\u00f6rhandsvisningen l\u00e5ter dig finjustera varje detalj","og_url":"https:\/\/positiveprints.com\/sv\/produkt\/karlek-vet-inget-distans-karta\/","og_site_name":"Positive Prints","article_publisher":"https:\/\/www.facebook.com\/positiveprintscom","article_modified_time":"2026-04-18T05:21:57+00:00","og_image":[{"width":1080,"height":1080,"url":"https:\/\/positiveprints.com\/wp-content\/uploads\/2022\/11\/love-knows-no-distance-map.jpg","type":"image\/jpeg"}],"twitter_card":"summary_large_image","schema":{"@context":"https:\/\/schema.org","@graph":[{"@type":["WebPage","ItemPage"],"@id":"https:\/\/positiveprints.com\/sv\/produkt\/karlek-vet-inget-distans-karta\/","url":"https:\/\/positiveprints.com\/sv\/produkt\/karlek-vet-inget-distans-karta\/","name":"K\u00e4rleken k\u00e4nner inget avst\u00e5nd Karta - Positive Prints","isPartOf":{"@id":"https:\/\/positiveprints.com\/sv\/#website"},"primaryImageOfPage":{"@id":"https:\/\/positiveprints.com\/sv\/produkt\/karlek-vet-inget-distans-karta\/#primaryimage"},"image":{"@id":"https:\/\/positiveprints.com\/sv\/produkt\/karlek-vet-inget-distans-karta\/#primaryimage"},"thumbnailUrl":"https:\/\/positiveprints.com\/wp-content\/uploads\/2025\/06\/Packshot_SE_Ka\u0308rlek-ka\u0308nner-inget-avsta\u030and-Karta.webp","datePublished":"2022-11-15T11:54:27+00:00","dateModified":"2026-04-18T05:21:57+00:00","description":"K\u00e4rleken k\u00e4nner inga avst\u00e5nd, och denna personliga kartpresent \u00e4r det perfekta s\u00e4ttet att p\u00e5minna din \u00e4lskade om det!","breadcrumb":{"@id":"https:\/\/positiveprints.com\/sv\/produkt\/karlek-vet-inget-distans-karta\/#breadcrumb"},"inLanguage":"sv-SE","potentialAction":[{"@type":"ReadAction","target":["https:\/\/positiveprints.com\/sv\/produkt\/karlek-vet-inget-distans-karta\/"]}]},{"@type":"ImageObject","inLanguage":"sv-SE","@id":"https:\/\/positiveprints.com\/sv\/produkt\/karlek-vet-inget-distans-karta\/#primaryimage","url":"https:\/\/positiveprints.com\/wp-content\/uploads\/2025\/06\/Packshot_SE_Ka\u0308rlek-ka\u0308nner-inget-avsta\u030and-Karta.webp","contentUrl":"https:\/\/positiveprints.com\/wp-content\/uploads\/2025\/06\/Packshot_SE_Ka\u0308rlek-ka\u0308nner-inget-avsta\u030and-Karta.webp","width":1450,"height":1450},{"@type":"BreadcrumbList","@id":"https:\/\/positiveprints.com\/sv\/produkt\/karlek-vet-inget-distans-karta\/#breadcrumb","itemListElement":[{"@type":"ListItem","position":1,"name":"Home","item":"https:\/\/positiveprints.com\/sv\/"},{"@type":"ListItem","position":2,"name":"Produkter","item":"https:\/\/positiveprints.com\/sv\/shop\/"},{"@type":"ListItem","position":3,"name":"K\u00e4rlek k\u00e4nner inget avst\u00e5nd Karta"}]},{"@type":"WebSite","@id":"https:\/\/positiveprints.com\/sv\/#website","url":"https:\/\/positiveprints.com\/sv\/","name":"Positive Prints","description":"Amazing Custom Personalized Gifts","publisher":{"@id":"https:\/\/positiveprints.com\/sv\/#organization"},"potentialAction":[{"@type":"SearchAction","target":{"@type":"EntryPoint","urlTemplate":"https:\/\/positiveprints.com\/sv\/?s={search_term_string}"},"query-input":{"@type":"PropertyValueSpecification","valueRequired":true,"valueName":"search_term_string"}}],"inLanguage":"sv-SE"},{"@type":"Organization","@id":"https:\/\/positiveprints.com\/sv\/#organization","name":"Positive Prints","alternateName":"Positive Prints","url":"https:\/\/positiveprints.com\/sv\/","logo":{"@type":"ImageObject","inLanguage":"sv-SE","@id":"https:\/\/positiveprints.com\/sv\/#\/schema\/logo\/image\/","url":"https:\/\/positiveprints.com\/wp-content\/uploads\/2026\/03\/245815646_1337939713319158_5671353136411139666_n.png","contentUrl":"https:\/\/positiveprints.com\/wp-content\/uploads\/2026\/03\/245815646_1337939713319158_5671353136411139666_n.png","width":800,"height":800,"caption":"Positive Prints"},"image":{"@id":"https:\/\/positiveprints.com\/sv\/#\/schema\/logo\/image\/"},"sameAs":["https:\/\/www.facebook.com\/positiveprintscom","https:\/\/www.instagram.com\/positiveprintscom\/","https:\/\/www.tiktok.com\/@positiveprintscom","https:\/\/www.pinterest.com\/positiveprintscom\/"]}]}},"jetpack_sharing_enabled":true,"_links":{"self":[{"href":"https:\/\/positiveprints.com\/sv\/wp-json\/wp\/v2\/product\/369131","targetHints":{"allow":["GET"]}}],"collection":[{"href":"https:\/\/positiveprints.com\/sv\/wp-json\/wp\/v2\/product"}],"about":[{"href":"https:\/\/positiveprints.com\/sv\/wp-json\/wp\/v2\/types\/product"}],"wp:featuredmedia":[{"embeddable":true,"href":"https:\/\/positiveprints.com\/sv\/wp-json\/wp\/v2\/media\/1465413"}],"wp:attachment":[{"href":"https:\/\/positiveprints.com\/sv\/wp-json\/wp\/v2\/media?parent=369131"}],"wp:term":[{"taxonomy":"product_brand","embeddable":true,"href":"https:\/\/positiveprints.com\/sv\/wp-json\/wp\/v2\/product_brand?post=369131"},{"taxonomy":"product_cat","embeddable":true,"href":"https:\/\/positiveprints.com\/sv\/wp-json\/wp\/v2\/product_cat?post=369131"},{"taxonomy":"product_tag","embeddable":true,"href":"https:\/\/positiveprints.com\/sv\/wp-json\/wp\/v2\/product_tag?post=369131"}],"curies":[{"name":"wp","href":"https:\/\/api.w.org\/{rel}","templated":true}]}}