{"id":367973,"date":"2022-11-07T15:10:47","date_gmt":"2022-11-07T14:10:47","guid":{"rendered":"https:\/\/positiveprints.com\/?post_type=product&#038;p=367973"},"modified":"2026-04-23T11:40:03","modified_gmt":"2026-04-23T10:40:03","slug":"dubbelkarta","status":"publish","type":"product","link":"https:\/\/positiveprints.com\/sv\/produkt\/dubbelkarta\/","title":{"rendered":"Dubbelkarta"},"content":{"rendered":"<p style=\"margin-top: 1rem\">Att titta p\u00e5 en karta \u00e4r som att g\u00f6ra en tidsresa. Och en skr\u00e4ddarsydd karta med platser som \u00e4r viktiga f\u00f6r dig och din \u00e4lskade \u00e4r som ett konstverk som ber\u00e4ttar er personliga historia. F\u00f6rest\u00e4ll dig hur glad din make\/maka eller sl\u00e4kting skulle bli \u00f6ver att f\u00e5 en s\u00e5dan omt\u00e4nksam och personlig g\u00e5va. S\u00e5 g\u00f6r en resa med Dubbelkartan och l\u00e5t oss hj\u00e4lpa dig att ber\u00e4tta din historia.<\/p>\r\n\r\n<h2 class=\"grenB f24 cblue\" style=\"margin-top: 3rem\">Vad \u00e4r en Dubbelkarta?<\/h2>\r\n<p style=\"margin-top: 1rem\">Det \u00e4r n\u00e5got speciellt med att kunna se de platser som \u00e4r viktiga f\u00f6r en sj\u00e4lv p\u00e5 en karta. Dubbelkartan erbjuder ett unikt s\u00e4tt att g\u00f6ra just det &#8211; genom att skapa en karta i tv\u00e5 delar som visar tv\u00e5 platser som betyder mycket f\u00f6r er b\u00e5da. Oavsett om det \u00e4r er f\u00f6rsta och andra dejt, platser ni har rest till eller andra platser som ber\u00e4ttar er historia, kan ni med Dubbelkartan f\u00e5nga dessa minnen p\u00e5 ett vackert och personligt s\u00e4tt.<\/p>\r\n\r\n<h2 class=\"grenB f24 cblue\" style=\"margin-top: 3rem\">Vad g\u00f6r en Dubbelkarta till en perfekt romantisk g\u00e5va f\u00f6r ett par?<\/h2>\r\n<p style=\"margin-top: 1rem\">Vad kan vara mer romantiskt \u00e4n en personlig karta som visar relationens historia? Dubbelkartan \u00e4r den perfekta presenten f\u00f6r alla par, oavsett om de firar br\u00f6llop, \u00e5rsdag eller f\u00f6rlovning. Den h\u00e4r unika kartan best\u00e5r av tv\u00e5 delar som passar ihop som ett pussel och representerar den resa som partnerna har gjort tillsammans. Kartan kan anpassas med platser och speciella beskrivningar, vilket g\u00f6r den till en verkligt unik g\u00e5va. Oavsett om du letar efter ett s\u00e4tt att minnas ditt eget f\u00f6rh\u00e5llande eller om du k\u00e4nner ett speciellt par som skulle uppskatta denna sentimentala g\u00e5va, kommer Dubbelkartan garanterat att bli uppskattad i m\u00e5nga \u00e5r fram\u00f6ver.<\/p>\r\n\r\n<h2 class=\"grenB f24 cblue\" style=\"margin-top: 3rem\">Varf\u00f6r \u00e4r en Dubbelkarta s\u00e5 unik f\u00f6r familjemedlemmar?<\/h2>\r\n<p style=\"margin-top: 1rem\">Om du har familjemedlemmar som bor p\u00e5 andra sidan landet kan det vara sv\u00e5rt att visa hur mycket de betyder f\u00f6r dig. Men med den h\u00e4r personliga kartan i tv\u00e5 delar kan du ge dem ett tecken p\u00e5 din omsorg, k\u00e4rlek och engagemang. Kartan best\u00e5r av tv\u00e5 delar &#8211; en f\u00f6r dem och en f\u00f6r dig. Varje bit \u00e4r personlig med beskrivningen och platsen f\u00f6r din \u00e4lskade person, s\u00e5 att de alltid vet hur n\u00e4ra du \u00e4r dem i anden. Och varje g\u00e5ng de tittar p\u00e5 kartan kommer de att p\u00e5minnas om er k\u00e4rlek. S\u00e5 om du letar efter ett s\u00e4tt att visa din familj hur mycket de betyder f\u00f6r dig \u00e4r detta den perfekta presenten.<\/p>\r\n\r\n<h2 class=\"grenB f24 cblue\" style=\"margin-top: 3rem\">Vad \u00e4r det som g\u00f6r personliga g\u00e5vor s\u00e5 speciella?<\/h2>\r\n<p style=\"margin-top: 1rem\">Det kr\u00e4vs inte mycket uppfinningsrikedom f\u00f6r att k\u00f6pa en present, sl\u00e5 in den och ge den till en \u00e4lskad person. Om mottagaren vill ha eller kommer att anv\u00e4nda g\u00e5van \u00e4r det inget fel att ge den till dem. Men de g\u00e5vor som sticker ut i deras minnen \u00e4r de som \u00e4r unika, individualiserade och kr\u00e4ver medvetet t\u00e4nkande och anstr\u00e4ngning. Presentens symboliska betydelse \u00e4r lika viktig som sj\u00e4lva g\u00e5van. Och om den f\u00f6rem\u00e5let \u00e4r en Dubbelkarta kommer du att vinna \u00f6ver din \u00e4lskling p\u00e5 mer \u00e4n ett s\u00e4tt.<p\/>\r\n\r\n<h2 class=\"grenB f24 cblue\" style=\"margin-top: 3rem\">Hur man skapar en Dubbelkarta<\/h2>\r\n<p style=\"margin-top: 1rem\"Positive Prints personliga kartor skapas som en enda bild, men de skildrar tv\u00e5 viktiga perioder i din historia. Vi lokaliserar exakt varje plats med hj\u00e4lp av avancerad GPS-teknik f\u00f6r att ge dig den mest exakta representationen av dessa platser.<\/p>\r\n\r\n<p style=\"margin-top: 1rem\">F\u00f6r att ta p\u00e5 dig konstn\u00e4rsrollen och skapa din egen Dubbelkarta f\u00f6ljer du de h\u00e4r stegen:<\/p>\r\n\r\n<h3 class=\"grenB f18 cblue\" style=\"margin-top: 3rem\">Steg 1: V\u00e4lj din design<\/h3>\r\n<p style=\"margin-top: 1rem\">Det finns inte n\u00e5gon standardmetod f\u00f6r att ge unika presenter. D\u00e4rf\u00f6r ger vi dig en m\u00e4ngd olika designalternativ f\u00f6r din Dubbelkarta. Du kan v\u00e4lja mellan olika professionellt skapade mallar. Eller om du k\u00e4nner dig v\u00e4ldigt uppfinningsrik kan du klicka p\u00e5 alternativet Anpassad f\u00f6r att v\u00e4lja ditt eget f\u00e4rgschema. Du kan ocks\u00e5 v\u00e4lja form p\u00e5 b\u00e5da delarna av din karta &#8211; g\u00f6r den cirkel, fyrkantig eller&#8230; hj\u00e4rtformad<\/p>\r\n<p style=\"margin-top: 1rem\">All information uppdateras i realtid n\u00e4r du g\u00f6r dina val, s\u00e5 att du kan se hur din karta kommer till liv.<\/p>\r\n\r\n<h3 class=\"grenB f18 cblue\" style=\"margin-top: 3rem\">Steg 2: Ange din information <\/h3>\r\n<p style=\"margin-top: 1rem\">Dubbelkartan har mer \u00e4n bara bilder, den har ocks\u00e5 textrader s\u00e5 att du kan kommentera varje plats. Ange datum eller namn som \u00e4r kopplade till de utvalda platserna eller skriv in citat som b\u00e4st beskriver varje tidsperiod. Eller kanske du bara g\u00e5r djupare in p\u00e5 milj\u00f6n och vad som gjorde den s\u00e5 unik. Det finns otaliga valm\u00f6jligheter!<\/p>\r\n\r\n<h3 class=\"grenB f18 cblue\" style=\"margin-top: 3rem\">Steg 3: V\u00e4lj ett format<\/h3>\r\n<p style=\"margin-top: 1rem\">Precis som med m\u00e5nga av Positive Prints konstverk har du flera olika format och leveransalternativ att v\u00e4lja mellan. Varje karta produceras p\u00e5 h\u00f6gkvalitativt affischpapper. Den kommer att h\u00e5lla dina f\u00e4rger och se fantastisk ut p\u00e5 v\u00e4ggen. Om du f\u00f6redrar det kan vi skriva ut ditt foto p\u00e5 duk eller l\u00e4gga till en ram s\u00e5 att det omedelbart \u00e4r redo att ge till din \u00e4lskade.<\/p>\r\n<p style=\"margin-top: 1rem\">Vi rekommenderar att du anv\u00e4nder v\u00e5rt digitala nedladdningsalternativ om du letar efter ett presentf\u00f6rslag i sista minuten. Din Dubbelkarta skickas till dig som en digital fil via e-post. D\u00e4refter kan du f\u00e5 den tryckt lokalt f\u00f6r en snabbare leveranstid.<\/p>\r\n\r\n<h2 class=\"grenB f24 cblue\" style=\"margin-top: 3rem\">\u00d6verraska den speciella med en Dubbelkarta<\/h2>\r\n<p style=\"margin-top: 1rem\">Ge en g\u00e5va som forts\u00e4tter att ge. V\u00e5ra Dubbelkartor \u00e4r en perfekt present f\u00f6r alla tillf\u00e4llen &#8211; fr\u00e5n f\u00f6delsedagar till br\u00f6llop eller \u00e5rsdagar &#8211; och de kan dessutom anpassas med ditt eget speciella meddelande!<\/p>","protected":false},"excerpt":{"rendered":"<ul class=\"check-list\">\n<li>F\u00e5nga essensen av tv\u00e5 speciella platser med v\u00e5r personliga kartposter<\/li>\n<li>Markera tv\u00e5 speciella platser med utvalda symboler<\/li>\n<li>Anpassa i 3 enkla steg<\/li>\n<li>Inkludera en meningsfull personlig text<\/li>\n<li>Se resultatet direkt \u2013 den interaktiva f\u00f6rhandsvisningen l\u00e5ter dig finjustera varje detalj<\/li>\n<\/ul>\n","protected":false},"featured_media":1363152,"template":"","meta":[],"product_brand":[],"product_cat":[9031,9118,7459,8147,8014,7694],"product_tag":[8397,13674],"class_list":{"0":"post-367973","1":"product","2":"type-product","3":"status-publish","4":"has-post-thumbnail","6":"product_cat-digitala-produkter","7":"product_cat-double-maps-sv","8":"product_cat-alla-produkter","9":"product_cat-creators-sv","10":"product_cat-gavor-for-man","11":"product_cat-gavor-for-kvinnor","12":"product_tag-creators-sv","13":"product_tag-karta-med-2-platser","15":"first","16":"instock","17":"sale","18":"taxable","19":"shipping-taxable","20":"purchasable","21":"product-type-variable"},"yoast_head":"<!-- This site is optimized with the Yoast SEO Premium plugin v27.2 (Yoast SEO v27.2) - https:\/\/yoast.com\/product\/yoast-seo-premium-wordpress\/ -->\n<title>Dubbelkarta - Positive Prints<\/title>\n<meta name=\"description\" content=\"V\u00e5ra Dubbelkartor \u00e4r en perfekt present f\u00f6r alla tillf\u00e4llen - fr\u00e5n f\u00f6delsedagar till br\u00f6llop eller \u00e5rsdagar.\" \/>\n<meta name=\"robots\" content=\"index, follow, max-snippet:-1, max-image-preview:large, max-video-preview:-1\" \/>\n<link rel=\"canonical\" href=\"https:\/\/positiveprints.com\/sv\/produkt\/dubbelkarta\/\" \/>\n<meta property=\"og:locale\" content=\"sv_SE\" \/>\n<meta property=\"og:type\" content=\"article\" \/>\n<meta property=\"og:title\" content=\"Dubbelkarta\" \/>\n<meta property=\"og:description\" content=\"F\u00e5nga essensen av tv\u00e5 speciella platser med v\u00e5r personliga kartposter  Markera tv\u00e5 speciella platser med utvalda symboler  Anpassa i 3 enkla steg  Inkludera en meningsfull personlig text  Se resultatet direkt \u2013 den interaktiva f\u00f6rhandsvisningen l\u00e5ter dig finjustera varje detalj\" \/>\n<meta property=\"og:url\" content=\"https:\/\/positiveprints.com\/sv\/produkt\/dubbelkarta\/\" \/>\n<meta property=\"og:site_name\" content=\"Positive Prints\" \/>\n<meta property=\"article:publisher\" content=\"https:\/\/www.facebook.com\/positiveprintscom\" \/>\n<meta property=\"article:modified_time\" content=\"2026-04-23T10:40:03+00:00\" \/>\n<meta property=\"og:image\" content=\"https:\/\/positiveprints.com\/wp-content\/uploads\/2025\/02\/Dubbelkarta-1.webp\" \/>\n\t<meta property=\"og:image:width\" content=\"1450\" \/>\n\t<meta property=\"og:image:height\" content=\"1450\" \/>\n\t<meta property=\"og:image:type\" content=\"image\/webp\" \/>\n<meta name=\"twitter:card\" content=\"summary_large_image\" \/>\n<meta name=\"twitter:label1\" content=\"Ber\u00e4knad l\u00e4stid\" \/>\n\t<meta name=\"twitter:data1\" content=\"4 minut\" \/>\n<!-- \/ Yoast SEO Premium plugin. -->","yoast_head_json":{"title":"Dubbelkarta - Positive Prints","description":"V\u00e5ra Dubbelkartor \u00e4r en perfekt present f\u00f6r alla tillf\u00e4llen - fr\u00e5n f\u00f6delsedagar till br\u00f6llop eller \u00e5rsdagar.","robots":{"index":"index","follow":"follow","max-snippet":"max-snippet:-1","max-image-preview":"max-image-preview:large","max-video-preview":"max-video-preview:-1"},"canonical":"https:\/\/positiveprints.com\/sv\/produkt\/dubbelkarta\/","og_locale":"sv_SE","og_type":"article","og_title":"Dubbelkarta","og_description":"F\u00e5nga essensen av tv\u00e5 speciella platser med v\u00e5r personliga kartposter  Markera tv\u00e5 speciella platser med utvalda symboler  Anpassa i 3 enkla steg  Inkludera en meningsfull personlig text  Se resultatet direkt \u2013 den interaktiva f\u00f6rhandsvisningen l\u00e5ter dig finjustera varje detalj","og_url":"https:\/\/positiveprints.com\/sv\/produkt\/dubbelkarta\/","og_site_name":"Positive Prints","article_publisher":"https:\/\/www.facebook.com\/positiveprintscom","article_modified_time":"2026-04-23T10:40:03+00:00","og_image":[{"width":1450,"height":1450,"url":"https:\/\/positiveprints.com\/wp-content\/uploads\/2025\/02\/Dubbelkarta-1.webp","type":"image\/webp"}],"twitter_card":"summary_large_image","twitter_misc":{"Ber\u00e4knad l\u00e4stid":"4 minut"},"schema":{"@context":"https:\/\/schema.org","@graph":[{"@type":["WebPage","ItemPage"],"@id":"https:\/\/positiveprints.com\/sv\/produkt\/dubbelkarta\/","url":"https:\/\/positiveprints.com\/sv\/produkt\/dubbelkarta\/","name":"Dubbelkarta - Positive Prints","isPartOf":{"@id":"https:\/\/positiveprints.com\/sv\/#website"},"primaryImageOfPage":{"@id":"https:\/\/positiveprints.com\/sv\/produkt\/dubbelkarta\/#primaryimage"},"image":{"@id":"https:\/\/positiveprints.com\/sv\/produkt\/dubbelkarta\/#primaryimage"},"thumbnailUrl":"https:\/\/positiveprints.com\/wp-content\/uploads\/2025\/02\/Dubbelkarta-1.webp","datePublished":"2022-11-07T14:10:47+00:00","dateModified":"2026-04-23T10:40:03+00:00","description":"V\u00e5ra Dubbelkartor \u00e4r en perfekt present f\u00f6r alla tillf\u00e4llen - fr\u00e5n f\u00f6delsedagar till br\u00f6llop eller \u00e5rsdagar.","breadcrumb":{"@id":"https:\/\/positiveprints.com\/sv\/produkt\/dubbelkarta\/#breadcrumb"},"inLanguage":"sv-SE","potentialAction":[{"@type":"ReadAction","target":["https:\/\/positiveprints.com\/sv\/produkt\/dubbelkarta\/"]}]},{"@type":"ImageObject","inLanguage":"sv-SE","@id":"https:\/\/positiveprints.com\/sv\/produkt\/dubbelkarta\/#primaryimage","url":"https:\/\/positiveprints.com\/wp-content\/uploads\/2025\/02\/Dubbelkarta-1.webp","contentUrl":"https:\/\/positiveprints.com\/wp-content\/uploads\/2025\/02\/Dubbelkarta-1.webp","width":1450,"height":1450},{"@type":"BreadcrumbList","@id":"https:\/\/positiveprints.com\/sv\/produkt\/dubbelkarta\/#breadcrumb","itemListElement":[{"@type":"ListItem","position":1,"name":"Home","item":"https:\/\/positiveprints.com\/sv\/"},{"@type":"ListItem","position":2,"name":"Produkter","item":"https:\/\/positiveprints.com\/sv\/shop\/"},{"@type":"ListItem","position":3,"name":"Dubbelkarta"}]},{"@type":"WebSite","@id":"https:\/\/positiveprints.com\/sv\/#website","url":"https:\/\/positiveprints.com\/sv\/","name":"Positive Prints","description":"Amazing Custom Personalized Gifts","publisher":{"@id":"https:\/\/positiveprints.com\/sv\/#organization"},"potentialAction":[{"@type":"SearchAction","target":{"@type":"EntryPoint","urlTemplate":"https:\/\/positiveprints.com\/sv\/?s={search_term_string}"},"query-input":{"@type":"PropertyValueSpecification","valueRequired":true,"valueName":"search_term_string"}}],"inLanguage":"sv-SE"},{"@type":"Organization","@id":"https:\/\/positiveprints.com\/sv\/#organization","name":"Positive Prints","alternateName":"Positive Prints","url":"https:\/\/positiveprints.com\/sv\/","logo":{"@type":"ImageObject","inLanguage":"sv-SE","@id":"https:\/\/positiveprints.com\/sv\/#\/schema\/logo\/image\/","url":"https:\/\/positiveprints.com\/wp-content\/uploads\/2026\/03\/245815646_1337939713319158_5671353136411139666_n.png","contentUrl":"https:\/\/positiveprints.com\/wp-content\/uploads\/2026\/03\/245815646_1337939713319158_5671353136411139666_n.png","width":800,"height":800,"caption":"Positive Prints"},"image":{"@id":"https:\/\/positiveprints.com\/sv\/#\/schema\/logo\/image\/"},"sameAs":["https:\/\/www.facebook.com\/positiveprintscom","https:\/\/www.instagram.com\/positiveprintscom\/","https:\/\/www.tiktok.com\/@positiveprintscom","https:\/\/www.pinterest.com\/positiveprintscom\/"]}]}},"jetpack_sharing_enabled":true,"_links":{"self":[{"href":"https:\/\/positiveprints.com\/sv\/wp-json\/wp\/v2\/product\/367973","targetHints":{"allow":["GET"]}}],"collection":[{"href":"https:\/\/positiveprints.com\/sv\/wp-json\/wp\/v2\/product"}],"about":[{"href":"https:\/\/positiveprints.com\/sv\/wp-json\/wp\/v2\/types\/product"}],"wp:featuredmedia":[{"embeddable":true,"href":"https:\/\/positiveprints.com\/sv\/wp-json\/wp\/v2\/media\/1363152"}],"wp:attachment":[{"href":"https:\/\/positiveprints.com\/sv\/wp-json\/wp\/v2\/media?parent=367973"}],"wp:term":[{"taxonomy":"product_brand","embeddable":true,"href":"https:\/\/positiveprints.com\/sv\/wp-json\/wp\/v2\/product_brand?post=367973"},{"taxonomy":"product_cat","embeddable":true,"href":"https:\/\/positiveprints.com\/sv\/wp-json\/wp\/v2\/product_cat?post=367973"},{"taxonomy":"product_tag","embeddable":true,"href":"https:\/\/positiveprints.com\/sv\/wp-json\/wp\/v2\/product_tag?post=367973"}],"curies":[{"name":"wp","href":"https:\/\/api.w.org\/{rel}","templated":true}]}}