{"id":363270,"date":"2022-07-21T12:51:35","date_gmt":"2022-07-21T11:51:35","guid":{"rendered":"https:\/\/positiveprints.com\/?post_type=product&#038;p=363270"},"modified":"2026-04-28T14:31:19","modified_gmt":"2026-04-28T13:31:19","slug":"vill-du-gifta-dig-med-mig-ljudvagskonst","status":"publish","type":"product","link":"https:\/\/positiveprints.com\/sv\/produkt\/vill-du-gifta-dig-med-mig-ljudvagskonst\/","title":{"rendered":"Vill du gifta dig med mig-ljudv\u00e5gskonst"},"content":{"rendered":"","protected":false},"excerpt":{"rendered":"<ul class=\"check-list\">\n<li>L\u00e4gg till en touch av kreativitet och g\u00f6r ditt frieri of\u00f6rgl\u00f6mligt med ett konstverk som kommer att vara en skatt f\u00f6r livet<\/li>\n<li>Ladda bara upp en ljudfil<\/li>\n<li>L\u00e4gg till en QR-kod och skanna den f\u00f6r att spela upp din favoritl\u00e5t<\/li>\n<li>Anpassa i 3 enkla steg<\/li>\n<li>V\u00e4lj en mall eller var kreativ<\/li>\n<\/ul>\n","protected":false},"featured_media":320936,"template":"","meta":[],"product_brand":[],"product_cat":[8118,7487],"product_tag":[8441],"class_list":{"0":"post-363270","1":"product","2":"type-product","3":"status-publish","4":"has-post-thumbnail","6":"product_cat-gavor-for-nyforlovade-par-presenttillfallen","7":"product_cat-soundwave-sv","8":"product_tag-forlovning","10":"first","11":"instock","12":"sale","13":"taxable","14":"shipping-taxable","15":"purchasable","16":"product-type-variable"},"yoast_head":"<!-- This site is optimized with the Yoast SEO Premium plugin v27.2 (Yoast SEO v27.2) - https:\/\/yoast.com\/product\/yoast-seo-premium-wordpress\/ -->\n<title>Vill du gifta dig med mig-ljudv\u00e5gskonst - Positive Prints<\/title>\n<meta name=\"description\" content=\"Det \u00e4r en fr\u00e5ga som du har l\u00e4ngtat efter att f\u00e5 h\u00f6ra eller s\u00e4ga: Vill du gifta dig med mig? \u00c5terupplev det \u00f6gonblicket f\u00f6r alltid med v\u00e5r Vill du gifta dig med mig-ljudv\u00e5gskonst.\" \/>\n<meta name=\"robots\" content=\"index, follow, max-snippet:-1, max-image-preview:large, max-video-preview:-1\" \/>\n<link rel=\"canonical\" href=\"https:\/\/positiveprints.com\/sv\/produkt\/vill-du-gifta-dig-med-mig-ljudvagskonst\/\" \/>\n<meta property=\"og:locale\" content=\"sv_SE\" \/>\n<meta property=\"og:type\" content=\"article\" \/>\n<meta property=\"og:title\" content=\"Vill du gifta dig med mig-ljudv\u00e5gskonst\" \/>\n<meta property=\"og:description\" content=\"L\u00e4gg till en touch av kreativitet och g\u00f6r ditt frieri of\u00f6rgl\u00f6mligt med ett konstverk som kommer att vara en skatt f\u00f6r livet Ladda bara upp en ljudfil L\u00e4gg till en QR-kod och skanna den f\u00f6r att spela upp din favoritl\u00e5t Anpassa i 3 enkla steg V\u00e4lj en mall eller var kreativ\" \/>\n<meta property=\"og:url\" content=\"https:\/\/positiveprints.com\/sv\/produkt\/vill-du-gifta-dig-med-mig-ljudvagskonst\/\" \/>\n<meta property=\"og:site_name\" content=\"Positive Prints\" \/>\n<meta property=\"article:publisher\" content=\"https:\/\/www.facebook.com\/positiveprintscom\" \/>\n<meta property=\"article:modified_time\" content=\"2026-04-28T13:31:19+00:00\" \/>\n<meta property=\"og:image\" content=\"https:\/\/positiveprints.com\/wp-content\/uploads\/2022\/07\/will-you-marry-me-soundwave-art.jpg\" \/>\n\t<meta property=\"og:image:width\" content=\"1080\" \/>\n\t<meta property=\"og:image:height\" content=\"1080\" \/>\n\t<meta property=\"og:image:type\" content=\"image\/jpeg\" \/>\n<meta name=\"twitter:card\" content=\"summary_large_image\" \/>\n<!-- \/ Yoast SEO Premium plugin. -->","yoast_head_json":{"title":"Vill du gifta dig med mig-ljudv\u00e5gskonst - Positive Prints","description":"Det \u00e4r en fr\u00e5ga som du har l\u00e4ngtat efter att f\u00e5 h\u00f6ra eller s\u00e4ga: Vill du gifta dig med mig? \u00c5terupplev det \u00f6gonblicket f\u00f6r alltid med v\u00e5r Vill du gifta dig med mig-ljudv\u00e5gskonst.","robots":{"index":"index","follow":"follow","max-snippet":"max-snippet:-1","max-image-preview":"max-image-preview:large","max-video-preview":"max-video-preview:-1"},"canonical":"https:\/\/positiveprints.com\/sv\/produkt\/vill-du-gifta-dig-med-mig-ljudvagskonst\/","og_locale":"sv_SE","og_type":"article","og_title":"Vill du gifta dig med mig-ljudv\u00e5gskonst","og_description":"L\u00e4gg till en touch av kreativitet och g\u00f6r ditt frieri of\u00f6rgl\u00f6mligt med ett konstverk som kommer att vara en skatt f\u00f6r livet Ladda bara upp en ljudfil L\u00e4gg till en QR-kod och skanna den f\u00f6r att spela upp din favoritl\u00e5t Anpassa i 3 enkla steg V\u00e4lj en mall eller var kreativ","og_url":"https:\/\/positiveprints.com\/sv\/produkt\/vill-du-gifta-dig-med-mig-ljudvagskonst\/","og_site_name":"Positive Prints","article_publisher":"https:\/\/www.facebook.com\/positiveprintscom","article_modified_time":"2026-04-28T13:31:19+00:00","og_image":[{"width":1080,"height":1080,"url":"https:\/\/positiveprints.com\/wp-content\/uploads\/2022\/07\/will-you-marry-me-soundwave-art.jpg","type":"image\/jpeg"}],"twitter_card":"summary_large_image","schema":{"@context":"https:\/\/schema.org","@graph":[{"@type":["WebPage","ItemPage"],"@id":"https:\/\/positiveprints.com\/sv\/produkt\/vill-du-gifta-dig-med-mig-ljudvagskonst\/","url":"https:\/\/positiveprints.com\/sv\/produkt\/vill-du-gifta-dig-med-mig-ljudvagskonst\/","name":"Vill du gifta dig med mig-ljudv\u00e5gskonst - Positive Prints","isPartOf":{"@id":"https:\/\/positiveprints.com\/sv\/#website"},"primaryImageOfPage":{"@id":"https:\/\/positiveprints.com\/sv\/produkt\/vill-du-gifta-dig-med-mig-ljudvagskonst\/#primaryimage"},"image":{"@id":"https:\/\/positiveprints.com\/sv\/produkt\/vill-du-gifta-dig-med-mig-ljudvagskonst\/#primaryimage"},"thumbnailUrl":"https:\/\/positiveprints.com\/wp-content\/uploads\/2022\/07\/will-you-marry-me-soundwave-art.jpg","datePublished":"2022-07-21T11:51:35+00:00","dateModified":"2026-04-28T13:31:19+00:00","description":"Det \u00e4r en fr\u00e5ga som du har l\u00e4ngtat efter att f\u00e5 h\u00f6ra eller s\u00e4ga: Vill du gifta dig med mig? \u00c5terupplev det \u00f6gonblicket f\u00f6r alltid med v\u00e5r Vill du gifta dig med mig-ljudv\u00e5gskonst.","breadcrumb":{"@id":"https:\/\/positiveprints.com\/sv\/produkt\/vill-du-gifta-dig-med-mig-ljudvagskonst\/#breadcrumb"},"inLanguage":"sv-SE","potentialAction":[{"@type":"ReadAction","target":["https:\/\/positiveprints.com\/sv\/produkt\/vill-du-gifta-dig-med-mig-ljudvagskonst\/"]}]},{"@type":"ImageObject","inLanguage":"sv-SE","@id":"https:\/\/positiveprints.com\/sv\/produkt\/vill-du-gifta-dig-med-mig-ljudvagskonst\/#primaryimage","url":"https:\/\/positiveprints.com\/wp-content\/uploads\/2022\/07\/will-you-marry-me-soundwave-art.jpg","contentUrl":"https:\/\/positiveprints.com\/wp-content\/uploads\/2022\/07\/will-you-marry-me-soundwave-art.jpg","width":1080,"height":1080,"caption":"Art makes the perfect gift for a first anniversary, which is also known as the Paper anniversary."},{"@type":"BreadcrumbList","@id":"https:\/\/positiveprints.com\/sv\/produkt\/vill-du-gifta-dig-med-mig-ljudvagskonst\/#breadcrumb","itemListElement":[{"@type":"ListItem","position":1,"name":"Home","item":"https:\/\/positiveprints.com\/sv\/"},{"@type":"ListItem","position":2,"name":"Produkter","item":"https:\/\/positiveprints.com\/sv\/shop\/"},{"@type":"ListItem","position":3,"name":"Vill du gifta dig med mig-ljudv\u00e5gskonst"}]},{"@type":"WebSite","@id":"https:\/\/positiveprints.com\/sv\/#website","url":"https:\/\/positiveprints.com\/sv\/","name":"Positive Prints","description":"Amazing Custom Personalized Gifts","publisher":{"@id":"https:\/\/positiveprints.com\/sv\/#organization"},"potentialAction":[{"@type":"SearchAction","target":{"@type":"EntryPoint","urlTemplate":"https:\/\/positiveprints.com\/sv\/?s={search_term_string}"},"query-input":{"@type":"PropertyValueSpecification","valueRequired":true,"valueName":"search_term_string"}}],"inLanguage":"sv-SE"},{"@type":"Organization","@id":"https:\/\/positiveprints.com\/sv\/#organization","name":"Positive Prints","alternateName":"Positive Prints","url":"https:\/\/positiveprints.com\/sv\/","logo":{"@type":"ImageObject","inLanguage":"sv-SE","@id":"https:\/\/positiveprints.com\/sv\/#\/schema\/logo\/image\/","url":"https:\/\/positiveprints.com\/wp-content\/uploads\/2026\/03\/245815646_1337939713319158_5671353136411139666_n.png","contentUrl":"https:\/\/positiveprints.com\/wp-content\/uploads\/2026\/03\/245815646_1337939713319158_5671353136411139666_n.png","width":800,"height":800,"caption":"Positive Prints"},"image":{"@id":"https:\/\/positiveprints.com\/sv\/#\/schema\/logo\/image\/"},"sameAs":["https:\/\/www.facebook.com\/positiveprintscom","https:\/\/www.instagram.com\/positiveprintscom\/","https:\/\/www.tiktok.com\/@positiveprintscom","https:\/\/www.pinterest.com\/positiveprintscom\/"]}]}},"jetpack_sharing_enabled":true,"_links":{"self":[{"href":"https:\/\/positiveprints.com\/sv\/wp-json\/wp\/v2\/product\/363270","targetHints":{"allow":["GET"]}}],"collection":[{"href":"https:\/\/positiveprints.com\/sv\/wp-json\/wp\/v2\/product"}],"about":[{"href":"https:\/\/positiveprints.com\/sv\/wp-json\/wp\/v2\/types\/product"}],"wp:featuredmedia":[{"embeddable":true,"href":"https:\/\/positiveprints.com\/sv\/wp-json\/wp\/v2\/media\/320936"}],"wp:attachment":[{"href":"https:\/\/positiveprints.com\/sv\/wp-json\/wp\/v2\/media?parent=363270"}],"wp:term":[{"taxonomy":"product_brand","embeddable":true,"href":"https:\/\/positiveprints.com\/sv\/wp-json\/wp\/v2\/product_brand?post=363270"},{"taxonomy":"product_cat","embeddable":true,"href":"https:\/\/positiveprints.com\/sv\/wp-json\/wp\/v2\/product_cat?post=363270"},{"taxonomy":"product_tag","embeddable":true,"href":"https:\/\/positiveprints.com\/sv\/wp-json\/wp\/v2\/product_tag?post=363270"}],"curies":[{"name":"wp","href":"https:\/\/api.w.org\/{rel}","templated":true}]}}