{"id":362878,"date":"2022-07-22T20:53:04","date_gmt":"2022-07-22T19:53:04","guid":{"rendered":"https:\/\/positiveprints.com\/?post_type=product&#038;p=362878"},"modified":"2026-04-12T23:11:59","modified_gmt":"2026-04-12T22:11:59","slug":"jag-alskar-dig-farfar-ljudvagskonst","status":"publish","type":"product","link":"https:\/\/positiveprints.com\/sv\/produkt\/jag-alskar-dig-farfar-ljudvagskonst\/","title":{"rendered":"Jag \u00e4lskar dig farfar-ljudv\u00e5gskonst"},"content":{"rendered":"","protected":false},"excerpt":{"rendered":"<ul class=\"check-list\">\n<li>Uttryck din k\u00e4rlek till din pappa och spela in ett s\u00e4rskilt meddelande f\u00f6r att visa hur mycket du bryr dig om honom<\/li>\n<li>Ladda bara upp en ljudfil<\/li>\n<li>L\u00e4gg till en QR-kod och skanna den f\u00f6r att spela upp din favoritl\u00e5t<\/li>\n<li>Anpassa i 3 enkla steg<\/li>\n<li>V\u00e4lj en mall eller var kreativ<\/li>\n<\/ul>\n","protected":false},"featured_media":322015,"template":"","meta":[],"product_brand":[],"product_cat":[8108,7487,11467,7614],"product_tag":[8673,13381],"class_list":{"0":"post-362878","1":"product","2":"type-product","3":"status-publish","4":"has-post-thumbnail","6":"product_cat-julpresenter","7":"product_cat-soundwave-sv","8":"product_cat-julklappar-till-morfar","9":"product_cat-gavor-till-morfar","10":"product_tag-grandpa-sv","11":"product_tag-julklapp-till-en-morfar","13":"first","14":"instock","15":"sale","16":"taxable","17":"shipping-taxable","18":"purchasable","19":"product-type-variable"},"yoast_head":"<!-- This site is optimized with the Yoast SEO Premium plugin v27.2 (Yoast SEO v27.2) - https:\/\/yoast.com\/product\/yoast-seo-premium-wordpress\/ -->\n<title>Jag \u00e4lskar dig farfar-ljudv\u00e5gskonst - Positive Prints<\/title>\n<meta name=\"description\" content=\"Vill du ge pappa en g\u00e5va som han kommer att ha gl\u00e4dje av i m\u00e5nga \u00e5r fram\u00f6ver? V\u00e5r Jag \u00e4lskar dig farfar-ljudv\u00e5gskonst \u00e4r verkligen unik. Skapa din egen idag!\" \/>\n<meta name=\"robots\" content=\"index, follow, max-snippet:-1, max-image-preview:large, max-video-preview:-1\" \/>\n<link rel=\"canonical\" href=\"https:\/\/positiveprints.com\/sv\/produkt\/jag-alskar-dig-farfar-ljudvagskonst\/\" \/>\n<meta property=\"og:locale\" content=\"sv_SE\" \/>\n<meta property=\"og:type\" content=\"article\" \/>\n<meta property=\"og:title\" content=\"Jag \u00e4lskar dig farfar-ljudv\u00e5gskonst\" \/>\n<meta property=\"og:description\" content=\"Uttryck din k\u00e4rlek till din pappa och spela in ett s\u00e4rskilt meddelande f\u00f6r att visa hur mycket du bryr dig om honom Ladda bara upp en ljudfil L\u00e4gg till en QR-kod och skanna den f\u00f6r att spela upp din favoritl\u00e5t Anpassa i 3 enkla steg V\u00e4lj en mall eller var kreativ\" \/>\n<meta property=\"og:url\" content=\"https:\/\/positiveprints.com\/sv\/produkt\/jag-alskar-dig-farfar-ljudvagskonst\/\" \/>\n<meta property=\"og:site_name\" content=\"Positive Prints\" \/>\n<meta property=\"article:publisher\" content=\"https:\/\/www.facebook.com\/positiveprintscom\" \/>\n<meta property=\"article:modified_time\" content=\"2026-04-12T22:11:59+00:00\" \/>\n<meta property=\"og:image\" content=\"https:\/\/positiveprints.com\/wp-content\/uploads\/2022\/07\/i-love-you-papa-soundwave-art.jpg\" \/>\n\t<meta property=\"og:image:width\" content=\"1080\" \/>\n\t<meta property=\"og:image:height\" content=\"1080\" \/>\n\t<meta property=\"og:image:type\" content=\"image\/jpeg\" \/>\n<meta name=\"twitter:card\" content=\"summary_large_image\" \/>\n<!-- \/ Yoast SEO Premium plugin. -->","yoast_head_json":{"title":"Jag \u00e4lskar dig farfar-ljudv\u00e5gskonst - Positive Prints","description":"Vill du ge pappa en g\u00e5va som han kommer att ha gl\u00e4dje av i m\u00e5nga \u00e5r fram\u00f6ver? V\u00e5r Jag \u00e4lskar dig farfar-ljudv\u00e5gskonst \u00e4r verkligen unik. Skapa din egen idag!","robots":{"index":"index","follow":"follow","max-snippet":"max-snippet:-1","max-image-preview":"max-image-preview:large","max-video-preview":"max-video-preview:-1"},"canonical":"https:\/\/positiveprints.com\/sv\/produkt\/jag-alskar-dig-farfar-ljudvagskonst\/","og_locale":"sv_SE","og_type":"article","og_title":"Jag \u00e4lskar dig farfar-ljudv\u00e5gskonst","og_description":"Uttryck din k\u00e4rlek till din pappa och spela in ett s\u00e4rskilt meddelande f\u00f6r att visa hur mycket du bryr dig om honom Ladda bara upp en ljudfil L\u00e4gg till en QR-kod och skanna den f\u00f6r att spela upp din favoritl\u00e5t Anpassa i 3 enkla steg V\u00e4lj en mall eller var kreativ","og_url":"https:\/\/positiveprints.com\/sv\/produkt\/jag-alskar-dig-farfar-ljudvagskonst\/","og_site_name":"Positive Prints","article_publisher":"https:\/\/www.facebook.com\/positiveprintscom","article_modified_time":"2026-04-12T22:11:59+00:00","og_image":[{"width":1080,"height":1080,"url":"https:\/\/positiveprints.com\/wp-content\/uploads\/2022\/07\/i-love-you-papa-soundwave-art.jpg","type":"image\/jpeg"}],"twitter_card":"summary_large_image","schema":{"@context":"https:\/\/schema.org","@graph":[{"@type":["WebPage","ItemPage"],"@id":"https:\/\/positiveprints.com\/sv\/produkt\/jag-alskar-dig-farfar-ljudvagskonst\/","url":"https:\/\/positiveprints.com\/sv\/produkt\/jag-alskar-dig-farfar-ljudvagskonst\/","name":"Jag \u00e4lskar dig farfar-ljudv\u00e5gskonst - Positive Prints","isPartOf":{"@id":"https:\/\/positiveprints.com\/sv\/#website"},"primaryImageOfPage":{"@id":"https:\/\/positiveprints.com\/sv\/produkt\/jag-alskar-dig-farfar-ljudvagskonst\/#primaryimage"},"image":{"@id":"https:\/\/positiveprints.com\/sv\/produkt\/jag-alskar-dig-farfar-ljudvagskonst\/#primaryimage"},"thumbnailUrl":"https:\/\/positiveprints.com\/wp-content\/uploads\/2022\/07\/i-love-you-papa-soundwave-art.jpg","datePublished":"2022-07-22T19:53:04+00:00","dateModified":"2026-04-12T22:11:59+00:00","description":"Vill du ge pappa en g\u00e5va som han kommer att ha gl\u00e4dje av i m\u00e5nga \u00e5r fram\u00f6ver? V\u00e5r Jag \u00e4lskar dig farfar-ljudv\u00e5gskonst \u00e4r verkligen unik. Skapa din egen idag!","breadcrumb":{"@id":"https:\/\/positiveprints.com\/sv\/produkt\/jag-alskar-dig-farfar-ljudvagskonst\/#breadcrumb"},"inLanguage":"sv-SE","potentialAction":[{"@type":"ReadAction","target":["https:\/\/positiveprints.com\/sv\/produkt\/jag-alskar-dig-farfar-ljudvagskonst\/"]}]},{"@type":"ImageObject","inLanguage":"sv-SE","@id":"https:\/\/positiveprints.com\/sv\/produkt\/jag-alskar-dig-farfar-ljudvagskonst\/#primaryimage","url":"https:\/\/positiveprints.com\/wp-content\/uploads\/2022\/07\/i-love-you-papa-soundwave-art.jpg","contentUrl":"https:\/\/positiveprints.com\/wp-content\/uploads\/2022\/07\/i-love-you-papa-soundwave-art.jpg","width":1080,"height":1080,"caption":"Capture the voice of a child or grandchild in a recording"},{"@type":"BreadcrumbList","@id":"https:\/\/positiveprints.com\/sv\/produkt\/jag-alskar-dig-farfar-ljudvagskonst\/#breadcrumb","itemListElement":[{"@type":"ListItem","position":1,"name":"Home","item":"https:\/\/positiveprints.com\/sv\/"},{"@type":"ListItem","position":2,"name":"Produkter","item":"https:\/\/positiveprints.com\/sv\/shop\/"},{"@type":"ListItem","position":3,"name":"Jag \u00e4lskar dig farfar-ljudv\u00e5gskonst"}]},{"@type":"WebSite","@id":"https:\/\/positiveprints.com\/sv\/#website","url":"https:\/\/positiveprints.com\/sv\/","name":"Positive Prints","description":"Amazing Custom Personalized Gifts","publisher":{"@id":"https:\/\/positiveprints.com\/sv\/#organization"},"potentialAction":[{"@type":"SearchAction","target":{"@type":"EntryPoint","urlTemplate":"https:\/\/positiveprints.com\/sv\/?s={search_term_string}"},"query-input":{"@type":"PropertyValueSpecification","valueRequired":true,"valueName":"search_term_string"}}],"inLanguage":"sv-SE"},{"@type":"Organization","@id":"https:\/\/positiveprints.com\/sv\/#organization","name":"Positive Prints","alternateName":"Positive Prints","url":"https:\/\/positiveprints.com\/sv\/","logo":{"@type":"ImageObject","inLanguage":"sv-SE","@id":"https:\/\/positiveprints.com\/sv\/#\/schema\/logo\/image\/","url":"https:\/\/positiveprints.com\/wp-content\/uploads\/2026\/03\/245815646_1337939713319158_5671353136411139666_n.png","contentUrl":"https:\/\/positiveprints.com\/wp-content\/uploads\/2026\/03\/245815646_1337939713319158_5671353136411139666_n.png","width":800,"height":800,"caption":"Positive Prints"},"image":{"@id":"https:\/\/positiveprints.com\/sv\/#\/schema\/logo\/image\/"},"sameAs":["https:\/\/www.facebook.com\/positiveprintscom","https:\/\/www.instagram.com\/positiveprintscom\/","https:\/\/www.tiktok.com\/@positiveprintscom","https:\/\/www.pinterest.com\/positiveprintscom\/"]}]}},"jetpack_sharing_enabled":true,"_links":{"self":[{"href":"https:\/\/positiveprints.com\/sv\/wp-json\/wp\/v2\/product\/362878","targetHints":{"allow":["GET"]}}],"collection":[{"href":"https:\/\/positiveprints.com\/sv\/wp-json\/wp\/v2\/product"}],"about":[{"href":"https:\/\/positiveprints.com\/sv\/wp-json\/wp\/v2\/types\/product"}],"wp:featuredmedia":[{"embeddable":true,"href":"https:\/\/positiveprints.com\/sv\/wp-json\/wp\/v2\/media\/322015"}],"wp:attachment":[{"href":"https:\/\/positiveprints.com\/sv\/wp-json\/wp\/v2\/media?parent=362878"}],"wp:term":[{"taxonomy":"product_brand","embeddable":true,"href":"https:\/\/positiveprints.com\/sv\/wp-json\/wp\/v2\/product_brand?post=362878"},{"taxonomy":"product_cat","embeddable":true,"href":"https:\/\/positiveprints.com\/sv\/wp-json\/wp\/v2\/product_cat?post=362878"},{"taxonomy":"product_tag","embeddable":true,"href":"https:\/\/positiveprints.com\/sv\/wp-json\/wp\/v2\/product_tag?post=362878"}],"curies":[{"name":"wp","href":"https:\/\/api.w.org\/{rel}","templated":true}]}}