{"id":362202,"date":"2022-08-23T13:10:06","date_gmt":"2022-08-23T12:10:06","guid":{"rendered":"https:\/\/positiveprints.com\/?post_type=product&#038;p=362202"},"modified":"2026-04-12T23:06:57","modified_gmt":"2026-04-12T22:06:57","slug":"familjefoto-vaggkonst","status":"publish","type":"product","link":"https:\/\/positiveprints.com\/sv\/produkt\/familjefoto-vaggkonst\/","title":{"rendered":"Familjefoto v\u00e4ggkonst"},"content":{"rendered":"","protected":false},"excerpt":{"rendered":"<ul class=\"check-list\">\n<li>Ge liv \u00e5t dina familjeminnen och visa upp ditt favoritfamiljebild p\u00e5 ett unikt och elegant s\u00e4tt<\/li>\n<li>L\u00e4gg till text\u00f6verl\u00e4gg f\u00f6r att g\u00f6ra varje g\u00e5va speciell och meningsfull<\/li>\n<li>Anpassa i 3 enkla steg<\/li>\n<li>Se resultatet direkt \u2013 den interaktiva f\u00f6rhandsvisningen l\u00e5ter dig finjustera varje detalj<\/li>\n<\/ul>\n","protected":false},"featured_media":333514,"template":"","meta":[],"product_brand":[],"product_cat":[9000,7503,8119,8108,8115,11473,7774,7854,15061,11475,7822,7662],"product_tag":[16082,16081,8542,13470],"class_list":{"0":"post-362202","1":"product","2":"type-product","3":"status-publish","4":"has-post-thumbnail","6":"product_cat-aldreomsorgens-dag","7":"product_cat-foto-sv","8":"product_cat-inflyttningspresenter-presenttillfallen","9":"product_cat-julpresenter","10":"product_cat-gavor-till-nyfodda-barn-presenttillfallen","11":"product_cat-julklappar-till-barnen","12":"product_cat-gavor-till-dottern","13":"product_cat-gavor-till-familjen","14":"product_cat-julklappar-till-familjen","15":"product_cat-julklappar-till-foraldrarna","16":"product_cat-gavor-till-nya-foraldrar","17":"product_cat-gavor-till-sonen","18":"product_tag-cadeaux-de-noel-pour-la-famille-sv","19":"product_tag-family-fr-sv","20":"product_tag-family-sv","21":"product_tag-julklappar-till-familjen","23":"first","24":"instock","25":"sale","26":"taxable","27":"shipping-taxable","28":"purchasable","29":"product-type-variable"},"yoast_head":"<!-- This site is optimized with the Yoast SEO Premium plugin v27.2 (Yoast SEO v27.2) - https:\/\/yoast.com\/product\/yoast-seo-premium-wordpress\/ -->\n<title>Familjefoto v\u00e4ggkonst - Positive Prints<\/title>\n<meta name=\"description\" content=\"Er v\u00e4xande familj \u00e4r n\u00e5got att vara stolt \u00f6ver. F\u00e5nga de vackraste \u00f6gonblicken f\u00f6r alltid med v\u00e5r v\u00e4ggkonst med familjefoton.\" \/>\n<meta name=\"robots\" content=\"index, follow, max-snippet:-1, max-image-preview:large, max-video-preview:-1\" \/>\n<link rel=\"canonical\" href=\"https:\/\/positiveprints.com\/sv\/produkt\/familjefoto-vaggkonst\/\" \/>\n<meta property=\"og:locale\" content=\"sv_SE\" \/>\n<meta property=\"og:type\" content=\"article\" \/>\n<meta property=\"og:title\" content=\"Familjefoto v\u00e4ggkonst\" \/>\n<meta property=\"og:description\" content=\"Ge liv \u00e5t dina familjeminnen och visa upp ditt favoritfamiljebild p\u00e5 ett unikt och elegant s\u00e4tt L\u00e4gg till text\u00f6verl\u00e4gg f\u00f6r att g\u00f6ra varje g\u00e5va speciell och meningsfull Anpassa i 3 enkla steg Se resultatet direkt \u2013 den interaktiva f\u00f6rhandsvisningen l\u00e5ter dig finjustera varje detalj\" \/>\n<meta property=\"og:url\" content=\"https:\/\/positiveprints.com\/sv\/produkt\/familjefoto-vaggkonst\/\" \/>\n<meta property=\"og:site_name\" content=\"Positive Prints\" \/>\n<meta property=\"article:publisher\" content=\"https:\/\/www.facebook.com\/positiveprintscom\" \/>\n<meta property=\"article:modified_time\" content=\"2026-04-12T22:06:57+00:00\" \/>\n<meta property=\"og:image\" content=\"https:\/\/positiveprints.com\/wp-content\/uploads\/2022\/08\/family-photo-wall-art.jpg\" \/>\n\t<meta property=\"og:image:width\" content=\"1080\" \/>\n\t<meta property=\"og:image:height\" content=\"1080\" \/>\n\t<meta property=\"og:image:type\" content=\"image\/jpeg\" \/>\n<meta name=\"twitter:card\" content=\"summary_large_image\" \/>\n<!-- \/ Yoast SEO Premium plugin. -->","yoast_head_json":{"title":"Familjefoto v\u00e4ggkonst - Positive Prints","description":"Er v\u00e4xande familj \u00e4r n\u00e5got att vara stolt \u00f6ver. F\u00e5nga de vackraste \u00f6gonblicken f\u00f6r alltid med v\u00e5r v\u00e4ggkonst med familjefoton.","robots":{"index":"index","follow":"follow","max-snippet":"max-snippet:-1","max-image-preview":"max-image-preview:large","max-video-preview":"max-video-preview:-1"},"canonical":"https:\/\/positiveprints.com\/sv\/produkt\/familjefoto-vaggkonst\/","og_locale":"sv_SE","og_type":"article","og_title":"Familjefoto v\u00e4ggkonst","og_description":"Ge liv \u00e5t dina familjeminnen och visa upp ditt favoritfamiljebild p\u00e5 ett unikt och elegant s\u00e4tt L\u00e4gg till text\u00f6verl\u00e4gg f\u00f6r att g\u00f6ra varje g\u00e5va speciell och meningsfull Anpassa i 3 enkla steg Se resultatet direkt \u2013 den interaktiva f\u00f6rhandsvisningen l\u00e5ter dig finjustera varje detalj","og_url":"https:\/\/positiveprints.com\/sv\/produkt\/familjefoto-vaggkonst\/","og_site_name":"Positive Prints","article_publisher":"https:\/\/www.facebook.com\/positiveprintscom","article_modified_time":"2026-04-12T22:06:57+00:00","og_image":[{"width":1080,"height":1080,"url":"https:\/\/positiveprints.com\/wp-content\/uploads\/2022\/08\/family-photo-wall-art.jpg","type":"image\/jpeg"}],"twitter_card":"summary_large_image","schema":{"@context":"https:\/\/schema.org","@graph":[{"@type":["WebPage","ItemPage"],"@id":"https:\/\/positiveprints.com\/sv\/produkt\/familjefoto-vaggkonst\/","url":"https:\/\/positiveprints.com\/sv\/produkt\/familjefoto-vaggkonst\/","name":"Familjefoto v\u00e4ggkonst - Positive Prints","isPartOf":{"@id":"https:\/\/positiveprints.com\/sv\/#website"},"primaryImageOfPage":{"@id":"https:\/\/positiveprints.com\/sv\/produkt\/familjefoto-vaggkonst\/#primaryimage"},"image":{"@id":"https:\/\/positiveprints.com\/sv\/produkt\/familjefoto-vaggkonst\/#primaryimage"},"thumbnailUrl":"https:\/\/positiveprints.com\/wp-content\/uploads\/2022\/08\/family-photo-wall-art.jpg","datePublished":"2022-08-23T12:10:06+00:00","dateModified":"2026-04-12T22:06:57+00:00","description":"Er v\u00e4xande familj \u00e4r n\u00e5got att vara stolt \u00f6ver. F\u00e5nga de vackraste \u00f6gonblicken f\u00f6r alltid med v\u00e5r v\u00e4ggkonst med familjefoton.","breadcrumb":{"@id":"https:\/\/positiveprints.com\/sv\/produkt\/familjefoto-vaggkonst\/#breadcrumb"},"inLanguage":"sv-SE","potentialAction":[{"@type":"ReadAction","target":["https:\/\/positiveprints.com\/sv\/produkt\/familjefoto-vaggkonst\/"]}]},{"@type":"ImageObject","inLanguage":"sv-SE","@id":"https:\/\/positiveprints.com\/sv\/produkt\/familjefoto-vaggkonst\/#primaryimage","url":"https:\/\/positiveprints.com\/wp-content\/uploads\/2022\/08\/family-photo-wall-art.jpg","contentUrl":"https:\/\/positiveprints.com\/wp-content\/uploads\/2022\/08\/family-photo-wall-art.jpg","width":1080,"height":1080,"caption":"High-quality family photo prints that are perfect for framing and hanging"},{"@type":"BreadcrumbList","@id":"https:\/\/positiveprints.com\/sv\/produkt\/familjefoto-vaggkonst\/#breadcrumb","itemListElement":[{"@type":"ListItem","position":1,"name":"Home","item":"https:\/\/positiveprints.com\/sv\/"},{"@type":"ListItem","position":2,"name":"Produkter","item":"https:\/\/positiveprints.com\/sv\/shop\/"},{"@type":"ListItem","position":3,"name":"Familjefoto v\u00e4ggkonst"}]},{"@type":"WebSite","@id":"https:\/\/positiveprints.com\/sv\/#website","url":"https:\/\/positiveprints.com\/sv\/","name":"Positive Prints","description":"Amazing Custom Personalized Gifts","publisher":{"@id":"https:\/\/positiveprints.com\/sv\/#organization"},"potentialAction":[{"@type":"SearchAction","target":{"@type":"EntryPoint","urlTemplate":"https:\/\/positiveprints.com\/sv\/?s={search_term_string}"},"query-input":{"@type":"PropertyValueSpecification","valueRequired":true,"valueName":"search_term_string"}}],"inLanguage":"sv-SE"},{"@type":"Organization","@id":"https:\/\/positiveprints.com\/sv\/#organization","name":"Positive Prints","alternateName":"Positive Prints","url":"https:\/\/positiveprints.com\/sv\/","logo":{"@type":"ImageObject","inLanguage":"sv-SE","@id":"https:\/\/positiveprints.com\/sv\/#\/schema\/logo\/image\/","url":"https:\/\/positiveprints.com\/wp-content\/uploads\/2026\/03\/245815646_1337939713319158_5671353136411139666_n.png","contentUrl":"https:\/\/positiveprints.com\/wp-content\/uploads\/2026\/03\/245815646_1337939713319158_5671353136411139666_n.png","width":800,"height":800,"caption":"Positive Prints"},"image":{"@id":"https:\/\/positiveprints.com\/sv\/#\/schema\/logo\/image\/"},"sameAs":["https:\/\/www.facebook.com\/positiveprintscom","https:\/\/www.instagram.com\/positiveprintscom\/","https:\/\/www.tiktok.com\/@positiveprintscom","https:\/\/www.pinterest.com\/positiveprintscom\/"]}]}},"jetpack_sharing_enabled":true,"_links":{"self":[{"href":"https:\/\/positiveprints.com\/sv\/wp-json\/wp\/v2\/product\/362202","targetHints":{"allow":["GET"]}}],"collection":[{"href":"https:\/\/positiveprints.com\/sv\/wp-json\/wp\/v2\/product"}],"about":[{"href":"https:\/\/positiveprints.com\/sv\/wp-json\/wp\/v2\/types\/product"}],"wp:featuredmedia":[{"embeddable":true,"href":"https:\/\/positiveprints.com\/sv\/wp-json\/wp\/v2\/media\/333514"}],"wp:attachment":[{"href":"https:\/\/positiveprints.com\/sv\/wp-json\/wp\/v2\/media?parent=362202"}],"wp:term":[{"taxonomy":"product_brand","embeddable":true,"href":"https:\/\/positiveprints.com\/sv\/wp-json\/wp\/v2\/product_brand?post=362202"},{"taxonomy":"product_cat","embeddable":true,"href":"https:\/\/positiveprints.com\/sv\/wp-json\/wp\/v2\/product_cat?post=362202"},{"taxonomy":"product_tag","embeddable":true,"href":"https:\/\/positiveprints.com\/sv\/wp-json\/wp\/v2\/product_tag?post=362202"}],"curies":[{"name":"wp","href":"https:\/\/api.w.org\/{rel}","templated":true}]}}