{"id":361748,"date":"2022-07-21T12:05:10","date_gmt":"2022-07-21T11:05:10","guid":{"rendered":"https:\/\/positiveprints.com\/?post_type=product&#038;p=361748"},"modified":"2026-04-23T11:48:45","modified_gmt":"2026-04-23T10:48:45","slug":"jag-alskar-dig-ljudvagskonst","status":"publish","type":"product","link":"https:\/\/positiveprints.com\/sv\/produkt\/jag-alskar-dig-ljudvagskonst\/","title":{"rendered":"Jag \u00e4lskar dig-ljudv\u00e5gskonst"},"content":{"rendered":"<p>Jag \u00e4lskar dig kan vara v\u00e4rldens b\u00e4sta ord, speciellt n\u00e4r det kommer fr\u00e5n n\u00e5gon du \u00e4lskar ocks\u00e5. F\u00f6rvandla dessa ord till Jag \u00e4lskar dig-ljudv\u00e5gskonst. <\/p>\n\n\n\n\n\n<h2 class=\"grenB f24 cblue\" style=\"margin-top: 3rem\">Vad \u00e4r Jag \u00e4lskar dig-ljudv\u00e5gskonst?<\/h2>\n\n\n\n<p style=\"margin-top: 1rem\">Ljud beh\u00f6ver inte bara uppfattas av v\u00e5ra \u00f6ron. De kan ocks\u00e5 gl\u00e4dja v\u00e5ra \u00f6gon. Ljud kommer i v\u00e5gor, och \u00e4ven om vi inte kan se dessa v\u00e5gor med blotta \u00f6gat, kan vi utnyttja dem med r\u00e4tt teknik. Det \u00e4r vad v\u00e5r ljudv\u00e5gsteknik \u00e4r designad att g\u00f6ra. <\/p>\n\n\n\n<p style=\"margin-top: 1rem\">Vi tar din ljudfil och f\u00f6rvandlar ditt ljud till en visuell v\u00e5g. Varje ljudv\u00e5gskonst \u00e4r unik f\u00f6r dig eftersom inga tv\u00e5 r\u00f6ster \u00e4r riktigt lika. Ladda bara upp en ljudfil n\u00e4r din \u00e4lskade s\u00e4ger &#8220;Jag \u00e4lskar dig&#8221; s\u00e5 f\u00f6rvandlar vi den till ett konstverk. <\/p>\n\n\n\n\n\n<h2 class=\"grenB f24 cblue\" style=\"margin-top: 3rem\">Jag \u00e4lskar dig-ljudv\u00e5gskonst \u00e4r perfekt present till par! <\/h2>\n\n\n\n<p style=\"margin-top: 1rem\">M\u00e5nga av v\u00e5ra Positive Prints-kunder blir f\u00f6r\u00e4lskade i id\u00e9n att se Jag \u00e4lskar dig p\u00e5 sina v\u00e4ggar. De h\u00f6r sin \u00e4lskade ber\u00e4tta f\u00f6r dem dessa vackra ord varje dag. N\u00e4r avst\u00e5nd eller oplanerade livsh\u00e4ndelser skiljer dem \u00e5t, l\u00e5ter konstverket dessa ord dr\u00f6ja kvar.  <\/p>\n\n\n\n<p style=\"margin-top: 1rem\">Jag \u00e4lskar dig-ljudv\u00e5gskonst \u00e4r en perfet present f\u00f6r alla tillf\u00e4llen, inklusive:<\/p>\n\n\n\n<ul>\n\n<li>F\u00f6delsedagar<\/li>\n\n<li>Br\u00f6llop<\/li>\n\n<li>F\u00f6rlovningar<\/li>\n\n<li>\u00c5rsdagar<\/li>\n\n<li>Alla hj\u00e4rtans dag<\/li>\n\n<li>Jul<\/li>\n\n<li>Och alla andra tillf\u00e4llen som \u00e4r speciella f\u00f6r dig!<\/li>\n\n<\/ul>\n\n\n\n<p style=\"margin-top: 1rem\">Det som g\u00f6r en I Love You Soundwave \u00e4nnu mer speciell \u00e4r att den \u00e4r helt anpassad f\u00f6r din mottagare. Varje ljudv\u00e5g \u00e4r gjord utifr\u00e5n r\u00f6sten du ger, inte n\u00e5got generiskt konstverk som du kan hitta i en butik. N\u00e4r du h\u00e4nger upp ditt tryck p\u00e5 dina v\u00e4ggar kan du vara s\u00e4ker p\u00e5 att ingen annan har ett riktigt likadant. <\/p>\n\n\n\n<h2 class=\"grenB f24 cblue\" style=\"margin-top: 3rem\">Hur man skapar anpassad Jag \u00e4lskar dig-ljudv\u00e5gskonst<\/h2>\n\n\n\n<p style=\"margin-top: 1rem\">Anpassad konst l\u00e5ter som en tidskr\u00e4vande, dyr present, men det \u00e4r faktiskt enklare \u00e4n att g\u00e5 in i en butik och k\u00f6pa n\u00e5got fr\u00e5n hyllan. P\u00e5 Positive Prints har vi tagit fram en skapare av ljudv\u00e5gskonst med enkla g\u00f6r-det-sj\u00e4lv-processer. Precis som v\u00e5ra andra erbjudanden kan du skapa ett anpassat ljudv\u00e5gskonstverk i s\u00e5 lite som tre steg.<\/p>\n\n\n\n<p style=\"margin-top: 1rem\"><strong>Steg ett:<\/strong> Ladda upp din ljudfil. Spela in en \u00e4lskad som s\u00e4ger &#8220;Jag \u00e4lskar dig&#8221; eller n\u00e5got som \u00e4r meningsfullt f\u00f6r dig. Dela den sedan med oss \u200b\u200bs\u00e5 f\u00f6rvandlar vi den till en visuell ljudv\u00e5g.<\/p>\n\n\n\n<p style=\"margin-top: 1rem\"><strong>Steg tv\u00e5:<\/strong> V\u00e4lj dina f\u00e4rger och andra detaljer. Du har kontroll \u00f6ver hur dit <a href=\"https:\/\/positiveprints.com\/sv\/produkt\/ljudvagskonst\/\">konstverk<\/a> ser ut. V\u00e4lj bland ett av v\u00e5ra professionellt framtagna f\u00e4rgscheman eller skapa dina egna. Inkludera ett meddelande p\u00e5 ditt tryck f\u00f6r \u00e4nnu mer personlig anpassning.<\/p>\n\n\n\n<p style=\"margin-top: 1rem\"><strong>Steg tre:<\/strong> V\u00e4lj ett leveransformat. Vi erbjuder affischtryck och tryck p\u00e5 canvas, s\u00e5v\u00e4l som direkt digital nedladdning. <\/p>\n\n\n\n<h2 class=\"grenB f24 cblue\" style=\"margin-top: 3rem\">Kom ig\u00e5ng nu!<\/h2>\n\n\n\n<p style=\"margin-top: 1rem\">Skapa din Jag \u00e4lskar dig-ljudv\u00e5gskonst idag. Kom ig\u00e5ng h\u00e4r.<\/p>","protected":false},"excerpt":{"rendered":"<ul class=\"check-list\">\n<li>F\u00f6rvandla ditt &#8220;Jag \u00e4lskar dig&#8221; till skr\u00e4ddarsydd ljudv\u00e5gskonst<\/li>\n<li>Ladda bara upp en ljudfil<\/li>\n<li>L\u00e4gg till en QR-kod och skanna den f\u00f6r att spela upp din favoritl\u00e5t<\/li>\n<li>Anpassa i 3 enkla steg<\/li>\n<li>V\u00e4lj en mall eller var kreativ<\/li>\n<\/ul>\n","protected":false},"featured_media":321014,"template":"","meta":[],"product_brand":[],"product_cat":[8108,11470,11471,11469,11463,11477,11472,7679,7647,7790,7758,7806,7487,8116,11251,11252],"product_tag":[14998,11758,11772,11835,11829,11832,11830],"class_list":{"0":"post-361748","1":"product","2":"type-product","3":"status-publish","4":"has-post-thumbnail","6":"product_cat-julpresenter","7":"product_cat-julklappar-till-henne","8":"product_cat-julklappar-till-honom","9":"product_cat-julklappar-till-flickvannen","10":"product_cat-julklapp-till-pojkvan","11":"product_cat-julklappar-till-frun","12":"product_cat-julklappar-till-maken","13":"product_cat-gavor-till-pojkvannen","14":"product_cat-gavor-till-din-man","15":"product_cat-gavor-till-flickvannen","16":"product_cat-gavor-till-fru","17":"product_cat-gavor-for-par","18":"product_cat-soundwave-sv","19":"product_cat-gava-pa-alla-hjartans-dag","20":"product_cat-alla-hjartans-dag-presenter-for-henne","21":"product_cat-alla-hjartans-dag-presenter-for-honom","22":"product_tag-anniversary-sv","23":"product_tag-julklapp-till-pojkvan","24":"product_tag-julklappar-till-flickvannen","25":"product_tag-julklappar-till-frun","26":"product_tag-julklappar-till-henne","27":"product_tag-julklappar-till-maken","28":"product_tag-kerstcadeaus-for-honom","30":"first","31":"instock","32":"sale","33":"taxable","34":"shipping-taxable","35":"purchasable","36":"product-type-variable"},"yoast_head":"<!-- This site is optimized with the Yoast SEO Premium plugin v27.2 (Yoast SEO v27.2) - https:\/\/yoast.com\/product\/yoast-seo-premium-wordpress\/ -->\n<title>Jag \u00e4lskar dig-ljudv\u00e5gskonst - Positive Prints<\/title>\n<meta name=\"description\" content=\"Jag \u00e4lskar dig kan vara v\u00e4rldens b\u00e4sta ord, speciellt n\u00e4r det kommer fr\u00e5n n\u00e5gon du \u00e4lskar ocks\u00e5. F\u00f6rvandla dessa ord till Jag \u00e4lskar dig-ljudv\u00e5gskonst.\" \/>\n<meta name=\"robots\" content=\"index, follow, max-snippet:-1, max-image-preview:large, max-video-preview:-1\" \/>\n<link rel=\"canonical\" href=\"https:\/\/positiveprints.com\/sv\/produkt\/jag-alskar-dig-ljudvagskonst\/\" \/>\n<meta property=\"og:locale\" content=\"sv_SE\" \/>\n<meta property=\"og:type\" content=\"article\" \/>\n<meta property=\"og:title\" content=\"Jag \u00e4lskar dig-ljudv\u00e5gskonst\" \/>\n<meta property=\"og:description\" content=\"F\u00f6rvandla ditt &quot;Jag \u00e4lskar dig&quot; till skr\u00e4ddarsydd ljudv\u00e5gskonst Ladda bara upp en ljudfil L\u00e4gg till en QR-kod och skanna den f\u00f6r att spela upp din favoritl\u00e5t Anpassa i 3 enkla steg V\u00e4lj en mall eller var kreativ\" \/>\n<meta property=\"og:url\" content=\"https:\/\/positiveprints.com\/sv\/produkt\/jag-alskar-dig-ljudvagskonst\/\" \/>\n<meta property=\"og:site_name\" content=\"Positive Prints\" \/>\n<meta property=\"article:publisher\" content=\"https:\/\/www.facebook.com\/positiveprintscom\" \/>\n<meta property=\"article:modified_time\" content=\"2026-04-23T10:48:45+00:00\" \/>\n<meta property=\"og:image\" content=\"https:\/\/positiveprints.com\/wp-content\/uploads\/2022\/07\/i-love-you-soundwave-art-1.jpg\" \/>\n\t<meta property=\"og:image:width\" content=\"1080\" \/>\n\t<meta property=\"og:image:height\" content=\"1080\" \/>\n\t<meta property=\"og:image:type\" content=\"image\/jpeg\" \/>\n<meta name=\"twitter:card\" content=\"summary_large_image\" \/>\n<meta name=\"twitter:label1\" content=\"Ber\u00e4knad l\u00e4stid\" \/>\n\t<meta name=\"twitter:data1\" content=\"2 minut\" \/>\n<!-- \/ Yoast SEO Premium plugin. -->","yoast_head_json":{"title":"Jag \u00e4lskar dig-ljudv\u00e5gskonst - Positive Prints","description":"Jag \u00e4lskar dig kan vara v\u00e4rldens b\u00e4sta ord, speciellt n\u00e4r det kommer fr\u00e5n n\u00e5gon du \u00e4lskar ocks\u00e5. F\u00f6rvandla dessa ord till Jag \u00e4lskar dig-ljudv\u00e5gskonst.","robots":{"index":"index","follow":"follow","max-snippet":"max-snippet:-1","max-image-preview":"max-image-preview:large","max-video-preview":"max-video-preview:-1"},"canonical":"https:\/\/positiveprints.com\/sv\/produkt\/jag-alskar-dig-ljudvagskonst\/","og_locale":"sv_SE","og_type":"article","og_title":"Jag \u00e4lskar dig-ljudv\u00e5gskonst","og_description":"F\u00f6rvandla ditt \"Jag \u00e4lskar dig\" till skr\u00e4ddarsydd ljudv\u00e5gskonst Ladda bara upp en ljudfil L\u00e4gg till en QR-kod och skanna den f\u00f6r att spela upp din favoritl\u00e5t Anpassa i 3 enkla steg V\u00e4lj en mall eller var kreativ","og_url":"https:\/\/positiveprints.com\/sv\/produkt\/jag-alskar-dig-ljudvagskonst\/","og_site_name":"Positive Prints","article_publisher":"https:\/\/www.facebook.com\/positiveprintscom","article_modified_time":"2026-04-23T10:48:45+00:00","og_image":[{"width":1080,"height":1080,"url":"https:\/\/positiveprints.com\/wp-content\/uploads\/2022\/07\/i-love-you-soundwave-art-1.jpg","type":"image\/jpeg"}],"twitter_card":"summary_large_image","twitter_misc":{"Ber\u00e4knad l\u00e4stid":"2 minut"},"schema":{"@context":"https:\/\/schema.org","@graph":[{"@type":["WebPage","ItemPage"],"@id":"https:\/\/positiveprints.com\/sv\/produkt\/jag-alskar-dig-ljudvagskonst\/","url":"https:\/\/positiveprints.com\/sv\/produkt\/jag-alskar-dig-ljudvagskonst\/","name":"Jag \u00e4lskar dig-ljudv\u00e5gskonst - Positive Prints","isPartOf":{"@id":"https:\/\/positiveprints.com\/sv\/#website"},"primaryImageOfPage":{"@id":"https:\/\/positiveprints.com\/sv\/produkt\/jag-alskar-dig-ljudvagskonst\/#primaryimage"},"image":{"@id":"https:\/\/positiveprints.com\/sv\/produkt\/jag-alskar-dig-ljudvagskonst\/#primaryimage"},"thumbnailUrl":"https:\/\/positiveprints.com\/wp-content\/uploads\/2022\/07\/i-love-you-soundwave-art-1.jpg","datePublished":"2022-07-21T11:05:10+00:00","dateModified":"2026-04-23T10:48:45+00:00","description":"Jag \u00e4lskar dig kan vara v\u00e4rldens b\u00e4sta ord, speciellt n\u00e4r det kommer fr\u00e5n n\u00e5gon du \u00e4lskar ocks\u00e5. F\u00f6rvandla dessa ord till Jag \u00e4lskar dig-ljudv\u00e5gskonst.","breadcrumb":{"@id":"https:\/\/positiveprints.com\/sv\/produkt\/jag-alskar-dig-ljudvagskonst\/#breadcrumb"},"inLanguage":"sv-SE","potentialAction":[{"@type":"ReadAction","target":["https:\/\/positiveprints.com\/sv\/produkt\/jag-alskar-dig-ljudvagskonst\/"]}]},{"@type":"ImageObject","inLanguage":"sv-SE","@id":"https:\/\/positiveprints.com\/sv\/produkt\/jag-alskar-dig-ljudvagskonst\/#primaryimage","url":"https:\/\/positiveprints.com\/wp-content\/uploads\/2022\/07\/i-love-you-soundwave-art-1.jpg","contentUrl":"https:\/\/positiveprints.com\/wp-content\/uploads\/2022\/07\/i-love-you-soundwave-art-1.jpg","width":1080,"height":1080,"caption":"Simply upload an audio file of your loved one saying \u201cI Love You\u201d and we will turn it into a work of art."},{"@type":"BreadcrumbList","@id":"https:\/\/positiveprints.com\/sv\/produkt\/jag-alskar-dig-ljudvagskonst\/#breadcrumb","itemListElement":[{"@type":"ListItem","position":1,"name":"Home","item":"https:\/\/positiveprints.com\/sv\/"},{"@type":"ListItem","position":2,"name":"Produkter","item":"https:\/\/positiveprints.com\/sv\/shop\/"},{"@type":"ListItem","position":3,"name":"Jag \u00e4lskar dig-ljudv\u00e5gskonst"}]},{"@type":"WebSite","@id":"https:\/\/positiveprints.com\/sv\/#website","url":"https:\/\/positiveprints.com\/sv\/","name":"Positive Prints","description":"Amazing Custom Personalized Gifts","publisher":{"@id":"https:\/\/positiveprints.com\/sv\/#organization"},"potentialAction":[{"@type":"SearchAction","target":{"@type":"EntryPoint","urlTemplate":"https:\/\/positiveprints.com\/sv\/?s={search_term_string}"},"query-input":{"@type":"PropertyValueSpecification","valueRequired":true,"valueName":"search_term_string"}}],"inLanguage":"sv-SE"},{"@type":"Organization","@id":"https:\/\/positiveprints.com\/sv\/#organization","name":"Positive Prints","alternateName":"Positive Prints","url":"https:\/\/positiveprints.com\/sv\/","logo":{"@type":"ImageObject","inLanguage":"sv-SE","@id":"https:\/\/positiveprints.com\/sv\/#\/schema\/logo\/image\/","url":"https:\/\/positiveprints.com\/wp-content\/uploads\/2026\/03\/245815646_1337939713319158_5671353136411139666_n.png","contentUrl":"https:\/\/positiveprints.com\/wp-content\/uploads\/2026\/03\/245815646_1337939713319158_5671353136411139666_n.png","width":800,"height":800,"caption":"Positive Prints"},"image":{"@id":"https:\/\/positiveprints.com\/sv\/#\/schema\/logo\/image\/"},"sameAs":["https:\/\/www.facebook.com\/positiveprintscom","https:\/\/www.instagram.com\/positiveprintscom\/","https:\/\/www.tiktok.com\/@positiveprintscom","https:\/\/www.pinterest.com\/positiveprintscom\/"]}]}},"jetpack_sharing_enabled":true,"_links":{"self":[{"href":"https:\/\/positiveprints.com\/sv\/wp-json\/wp\/v2\/product\/361748","targetHints":{"allow":["GET"]}}],"collection":[{"href":"https:\/\/positiveprints.com\/sv\/wp-json\/wp\/v2\/product"}],"about":[{"href":"https:\/\/positiveprints.com\/sv\/wp-json\/wp\/v2\/types\/product"}],"wp:featuredmedia":[{"embeddable":true,"href":"https:\/\/positiveprints.com\/sv\/wp-json\/wp\/v2\/media\/321014"}],"wp:attachment":[{"href":"https:\/\/positiveprints.com\/sv\/wp-json\/wp\/v2\/media?parent=361748"}],"wp:term":[{"taxonomy":"product_brand","embeddable":true,"href":"https:\/\/positiveprints.com\/sv\/wp-json\/wp\/v2\/product_brand?post=361748"},{"taxonomy":"product_cat","embeddable":true,"href":"https:\/\/positiveprints.com\/sv\/wp-json\/wp\/v2\/product_cat?post=361748"},{"taxonomy":"product_tag","embeddable":true,"href":"https:\/\/positiveprints.com\/sv\/wp-json\/wp\/v2\/product_tag?post=361748"}],"curies":[{"name":"wp","href":"https:\/\/api.w.org\/{rel}","templated":true}]}}