{"id":361727,"date":"2021-09-06T13:05:07","date_gmt":"2021-09-06T12:05:07","guid":{"rendered":"https:\/\/positiveprints.com\/?post_type=product&#038;p=361727"},"modified":"2026-04-18T08:04:50","modified_gmt":"2026-04-18T07:04:50","slug":"hej-far-jag-lov-ja","status":"publish","type":"product","link":"https:\/\/positiveprints.com\/sv\/produkt\/hej-far-jag-lov-ja\/","title":{"rendered":"Hej. F\u00e5r jag lov? Ja!"},"content":{"rendered":"<p style=\"margin-top: 1rem\">Den b\u00e4sta <a href=\"https:\/\/positiveprints.com\/sv\/brollopspresenter\/\">br\u00f6llopspresenten<\/a> \u00e4r en som talar till hj\u00e4rtat och p\u00e5minner dig om hur speciellt det \u00e4r att ha hittat din sj\u00e4lsfr\u00e4nde. Fira \u00f6gonblicken som f\u00f6rde dig hit tillsammans med en Hej, F\u00e5r jag lov, Ja-karta. <\/p>\r\n\r\n<h2 class=\"grenB f24 cblue\" style=\"margin-top: 3rem\">Vad \u00e4r en Hej, F\u00e5r jag lov, Ja-karta?<\/h2>\r\n\r\n<p style=\"margin-top: 1rem\">\r\nF\u00f6rst tr\u00e4ffades ni, och era liv var aldrig desamma. Sedan best\u00e4mde ni er f\u00f6r att du helt enkelt inte kunde leva utan varandra och valde att spendera f\u00f6r alltid tillsammans. Och sedan, efter veckor, m\u00e5nader eller till och med \u00e5r av planering, gick ni \u00e4ntligen nerf\u00f6r g\u00e5ngen och sa att ni tager varandra. <\/p>\r\n\r\n<p style=\"margin-top: 1rem\">\r\nVar och en av dessa vackra milstolpar hade sin egen tid och plats. Hej, F\u00e5r jag lov, Ja-kartan hj\u00e4lper dig att f\u00e5nga dessa \u00e4lskade h\u00e4ndelser och njuta av dem f\u00f6r en livstid. Oavsett var eller n\u00e4r magin h\u00e4nde. <\/p>\r\n\r\n<p style=\"margin-top: 1rem\">Varje karta \u00e4r faktiskt en serie av tre separata kartor: en som framh\u00e4ver <a href=\"https:\/\/positiveprints.com\/product\/our-first-date-map\/\">platsen f\u00f6r din f\u00f6rsta dejt<\/a> eller <a href=\"https:\/\/positiveprints.com\/sv\/produkt\/vi-traffades-har-karta\/\">platsen d\u00e4r du tr\u00e4ffades f\u00f6rsta g\u00e5ngen<\/a>. En som visar var du st\u00e4llde stora fr\u00e5gan. Och en som visar platsen f\u00f6r din br\u00f6llopsdag. Var och en av dessa platser kommer f\u00f6r alltid att ha en speciell plats i ditt hj\u00e4rta. Det finns inget b\u00e4ttre s\u00e4tt att hylla \u00e4n genom att f\u00f6rvandla dina minnen till ett vackert stycke <a href=\"https:\/\/positiveprints.com\/sv\/produkt\/anpassad-karta-tavla\/\">kartkonst<\/a>.<\/p>\r\n\r\n<h2 class=\"grenB f24 cblue\" style=\"margin-top: 3rem\">S\u00e5 h\u00e4r g\u00f6r du din skr\u00e4ddarsydda br\u00f6llopspresent<\/h2>\r\n\r\n<p style=\"margin-top: 1rem\">En Hej, F\u00e5r jag lov, Ja-karta \u00e4r en favoritpresent f\u00f6r br\u00f6llopsdagar f\u00f6r par. Var och en \u00e4r anpassad till din ber\u00e4ttelse. <a href=\"https:\/\/positiveprints.com\/sv\/\">Positive Prints<\/a> tar bort gissningarna om hur man skapar en vacker karta fr\u00e5n grunden. <\/p>\r\n\r\n<h3 class=\"grenB f18 cblue\" style=\"margin-top: 3rem\">Steg 1: V\u00e4lj din design<\/h3>\r\n\r\n<p style=\"margin-top: 1rem\">\r\nVar och en av v\u00e5ra Hej, F\u00e5r jag lov, Ja-karta finns i flera designalternativ, inklusive olika kartformer och f\u00e4rgscheman. V\u00e4lj den du som ni vill dela er k\u00e4rlekshistoria med v\u00e4rlden med hj\u00e4lp av.<\/p>\r\n\r\n<h3 class=\"grenB f18 cblue\" style=\"margin-top: 3rem\">Steg 2: Hantera de fina detaljerna<\/h3>\r\n\r\n<p style=\"margin-top: 1rem\">\r\nF\u00f6r att g\u00f6ra din karta riktigt anpassad kan du l\u00e4gga till textrader (som en s\u00e5ngtext, citat eller favoritordspr\u00e5k som ni har f\u00f6r varandra), s\u00e5v\u00e4l som platsen f\u00f6r vart och ett av dina avg\u00f6rande \u00f6gonblick . L\u00e4gg till en kartmark\u00f6r om du vill och f\u00e5 de speciella fl\u00e4ckarna att lysa!<\/p>\r\n\r\n<h3 class=\"grenB f18 cblue\" style=\"margin-top: 3rem\">Steg 3: V\u00e4lj din leveransmetod<\/h3>\r\n\r\n<p style=\"margin-top: 1rem\">Vi erbjuder flera s\u00e4tt att ta emot din karta. Njut av snabb frakt \u00f6ver hela v\u00e4rlden p\u00e5 alla v\u00e5ra papperskopior, inklusive affischer, inramade affischer och canvas. F\u00f6r snabbare hantering, v\u00e4lj det digitala nedladdningsalternativet och f\u00e5 din karta utskriven lokalt. Alla v\u00e5ra storlekar \u00e4r standard f\u00f6r att g\u00f6ra det enkelt att rama in din kartpresent.<\/p>\r\n\r\n<h2 class=\"grenB f24 cblue\" style=\"margin-top: 3rem\">S\u00e4tt att visa din Hej, F\u00e5r jag lov, Ja-karta<\/h2>\r\n\r\n<p style=\"margin-top: 1rem\">M\u00e5nga av v\u00e5ra kunder anv\u00e4nder sina Hej, F\u00e5r jag lov, Ja-kartan f\u00f6r presenter p\u00e5 br\u00f6llop. Du kan ocks\u00e5 best\u00e4lla din egen karta och visa den p\u00e5 din <a href=\"https:\/\/en.wikipedia.org\/wiki\/Wedding_reception\">br\u00f6llopsmottagning<\/a> s\u00e5 att andra kan l\u00e4ra sig om din resa tillsammans. Hitta en passande ram och h\u00e4ng din i ditt hem s\u00e5 att alla som kommer in kan vara en del av din ber\u00e4ttelse.<\/p>\r\n\r\n<h2 class=\"grenB f24 cblue\" style=\"margin-top: 3rem\">Skapa ditt skr\u00e4ddarsydda kartutskrift idag!<\/h2>\r\n\r\n<p style=\"margin-top: 1rem\">\u00c4r du redo att skapa din karta? Positiva utskrifter g\u00f6r det enkelt! Kom ig\u00e5ng idag och \u00f6verraska din \u00e4lskade med en Hej, F\u00e5r jag lov, Ja-kartan gjord just f\u00f6r dem!<\/p>","protected":false},"excerpt":{"rendered":"<ul class=\"check-list\">\n<li>Markera exakta adresser med en vald symbol<\/li>\n<li>Anpassa i 3 enkla steg<\/li>\n<li>Inkludera en meningsfull personlig text<\/li>\n<li>Se resultatet direkt \u2013 den interaktiva f\u00f6rhandsvisningen l\u00e5ter dig finjustera varje detalj<\/li>\n<\/ul>\n","protected":false},"featured_media":1230101,"template":"","meta":[],"product_brand":[],"product_cat":[15851,9281,8188,8214,9767,8114,11192,11190,11191,8120,7934,8108,11470,11471,11477,11472,8014,7647,7694,7758,7806,9120,8116,11251,11252],"product_tag":[11835,11829,11832,11830,15071],"class_list":{"0":"post-361727","1":"product","2":"type-product","3":"status-publish","4":"has-post-thumbnail","6":"product_cat-shop-bestsellers-sv","7":"product_cat-bestsellers-label-sv","8":"product_cat-till-henne","9":"product_cat-till-honom","10":"product_cat-trending-label-sv","11":"product_cat-jubileumspresent-presenttillfallen","12":"product_cat-arsdagspresenter-till-par","13":"product_cat-arsdagspresenter-till-henne","14":"product_cat-arsdagspresenter-till-honom","15":"product_cat-brollopspresenter-presenttillfallen","16":"product_cat-gavor-till-brollopsdusch","17":"product_cat-julpresenter","18":"product_cat-julklappar-till-henne","19":"product_cat-julklappar-till-honom","20":"product_cat-julklappar-till-frun","21":"product_cat-julklappar-till-maken","22":"product_cat-gavor-for-man","23":"product_cat-gavor-till-din-man","24":"product_cat-gavor-for-kvinnor","25":"product_cat-gavor-till-fru","26":"product_cat-gavor-for-par","27":"product_cat-triple-maps-sv","28":"product_cat-gava-pa-alla-hjartans-dag","29":"product_cat-alla-hjartans-dag-presenter-for-henne","30":"product_cat-alla-hjartans-dag-presenter-for-honom","31":"product_tag-julklappar-till-frun","32":"product_tag-julklappar-till-henne","33":"product_tag-julklappar-till-maken","34":"product_tag-kerstcadeaus-for-honom","35":"product_tag-wedding-pl-sv","37":"first","38":"instock","39":"sale","40":"taxable","41":"shipping-taxable","42":"purchasable","43":"product-type-variable"},"yoast_head":"<!-- This site is optimized with the Yoast SEO Premium plugin v27.2 (Yoast SEO v27.2) - https:\/\/yoast.com\/product\/yoast-seo-premium-wordpress\/ -->\n<title>Hej. F\u00e5r jag lov? Ja! - Positive Prints<\/title>\n<meta name=\"description\" content=\"Kom ig\u00e5ng idag och \u00f6verraska din \u00e4lskade med en Hej, F\u00e5r jag lov, Ja-kartan gjord just f\u00f6r dem!\" \/>\n<meta name=\"robots\" content=\"index, follow, max-snippet:-1, max-image-preview:large, max-video-preview:-1\" \/>\n<link rel=\"canonical\" href=\"https:\/\/positiveprints.com\/sv\/produkt\/hej-far-jag-lov-ja\/\" \/>\n<meta property=\"og:locale\" content=\"sv_SE\" \/>\n<meta property=\"og:type\" content=\"article\" \/>\n<meta property=\"og:title\" content=\"Hej. F\u00e5r jag lov? Ja!\" \/>\n<meta property=\"og:description\" content=\"Markera exakta adresser med en vald symbol Anpassa i 3 enkla steg Inkludera en meningsfull personlig text Se resultatet direkt \u2013 den interaktiva f\u00f6rhandsvisningen l\u00e5ter dig finjustera varje detalj\" \/>\n<meta property=\"og:url\" content=\"https:\/\/positiveprints.com\/sv\/produkt\/hej-far-jag-lov-ja\/\" \/>\n<meta property=\"og:site_name\" content=\"Positive Prints\" \/>\n<meta property=\"article:publisher\" content=\"https:\/\/www.facebook.com\/positiveprintscom\" \/>\n<meta property=\"article:modified_time\" content=\"2026-04-18T07:04:50+00:00\" \/>\n<meta property=\"og:image\" content=\"https:\/\/positiveprints.com\/wp-content\/uploads\/2024\/10\/Hello-Will-You-I-Do-EN-product-image.webp\" \/>\n\t<meta property=\"og:image:width\" content=\"1450\" \/>\n\t<meta property=\"og:image:height\" content=\"1450\" \/>\n\t<meta property=\"og:image:type\" content=\"image\/webp\" \/>\n<meta name=\"twitter:card\" content=\"summary_large_image\" \/>\n<meta name=\"twitter:label1\" content=\"Ber\u00e4knad l\u00e4stid\" \/>\n\t<meta name=\"twitter:data1\" content=\"3 minut\" \/>\n<!-- \/ Yoast SEO Premium plugin. -->","yoast_head_json":{"title":"Hej. F\u00e5r jag lov? Ja! - Positive Prints","description":"Kom ig\u00e5ng idag och \u00f6verraska din \u00e4lskade med en Hej, F\u00e5r jag lov, Ja-kartan gjord just f\u00f6r dem!","robots":{"index":"index","follow":"follow","max-snippet":"max-snippet:-1","max-image-preview":"max-image-preview:large","max-video-preview":"max-video-preview:-1"},"canonical":"https:\/\/positiveprints.com\/sv\/produkt\/hej-far-jag-lov-ja\/","og_locale":"sv_SE","og_type":"article","og_title":"Hej. F\u00e5r jag lov? Ja!","og_description":"Markera exakta adresser med en vald symbol Anpassa i 3 enkla steg Inkludera en meningsfull personlig text Se resultatet direkt \u2013 den interaktiva f\u00f6rhandsvisningen l\u00e5ter dig finjustera varje detalj","og_url":"https:\/\/positiveprints.com\/sv\/produkt\/hej-far-jag-lov-ja\/","og_site_name":"Positive Prints","article_publisher":"https:\/\/www.facebook.com\/positiveprintscom","article_modified_time":"2026-04-18T07:04:50+00:00","og_image":[{"width":1450,"height":1450,"url":"https:\/\/positiveprints.com\/wp-content\/uploads\/2024\/10\/Hello-Will-You-I-Do-EN-product-image.webp","type":"image\/webp"}],"twitter_card":"summary_large_image","twitter_misc":{"Ber\u00e4knad l\u00e4stid":"3 minut"},"schema":{"@context":"https:\/\/schema.org","@graph":[{"@type":["WebPage","ItemPage"],"@id":"https:\/\/positiveprints.com\/sv\/produkt\/hej-far-jag-lov-ja\/","url":"https:\/\/positiveprints.com\/sv\/produkt\/hej-far-jag-lov-ja\/","name":"Hej. F\u00e5r jag lov? Ja! - Positive Prints","isPartOf":{"@id":"https:\/\/positiveprints.com\/sv\/#website"},"primaryImageOfPage":{"@id":"https:\/\/positiveprints.com\/sv\/produkt\/hej-far-jag-lov-ja\/#primaryimage"},"image":{"@id":"https:\/\/positiveprints.com\/sv\/produkt\/hej-far-jag-lov-ja\/#primaryimage"},"thumbnailUrl":"https:\/\/positiveprints.com\/wp-content\/uploads\/2024\/10\/Hello-Will-You-I-Do-EN-product-image.webp","datePublished":"2021-09-06T12:05:07+00:00","dateModified":"2026-04-18T07:04:50+00:00","description":"Kom ig\u00e5ng idag och \u00f6verraska din \u00e4lskade med en Hej, F\u00e5r jag lov, Ja-kartan gjord just f\u00f6r dem!","breadcrumb":{"@id":"https:\/\/positiveprints.com\/sv\/produkt\/hej-far-jag-lov-ja\/#breadcrumb"},"inLanguage":"sv-SE","potentialAction":[{"@type":"ReadAction","target":["https:\/\/positiveprints.com\/sv\/produkt\/hej-far-jag-lov-ja\/"]}]},{"@type":"ImageObject","inLanguage":"sv-SE","@id":"https:\/\/positiveprints.com\/sv\/produkt\/hej-far-jag-lov-ja\/#primaryimage","url":"https:\/\/positiveprints.com\/wp-content\/uploads\/2024\/10\/Hello-Will-You-I-Do-EN-product-image.webp","contentUrl":"https:\/\/positiveprints.com\/wp-content\/uploads\/2024\/10\/Hello-Will-You-I-Do-EN-product-image.webp","width":1450,"height":1450},{"@type":"BreadcrumbList","@id":"https:\/\/positiveprints.com\/sv\/produkt\/hej-far-jag-lov-ja\/#breadcrumb","itemListElement":[{"@type":"ListItem","position":1,"name":"Home","item":"https:\/\/positiveprints.com\/sv\/"},{"@type":"ListItem","position":2,"name":"Produkter","item":"https:\/\/positiveprints.com\/sv\/shop\/"},{"@type":"ListItem","position":3,"name":"Hej. F\u00e5r jag lov? Ja!"}]},{"@type":"WebSite","@id":"https:\/\/positiveprints.com\/sv\/#website","url":"https:\/\/positiveprints.com\/sv\/","name":"Positive Prints","description":"Amazing Custom Personalized Gifts","publisher":{"@id":"https:\/\/positiveprints.com\/sv\/#organization"},"potentialAction":[{"@type":"SearchAction","target":{"@type":"EntryPoint","urlTemplate":"https:\/\/positiveprints.com\/sv\/?s={search_term_string}"},"query-input":{"@type":"PropertyValueSpecification","valueRequired":true,"valueName":"search_term_string"}}],"inLanguage":"sv-SE"},{"@type":"Organization","@id":"https:\/\/positiveprints.com\/sv\/#organization","name":"Positive Prints","alternateName":"Positive Prints","url":"https:\/\/positiveprints.com\/sv\/","logo":{"@type":"ImageObject","inLanguage":"sv-SE","@id":"https:\/\/positiveprints.com\/sv\/#\/schema\/logo\/image\/","url":"https:\/\/positiveprints.com\/wp-content\/uploads\/2026\/03\/245815646_1337939713319158_5671353136411139666_n.png","contentUrl":"https:\/\/positiveprints.com\/wp-content\/uploads\/2026\/03\/245815646_1337939713319158_5671353136411139666_n.png","width":800,"height":800,"caption":"Positive Prints"},"image":{"@id":"https:\/\/positiveprints.com\/sv\/#\/schema\/logo\/image\/"},"sameAs":["https:\/\/www.facebook.com\/positiveprintscom","https:\/\/www.instagram.com\/positiveprintscom\/","https:\/\/www.tiktok.com\/@positiveprintscom","https:\/\/www.pinterest.com\/positiveprintscom\/"]}]}},"jetpack_sharing_enabled":true,"_links":{"self":[{"href":"https:\/\/positiveprints.com\/sv\/wp-json\/wp\/v2\/product\/361727","targetHints":{"allow":["GET"]}}],"collection":[{"href":"https:\/\/positiveprints.com\/sv\/wp-json\/wp\/v2\/product"}],"about":[{"href":"https:\/\/positiveprints.com\/sv\/wp-json\/wp\/v2\/types\/product"}],"wp:featuredmedia":[{"embeddable":true,"href":"https:\/\/positiveprints.com\/sv\/wp-json\/wp\/v2\/media\/1230101"}],"wp:attachment":[{"href":"https:\/\/positiveprints.com\/sv\/wp-json\/wp\/v2\/media?parent=361727"}],"wp:term":[{"taxonomy":"product_brand","embeddable":true,"href":"https:\/\/positiveprints.com\/sv\/wp-json\/wp\/v2\/product_brand?post=361727"},{"taxonomy":"product_cat","embeddable":true,"href":"https:\/\/positiveprints.com\/sv\/wp-json\/wp\/v2\/product_cat?post=361727"},{"taxonomy":"product_tag","embeddable":true,"href":"https:\/\/positiveprints.com\/sv\/wp-json\/wp\/v2\/product_tag?post=361727"}],"curies":[{"name":"wp","href":"https:\/\/api.w.org\/{rel}","templated":true}]}}