{"id":361720,"date":"2022-10-27T14:59:32","date_gmt":"2022-10-27T13:59:32","guid":{"rendered":"https:\/\/positiveprints.com\/?post_type=product&#038;p=361720"},"modified":"2026-04-12T22:50:44","modified_gmt":"2026-04-12T21:50:44","slug":"bebisens-hjartslagskonst","status":"publish","type":"product","link":"https:\/\/positiveprints.com\/sv\/produkt\/bebisens-hjartslagskonst\/","title":{"rendered":"Bebisens hj\u00e4rtslagskonst"},"content":{"rendered":"<p>Din bebis hj\u00e4rtslag \u00e4r ett av de h\u00e4ftigaste ljuden. F\u00f6rvandla det till ett omedelbart minne som varar f\u00f6r evigt med anpassad hj\u00e4rtslagskonst. <\/p>\n\n\n\n\n\n<h2 class=\"grenB f24 cblue\" style=\"margin-top: 3rem\">Vad \u00e4r hj\u00e4rtslagskonst?<\/h2>\n\n\n\n<p style=\"margin-top: 1rem\">Kommer du ih\u00e5g f\u00f6rsta g\u00e5ngen du h\u00f6rde det vackra lilla hj\u00e4rtslaget och visste att nytt liv var vid horisonten? Det \u00e4r en magisk upplevelse, n\u00e4stan overklig! Det \u00e4r ett ljud som \u00e4r musik i m\u00e5nga f\u00f6r\u00e4ldrars \u00f6ron, ett ljud som du \u00f6nskar att du kunde f\u00e5nga f\u00f6r alltid. Med v\u00e5r hj\u00e4rtslagskonst kan du njuta av detta speciella \u00f6gonblick under hela ditt barns liv.  <\/p>\n\n\n\n<p style=\"margin-top: 1rem\">Hj\u00e4rtslagskonst f\u00f6rvandlar ett ljudklipp till en visuell bild. Ist\u00e4llet f\u00f6r att h\u00f6ra hur ditt \u00e4lskade lilla hj\u00e4rta l\u00e5ter, kan alla se det. Det \u00e4r en vacker hyllning till f\u00f6rsta g\u00e5ngen du h\u00f6rde livet du skapade och visar vilken inverkan de b\u00f6rjade g\u00f6ra p\u00e5 v\u00e4rlden redan innan de f\u00f6ddes. <\/p>\n\n\n\n<h2 class=\"grenB f24 cblue\" style=\"margin-top: 3rem\">Varf\u00f6r ska man f\u00f6rvandla bebisens hj\u00e4rtslag till konst?<\/h2>\n\n\n\n<p style=\"margin-top: 1rem\">M\u00e5nga f\u00f6r\u00e4ldrar och deras v\u00e4nner eller familjemedlemmar v\u00e4ljer ljudv\u00e5gskonst som en present till nya f\u00f6r\u00e4ldrar eftersom det \u00e4r s\u00e5 unikt! Varje konstverk \u00e4r anpassat, vilket inneb\u00e4r att inga tv\u00e5 tryck \u00e4r riktigt lika. Den anv\u00e4nder bebisens faktiska hj\u00e4rtslagsljud tillsammans med f\u00e4rger och text som du v\u00e4ljer. Det slutliga resultatet blir ett speciellt minne som barnet kommer att uppskatta n\u00e4r den blir \u00e4ldre, och en som du kommer att uppskatta f\u00f6r alltid.<\/p>\n\n\n\n<h2 class=\"grenB f24 cblue\" style=\"margin-top: 3rem\">S\u00e5 h\u00e4r anpassar du hj\u00e4rtslagskonst p\u00e5 duk<\/h2>\n\n\n\n<p style=\"margin-top: 1rem\">Positive Prints har omdefinierat konceptet med anpassade konstverk, och vi \u00e4r stolta \u00f6ver att nu erbjuda bebisen hj\u00e4rtslag p\u00e5 duk som en del av v\u00e5r samling. Som med alla v\u00e5ra anpassade konstverk g\u00f6r vi det enkelt att anpassa ditt unika tryck. S\u00e5 h\u00e4r g\u00f6r du:<\/p>\n\n\n\n<p style=\"margin-top: 1rem\"><strong>Steg ett:<\/strong> Ladda upp din ljudfil. Vi accepterar .mp3- och .wav-filer och konverterar ljudet till en visuell ljudv\u00e5g.<\/p>\n\n\n\n<p style=\"margin-top: 1rem\"><strong>Steg tv\u00e5:<\/strong> L\u00e4gg till detaljer efter ditt tycke. Att anpassa ditt barns hj\u00e4rtslagskonst \u00e4r en del av det roliga! V\u00e4lj fr\u00e5n ett av v\u00e5ra f\u00f6rdesignade f\u00e4rgscheman eller skapa dina egna. L\u00e4gg till ett speciellt citat, s\u00e5ngtexter eller annan text f\u00f6r att g\u00f6ra den till din egna. <\/p>\n\n\n\n<p style=\"margin-top: 1rem\"><strong>Steg tre:<\/strong> V\u00e4lj format och leveransmetod. Vi trycker p\u00e5 affischer och canvas och erbjuder leverans \u00f6ver hela v\u00e4rlden oavsett best\u00e4llning. Eller s\u00e5 kan du v\u00e4lja en digital nedladdningsfil f\u00f6r att f\u00e5 dina konstverk tryckta lokalt f\u00f6r \u00e4nnu snabbare presenter. <\/p>\n\n\n\n<h2 class=\"grenB f24 cblue\" style=\"margin-top: 3rem\">Ge en g\u00e5va av anpassad ljudv\u00e5gskonst!<\/h2>\n\n\n\n<p style=\"margin-top: 1rem\">Oavsett om du skapar en present till nya f\u00f6r\u00e4ldrar eller vill dekorera din egen lilla barns barnkammare, kommer anpassad hj\u00e4rtslagskonst att bli en favorit i alla hem. F\u00f6rvandla ett av de s\u00f6taste ljuden till ett minne som aldrig kommer att bli gammalt. <\/p>","protected":false},"excerpt":{"rendered":"<ul class=\"check-list\">\n<li>F\u00e5nga det otroliga ljudet av ditt barns hj\u00e4rtslag och f\u00f6rvandla det till ett unikt konstverk<\/li>\n<li>Ladda bara upp en ljudfil<\/li>\n<li>L\u00e4gg till en QR-kod och skanna den f\u00f6r att spela upp din favoritl\u00e5t<\/li>\n<li>Anpassa i 3 enkla steg<\/li>\n<li>V\u00e4lj en mall eller var kreativ<\/li>\n<\/ul>\n","protected":false},"featured_media":983473,"template":"","meta":[],"product_brand":[],"product_cat":[7966,8115,7487,7822],"product_tag":[8458],"class_list":{"0":"post-361720","1":"product","2":"type-product","3":"status-publish","4":"has-post-thumbnail","6":"product_cat-gavor-till-baby-shower","7":"product_cat-gavor-till-nyfodda-barn-presenttillfallen","8":"product_cat-soundwave-sv","9":"product_cat-gavor-till-nya-foraldrar","10":"product_tag-new-parents-sv","12":"first","13":"instock","14":"sale","15":"taxable","16":"shipping-taxable","17":"purchasable","18":"product-type-variable"},"yoast_head":"<!-- This site is optimized with the Yoast SEO Premium plugin v27.2 (Yoast SEO v27.2) - https:\/\/yoast.com\/product\/yoast-seo-premium-wordpress\/ -->\n<title>Bebisens hj\u00e4rtslagskonst - Positive Prints<\/title>\n<meta name=\"description\" content=\"Din bebis hj\u00e4rtslag \u00e4r ett av de h\u00e4ftigaste ljuden. F\u00f6rvandla det till ett omedelbart minne som varar f\u00f6r evigt med anpassad hj\u00e4rtslagskonst.\" \/>\n<meta name=\"robots\" content=\"index, follow, max-snippet:-1, max-image-preview:large, max-video-preview:-1\" \/>\n<link rel=\"canonical\" href=\"https:\/\/positiveprints.com\/sv\/produkt\/bebisens-hjartslagskonst\/\" \/>\n<meta property=\"og:locale\" content=\"sv_SE\" \/>\n<meta property=\"og:type\" content=\"article\" \/>\n<meta property=\"og:title\" content=\"Bebisens hj\u00e4rtslagskonst\" \/>\n<meta property=\"og:description\" content=\"F\u00e5nga det otroliga ljudet av ditt barns hj\u00e4rtslag och f\u00f6rvandla det till ett unikt konstverk Ladda bara upp en ljudfil L\u00e4gg till en QR-kod och skanna den f\u00f6r att spela upp din favoritl\u00e5t Anpassa i 3 enkla steg V\u00e4lj en mall eller var kreativ\" \/>\n<meta property=\"og:url\" content=\"https:\/\/positiveprints.com\/sv\/produkt\/bebisens-hjartslagskonst\/\" \/>\n<meta property=\"og:site_name\" content=\"Positive Prints\" \/>\n<meta property=\"article:publisher\" content=\"https:\/\/www.facebook.com\/positiveprintscom\" \/>\n<meta property=\"article:modified_time\" content=\"2026-04-12T21:50:44+00:00\" \/>\n<meta property=\"og:image\" content=\"https:\/\/positiveprints.com\/wp-content\/uploads\/2023\/10\/Bebisens-hjartslagskonst.jpg\" \/>\n\t<meta property=\"og:image:width\" content=\"1080\" \/>\n\t<meta property=\"og:image:height\" content=\"1080\" \/>\n\t<meta property=\"og:image:type\" content=\"image\/jpeg\" \/>\n<meta name=\"twitter:card\" content=\"summary_large_image\" \/>\n<meta name=\"twitter:label1\" content=\"Ber\u00e4knad l\u00e4stid\" \/>\n\t<meta name=\"twitter:data1\" content=\"2 minut\" \/>\n<!-- \/ Yoast SEO Premium plugin. -->","yoast_head_json":{"title":"Bebisens hj\u00e4rtslagskonst - Positive Prints","description":"Din bebis hj\u00e4rtslag \u00e4r ett av de h\u00e4ftigaste ljuden. F\u00f6rvandla det till ett omedelbart minne som varar f\u00f6r evigt med anpassad hj\u00e4rtslagskonst.","robots":{"index":"index","follow":"follow","max-snippet":"max-snippet:-1","max-image-preview":"max-image-preview:large","max-video-preview":"max-video-preview:-1"},"canonical":"https:\/\/positiveprints.com\/sv\/produkt\/bebisens-hjartslagskonst\/","og_locale":"sv_SE","og_type":"article","og_title":"Bebisens hj\u00e4rtslagskonst","og_description":"F\u00e5nga det otroliga ljudet av ditt barns hj\u00e4rtslag och f\u00f6rvandla det till ett unikt konstverk Ladda bara upp en ljudfil L\u00e4gg till en QR-kod och skanna den f\u00f6r att spela upp din favoritl\u00e5t Anpassa i 3 enkla steg V\u00e4lj en mall eller var kreativ","og_url":"https:\/\/positiveprints.com\/sv\/produkt\/bebisens-hjartslagskonst\/","og_site_name":"Positive Prints","article_publisher":"https:\/\/www.facebook.com\/positiveprintscom","article_modified_time":"2026-04-12T21:50:44+00:00","og_image":[{"width":1080,"height":1080,"url":"https:\/\/positiveprints.com\/wp-content\/uploads\/2023\/10\/Bebisens-hjartslagskonst.jpg","type":"image\/jpeg"}],"twitter_card":"summary_large_image","twitter_misc":{"Ber\u00e4knad l\u00e4stid":"2 minut"},"schema":{"@context":"https:\/\/schema.org","@graph":[{"@type":["WebPage","ItemPage"],"@id":"https:\/\/positiveprints.com\/sv\/produkt\/bebisens-hjartslagskonst\/","url":"https:\/\/positiveprints.com\/sv\/produkt\/bebisens-hjartslagskonst\/","name":"Bebisens hj\u00e4rtslagskonst - Positive Prints","isPartOf":{"@id":"https:\/\/positiveprints.com\/sv\/#website"},"primaryImageOfPage":{"@id":"https:\/\/positiveprints.com\/sv\/produkt\/bebisens-hjartslagskonst\/#primaryimage"},"image":{"@id":"https:\/\/positiveprints.com\/sv\/produkt\/bebisens-hjartslagskonst\/#primaryimage"},"thumbnailUrl":"https:\/\/positiveprints.com\/wp-content\/uploads\/2023\/10\/Bebisens-hjartslagskonst.jpg","datePublished":"2022-10-27T13:59:32+00:00","dateModified":"2026-04-12T21:50:44+00:00","description":"Din bebis hj\u00e4rtslag \u00e4r ett av de h\u00e4ftigaste ljuden. F\u00f6rvandla det till ett omedelbart minne som varar f\u00f6r evigt med anpassad hj\u00e4rtslagskonst.","breadcrumb":{"@id":"https:\/\/positiveprints.com\/sv\/produkt\/bebisens-hjartslagskonst\/#breadcrumb"},"inLanguage":"sv-SE","potentialAction":[{"@type":"ReadAction","target":["https:\/\/positiveprints.com\/sv\/produkt\/bebisens-hjartslagskonst\/"]}]},{"@type":"ImageObject","inLanguage":"sv-SE","@id":"https:\/\/positiveprints.com\/sv\/produkt\/bebisens-hjartslagskonst\/#primaryimage","url":"https:\/\/positiveprints.com\/wp-content\/uploads\/2023\/10\/Bebisens-hjartslagskonst.jpg","contentUrl":"https:\/\/positiveprints.com\/wp-content\/uploads\/2023\/10\/Bebisens-hjartslagskonst.jpg","width":1080,"height":1080,"caption":"Bebisens hj\u00e4rtslagskonst"},{"@type":"BreadcrumbList","@id":"https:\/\/positiveprints.com\/sv\/produkt\/bebisens-hjartslagskonst\/#breadcrumb","itemListElement":[{"@type":"ListItem","position":1,"name":"Home","item":"https:\/\/positiveprints.com\/sv\/"},{"@type":"ListItem","position":2,"name":"Produkter","item":"https:\/\/positiveprints.com\/sv\/shop\/"},{"@type":"ListItem","position":3,"name":"Bebisens hj\u00e4rtslagskonst"}]},{"@type":"WebSite","@id":"https:\/\/positiveprints.com\/sv\/#website","url":"https:\/\/positiveprints.com\/sv\/","name":"Positive Prints","description":"Amazing Custom Personalized Gifts","publisher":{"@id":"https:\/\/positiveprints.com\/sv\/#organization"},"potentialAction":[{"@type":"SearchAction","target":{"@type":"EntryPoint","urlTemplate":"https:\/\/positiveprints.com\/sv\/?s={search_term_string}"},"query-input":{"@type":"PropertyValueSpecification","valueRequired":true,"valueName":"search_term_string"}}],"inLanguage":"sv-SE"},{"@type":"Organization","@id":"https:\/\/positiveprints.com\/sv\/#organization","name":"Positive Prints","alternateName":"Positive Prints","url":"https:\/\/positiveprints.com\/sv\/","logo":{"@type":"ImageObject","inLanguage":"sv-SE","@id":"https:\/\/positiveprints.com\/sv\/#\/schema\/logo\/image\/","url":"https:\/\/positiveprints.com\/wp-content\/uploads\/2026\/03\/245815646_1337939713319158_5671353136411139666_n.png","contentUrl":"https:\/\/positiveprints.com\/wp-content\/uploads\/2026\/03\/245815646_1337939713319158_5671353136411139666_n.png","width":800,"height":800,"caption":"Positive Prints"},"image":{"@id":"https:\/\/positiveprints.com\/sv\/#\/schema\/logo\/image\/"},"sameAs":["https:\/\/www.facebook.com\/positiveprintscom","https:\/\/www.instagram.com\/positiveprintscom\/","https:\/\/www.tiktok.com\/@positiveprintscom","https:\/\/www.pinterest.com\/positiveprintscom\/"]}]}},"jetpack_sharing_enabled":true,"_links":{"self":[{"href":"https:\/\/positiveprints.com\/sv\/wp-json\/wp\/v2\/product\/361720","targetHints":{"allow":["GET"]}}],"collection":[{"href":"https:\/\/positiveprints.com\/sv\/wp-json\/wp\/v2\/product"}],"about":[{"href":"https:\/\/positiveprints.com\/sv\/wp-json\/wp\/v2\/types\/product"}],"wp:featuredmedia":[{"embeddable":true,"href":"https:\/\/positiveprints.com\/sv\/wp-json\/wp\/v2\/media\/983473"}],"wp:attachment":[{"href":"https:\/\/positiveprints.com\/sv\/wp-json\/wp\/v2\/media?parent=361720"}],"wp:term":[{"taxonomy":"product_brand","embeddable":true,"href":"https:\/\/positiveprints.com\/sv\/wp-json\/wp\/v2\/product_brand?post=361720"},{"taxonomy":"product_cat","embeddable":true,"href":"https:\/\/positiveprints.com\/sv\/wp-json\/wp\/v2\/product_cat?post=361720"},{"taxonomy":"product_tag","embeddable":true,"href":"https:\/\/positiveprints.com\/sv\/wp-json\/wp\/v2\/product_tag?post=361720"}],"curies":[{"name":"wp","href":"https:\/\/api.w.org\/{rel}","templated":true}]}}