{"id":361698,"date":"2022-02-21T12:26:30","date_gmt":"2022-02-21T11:26:30","guid":{"rendered":"https:\/\/positiveprints.com\/?post_type=product&#038;p=361698"},"modified":"2026-04-18T07:02:08","modified_gmt":"2026-04-18T06:02:08","slug":"var-mane","status":"publish","type":"product","link":"https:\/\/positiveprints.com\/sv\/produkt\/var-mane\/","title":{"rendered":"V\u00e5r m\u00e5ne"},"content":{"rendered":"<h2 class=\"grenB f24 cblue\">Den perfekta \u00e5rsdagspresenten f\u00f6r par!<\/h2>\r\n\r\n<p style=\"margin-top: 1rem\">Den kv\u00e4llen ett par tr\u00e4ffades och f\u00f6r f\u00f6rsta g\u00e5ngen st\u00f6tte p\u00e5 deras sanna k\u00e4rlek var det inte bara dem som vittnade. M\u00e5nen p\u00e5 natthimlen s\u00e5g ocks\u00e5 p\u00e5, och f\u00f6r m\u00e5nga par var denna natten en av de b\u00e4sta n\u00e4tterna i deras liv. F\u00f6reviga detta \u00f6gonblicket f\u00f6r alltid med en m\u00e5naffisch fr\u00e5n Positive Prints som g\u00e5va f\u00f6r par.<\/p>\r\n\r\n<p style=\"margin-top: 1rem\">V\u00e5ra anpassade m\u00e5ntryck \u00e5terskapar m\u00e5nen i dess exakta fas p\u00e5 ett speciellt datum som du v\u00e4ljer, oavsett om det \u00e4r natten ni tr\u00e4ffades, natten ni inledde erat f\u00f6rh\u00e5llande eller till och med natten ni giftes. Vi g\u00f6r det enkelt att f\u00f6reviga detta \u00f6gonblick och visa upp det i ert hem s\u00e5 att ni kan se tillbaka p\u00e5 den speciella natten med f\u00f6rtjusning.<\/p>\r\n\r\n<h2 class=\"grenB f24 cblue\" style=\"margin-top: 3rem\">S\u00e5 h\u00e4r skapar du din m\u00e5naffisch som g\u00e5va f\u00f6r par<\/h2>\r\n\r\n<p style=\"margin-top: 1rem\">Positive Prints ger professionell konstdesign l\u00e4ttillg\u00e4nglig med v\u00e5r interaktiva redigerare. V\u00e4lj bland en m\u00e4ngd olika f\u00e4rgscheman f\u00f6r att passa personliga preferenser, l\u00e4gg sedan till anpassad text till ditt tryck, till exempel ett citat, s\u00e5ngtexter, en dikt eller till och med datumet d\u00e5 era liv f\u00f6r\u00e4ndrades f\u00f6r alltid. Det \u00e4r din m\u00e5naffisch, p\u00e5 dina villkor &#8211; en perfekt g\u00e5va till en \u00e5rsdag eller bara f\u00f6r att!<\/p>\r\n\r\n<p style=\"margin-top: 1rem\">Varje g\u00e5ng du tittar p\u00e5 din m\u00e5naffisch, l\u00e5t bilden dra dig tillbaka i tiden till en natt som ni b\u00e5da kan v\u00e4rna om. B\u00f6rja skapa ditt tryck idag och \u00f6verraska din \u00e4lskade med en present som \u00e4r gjord just f\u00f6r dem.<\/p>","protected":false},"excerpt":{"rendered":"<ul class=\"check-list\">\n<li>L\u00e4gg till m\u00e5nens unika skugga<\/li>\n<li>Anpassa i 3 enkla steg<\/li>\n<li>V\u00e4lj bland en m\u00e4ngd fantastiska designs<\/li>\n<li>Se resultatet direkt \u2013 den interaktiva f\u00f6rhandsvisningen l\u00e5ter dig finjustera varje detalj<\/li>\n<\/ul>\n","protected":false},"featured_media":1689337,"template":"","meta":[],"product_brand":[],"product_cat":[14193,8118,8014,7694],"product_tag":[14998,13764,13754],"class_list":{"0":"post-361698","1":"product","2":"type-product","3":"status-publish","4":"has-post-thumbnail","6":"product_cat-moon-sv","7":"product_cat-gavor-for-nyforlovade-par-presenttillfallen","8":"product_cat-gavor-for-man","9":"product_cat-gavor-for-kvinnor","10":"product_tag-anniversary-sv","11":"product_tag-manfas-pa-brollopsdagen","12":"product_tag-manfas-pa-er-arsdag","14":"first","15":"instock","16":"sale","17":"taxable","18":"shipping-taxable","19":"purchasable","20":"product-type-variable"},"yoast_head":"<!-- This site is optimized with the Yoast SEO Premium plugin v27.2 (Yoast SEO v27.2) - https:\/\/yoast.com\/product\/yoast-seo-premium-wordpress\/ -->\n<title>V\u00e5r m\u00e5ne - Positive Prints<\/title>\n<meta name=\"description\" content=\"V\u00e5ra anpassade m\u00e5ntryck \u00e5terskapar m\u00e5nen i dess exakta fas p\u00e5 ett speciellt datum som du v\u00e4ljer, oavsett om det \u00e4r natten ni tr\u00e4ffades, natten ni inledde erat f\u00f6rh\u00e5llande eller till och med natten ni giftes.\" \/>\n<meta name=\"robots\" content=\"index, follow, max-snippet:-1, max-image-preview:large, max-video-preview:-1\" \/>\n<link rel=\"canonical\" href=\"https:\/\/positiveprints.com\/sv\/produkt\/var-mane\/\" \/>\n<meta property=\"og:locale\" content=\"sv_SE\" \/>\n<meta property=\"og:type\" content=\"article\" \/>\n<meta property=\"og:title\" content=\"V\u00e5r m\u00e5ne\" \/>\n<meta property=\"og:description\" content=\"L\u00e4gg till m\u00e5nens unika skugga Anpassa i 3 enkla steg V\u00e4lj bland en m\u00e4ngd fantastiska designs Se resultatet direkt \u2013 den interaktiva f\u00f6rhandsvisningen l\u00e5ter dig finjustera varje detalj\" \/>\n<meta property=\"og:url\" content=\"https:\/\/positiveprints.com\/sv\/produkt\/var-mane\/\" \/>\n<meta property=\"og:site_name\" content=\"Positive Prints\" \/>\n<meta property=\"article:publisher\" content=\"https:\/\/www.facebook.com\/positiveprintscom\" \/>\n<meta property=\"article:modified_time\" content=\"2026-04-18T06:02:08+00:00\" \/>\n<meta property=\"og:image\" content=\"https:\/\/positiveprints.com\/wp-content\/uploads\/2024\/10\/Packshot_SE_our-moon-product-image.webp\" \/>\n\t<meta property=\"og:image:width\" content=\"1450\" \/>\n\t<meta property=\"og:image:height\" content=\"1450\" \/>\n\t<meta property=\"og:image:type\" content=\"image\/webp\" \/>\n<meta name=\"twitter:card\" content=\"summary_large_image\" \/>\n<meta name=\"twitter:label1\" content=\"Ber\u00e4knad l\u00e4stid\" \/>\n\t<meta name=\"twitter:data1\" content=\"2 minut\" \/>\n<!-- \/ Yoast SEO Premium plugin. -->","yoast_head_json":{"title":"V\u00e5r m\u00e5ne - Positive Prints","description":"V\u00e5ra anpassade m\u00e5ntryck \u00e5terskapar m\u00e5nen i dess exakta fas p\u00e5 ett speciellt datum som du v\u00e4ljer, oavsett om det \u00e4r natten ni tr\u00e4ffades, natten ni inledde erat f\u00f6rh\u00e5llande eller till och med natten ni giftes.","robots":{"index":"index","follow":"follow","max-snippet":"max-snippet:-1","max-image-preview":"max-image-preview:large","max-video-preview":"max-video-preview:-1"},"canonical":"https:\/\/positiveprints.com\/sv\/produkt\/var-mane\/","og_locale":"sv_SE","og_type":"article","og_title":"V\u00e5r m\u00e5ne","og_description":"L\u00e4gg till m\u00e5nens unika skugga Anpassa i 3 enkla steg V\u00e4lj bland en m\u00e4ngd fantastiska designs Se resultatet direkt \u2013 den interaktiva f\u00f6rhandsvisningen l\u00e5ter dig finjustera varje detalj","og_url":"https:\/\/positiveprints.com\/sv\/produkt\/var-mane\/","og_site_name":"Positive Prints","article_publisher":"https:\/\/www.facebook.com\/positiveprintscom","article_modified_time":"2026-04-18T06:02:08+00:00","og_image":[{"width":1450,"height":1450,"url":"https:\/\/positiveprints.com\/wp-content\/uploads\/2024\/10\/Packshot_SE_our-moon-product-image.webp","type":"image\/webp"}],"twitter_card":"summary_large_image","twitter_misc":{"Ber\u00e4knad l\u00e4stid":"2 minut"},"schema":{"@context":"https:\/\/schema.org","@graph":[{"@type":["WebPage","ItemPage"],"@id":"https:\/\/positiveprints.com\/sv\/produkt\/var-mane\/","url":"https:\/\/positiveprints.com\/sv\/produkt\/var-mane\/","name":"V\u00e5r m\u00e5ne - Positive Prints","isPartOf":{"@id":"https:\/\/positiveprints.com\/sv\/#website"},"primaryImageOfPage":{"@id":"https:\/\/positiveprints.com\/sv\/produkt\/var-mane\/#primaryimage"},"image":{"@id":"https:\/\/positiveprints.com\/sv\/produkt\/var-mane\/#primaryimage"},"thumbnailUrl":"https:\/\/positiveprints.com\/wp-content\/uploads\/2026\/03\/Packshot_EN_Our-Moon.webp","datePublished":"2022-02-21T11:26:30+00:00","dateModified":"2026-04-18T06:02:08+00:00","description":"V\u00e5ra anpassade m\u00e5ntryck \u00e5terskapar m\u00e5nen i dess exakta fas p\u00e5 ett speciellt datum som du v\u00e4ljer, oavsett om det \u00e4r natten ni tr\u00e4ffades, natten ni inledde erat f\u00f6rh\u00e5llande eller till och med natten ni giftes.","breadcrumb":{"@id":"https:\/\/positiveprints.com\/sv\/produkt\/var-mane\/#breadcrumb"},"inLanguage":"sv-SE","potentialAction":[{"@type":"ReadAction","target":["https:\/\/positiveprints.com\/sv\/produkt\/var-mane\/"]}]},{"@type":"ImageObject","inLanguage":"sv-SE","@id":"https:\/\/positiveprints.com\/sv\/produkt\/var-mane\/#primaryimage","url":"https:\/\/positiveprints.com\/wp-content\/uploads\/2026\/03\/Packshot_EN_Our-Moon.webp","contentUrl":"https:\/\/positiveprints.com\/wp-content\/uploads\/2026\/03\/Packshot_EN_Our-Moon.webp","width":1450,"height":1450},{"@type":"BreadcrumbList","@id":"https:\/\/positiveprints.com\/sv\/produkt\/var-mane\/#breadcrumb","itemListElement":[{"@type":"ListItem","position":1,"name":"Home","item":"https:\/\/positiveprints.com\/sv\/"},{"@type":"ListItem","position":2,"name":"Produkter","item":"https:\/\/positiveprints.com\/sv\/shop\/"},{"@type":"ListItem","position":3,"name":"V\u00e5r m\u00e5ne"}]},{"@type":"WebSite","@id":"https:\/\/positiveprints.com\/sv\/#website","url":"https:\/\/positiveprints.com\/sv\/","name":"Positive Prints","description":"Amazing Custom Personalized Gifts","publisher":{"@id":"https:\/\/positiveprints.com\/sv\/#organization"},"potentialAction":[{"@type":"SearchAction","target":{"@type":"EntryPoint","urlTemplate":"https:\/\/positiveprints.com\/sv\/?s={search_term_string}"},"query-input":{"@type":"PropertyValueSpecification","valueRequired":true,"valueName":"search_term_string"}}],"inLanguage":"sv-SE"},{"@type":"Organization","@id":"https:\/\/positiveprints.com\/sv\/#organization","name":"Positive Prints","alternateName":"Positive Prints","url":"https:\/\/positiveprints.com\/sv\/","logo":{"@type":"ImageObject","inLanguage":"sv-SE","@id":"https:\/\/positiveprints.com\/sv\/#\/schema\/logo\/image\/","url":"https:\/\/positiveprints.com\/wp-content\/uploads\/2026\/03\/245815646_1337939713319158_5671353136411139666_n.png","contentUrl":"https:\/\/positiveprints.com\/wp-content\/uploads\/2026\/03\/245815646_1337939713319158_5671353136411139666_n.png","width":800,"height":800,"caption":"Positive Prints"},"image":{"@id":"https:\/\/positiveprints.com\/sv\/#\/schema\/logo\/image\/"},"sameAs":["https:\/\/www.facebook.com\/positiveprintscom","https:\/\/www.instagram.com\/positiveprintscom\/","https:\/\/www.tiktok.com\/@positiveprintscom","https:\/\/www.pinterest.com\/positiveprintscom\/"]}]}},"jetpack_sharing_enabled":true,"_links":{"self":[{"href":"https:\/\/positiveprints.com\/sv\/wp-json\/wp\/v2\/product\/361698","targetHints":{"allow":["GET"]}}],"collection":[{"href":"https:\/\/positiveprints.com\/sv\/wp-json\/wp\/v2\/product"}],"about":[{"href":"https:\/\/positiveprints.com\/sv\/wp-json\/wp\/v2\/types\/product"}],"wp:featuredmedia":[{"embeddable":true,"href":"https:\/\/positiveprints.com\/sv\/wp-json\/wp\/v2\/media\/1689337"}],"wp:attachment":[{"href":"https:\/\/positiveprints.com\/sv\/wp-json\/wp\/v2\/media?parent=361698"}],"wp:term":[{"taxonomy":"product_brand","embeddable":true,"href":"https:\/\/positiveprints.com\/sv\/wp-json\/wp\/v2\/product_brand?post=361698"},{"taxonomy":"product_cat","embeddable":true,"href":"https:\/\/positiveprints.com\/sv\/wp-json\/wp\/v2\/product_cat?post=361698"},{"taxonomy":"product_tag","embeddable":true,"href":"https:\/\/positiveprints.com\/sv\/wp-json\/wp\/v2\/product_tag?post=361698"}],"curies":[{"name":"wp","href":"https:\/\/api.w.org\/{rel}","templated":true}]}}