{"id":361686,"date":"2022-03-10T12:01:34","date_gmt":"2022-03-10T11:01:34","guid":{"rendered":"https:\/\/positiveprints.com\/?post_type=product&#038;p=361686"},"modified":"2026-04-28T14:41:36","modified_gmt":"2026-04-28T13:41:36","slug":"hem-ar-dar-pappa-ar-karta","status":"publish","type":"product","link":"https:\/\/positiveprints.com\/sv\/produkt\/hem-ar-dar-pappa-ar-karta\/","title":{"rendered":"Hem \u00e4r d\u00e4r pappa \u00e4r-karta"},"content":{"rendered":"<h2 class=\"grenB f24 cblue\">Hem \u00e4r d\u00e4r min pappa \u00e4r<\/h2>\r\n\r\n<p style=\"margin-top: 1rem\">Varje pappa vet att hans barn en dag kommer att l\u00e4mna boet, men hemmet kommer alltid att vara en speciell plats. Oavsett var du bor i v\u00e4rlden finns det alltid en plats du kan komma tillbaka till. Och den speciella platsen \u00e4r v\u00e4rd att fira. Det \u00e4r d\u00e4rf\u00f6r vi introducerade v\u00e5r anpassade hem \u00e4r d\u00e4r pappa \u00e4r-karta.<\/p>\r\n\r\n<p style=\"margin-top: 1rem\">Denna vackra <a href=\"https:\/\/positiveprints.com\/sv\/produkt\/anpassad-karta-tavla\/\">kartkonst<\/a> visar en valfri plats med en detaljerad karta. Sl\u00e4pp en n\u00e5l p\u00e5 platsen du kallar hem f\u00f6r att visa din pappa att han alltid ligger dig varmt om hj\u00e4rtat. V\u00e5ra kartor \u00e4r den perfekta fars dag-presenten och kan anpassas till helt unika verk f\u00f6r att f\u00e5 honom att k\u00e4nna sig speciell.<\/p>\r\n\r\n<h2 class=\"grenB f24 cblue\" style=\"margin-top: 3rem\">Skapa din kartpresent till pappa i 3 enkla steg<\/h2>\r\n\r\n<p style=\"margin-top: 1rem\">Positive Prints har gjort det mesta av det h\u00e5rda arbetet \u00e5t dig med v\u00e5r Hem \u00e4r d\u00e4r mamma \u00e4r-karta. V\u00e5r interaktiva redigerare tar dig genom processen steg f\u00f6r steg f\u00f6r att skapa ett vackert konstverk som din pappa kommer att uppskatta varje g\u00e5ng han ser det. <\/p>\r\n\r\n<p style=\"margin-top: 1rem\">V\u00e4lj fr\u00e5n v\u00e5ra professionellt framtagna m\u00f6nster och f\u00e4rgscheman som b\u00e4st passar din pappas stil. L\u00e4gg sedan till dina unika detaljer, inklusive plats och flera textrader. Inkludera ett citat, s\u00e5ngtexter eller n\u00e5got som g\u00f6r din karta extra speciell. V\u00e4lj sedan fr\u00e5n ett urval av utskriftsstorlekar eller v\u00e5rt alternativ f\u00f6r direkt digital nedladdning. Och r\u00e4tt vad det \u00e4r har du en f\u00e4rdig present till din pappa!<\/p>\r\n\r\n<p style=\"margin-top: 1rem\">B\u00f6rja skapa din karta nu.<\/p>","protected":false},"excerpt":{"rendered":"<ul class=\"check-list\">\n<li>Skapa en karta \u00f6ver den plats som du alltid kommer att kalla ditt hem<\/li>\n<li>Markera en speciell plats med en utvald symbol<\/li>\n<li>Anpassa i 3 enkla steg<\/li>\n<li>Inkludera en meningsfull personlig text<\/li>\n<li>Se resultatet direkt \u2013 den interaktiva f\u00f6rhandsvisningen l\u00e5ter dig finjustera varje detalj<\/li>\n<\/ul>\n","protected":false},"featured_media":263131,"template":"","meta":[],"product_brand":[],"product_cat":[8109,9119,8108,11466,8014,7982],"product_tag":[8560,11765],"class_list":{"0":"post-361686","1":"product","2":"type-product","3":"status-publish","4":"has-post-thumbnail","6":"product_cat-fars-dag-present","7":"product_cat-map-sv","8":"product_cat-julpresenter","9":"product_cat-julklappar-till-pappa","10":"product_cat-gavor-for-man","11":"product_cat-gavor-till-pappa","12":"product_tag-father-sv","13":"product_tag-julklappar-till-pappa","15":"first","16":"instock","17":"sale","18":"taxable","19":"shipping-taxable","20":"purchasable","21":"product-type-variable"},"yoast_head":"<!-- This site is optimized with the Yoast SEO Premium plugin v27.2 (Yoast SEO v27.2) - https:\/\/yoast.com\/product\/yoast-seo-premium-wordpress\/ -->\n<title>Hem \u00e4r d\u00e4r pappa \u00e4r-karta - Positive Prints<\/title>\n<meta name=\"description\" content=\"Positive Prints har gjort det mesta av det h\u00e5rda arbetet \u00e5t dig med v\u00e5r Hem \u00e4r d\u00e4r mamma \u00e4r-karta.\" \/>\n<meta name=\"robots\" content=\"index, follow, max-snippet:-1, max-image-preview:large, max-video-preview:-1\" \/>\n<link rel=\"canonical\" href=\"https:\/\/positiveprints.com\/sv\/produkt\/hem-ar-dar-pappa-ar-karta\/\" \/>\n<meta property=\"og:locale\" content=\"sv_SE\" \/>\n<meta property=\"og:type\" content=\"article\" \/>\n<meta property=\"og:title\" content=\"Hem \u00e4r d\u00e4r pappa \u00e4r-karta\" \/>\n<meta property=\"og:description\" content=\"Skapa en karta \u00f6ver den plats som du alltid kommer att kalla ditt hem Markera en speciell plats med en utvald symbol Anpassa i 3 enkla steg Inkludera en meningsfull personlig text Se resultatet direkt \u2013 den interaktiva f\u00f6rhandsvisningen l\u00e5ter dig finjustera varje detalj\" \/>\n<meta property=\"og:url\" content=\"https:\/\/positiveprints.com\/sv\/produkt\/hem-ar-dar-pappa-ar-karta\/\" \/>\n<meta property=\"og:site_name\" content=\"Positive Prints\" \/>\n<meta property=\"article:publisher\" content=\"https:\/\/www.facebook.com\/positiveprintscom\" \/>\n<meta property=\"article:modified_time\" content=\"2026-04-28T13:41:36+00:00\" \/>\n<meta property=\"og:image\" content=\"https:\/\/positiveprints.com\/wp-content\/uploads\/2022\/05\/map-gift-for-dad.jpg\" \/>\n\t<meta property=\"og:image:width\" content=\"1080\" \/>\n\t<meta property=\"og:image:height\" content=\"1080\" \/>\n\t<meta property=\"og:image:type\" content=\"image\/jpeg\" \/>\n<meta name=\"twitter:card\" content=\"summary_large_image\" \/>\n<!-- \/ Yoast SEO Premium plugin. -->","yoast_head_json":{"title":"Hem \u00e4r d\u00e4r pappa \u00e4r-karta - Positive Prints","description":"Positive Prints har gjort det mesta av det h\u00e5rda arbetet \u00e5t dig med v\u00e5r Hem \u00e4r d\u00e4r mamma \u00e4r-karta.","robots":{"index":"index","follow":"follow","max-snippet":"max-snippet:-1","max-image-preview":"max-image-preview:large","max-video-preview":"max-video-preview:-1"},"canonical":"https:\/\/positiveprints.com\/sv\/produkt\/hem-ar-dar-pappa-ar-karta\/","og_locale":"sv_SE","og_type":"article","og_title":"Hem \u00e4r d\u00e4r pappa \u00e4r-karta","og_description":"Skapa en karta \u00f6ver den plats som du alltid kommer att kalla ditt hem Markera en speciell plats med en utvald symbol Anpassa i 3 enkla steg Inkludera en meningsfull personlig text Se resultatet direkt \u2013 den interaktiva f\u00f6rhandsvisningen l\u00e5ter dig finjustera varje detalj","og_url":"https:\/\/positiveprints.com\/sv\/produkt\/hem-ar-dar-pappa-ar-karta\/","og_site_name":"Positive Prints","article_publisher":"https:\/\/www.facebook.com\/positiveprintscom","article_modified_time":"2026-04-28T13:41:36+00:00","og_image":[{"width":1080,"height":1080,"url":"https:\/\/positiveprints.com\/wp-content\/uploads\/2022\/05\/map-gift-for-dad.jpg","type":"image\/jpeg"}],"twitter_card":"summary_large_image","schema":{"@context":"https:\/\/schema.org","@graph":[{"@type":["WebPage","ItemPage"],"@id":"https:\/\/positiveprints.com\/sv\/produkt\/hem-ar-dar-pappa-ar-karta\/","url":"https:\/\/positiveprints.com\/sv\/produkt\/hem-ar-dar-pappa-ar-karta\/","name":"Hem \u00e4r d\u00e4r pappa \u00e4r-karta - Positive Prints","isPartOf":{"@id":"https:\/\/positiveprints.com\/sv\/#website"},"primaryImageOfPage":{"@id":"https:\/\/positiveprints.com\/sv\/produkt\/hem-ar-dar-pappa-ar-karta\/#primaryimage"},"image":{"@id":"https:\/\/positiveprints.com\/sv\/produkt\/hem-ar-dar-pappa-ar-karta\/#primaryimage"},"thumbnailUrl":"https:\/\/positiveprints.com\/wp-content\/uploads\/2022\/05\/map-gift-for-dad.jpg","datePublished":"2022-03-10T11:01:34+00:00","dateModified":"2026-04-28T13:41:36+00:00","description":"Positive Prints har gjort det mesta av det h\u00e5rda arbetet \u00e5t dig med v\u00e5r Hem \u00e4r d\u00e4r mamma \u00e4r-karta.","breadcrumb":{"@id":"https:\/\/positiveprints.com\/sv\/produkt\/hem-ar-dar-pappa-ar-karta\/#breadcrumb"},"inLanguage":"sv-SE","potentialAction":[{"@type":"ReadAction","target":["https:\/\/positiveprints.com\/sv\/produkt\/hem-ar-dar-pappa-ar-karta\/"]}]},{"@type":"ImageObject","inLanguage":"sv-SE","@id":"https:\/\/positiveprints.com\/sv\/produkt\/hem-ar-dar-pappa-ar-karta\/#primaryimage","url":"https:\/\/positiveprints.com\/wp-content\/uploads\/2022\/05\/map-gift-for-dad.jpg","contentUrl":"https:\/\/positiveprints.com\/wp-content\/uploads\/2022\/05\/map-gift-for-dad.jpg","width":1080,"height":1080,"caption":"map gift for dad"},{"@type":"BreadcrumbList","@id":"https:\/\/positiveprints.com\/sv\/produkt\/hem-ar-dar-pappa-ar-karta\/#breadcrumb","itemListElement":[{"@type":"ListItem","position":1,"name":"Home","item":"https:\/\/positiveprints.com\/sv\/"},{"@type":"ListItem","position":2,"name":"Produkter","item":"https:\/\/positiveprints.com\/sv\/shop\/"},{"@type":"ListItem","position":3,"name":"Hem \u00e4r d\u00e4r pappa \u00e4r-karta"}]},{"@type":"WebSite","@id":"https:\/\/positiveprints.com\/sv\/#website","url":"https:\/\/positiveprints.com\/sv\/","name":"Positive Prints","description":"Amazing Custom Personalized Gifts","publisher":{"@id":"https:\/\/positiveprints.com\/sv\/#organization"},"potentialAction":[{"@type":"SearchAction","target":{"@type":"EntryPoint","urlTemplate":"https:\/\/positiveprints.com\/sv\/?s={search_term_string}"},"query-input":{"@type":"PropertyValueSpecification","valueRequired":true,"valueName":"search_term_string"}}],"inLanguage":"sv-SE"},{"@type":"Organization","@id":"https:\/\/positiveprints.com\/sv\/#organization","name":"Positive Prints","alternateName":"Positive Prints","url":"https:\/\/positiveprints.com\/sv\/","logo":{"@type":"ImageObject","inLanguage":"sv-SE","@id":"https:\/\/positiveprints.com\/sv\/#\/schema\/logo\/image\/","url":"https:\/\/positiveprints.com\/wp-content\/uploads\/2026\/03\/245815646_1337939713319158_5671353136411139666_n.png","contentUrl":"https:\/\/positiveprints.com\/wp-content\/uploads\/2026\/03\/245815646_1337939713319158_5671353136411139666_n.png","width":800,"height":800,"caption":"Positive Prints"},"image":{"@id":"https:\/\/positiveprints.com\/sv\/#\/schema\/logo\/image\/"},"sameAs":["https:\/\/www.facebook.com\/positiveprintscom","https:\/\/www.instagram.com\/positiveprintscom\/","https:\/\/www.tiktok.com\/@positiveprintscom","https:\/\/www.pinterest.com\/positiveprintscom\/"]}]}},"jetpack_sharing_enabled":true,"_links":{"self":[{"href":"https:\/\/positiveprints.com\/sv\/wp-json\/wp\/v2\/product\/361686","targetHints":{"allow":["GET"]}}],"collection":[{"href":"https:\/\/positiveprints.com\/sv\/wp-json\/wp\/v2\/product"}],"about":[{"href":"https:\/\/positiveprints.com\/sv\/wp-json\/wp\/v2\/types\/product"}],"wp:featuredmedia":[{"embeddable":true,"href":"https:\/\/positiveprints.com\/sv\/wp-json\/wp\/v2\/media\/263131"}],"wp:attachment":[{"href":"https:\/\/positiveprints.com\/sv\/wp-json\/wp\/v2\/media?parent=361686"}],"wp:term":[{"taxonomy":"product_brand","embeddable":true,"href":"https:\/\/positiveprints.com\/sv\/wp-json\/wp\/v2\/product_brand?post=361686"},{"taxonomy":"product_cat","embeddable":true,"href":"https:\/\/positiveprints.com\/sv\/wp-json\/wp\/v2\/product_cat?post=361686"},{"taxonomy":"product_tag","embeddable":true,"href":"https:\/\/positiveprints.com\/sv\/wp-json\/wp\/v2\/product_tag?post=361686"}],"curies":[{"name":"wp","href":"https:\/\/api.w.org\/{rel}","templated":true}]}}