{"id":361651,"date":"2022-08-24T19:31:09","date_gmt":"2022-08-24T18:31:09","guid":{"rendered":"https:\/\/positiveprints.com\/?post_type=product&#038;p=361651"},"modified":"2026-04-23T11:45:27","modified_gmt":"2026-04-23T10:45:27","slug":"fotopresent-till-vanner","status":"publish","type":"product","link":"https:\/\/positiveprints.com\/sv\/produkt\/fotopresent-till-vanner\/","title":{"rendered":"Fotopresent till v\u00e4nner"},"content":{"rendered":"","protected":false},"excerpt":{"rendered":"<ul class=\"check-list\">\n<li>Fira ditt speciella band med v\u00e4nner och ge dem en g\u00e5va som kommer att p\u00e5minna dem om er v\u00e4nskap varje dag<\/li>\n<li>L\u00e4gg till text\u00f6verl\u00e4gg f\u00f6r att g\u00f6ra varje g\u00e5va speciell och meningsfull<\/li>\n<li>Anpassa i 3 enkla steg<\/li>\n<li>Se resultatet direkt \u2013 den interaktiva f\u00f6rhandsvisningen l\u00e5ter dig finjustera varje detalj<\/li>\n<\/ul>\n","protected":false},"featured_media":334487,"template":"","meta":[],"product_brand":[],"product_cat":[7503,8108,15046,7838],"product_tag":[9378,15195,15196,9390,15197,15236,13489,13480,11007,8635,11873],"class_list":{"0":"post-361651","1":"product","2":"type-product","3":"status-publish","4":"has-post-thumbnail","6":"product_cat-foto-sv","7":"product_cat-julpresenter","8":"product_cat-julklappar-for-vanner","9":"product_cat-gavor-till-vanner","10":"product_tag-basta-vanner","11":"product_tag-best-friend-sv","12":"product_tag-best-friends-forever-sv","13":"product_tag-besties-sv","14":"product_tag-bff-sv","15":"product_tag-galentines-day-sv-2","16":"product_tag-galentines-day-sv","17":"product_tag-julklappar-till-vanner","18":"product_tag-van","19":"product_tag-vaninnor","20":"product_tag-vanskap","22":"first","23":"instock","24":"sale","25":"taxable","26":"shipping-taxable","27":"purchasable","28":"product-type-variable"},"yoast_head":"<!-- This site is optimized with the Yoast SEO Premium plugin v27.2 (Yoast SEO v27.2) - https:\/\/yoast.com\/product\/yoast-seo-premium-wordpress\/ -->\n<title>Fotopresent till v\u00e4nner - Positive Prints<\/title>\n<meta name=\"description\" content=\"Visa dina v\u00e4nner hur mycket de betyder f\u00f6r dig med en anpassad fotopresent till v\u00e4nner. Dela en livstid av k\u00e4rlek och minnen.\" \/>\n<meta name=\"robots\" content=\"index, follow, max-snippet:-1, max-image-preview:large, max-video-preview:-1\" \/>\n<link rel=\"canonical\" href=\"https:\/\/positiveprints.com\/sv\/produkt\/fotopresent-till-vanner\/\" \/>\n<meta property=\"og:locale\" content=\"sv_SE\" \/>\n<meta property=\"og:type\" content=\"article\" \/>\n<meta property=\"og:title\" content=\"Fotopresent till v\u00e4nner\" \/>\n<meta property=\"og:description\" content=\"Fira ditt speciella band med v\u00e4nner och ge dem en g\u00e5va som kommer att p\u00e5minna dem om er v\u00e4nskap varje dag L\u00e4gg till text\u00f6verl\u00e4gg f\u00f6r att g\u00f6ra varje g\u00e5va speciell och meningsfull Anpassa i 3 enkla steg Se resultatet direkt \u2013 den interaktiva f\u00f6rhandsvisningen l\u00e5ter dig finjustera varje detalj\" \/>\n<meta property=\"og:url\" content=\"https:\/\/positiveprints.com\/sv\/produkt\/fotopresent-till-vanner\/\" \/>\n<meta property=\"og:site_name\" content=\"Positive Prints\" \/>\n<meta property=\"article:publisher\" content=\"https:\/\/www.facebook.com\/positiveprintscom\" \/>\n<meta property=\"article:modified_time\" content=\"2026-04-23T10:45:27+00:00\" \/>\n<meta property=\"og:image\" content=\"https:\/\/positiveprints.com\/wp-content\/uploads\/2022\/08\/photo-gifts-for-friends.jpg\" \/>\n\t<meta property=\"og:image:width\" content=\"1080\" \/>\n\t<meta property=\"og:image:height\" content=\"1080\" \/>\n\t<meta property=\"og:image:type\" content=\"image\/jpeg\" \/>\n<meta name=\"twitter:card\" content=\"summary_large_image\" \/>\n<!-- \/ Yoast SEO Premium plugin. -->","yoast_head_json":{"title":"Fotopresent till v\u00e4nner - Positive Prints","description":"Visa dina v\u00e4nner hur mycket de betyder f\u00f6r dig med en anpassad fotopresent till v\u00e4nner. Dela en livstid av k\u00e4rlek och minnen.","robots":{"index":"index","follow":"follow","max-snippet":"max-snippet:-1","max-image-preview":"max-image-preview:large","max-video-preview":"max-video-preview:-1"},"canonical":"https:\/\/positiveprints.com\/sv\/produkt\/fotopresent-till-vanner\/","og_locale":"sv_SE","og_type":"article","og_title":"Fotopresent till v\u00e4nner","og_description":"Fira ditt speciella band med v\u00e4nner och ge dem en g\u00e5va som kommer att p\u00e5minna dem om er v\u00e4nskap varje dag L\u00e4gg till text\u00f6verl\u00e4gg f\u00f6r att g\u00f6ra varje g\u00e5va speciell och meningsfull Anpassa i 3 enkla steg Se resultatet direkt \u2013 den interaktiva f\u00f6rhandsvisningen l\u00e5ter dig finjustera varje detalj","og_url":"https:\/\/positiveprints.com\/sv\/produkt\/fotopresent-till-vanner\/","og_site_name":"Positive Prints","article_publisher":"https:\/\/www.facebook.com\/positiveprintscom","article_modified_time":"2026-04-23T10:45:27+00:00","og_image":[{"width":1080,"height":1080,"url":"https:\/\/positiveprints.com\/wp-content\/uploads\/2022\/08\/photo-gifts-for-friends.jpg","type":"image\/jpeg"}],"twitter_card":"summary_large_image","schema":{"@context":"https:\/\/schema.org","@graph":[{"@type":["WebPage","ItemPage"],"@id":"https:\/\/positiveprints.com\/sv\/produkt\/fotopresent-till-vanner\/","url":"https:\/\/positiveprints.com\/sv\/produkt\/fotopresent-till-vanner\/","name":"Fotopresent till v\u00e4nner - Positive Prints","isPartOf":{"@id":"https:\/\/positiveprints.com\/sv\/#website"},"primaryImageOfPage":{"@id":"https:\/\/positiveprints.com\/sv\/produkt\/fotopresent-till-vanner\/#primaryimage"},"image":{"@id":"https:\/\/positiveprints.com\/sv\/produkt\/fotopresent-till-vanner\/#primaryimage"},"thumbnailUrl":"https:\/\/positiveprints.com\/wp-content\/uploads\/2022\/08\/photo-gifts-for-friends.jpg","datePublished":"2022-08-24T18:31:09+00:00","dateModified":"2026-04-23T10:45:27+00:00","description":"Visa dina v\u00e4nner hur mycket de betyder f\u00f6r dig med en anpassad fotopresent till v\u00e4nner. Dela en livstid av k\u00e4rlek och minnen.","breadcrumb":{"@id":"https:\/\/positiveprints.com\/sv\/produkt\/fotopresent-till-vanner\/#breadcrumb"},"inLanguage":"sv-SE","potentialAction":[{"@type":"ReadAction","target":["https:\/\/positiveprints.com\/sv\/produkt\/fotopresent-till-vanner\/"]}]},{"@type":"ImageObject","inLanguage":"sv-SE","@id":"https:\/\/positiveprints.com\/sv\/produkt\/fotopresent-till-vanner\/#primaryimage","url":"https:\/\/positiveprints.com\/wp-content\/uploads\/2022\/08\/photo-gifts-for-friends.jpg","contentUrl":"https:\/\/positiveprints.com\/wp-content\/uploads\/2022\/08\/photo-gifts-for-friends.jpg","width":1080,"height":1080,"caption":"Show your friends how much they mean to you with a custom photo gift for friends."},{"@type":"BreadcrumbList","@id":"https:\/\/positiveprints.com\/sv\/produkt\/fotopresent-till-vanner\/#breadcrumb","itemListElement":[{"@type":"ListItem","position":1,"name":"Home","item":"https:\/\/positiveprints.com\/sv\/"},{"@type":"ListItem","position":2,"name":"Produkter","item":"https:\/\/positiveprints.com\/sv\/shop\/"},{"@type":"ListItem","position":3,"name":"Fotopresent till v\u00e4nner"}]},{"@type":"WebSite","@id":"https:\/\/positiveprints.com\/sv\/#website","url":"https:\/\/positiveprints.com\/sv\/","name":"Positive Prints","description":"Amazing Custom Personalized Gifts","publisher":{"@id":"https:\/\/positiveprints.com\/sv\/#organization"},"potentialAction":[{"@type":"SearchAction","target":{"@type":"EntryPoint","urlTemplate":"https:\/\/positiveprints.com\/sv\/?s={search_term_string}"},"query-input":{"@type":"PropertyValueSpecification","valueRequired":true,"valueName":"search_term_string"}}],"inLanguage":"sv-SE"},{"@type":"Organization","@id":"https:\/\/positiveprints.com\/sv\/#organization","name":"Positive Prints","alternateName":"Positive Prints","url":"https:\/\/positiveprints.com\/sv\/","logo":{"@type":"ImageObject","inLanguage":"sv-SE","@id":"https:\/\/positiveprints.com\/sv\/#\/schema\/logo\/image\/","url":"https:\/\/positiveprints.com\/wp-content\/uploads\/2026\/03\/245815646_1337939713319158_5671353136411139666_n.png","contentUrl":"https:\/\/positiveprints.com\/wp-content\/uploads\/2026\/03\/245815646_1337939713319158_5671353136411139666_n.png","width":800,"height":800,"caption":"Positive Prints"},"image":{"@id":"https:\/\/positiveprints.com\/sv\/#\/schema\/logo\/image\/"},"sameAs":["https:\/\/www.facebook.com\/positiveprintscom","https:\/\/www.instagram.com\/positiveprintscom\/","https:\/\/www.tiktok.com\/@positiveprintscom","https:\/\/www.pinterest.com\/positiveprintscom\/"]}]}},"jetpack_sharing_enabled":true,"_links":{"self":[{"href":"https:\/\/positiveprints.com\/sv\/wp-json\/wp\/v2\/product\/361651","targetHints":{"allow":["GET"]}}],"collection":[{"href":"https:\/\/positiveprints.com\/sv\/wp-json\/wp\/v2\/product"}],"about":[{"href":"https:\/\/positiveprints.com\/sv\/wp-json\/wp\/v2\/types\/product"}],"wp:featuredmedia":[{"embeddable":true,"href":"https:\/\/positiveprints.com\/sv\/wp-json\/wp\/v2\/media\/334487"}],"wp:attachment":[{"href":"https:\/\/positiveprints.com\/sv\/wp-json\/wp\/v2\/media?parent=361651"}],"wp:term":[{"taxonomy":"product_brand","embeddable":true,"href":"https:\/\/positiveprints.com\/sv\/wp-json\/wp\/v2\/product_brand?post=361651"},{"taxonomy":"product_cat","embeddable":true,"href":"https:\/\/positiveprints.com\/sv\/wp-json\/wp\/v2\/product_cat?post=361651"},{"taxonomy":"product_tag","embeddable":true,"href":"https:\/\/positiveprints.com\/sv\/wp-json\/wp\/v2\/product_tag?post=361651"}],"curies":[{"name":"wp","href":"https:\/\/api.w.org\/{rel}","templated":true}]}}