{"id":361627,"date":"2022-03-10T13:15:56","date_gmt":"2022-03-10T12:15:56","guid":{"rendered":"https:\/\/positiveprints.com\/?post_type=product&#038;p=361627"},"modified":"2026-04-07T16:01:28","modified_gmt":"2026-04-07T15:01:28","slug":"dagen-du-blev-min-pappa","status":"publish","type":"product","link":"https:\/\/positiveprints.com\/sv\/produkt\/dagen-du-blev-min-pappa\/","title":{"rendered":"Dagen du blev min pappa"},"content":{"rendered":"<h2 class=\"grenB f24 cblue\">Varf\u00f6r en stj\u00e4rnkarta \u00e4r perfekt fars dag-present?<\/h2>\r\n\r\n<p style=\"margin-top: 1rem\">Himlen ser lite annorlunda ut varje kv\u00e4ll. Positionerna p\u00e5 stj\u00e4rnorna, planeterna och himlakropparna, varje natthimmel som existerat eller kommer existera \u00e4r helt unik. Och den natt du f\u00f6ddes \u2013 den kv\u00e4llen din pappa blev din pappa \u2013 anpassade sig hela universum p\u00e5 ett s\u00e4tt som det aldrig har gjort tidigare. Det \u00e4r verkligen n\u00e5got att fira!<\/p>\r\n\r\n<p style=\"margin-top: 1rem\">Med v\u00e5ra <a href=\"https:\/\/positiveprints.com\/sv\/produkt\/anpassad-stjarnkarta\/\">skr\u00e4ddarsydda stj\u00e4rnkartor<\/a> \u00e5terskapar vi natthimlen s\u00e5 att den ser ut som den gjorde n\u00e4r du kom in i v\u00e4rlden. Dagen din pappa blev din pappa var definitivt en av de lyckligaste dagarna i hans liv, och natthimlen f\u00f6r detta datum \u00e4r ett vackert s\u00e4tt att minnas den dagen f\u00f6r alltid. <\/p>\r\n\r\n<h2 class=\"grenB f24 cblue\" style=\"margin-top: 3rem\">Designa din present till pappa i 3 enkla steg<\/h2>\r\n\r\n<p style=\"margin-top: 1rem\">Varje stj\u00e4rnkarta \u00e4r skr\u00e4ddarsydd efter best\u00e4llning baserat p\u00e5 det datum du v\u00e4ljer. Vi anv\u00e4nder tillf\u00f6rlitlig data som samlats in av Hipparcos-2 f\u00f6r att korrekt kartl\u00e4gga stj\u00e4rnorna och konstellationerna enligt ditt datum och din plats p\u00e5 jorden vid den tiden.<\/p>\r\n\r\n<p style=\"margin-top: 1rem\">Positive Prints g\u00f6r det mesta av jobbet \u00e5t dig med v\u00e5r interaktiva redigerare. Se din design komma till liv medan du anpassar din stj\u00e4rnkarta. V\u00e4lj bland en m\u00e4ngd f\u00f6rdesignade f\u00e4rgscheman och kartformer, l\u00e4gg sedan till de fina detaljerna som g\u00f6r din karta unik. G\u00f6r din design till ett tryck eller ladda ner en digital fil och s\u00e5 har du den perfekta presenten till din pappa. <\/p>\r\n\r\n<p style=\"margin-top: 1rem\">F\u00f6r fars dag eller n\u00e5got annat speciellt tillf\u00e4lle hj\u00e4lper Positive Prints dig att skapa unika presenter till din pappa. Kom ig\u00e5ng nu!<\/p>","protected":false},"excerpt":{"rendered":"<ul class=\"check-list\">\n<li>L\u00e4gg till planeter, konstellationer och Vintergatan <\/li>\n<li>Anpassa i 3 enkla steg<\/li>\n<li>Inkludera en meningsfull personlig text<\/li>\n<li>Se resultatet direkt \u2013 den interaktiva f\u00f6rhandsvisningen l\u00e5ter dig finjustera varje detalj<\/li>\n<\/ul>\n","protected":false},"featured_media":1224648,"template":"","meta":[],"product_brand":[],"product_cat":[9281,8109,8108,8218,7982,11466],"product_tag":[10966,13689,8560,11765,9296],"class_list":{"0":"post-361627","1":"product","2":"type-product","3":"status-publish","4":"has-post-thumbnail","6":"product_cat-bestsellers-label-sv","7":"product_cat-fars-dag-present","8":"product_cat-julpresenter","9":"product_cat-star-sv","10":"product_cat-gavor-till-pappa","11":"product_cat-julklappar-till-pappa","12":"product_tag-fars-dag","13":"product_tag-fars-dags-present","14":"product_tag-father-sv","15":"product_tag-julklappar-till-pappa","16":"product_tag-varldens-basta-pappa","18":"first","19":"instock","20":"sale","21":"taxable","22":"shipping-taxable","23":"purchasable","24":"product-type-variable"},"yoast_head":"<!-- This site is optimized with the Yoast SEO Premium plugin v27.2 (Yoast SEO v27.2) - https:\/\/yoast.com\/product\/yoast-seo-premium-wordpress\/ -->\n<title>Dagen du blev min pappa - Positive Prints<\/title>\n<meta name=\"description\" content=\"F\u00f6r fars dag eller n\u00e5got annat speciellt tillf\u00e4lle hj\u00e4lper Positive Prints dig att skapa unika presenter till din pappa. Kom ig\u00e5ng nu!\" \/>\n<meta name=\"robots\" content=\"index, follow, max-snippet:-1, max-image-preview:large, max-video-preview:-1\" \/>\n<link rel=\"canonical\" href=\"https:\/\/positiveprints.com\/sv\/produkt\/dagen-du-blev-min-pappa\/\" \/>\n<meta property=\"og:locale\" content=\"sv_SE\" \/>\n<meta property=\"og:type\" content=\"article\" \/>\n<meta property=\"og:title\" content=\"Dagen du blev min pappa\" \/>\n<meta property=\"og:description\" content=\"L\u00e4gg till planeter, konstellationer och Vintergatan   Anpassa i 3 enkla steg  Inkludera en meningsfull personlig text  Se resultatet direkt \u2013 den interaktiva f\u00f6rhandsvisningen l\u00e5ter dig finjustera varje detalj\" \/>\n<meta property=\"og:url\" content=\"https:\/\/positiveprints.com\/sv\/produkt\/dagen-du-blev-min-pappa\/\" \/>\n<meta property=\"og:site_name\" content=\"Positive Prints\" \/>\n<meta property=\"article:publisher\" content=\"https:\/\/www.facebook.com\/positiveprintscom\" \/>\n<meta property=\"article:modified_time\" content=\"2026-04-07T15:01:28+00:00\" \/>\n<meta property=\"og:image\" content=\"https:\/\/positiveprints.com\/wp-content\/uploads\/2024\/10\/Packshot_SE_The-Day-You-Became-My-Daddy-product-image.webp\" \/>\n\t<meta property=\"og:image:width\" content=\"1450\" \/>\n\t<meta property=\"og:image:height\" content=\"1450\" \/>\n\t<meta property=\"og:image:type\" content=\"image\/webp\" \/>\n<meta name=\"twitter:card\" content=\"summary_large_image\" \/>\n<meta name=\"twitter:label1\" content=\"Ber\u00e4knad l\u00e4stid\" \/>\n\t<meta name=\"twitter:data1\" content=\"2 minut\" \/>\n<!-- \/ Yoast SEO Premium plugin. -->","yoast_head_json":{"title":"Dagen du blev min pappa - Positive Prints","description":"F\u00f6r fars dag eller n\u00e5got annat speciellt tillf\u00e4lle hj\u00e4lper Positive Prints dig att skapa unika presenter till din pappa. Kom ig\u00e5ng nu!","robots":{"index":"index","follow":"follow","max-snippet":"max-snippet:-1","max-image-preview":"max-image-preview:large","max-video-preview":"max-video-preview:-1"},"canonical":"https:\/\/positiveprints.com\/sv\/produkt\/dagen-du-blev-min-pappa\/","og_locale":"sv_SE","og_type":"article","og_title":"Dagen du blev min pappa","og_description":"L\u00e4gg till planeter, konstellationer och Vintergatan   Anpassa i 3 enkla steg  Inkludera en meningsfull personlig text  Se resultatet direkt \u2013 den interaktiva f\u00f6rhandsvisningen l\u00e5ter dig finjustera varje detalj","og_url":"https:\/\/positiveprints.com\/sv\/produkt\/dagen-du-blev-min-pappa\/","og_site_name":"Positive Prints","article_publisher":"https:\/\/www.facebook.com\/positiveprintscom","article_modified_time":"2026-04-07T15:01:28+00:00","og_image":[{"width":1450,"height":1450,"url":"https:\/\/positiveprints.com\/wp-content\/uploads\/2024\/10\/Packshot_SE_The-Day-You-Became-My-Daddy-product-image.webp","type":"image\/webp"}],"twitter_card":"summary_large_image","twitter_misc":{"Ber\u00e4knad l\u00e4stid":"2 minut"},"schema":{"@context":"https:\/\/schema.org","@graph":[{"@type":["WebPage","ItemPage"],"@id":"https:\/\/positiveprints.com\/sv\/produkt\/dagen-du-blev-min-pappa\/","url":"https:\/\/positiveprints.com\/sv\/produkt\/dagen-du-blev-min-pappa\/","name":"Dagen du blev min pappa - Positive Prints","isPartOf":{"@id":"https:\/\/positiveprints.com\/sv\/#website"},"primaryImageOfPage":{"@id":"https:\/\/positiveprints.com\/sv\/produkt\/dagen-du-blev-min-pappa\/#primaryimage"},"image":{"@id":"https:\/\/positiveprints.com\/sv\/produkt\/dagen-du-blev-min-pappa\/#primaryimage"},"thumbnailUrl":"https:\/\/positiveprints.com\/wp-content\/uploads\/2024\/10\/Packshot_SE_The-Day-You-Became-My-Daddy-product-image.webp","datePublished":"2022-03-10T12:15:56+00:00","dateModified":"2026-04-07T15:01:28+00:00","description":"F\u00f6r fars dag eller n\u00e5got annat speciellt tillf\u00e4lle hj\u00e4lper Positive Prints dig att skapa unika presenter till din pappa. Kom ig\u00e5ng nu!","breadcrumb":{"@id":"https:\/\/positiveprints.com\/sv\/produkt\/dagen-du-blev-min-pappa\/#breadcrumb"},"inLanguage":"sv-SE","potentialAction":[{"@type":"ReadAction","target":["https:\/\/positiveprints.com\/sv\/produkt\/dagen-du-blev-min-pappa\/"]}]},{"@type":"ImageObject","inLanguage":"sv-SE","@id":"https:\/\/positiveprints.com\/sv\/produkt\/dagen-du-blev-min-pappa\/#primaryimage","url":"https:\/\/positiveprints.com\/wp-content\/uploads\/2024\/10\/Packshot_SE_The-Day-You-Became-My-Daddy-product-image.webp","contentUrl":"https:\/\/positiveprints.com\/wp-content\/uploads\/2024\/10\/Packshot_SE_The-Day-You-Became-My-Daddy-product-image.webp","width":1450,"height":1450},{"@type":"BreadcrumbList","@id":"https:\/\/positiveprints.com\/sv\/produkt\/dagen-du-blev-min-pappa\/#breadcrumb","itemListElement":[{"@type":"ListItem","position":1,"name":"Home","item":"https:\/\/positiveprints.com\/sv\/"},{"@type":"ListItem","position":2,"name":"Produkter","item":"https:\/\/positiveprints.com\/sv\/shop\/"},{"@type":"ListItem","position":3,"name":"Dagen du blev min pappa"}]},{"@type":"WebSite","@id":"https:\/\/positiveprints.com\/sv\/#website","url":"https:\/\/positiveprints.com\/sv\/","name":"Positive Prints","description":"Amazing Custom Personalized Gifts","publisher":{"@id":"https:\/\/positiveprints.com\/sv\/#organization"},"potentialAction":[{"@type":"SearchAction","target":{"@type":"EntryPoint","urlTemplate":"https:\/\/positiveprints.com\/sv\/?s={search_term_string}"},"query-input":{"@type":"PropertyValueSpecification","valueRequired":true,"valueName":"search_term_string"}}],"inLanguage":"sv-SE"},{"@type":"Organization","@id":"https:\/\/positiveprints.com\/sv\/#organization","name":"Positive Prints","alternateName":"Positive Prints","url":"https:\/\/positiveprints.com\/sv\/","logo":{"@type":"ImageObject","inLanguage":"sv-SE","@id":"https:\/\/positiveprints.com\/sv\/#\/schema\/logo\/image\/","url":"https:\/\/positiveprints.com\/wp-content\/uploads\/2026\/03\/245815646_1337939713319158_5671353136411139666_n.png","contentUrl":"https:\/\/positiveprints.com\/wp-content\/uploads\/2026\/03\/245815646_1337939713319158_5671353136411139666_n.png","width":800,"height":800,"caption":"Positive Prints"},"image":{"@id":"https:\/\/positiveprints.com\/sv\/#\/schema\/logo\/image\/"},"sameAs":["https:\/\/www.facebook.com\/positiveprintscom","https:\/\/www.instagram.com\/positiveprintscom\/","https:\/\/www.tiktok.com\/@positiveprintscom","https:\/\/www.pinterest.com\/positiveprintscom\/"]}]}},"jetpack_sharing_enabled":true,"_links":{"self":[{"href":"https:\/\/positiveprints.com\/sv\/wp-json\/wp\/v2\/product\/361627","targetHints":{"allow":["GET"]}}],"collection":[{"href":"https:\/\/positiveprints.com\/sv\/wp-json\/wp\/v2\/product"}],"about":[{"href":"https:\/\/positiveprints.com\/sv\/wp-json\/wp\/v2\/types\/product"}],"wp:featuredmedia":[{"embeddable":true,"href":"https:\/\/positiveprints.com\/sv\/wp-json\/wp\/v2\/media\/1224648"}],"wp:attachment":[{"href":"https:\/\/positiveprints.com\/sv\/wp-json\/wp\/v2\/media?parent=361627"}],"wp:term":[{"taxonomy":"product_brand","embeddable":true,"href":"https:\/\/positiveprints.com\/sv\/wp-json\/wp\/v2\/product_brand?post=361627"},{"taxonomy":"product_cat","embeddable":true,"href":"https:\/\/positiveprints.com\/sv\/wp-json\/wp\/v2\/product_cat?post=361627"},{"taxonomy":"product_tag","embeddable":true,"href":"https:\/\/positiveprints.com\/sv\/wp-json\/wp\/v2\/product_tag?post=361627"}],"curies":[{"name":"wp","href":"https:\/\/api.w.org\/{rel}","templated":true}]}}