{"id":361594,"date":"2022-01-25T21:10:25","date_gmt":"2022-01-25T20:10:25","guid":{"rendered":"https:\/\/positiveprints.com\/?post_type=product&#038;p=361594"},"modified":"2026-04-23T11:51:58","modified_gmt":"2026-04-23T10:51:58","slug":"kartor-for-mammor-pa-distans","status":"publish","type":"product","link":"https:\/\/positiveprints.com\/sv\/produkt\/kartor-for-mammor-pa-distans\/","title":{"rendered":"Kartor f\u00f6r mammor p\u00e5 distans"},"content":{"rendered":"<h2 class=\"grenB f24 cblue\">Presenter till mammor p\u00e5 distans<\/h2>\r\n\r\n<p style=\"margin-top: 1rem\">Hemmet \u00e4r d\u00e4r din mamma \u00e4r, och den h\u00e4r vackra anpassade kartan f\u00f6r l\u00e5ngv\u00e4ga mammor hj\u00e4lper dig att h\u00e5lla henne n\u00e4ra ditt hj\u00e4rta. Denna kart-trio l\u00e5ter dig anpassa tre sm\u00e5 kartor inom samma utskrift \u2014 och m\u00f6jligheterna \u00e4r o\u00e4ndliga!<\/p>\r\n\r\n<p style=\"margin-top: 1rem\">Skapa en karta som visar varje barns nuvarande hem f\u00f6r att f\u00f6rkorta avst\u00e5ndet. Eller, om du och din familj har flyttat under hela din barndom, kan varje karta representera ett av dina flera tidigare hem. Eller s\u00e5 kan du v\u00e4lja speciella platser d\u00e4r du delade de b\u00e4sta minnena med din mamma, oavsett om det \u00e4r ett k\u00e4rt semesterm\u00e5l, ett aktivitetsomr\u00e5de eller till och med ditt barndomshem. <\/p>\r\n\r\n<p style=\"margin-top: 1rem\">Det \u00e4r din karta, p\u00e5 dina villkor \u2013 och den binder dig till en av dina k\u00e4raste och mest speciella personer.<\/p>\r\n \r\n<h2 class=\"grenB f24 cblue\" style=\"margin-top: 3rem\">Best\u00e4ll en karta som mors dag-present!<\/h2>\r\n\r\n<p style=\"margin-top: 1rem\">Positive Prints tar bort gissningsleken n\u00e4r det kommer till att designa anpassade kartbilder. Med v\u00e5r interaktiva redigerare kan du v\u00e4lja form, stil, f\u00e4rger och text p\u00e5 din mamma-karta. Du kan i direkttid se din design komma till liv medan du anpassar ditt tryck f\u00f6r att ber\u00e4tta er historia.<\/p>\r\n\r\n<p style=\"margin-top: 1rem\">Vi trycker alla v\u00e5ra skr\u00e4ddarsydda kartor p\u00e5 papper eller canvas av museikvalitet i en rad standardstorlekar, annars kan du beg\u00e4ra en digital fil som du kan ge som present direkt. Vi skickar alla v\u00e5ra tryckta affischer och canvaskonstverk \u00f6ver hela v\u00e4rlden. <\/p>\r\n\r\n<p style=\"margin-top: 1rem\">Ge bort skr\u00e4ddarsydd kartkonst som din mamma kommer v\u00e4rna hela livet! Kom ig\u00e5ng nu.<\/p>","protected":false},"excerpt":{"rendered":"<ul class=\"check-list\">\n<li>Visa din mamma hur mycket hon betyder f\u00f6r dig: lyft fram de speciella platser som f\u00f6renar er b\u00e5da \u00e4ven n\u00e4r ni \u00e4r l\u00e5ngt ifr\u00e5n varandra<\/li>\n<li>Markera exakta adresser med en vald symbol<\/li>\n<li>Anpassa i 3 enkla steg<\/li>\n<li>Inkludera en meningsfull personlig text<\/li>\n<li>Se resultatet direkt \u2013 den interaktiva f\u00f6rhandsvisningen l\u00e5ter dig finjustera varje detalj<\/li>\n<\/ul>\n","protected":false},"featured_media":1347514,"template":"","meta":[],"product_brand":[],"product_cat":[8108,11474,9120],"product_tag":[11833],"class_list":{"0":"post-361594","1":"product","2":"type-product","3":"status-publish","4":"has-post-thumbnail","6":"product_cat-julpresenter","7":"product_cat-julklappar-till-mamma","8":"product_cat-triple-maps-sv","9":"product_tag-julklappar-till-mamma","11":"first","12":"instock","13":"sale","14":"taxable","15":"shipping-taxable","16":"purchasable","17":"product-type-variable"},"yoast_head":"<!-- This site is optimized with the Yoast SEO Premium plugin v27.2 (Yoast SEO v27.2) - https:\/\/yoast.com\/product\/yoast-seo-premium-wordpress\/ -->\n<title>Kartor f\u00f6r mammor p\u00e5 distans - Positive Prints<\/title>\n<meta name=\"description\" content=\"Visa din mamma hur mycket hon betyder f\u00f6r dig: lyft fram de speciella platser som f\u00f6renar er b\u00e5da \u00e4ven n\u00e4r ni \u00e4r l\u00e5ngt ifr\u00e5n varandra\" \/>\n<meta name=\"robots\" content=\"index, follow, max-snippet:-1, max-image-preview:large, max-video-preview:-1\" \/>\n<link rel=\"canonical\" href=\"https:\/\/positiveprints.com\/sv\/produkt\/kartor-for-mammor-pa-distans\/\" \/>\n<meta property=\"og:locale\" content=\"sv_SE\" \/>\n<meta property=\"og:type\" content=\"article\" \/>\n<meta property=\"og:title\" content=\"Kartor f\u00f6r mammor p\u00e5 distans\" \/>\n<meta property=\"og:description\" content=\"Visa din mamma hur mycket hon betyder f\u00f6r dig: lyft fram de speciella platser som f\u00f6renar er b\u00e5da \u00e4ven n\u00e4r ni \u00e4r l\u00e5ngt ifr\u00e5n varandra Markera exakta adresser med en vald symbol Anpassa i 3 enkla steg Inkludera en meningsfull personlig text Se resultatet direkt \u2013 den interaktiva f\u00f6rhandsvisningen l\u00e5ter dig finjustera varje detalj\" \/>\n<meta property=\"og:url\" content=\"https:\/\/positiveprints.com\/sv\/produkt\/kartor-for-mammor-pa-distans\/\" \/>\n<meta property=\"og:site_name\" content=\"Positive Prints\" \/>\n<meta property=\"article:publisher\" content=\"https:\/\/www.facebook.com\/positiveprintscom\" \/>\n<meta property=\"article:modified_time\" content=\"2026-04-23T10:51:58+00:00\" \/>\n<meta property=\"og:image\" content=\"https:\/\/positiveprints.com\/wp-content\/uploads\/2023\/07\/Kartor-for-mammor-pa-distans.jpg\" \/>\n\t<meta property=\"og:image:width\" content=\"1080\" \/>\n\t<meta property=\"og:image:height\" content=\"1080\" \/>\n\t<meta property=\"og:image:type\" content=\"image\/jpeg\" \/>\n<meta name=\"twitter:card\" content=\"summary_large_image\" \/>\n<meta name=\"twitter:label1\" content=\"Ber\u00e4knad l\u00e4stid\" \/>\n\t<meta name=\"twitter:data1\" content=\"2 minut\" \/>\n<!-- \/ Yoast SEO Premium plugin. -->","yoast_head_json":{"title":"Kartor f\u00f6r mammor p\u00e5 distans - Positive Prints","description":"Visa din mamma hur mycket hon betyder f\u00f6r dig: lyft fram de speciella platser som f\u00f6renar er b\u00e5da \u00e4ven n\u00e4r ni \u00e4r l\u00e5ngt ifr\u00e5n varandra","robots":{"index":"index","follow":"follow","max-snippet":"max-snippet:-1","max-image-preview":"max-image-preview:large","max-video-preview":"max-video-preview:-1"},"canonical":"https:\/\/positiveprints.com\/sv\/produkt\/kartor-for-mammor-pa-distans\/","og_locale":"sv_SE","og_type":"article","og_title":"Kartor f\u00f6r mammor p\u00e5 distans","og_description":"Visa din mamma hur mycket hon betyder f\u00f6r dig: lyft fram de speciella platser som f\u00f6renar er b\u00e5da \u00e4ven n\u00e4r ni \u00e4r l\u00e5ngt ifr\u00e5n varandra Markera exakta adresser med en vald symbol Anpassa i 3 enkla steg Inkludera en meningsfull personlig text Se resultatet direkt \u2013 den interaktiva f\u00f6rhandsvisningen l\u00e5ter dig finjustera varje detalj","og_url":"https:\/\/positiveprints.com\/sv\/produkt\/kartor-for-mammor-pa-distans\/","og_site_name":"Positive Prints","article_publisher":"https:\/\/www.facebook.com\/positiveprintscom","article_modified_time":"2026-04-23T10:51:58+00:00","og_image":[{"width":1080,"height":1080,"url":"https:\/\/positiveprints.com\/wp-content\/uploads\/2023\/07\/Kartor-for-mammor-pa-distans.jpg","type":"image\/jpeg"}],"twitter_card":"summary_large_image","twitter_misc":{"Ber\u00e4knad l\u00e4stid":"2 minut"},"schema":{"@context":"https:\/\/schema.org","@graph":[{"@type":["WebPage","ItemPage"],"@id":"https:\/\/positiveprints.com\/sv\/produkt\/kartor-for-mammor-pa-distans\/","url":"https:\/\/positiveprints.com\/sv\/produkt\/kartor-for-mammor-pa-distans\/","name":"Kartor f\u00f6r mammor p\u00e5 distans - Positive Prints","isPartOf":{"@id":"https:\/\/positiveprints.com\/sv\/#website"},"primaryImageOfPage":{"@id":"https:\/\/positiveprints.com\/sv\/produkt\/kartor-for-mammor-pa-distans\/#primaryimage"},"image":{"@id":"https:\/\/positiveprints.com\/sv\/produkt\/kartor-for-mammor-pa-distans\/#primaryimage"},"thumbnailUrl":"https:\/\/positiveprints.com\/wp-content\/uploads\/2025\/02\/Kartor-fo\u0308r-mammor-pa\u030a-distans-1.webp","datePublished":"2022-01-25T20:10:25+00:00","dateModified":"2026-04-23T10:51:58+00:00","description":"Visa din mamma hur mycket hon betyder f\u00f6r dig: lyft fram de speciella platser som f\u00f6renar er b\u00e5da \u00e4ven n\u00e4r ni \u00e4r l\u00e5ngt ifr\u00e5n varandra","breadcrumb":{"@id":"https:\/\/positiveprints.com\/sv\/produkt\/kartor-for-mammor-pa-distans\/#breadcrumb"},"inLanguage":"sv-SE","potentialAction":[{"@type":"ReadAction","target":["https:\/\/positiveprints.com\/sv\/produkt\/kartor-for-mammor-pa-distans\/"]}]},{"@type":"ImageObject","inLanguage":"sv-SE","@id":"https:\/\/positiveprints.com\/sv\/produkt\/kartor-for-mammor-pa-distans\/#primaryimage","url":"https:\/\/positiveprints.com\/wp-content\/uploads\/2025\/02\/Kartor-fo\u0308r-mammor-pa\u030a-distans-1.webp","contentUrl":"https:\/\/positiveprints.com\/wp-content\/uploads\/2025\/02\/Kartor-fo\u0308r-mammor-pa\u030a-distans-1.webp","width":1450,"height":1450},{"@type":"BreadcrumbList","@id":"https:\/\/positiveprints.com\/sv\/produkt\/kartor-for-mammor-pa-distans\/#breadcrumb","itemListElement":[{"@type":"ListItem","position":1,"name":"Home","item":"https:\/\/positiveprints.com\/sv\/"},{"@type":"ListItem","position":2,"name":"Produkter","item":"https:\/\/positiveprints.com\/sv\/shop\/"},{"@type":"ListItem","position":3,"name":"Kartor f\u00f6r mammor p\u00e5 distans"}]},{"@type":"WebSite","@id":"https:\/\/positiveprints.com\/sv\/#website","url":"https:\/\/positiveprints.com\/sv\/","name":"Positive Prints","description":"Amazing Custom Personalized Gifts","publisher":{"@id":"https:\/\/positiveprints.com\/sv\/#organization"},"potentialAction":[{"@type":"SearchAction","target":{"@type":"EntryPoint","urlTemplate":"https:\/\/positiveprints.com\/sv\/?s={search_term_string}"},"query-input":{"@type":"PropertyValueSpecification","valueRequired":true,"valueName":"search_term_string"}}],"inLanguage":"sv-SE"},{"@type":"Organization","@id":"https:\/\/positiveprints.com\/sv\/#organization","name":"Positive Prints","alternateName":"Positive Prints","url":"https:\/\/positiveprints.com\/sv\/","logo":{"@type":"ImageObject","inLanguage":"sv-SE","@id":"https:\/\/positiveprints.com\/sv\/#\/schema\/logo\/image\/","url":"https:\/\/positiveprints.com\/wp-content\/uploads\/2026\/03\/245815646_1337939713319158_5671353136411139666_n.png","contentUrl":"https:\/\/positiveprints.com\/wp-content\/uploads\/2026\/03\/245815646_1337939713319158_5671353136411139666_n.png","width":800,"height":800,"caption":"Positive Prints"},"image":{"@id":"https:\/\/positiveprints.com\/sv\/#\/schema\/logo\/image\/"},"sameAs":["https:\/\/www.facebook.com\/positiveprintscom","https:\/\/www.instagram.com\/positiveprintscom\/","https:\/\/www.tiktok.com\/@positiveprintscom","https:\/\/www.pinterest.com\/positiveprintscom\/"]}]}},"jetpack_sharing_enabled":true,"_links":{"self":[{"href":"https:\/\/positiveprints.com\/sv\/wp-json\/wp\/v2\/product\/361594","targetHints":{"allow":["GET"]}}],"collection":[{"href":"https:\/\/positiveprints.com\/sv\/wp-json\/wp\/v2\/product"}],"about":[{"href":"https:\/\/positiveprints.com\/sv\/wp-json\/wp\/v2\/types\/product"}],"wp:featuredmedia":[{"embeddable":true,"href":"https:\/\/positiveprints.com\/sv\/wp-json\/wp\/v2\/media\/1347514"}],"wp:attachment":[{"href":"https:\/\/positiveprints.com\/sv\/wp-json\/wp\/v2\/media?parent=361594"}],"wp:term":[{"taxonomy":"product_brand","embeddable":true,"href":"https:\/\/positiveprints.com\/sv\/wp-json\/wp\/v2\/product_brand?post=361594"},{"taxonomy":"product_cat","embeddable":true,"href":"https:\/\/positiveprints.com\/sv\/wp-json\/wp\/v2\/product_cat?post=361594"},{"taxonomy":"product_tag","embeddable":true,"href":"https:\/\/positiveprints.com\/sv\/wp-json\/wp\/v2\/product_tag?post=361594"}],"curies":[{"name":"wp","href":"https:\/\/api.w.org\/{rel}","templated":true}]}}