{"id":361579,"date":"2022-02-09T12:29:15","date_gmt":"2022-10-27T11:16:52","guid":{"rendered":"https:\/\/positiveprints.com\/?post_type=product&#038;p=361579"},"modified":"2026-04-12T23:23:07","modified_gmt":"2026-04-12T22:23:07","slug":"pappa-pa-distans-karta","status":"publish","type":"product","link":"https:\/\/positiveprints.com\/sv\/produkt\/pappa-pa-distans-karta\/","title":{"rendered":"Pappa p\u00e5 distans-karta"},"content":{"rendered":"<h2 class=\"grenB f24 cblue\">Vad \u00e4r en pappa p\u00e5 distans-karta?<\/h2>\r\n\r\n<p style=\"margin-top: 1rem\">Det finns ingen b\u00e4ttre k\u00e4nsla \u00e4n att vara n\u00e4ra dem du \u00e4lskar. F\u00f6r mannen som har st\u00e5tt vid din sida sedan dagen du f\u00f6ddes, hj\u00e4lper en pappa p\u00e5 distans-karta att g\u00f6ra avst\u00e5ndet mindre sm\u00e4rtsamt. <\/p>\r\n\r\n<p style=\"margin-top: 1rem\">Denna tredelade karta visar en liten del av v\u00e4rlden du delar. Identifiera dina nuvarande hem f\u00f6r dig och dina syskon, platserna ni reste tillsammans eller till och med alla era barndomshem. Det \u00e4r din karta, ditt s\u00e4tt.  <\/p>\r\n\r\n \r\n<h2 class=\"grenB f24 cblue\" style=\"margin-top: 3rem\">L\u00e5ngdistanskartor \u00e4r fantastiska fars dag-presenter!<\/h2>\r\n\r\n<p style=\"margin-top: 1rem\">\u00c4ven om det fysiska avst\u00e5ndet kan h\u00e5lla er is\u00e4r, kan en present till din pappa hj\u00e4lpa er att k\u00e4nna er n\u00e4rmare \u00e4n n\u00e5gonsin. Din pappa kommer att t\u00e4nka p\u00e5 dig varje g\u00e5ng han ser kartan p\u00e5 sin v\u00e4gg, dessutom kommer han alltid ha en fantastisk historia att ber\u00e4tta f\u00f6r g\u00e4sterna som bes\u00f6ker. <\/p>\r\n\r\n<p style=\"margin-top: 1rem\">Att g\u00f6ra din anpassade karta \u00e4r lika enkelt som A, B, C! V\u00e5r interaktiva redigeringsprogram g\u00f6r det mesta av jobbet \u00e5t dig. V\u00e4lj ditt f\u00e4rgschema, kartform och andra f\u00f6rdefinierade detaljer, och l\u00e4gg sedan till alla de speciella detaljer som kommer att ge mening till din g\u00e5va. V\u00e4lj tre platser att visa p\u00e5 ditt tryck, samt ett favoritcitat, s\u00e5ngtexter, skriftst\u00e4lle, datum eller annan text. Klura sedan lite p\u00e5 logistiken s\u00e5 tar vi det d\u00e4rifr\u00e5n! <\/p>\r\n\r\n<p style=\"margin-top: 1rem\">L\u00e5ngdistanskartor \u00e4r en fantastisk fars dag-present som pappor kommer att v\u00e4rna om f\u00f6r alltid. Skapa g\u00e5van som forts\u00e4tter att ge \u2013 kom ig\u00e5ng h\u00e4r.<\/p>","protected":false},"excerpt":{"rendered":"<ul class=\"check-list\">\n<li>Designa en karta som visar var din pappa och dina syskon bor &#8211; oavsett hur m\u00e5nga kilometer det \u00e4r mellan er<\/li>\n<li>Markera exakta adresser med en vald symbol<\/li>\n<li>Anpassa i 3 enkla steg<\/li>\n<li>Inkludera en meningsfull personlig text<\/li>\n<li>Se resultatet direkt \u2013 den interaktiva f\u00f6rhandsvisningen l\u00e5ter dig finjustera varje detalj<\/li>\n<\/ul>\n","protected":false},"featured_media":1468123,"template":"","meta":[],"product_brand":[],"product_cat":[7982,9120],"product_tag":[8560],"class_list":{"0":"post-361579","1":"product","2":"type-product","3":"status-publish","4":"has-post-thumbnail","6":"product_cat-gavor-till-pappa","7":"product_cat-triple-maps-sv","8":"product_tag-father-sv","10":"first","11":"instock","12":"sale","13":"taxable","14":"shipping-taxable","15":"purchasable","16":"product-type-variable"},"yoast_head":"<!-- This site is optimized with the Yoast SEO Premium plugin v27.2 (Yoast SEO v27.2) - https:\/\/yoast.com\/product\/yoast-seo-premium-wordpress\/ -->\n<title>Pappa p\u00e5 distans-karta - Positive Prints<\/title>\n<meta name=\"description\" content=\"F\u00f6r mannen som har st\u00e5tt vid din sida sedan dagen du f\u00f6ddes, hj\u00e4lper en pappa p\u00e5 distans-karta att g\u00f6ra avst\u00e5ndet mindre sm\u00e4rtsamt\" \/>\n<meta name=\"robots\" content=\"index, follow, max-snippet:-1, max-image-preview:large, max-video-preview:-1\" \/>\n<link rel=\"canonical\" href=\"https:\/\/positiveprints.com\/sv\/produkt\/pappa-pa-distans-karta\/\" \/>\n<meta property=\"og:locale\" content=\"sv_SE\" \/>\n<meta property=\"og:type\" content=\"article\" \/>\n<meta property=\"og:title\" content=\"Pappa p\u00e5 distans-karta\" \/>\n<meta property=\"og:description\" content=\"Designa en karta som visar var din pappa och dina syskon bor - oavsett hur m\u00e5nga kilometer det \u00e4r mellan er Markera exakta adresser med en vald symbol Anpassa i 3 enkla steg Inkludera en meningsfull personlig text Se resultatet direkt \u2013 den interaktiva f\u00f6rhandsvisningen l\u00e5ter dig finjustera varje detalj\" \/>\n<meta property=\"og:url\" content=\"https:\/\/positiveprints.com\/sv\/produkt\/pappa-pa-distans-karta\/\" \/>\n<meta property=\"og:site_name\" content=\"Positive Prints\" \/>\n<meta property=\"article:publisher\" content=\"https:\/\/www.facebook.com\/positiveprintscom\" \/>\n<meta property=\"article:modified_time\" content=\"2026-04-12T22:23:07+00:00\" \/>\n<meta property=\"og:image\" content=\"https:\/\/positiveprints.com\/wp-content\/uploads\/2023\/07\/Pappa-pa-distans-karta.jpg\" \/>\n\t<meta property=\"og:image:width\" content=\"1080\" \/>\n\t<meta property=\"og:image:height\" content=\"1080\" \/>\n\t<meta property=\"og:image:type\" content=\"image\/jpeg\" \/>\n<meta name=\"twitter:card\" content=\"summary_large_image\" \/>\n<meta name=\"twitter:label1\" content=\"Ber\u00e4knad l\u00e4stid\" \/>\n\t<meta name=\"twitter:data1\" content=\"2 minut\" \/>\n<!-- \/ Yoast SEO Premium plugin. -->","yoast_head_json":{"title":"Pappa p\u00e5 distans-karta - Positive Prints","description":"F\u00f6r mannen som har st\u00e5tt vid din sida sedan dagen du f\u00f6ddes, hj\u00e4lper en pappa p\u00e5 distans-karta att g\u00f6ra avst\u00e5ndet mindre sm\u00e4rtsamt","robots":{"index":"index","follow":"follow","max-snippet":"max-snippet:-1","max-image-preview":"max-image-preview:large","max-video-preview":"max-video-preview:-1"},"canonical":"https:\/\/positiveprints.com\/sv\/produkt\/pappa-pa-distans-karta\/","og_locale":"sv_SE","og_type":"article","og_title":"Pappa p\u00e5 distans-karta","og_description":"Designa en karta som visar var din pappa och dina syskon bor - oavsett hur m\u00e5nga kilometer det \u00e4r mellan er Markera exakta adresser med en vald symbol Anpassa i 3 enkla steg Inkludera en meningsfull personlig text Se resultatet direkt \u2013 den interaktiva f\u00f6rhandsvisningen l\u00e5ter dig finjustera varje detalj","og_url":"https:\/\/positiveprints.com\/sv\/produkt\/pappa-pa-distans-karta\/","og_site_name":"Positive Prints","article_publisher":"https:\/\/www.facebook.com\/positiveprintscom","article_modified_time":"2026-04-12T22:23:07+00:00","og_image":[{"width":1080,"height":1080,"url":"https:\/\/positiveprints.com\/wp-content\/uploads\/2023\/07\/Pappa-pa-distans-karta.jpg","type":"image\/jpeg"}],"twitter_card":"summary_large_image","twitter_misc":{"Ber\u00e4knad l\u00e4stid":"2 minut"},"schema":{"@context":"https:\/\/schema.org","@graph":[{"@type":["WebPage","ItemPage"],"@id":"https:\/\/positiveprints.com\/sv\/produkt\/pappa-pa-distans-karta\/","url":"https:\/\/positiveprints.com\/sv\/produkt\/pappa-pa-distans-karta\/","name":"Pappa p\u00e5 distans-karta - Positive Prints","isPartOf":{"@id":"https:\/\/positiveprints.com\/sv\/#website"},"primaryImageOfPage":{"@id":"https:\/\/positiveprints.com\/sv\/produkt\/pappa-pa-distans-karta\/#primaryimage"},"image":{"@id":"https:\/\/positiveprints.com\/sv\/produkt\/pappa-pa-distans-karta\/#primaryimage"},"thumbnailUrl":"https:\/\/positiveprints.com\/wp-content\/uploads\/2025\/07\/Packshot_SE_Pappa-pa\u030a-distans-karta.webp","datePublished":"2022-10-27T11:16:52+00:00","dateModified":"2026-04-12T22:23:07+00:00","description":"F\u00f6r mannen som har st\u00e5tt vid din sida sedan dagen du f\u00f6ddes, hj\u00e4lper en pappa p\u00e5 distans-karta att g\u00f6ra avst\u00e5ndet mindre sm\u00e4rtsamt","breadcrumb":{"@id":"https:\/\/positiveprints.com\/sv\/produkt\/pappa-pa-distans-karta\/#breadcrumb"},"inLanguage":"sv-SE","potentialAction":[{"@type":"ReadAction","target":["https:\/\/positiveprints.com\/sv\/produkt\/pappa-pa-distans-karta\/"]}]},{"@type":"ImageObject","inLanguage":"sv-SE","@id":"https:\/\/positiveprints.com\/sv\/produkt\/pappa-pa-distans-karta\/#primaryimage","url":"https:\/\/positiveprints.com\/wp-content\/uploads\/2025\/07\/Packshot_SE_Pappa-pa\u030a-distans-karta.webp","contentUrl":"https:\/\/positiveprints.com\/wp-content\/uploads\/2025\/07\/Packshot_SE_Pappa-pa\u030a-distans-karta.webp","width":1450,"height":1450},{"@type":"BreadcrumbList","@id":"https:\/\/positiveprints.com\/sv\/produkt\/pappa-pa-distans-karta\/#breadcrumb","itemListElement":[{"@type":"ListItem","position":1,"name":"Home","item":"https:\/\/positiveprints.com\/sv\/"},{"@type":"ListItem","position":2,"name":"Produkter","item":"https:\/\/positiveprints.com\/sv\/shop\/"},{"@type":"ListItem","position":3,"name":"Pappa p\u00e5 distans-karta"}]},{"@type":"WebSite","@id":"https:\/\/positiveprints.com\/sv\/#website","url":"https:\/\/positiveprints.com\/sv\/","name":"Positive Prints","description":"Amazing Custom Personalized Gifts","publisher":{"@id":"https:\/\/positiveprints.com\/sv\/#organization"},"potentialAction":[{"@type":"SearchAction","target":{"@type":"EntryPoint","urlTemplate":"https:\/\/positiveprints.com\/sv\/?s={search_term_string}"},"query-input":{"@type":"PropertyValueSpecification","valueRequired":true,"valueName":"search_term_string"}}],"inLanguage":"sv-SE"},{"@type":"Organization","@id":"https:\/\/positiveprints.com\/sv\/#organization","name":"Positive Prints","alternateName":"Positive Prints","url":"https:\/\/positiveprints.com\/sv\/","logo":{"@type":"ImageObject","inLanguage":"sv-SE","@id":"https:\/\/positiveprints.com\/sv\/#\/schema\/logo\/image\/","url":"https:\/\/positiveprints.com\/wp-content\/uploads\/2026\/03\/245815646_1337939713319158_5671353136411139666_n.png","contentUrl":"https:\/\/positiveprints.com\/wp-content\/uploads\/2026\/03\/245815646_1337939713319158_5671353136411139666_n.png","width":800,"height":800,"caption":"Positive Prints"},"image":{"@id":"https:\/\/positiveprints.com\/sv\/#\/schema\/logo\/image\/"},"sameAs":["https:\/\/www.facebook.com\/positiveprintscom","https:\/\/www.instagram.com\/positiveprintscom\/","https:\/\/www.tiktok.com\/@positiveprintscom","https:\/\/www.pinterest.com\/positiveprintscom\/"]}]}},"jetpack_sharing_enabled":true,"_links":{"self":[{"href":"https:\/\/positiveprints.com\/sv\/wp-json\/wp\/v2\/product\/361579","targetHints":{"allow":["GET"]}}],"collection":[{"href":"https:\/\/positiveprints.com\/sv\/wp-json\/wp\/v2\/product"}],"about":[{"href":"https:\/\/positiveprints.com\/sv\/wp-json\/wp\/v2\/types\/product"}],"wp:featuredmedia":[{"embeddable":true,"href":"https:\/\/positiveprints.com\/sv\/wp-json\/wp\/v2\/media\/1468123"}],"wp:attachment":[{"href":"https:\/\/positiveprints.com\/sv\/wp-json\/wp\/v2\/media?parent=361579"}],"wp:term":[{"taxonomy":"product_brand","embeddable":true,"href":"https:\/\/positiveprints.com\/sv\/wp-json\/wp\/v2\/product_brand?post=361579"},{"taxonomy":"product_cat","embeddable":true,"href":"https:\/\/positiveprints.com\/sv\/wp-json\/wp\/v2\/product_cat?post=361579"},{"taxonomy":"product_tag","embeddable":true,"href":"https:\/\/positiveprints.com\/sv\/wp-json\/wp\/v2\/product_tag?post=361579"}],"curies":[{"name":"wp","href":"https:\/\/api.w.org\/{rel}","templated":true}]}}