{"id":361552,"date":"2022-07-22T21:10:07","date_gmt":"2022-07-22T20:10:07","guid":{"rendered":"https:\/\/positiveprints.com\/?post_type=product&#038;p=361552"},"modified":"2026-04-03T03:31:01","modified_gmt":"2026-04-03T02:31:01","slug":"jag-alskar-dig-mamma-ljudvagskonst","status":"publish","type":"product","link":"https:\/\/positiveprints.com\/sv\/produkt\/jag-alskar-dig-mamma-ljudvagskonst\/","title":{"rendered":"Jag \u00e4lskar dig mamma-ljudv\u00e5gskonst"},"content":{"rendered":"<h2 class=\"grenB f24 cblue\" style=\"margin-top: 3rem\">Vad \u00e4r Ljudv\u00e5gskonst och hur kan man anpassa den till sin mamma?<\/h2>\n\n\n\n<p style=\"margin-top: 1rem\">Varje ord du s\u00e4ger kan h\u00f6ras genom \u00f6ronen. Och med r\u00e4tt verktyg \u2014 ses med \u00f6gonen. Ljud f\u00e4rdas i v\u00e5gor och vi kan f\u00f6rvandla din r\u00f6st till bildkonst. <\/p>\n\n\n\n<p style=\"margin-top: 1rem\">Det finns ingen b\u00e4ttre anv\u00e4ndning f\u00f6r <a href=\"https:\/\/positiveprints.com\/sv\/produkt\/ljudvagskonst\/\">ljudv\u00e5gskonst<\/a> \u00e4n som en present p\u00e5 mors dag. Positive Prints erbjuder \u201cJag \u00e4lskar dig mamma\u201d-ljudv\u00e5gskonst som \u00e4r perfekt f\u00f6r att \u00f6verraska och gl\u00e4dja din mamma, f\u00f6r det \u00e4r inte vilken ljudv\u00e5g som helst. Det \u00e4r konst skapad av din r\u00f6st! Detta g\u00f6r den verkligen unik, och du kan g\u00f6ra hennes dag genom att visa hur du gjorde det lilla extra f\u00f6r att ge henne n\u00e5got som ingen annan har.<\/p>\n\n\n\n\n\n<h2 class=\"grenB f24 cblue\" style=\"margin-top: 3rem\">S\u00e5 h\u00e4r skapar du din \u201cJag \u00e4lskar dig mamma\u201d-g\u00e5va<\/h2>\n\n\n\n<p style=\"margin-top: 1rem\">Positive Prints ger anpassade konstverk inom r\u00e4ckh\u00e5ll f\u00f6r alla med v\u00e5r l\u00e4ttanv\u00e4nda interaktiva redigerare. P\u00e5 n\u00e5gra minuter kommer du att kunna skapa din egen \u201cJag \u00e4lskar dig mamma\u201d-ljudv\u00e5gskonst i den design du v\u00e4ljer. <\/p>\n\n\n\n<p style=\"margin-top: 1rem\">Spela in dig sj\u00e4lv och s\u00e4ger jag \u00e4lskar dig mamma (eller n\u00e5got annat som \u00e4r speciellt f\u00f6r dig!). Ladda upp den till v\u00e5r sida s\u00e5 f\u00f6rvandlar vi ditt ljud till en visuell ljudv\u00e5g. V\u00e4lj sedan dina f\u00e4rger och anpassa ditt tryck s\u00e5 att allt handlar om dig och din mamma. Det \u00e4r den perfekta presenten f\u00f6r att visa k\u00e4rlek p\u00e5 mors dag, f\u00f6delsedagar eller n\u00e4r som helst du vill p\u00e5minna din mamma om hur mycket du \u00e4lskar henne.<\/p>\n\n\n\n\n\n<h2 class=\"grenB f24 cblue\" style=\"margin-top: 3rem\">Kom ig\u00e5ng nu!<\/h2>\n\n\n\n<p style=\"margin-top: 1rem\">B\u00f6rja skapa din ljudv\u00e5gskonst idag och ge din mamma en g\u00e5va som forts\u00e4tter att ge!<\/p>","protected":false},"excerpt":{"rendered":"<ul class=\"check-list\">\n<li>Hedra din mammas n\u00e4rvaro i ditt liv och skapa en varaktig hyllning till ert f\u00f6rh\u00e5llande<\/li>\n<li>Ladda bara upp en ljudfil<\/li>\n<li>L\u00e4gg till en QR-kod och skanna den f\u00f6r att spela upp din favoritl\u00e5t<\/li>\n<li>Anpassa i 3 enkla steg<\/li>\n<li>V\u00e4lj en mall eller var kreativ<\/li>\n<\/ul>\n","protected":false},"featured_media":322096,"template":"","meta":[],"product_brand":[],"product_cat":[8108,8113,7487,7710,11474],"product_tag":[11833,8409],"class_list":{"0":"post-361552","1":"product","2":"type-product","3":"status-publish","4":"has-post-thumbnail","6":"product_cat-julpresenter","7":"product_cat-mors-dag-presenter","8":"product_cat-soundwave-sv","9":"product_cat-gavor-till-mamma","10":"product_cat-julklappar-till-mamma","11":"product_tag-julklappar-till-mamma","12":"product_tag-mother-sv","14":"first","15":"instock","16":"sale","17":"taxable","18":"shipping-taxable","19":"purchasable","20":"product-type-variable"},"yoast_head":"<!-- This site is optimized with the Yoast SEO Premium plugin v27.2 (Yoast SEO v27.2) - https:\/\/yoast.com\/product\/yoast-seo-premium-wordpress\/ -->\n<title>Jag \u00e4lskar dig mamma-ljudv\u00e5gskonst - Positive Prints<\/title>\n<meta name=\"description\" content=\"Jag \u00e4lskar dig kan vara v\u00e4rldens s\u00f6taste ljud, s\u00e4rskilt n\u00e4r det kommer fr\u00e5n n\u00e5gon du \u00e4lskar. F\u00f6rvandla dina ord till Jag \u00e4lskar dig-ljudv\u00e5gskonst\" \/>\n<meta name=\"robots\" content=\"index, follow, max-snippet:-1, max-image-preview:large, max-video-preview:-1\" \/>\n<link rel=\"canonical\" href=\"https:\/\/positiveprints.com\/sv\/produkt\/jag-alskar-dig-mamma-ljudvagskonst\/\" \/>\n<meta property=\"og:locale\" content=\"sv_SE\" \/>\n<meta property=\"og:type\" content=\"article\" \/>\n<meta property=\"og:title\" content=\"Jag \u00e4lskar dig mamma-ljudv\u00e5gskonst\" \/>\n<meta property=\"og:description\" content=\"Hedra din mammas n\u00e4rvaro i ditt liv och skapa en varaktig hyllning till ert f\u00f6rh\u00e5llande Ladda bara upp en ljudfil L\u00e4gg till en QR-kod och skanna den f\u00f6r att spela upp din favoritl\u00e5t Anpassa i 3 enkla steg V\u00e4lj en mall eller var kreativ\" \/>\n<meta property=\"og:url\" content=\"https:\/\/positiveprints.com\/sv\/produkt\/jag-alskar-dig-mamma-ljudvagskonst\/\" \/>\n<meta property=\"og:site_name\" content=\"Positive Prints\" \/>\n<meta property=\"article:publisher\" content=\"https:\/\/www.facebook.com\/positiveprintscom\" \/>\n<meta property=\"article:modified_time\" content=\"2026-04-03T02:31:01+00:00\" \/>\n<meta property=\"og:image\" content=\"https:\/\/positiveprints.com\/wp-content\/uploads\/2022\/07\/i-love-you-mommy-soundwave-art.jpg\" \/>\n\t<meta property=\"og:image:width\" content=\"1080\" \/>\n\t<meta property=\"og:image:height\" content=\"1080\" \/>\n\t<meta property=\"og:image:type\" content=\"image\/jpeg\" \/>\n<meta name=\"twitter:card\" content=\"summary_large_image\" \/>\n<meta name=\"twitter:label1\" content=\"Ber\u00e4knad l\u00e4stid\" \/>\n\t<meta name=\"twitter:data1\" content=\"2 minut\" \/>\n<!-- \/ Yoast SEO Premium plugin. -->","yoast_head_json":{"title":"Jag \u00e4lskar dig mamma-ljudv\u00e5gskonst - Positive Prints","description":"Jag \u00e4lskar dig kan vara v\u00e4rldens s\u00f6taste ljud, s\u00e4rskilt n\u00e4r det kommer fr\u00e5n n\u00e5gon du \u00e4lskar. F\u00f6rvandla dina ord till Jag \u00e4lskar dig-ljudv\u00e5gskonst","robots":{"index":"index","follow":"follow","max-snippet":"max-snippet:-1","max-image-preview":"max-image-preview:large","max-video-preview":"max-video-preview:-1"},"canonical":"https:\/\/positiveprints.com\/sv\/produkt\/jag-alskar-dig-mamma-ljudvagskonst\/","og_locale":"sv_SE","og_type":"article","og_title":"Jag \u00e4lskar dig mamma-ljudv\u00e5gskonst","og_description":"Hedra din mammas n\u00e4rvaro i ditt liv och skapa en varaktig hyllning till ert f\u00f6rh\u00e5llande Ladda bara upp en ljudfil L\u00e4gg till en QR-kod och skanna den f\u00f6r att spela upp din favoritl\u00e5t Anpassa i 3 enkla steg V\u00e4lj en mall eller var kreativ","og_url":"https:\/\/positiveprints.com\/sv\/produkt\/jag-alskar-dig-mamma-ljudvagskonst\/","og_site_name":"Positive Prints","article_publisher":"https:\/\/www.facebook.com\/positiveprintscom","article_modified_time":"2026-04-03T02:31:01+00:00","og_image":[{"width":1080,"height":1080,"url":"https:\/\/positiveprints.com\/wp-content\/uploads\/2022\/07\/i-love-you-mommy-soundwave-art.jpg","type":"image\/jpeg"}],"twitter_card":"summary_large_image","twitter_misc":{"Ber\u00e4knad l\u00e4stid":"2 minut"},"schema":{"@context":"https:\/\/schema.org","@graph":[{"@type":["WebPage","ItemPage"],"@id":"https:\/\/positiveprints.com\/sv\/produkt\/jag-alskar-dig-mamma-ljudvagskonst\/","url":"https:\/\/positiveprints.com\/sv\/produkt\/jag-alskar-dig-mamma-ljudvagskonst\/","name":"Jag \u00e4lskar dig mamma-ljudv\u00e5gskonst - Positive Prints","isPartOf":{"@id":"https:\/\/positiveprints.com\/sv\/#website"},"primaryImageOfPage":{"@id":"https:\/\/positiveprints.com\/sv\/produkt\/jag-alskar-dig-mamma-ljudvagskonst\/#primaryimage"},"image":{"@id":"https:\/\/positiveprints.com\/sv\/produkt\/jag-alskar-dig-mamma-ljudvagskonst\/#primaryimage"},"thumbnailUrl":"https:\/\/positiveprints.com\/wp-content\/uploads\/2022\/07\/i-love-you-mommy-soundwave-art.jpg","datePublished":"2022-07-22T20:10:07+00:00","dateModified":"2026-04-03T02:31:01+00:00","description":"Jag \u00e4lskar dig kan vara v\u00e4rldens s\u00f6taste ljud, s\u00e4rskilt n\u00e4r det kommer fr\u00e5n n\u00e5gon du \u00e4lskar. F\u00f6rvandla dina ord till Jag \u00e4lskar dig-ljudv\u00e5gskonst","breadcrumb":{"@id":"https:\/\/positiveprints.com\/sv\/produkt\/jag-alskar-dig-mamma-ljudvagskonst\/#breadcrumb"},"inLanguage":"sv-SE","potentialAction":[{"@type":"ReadAction","target":["https:\/\/positiveprints.com\/sv\/produkt\/jag-alskar-dig-mamma-ljudvagskonst\/"]}]},{"@type":"ImageObject","inLanguage":"sv-SE","@id":"https:\/\/positiveprints.com\/sv\/produkt\/jag-alskar-dig-mamma-ljudvagskonst\/#primaryimage","url":"https:\/\/positiveprints.com\/wp-content\/uploads\/2022\/07\/i-love-you-mommy-soundwave-art.jpg","contentUrl":"https:\/\/positiveprints.com\/wp-content\/uploads\/2022\/07\/i-love-you-mommy-soundwave-art.jpg","width":1080,"height":1080,"caption":"Turn your \u201cI Love You Mom\u201d into custom soundwave art"},{"@type":"BreadcrumbList","@id":"https:\/\/positiveprints.com\/sv\/produkt\/jag-alskar-dig-mamma-ljudvagskonst\/#breadcrumb","itemListElement":[{"@type":"ListItem","position":1,"name":"Home","item":"https:\/\/positiveprints.com\/sv\/"},{"@type":"ListItem","position":2,"name":"Produkter","item":"https:\/\/positiveprints.com\/sv\/shop\/"},{"@type":"ListItem","position":3,"name":"Jag \u00e4lskar dig mamma-ljudv\u00e5gskonst"}]},{"@type":"WebSite","@id":"https:\/\/positiveprints.com\/sv\/#website","url":"https:\/\/positiveprints.com\/sv\/","name":"Positive Prints","description":"Amazing Custom Personalized Gifts","publisher":{"@id":"https:\/\/positiveprints.com\/sv\/#organization"},"potentialAction":[{"@type":"SearchAction","target":{"@type":"EntryPoint","urlTemplate":"https:\/\/positiveprints.com\/sv\/?s={search_term_string}"},"query-input":{"@type":"PropertyValueSpecification","valueRequired":true,"valueName":"search_term_string"}}],"inLanguage":"sv-SE"},{"@type":"Organization","@id":"https:\/\/positiveprints.com\/sv\/#organization","name":"Positive Prints","alternateName":"Positive Prints","url":"https:\/\/positiveprints.com\/sv\/","logo":{"@type":"ImageObject","inLanguage":"sv-SE","@id":"https:\/\/positiveprints.com\/sv\/#\/schema\/logo\/image\/","url":"https:\/\/positiveprints.com\/wp-content\/uploads\/2026\/03\/245815646_1337939713319158_5671353136411139666_n.png","contentUrl":"https:\/\/positiveprints.com\/wp-content\/uploads\/2026\/03\/245815646_1337939713319158_5671353136411139666_n.png","width":800,"height":800,"caption":"Positive Prints"},"image":{"@id":"https:\/\/positiveprints.com\/sv\/#\/schema\/logo\/image\/"},"sameAs":["https:\/\/www.facebook.com\/positiveprintscom","https:\/\/www.instagram.com\/positiveprintscom\/","https:\/\/www.tiktok.com\/@positiveprintscom","https:\/\/www.pinterest.com\/positiveprintscom\/"]}]}},"jetpack_sharing_enabled":true,"_links":{"self":[{"href":"https:\/\/positiveprints.com\/sv\/wp-json\/wp\/v2\/product\/361552","targetHints":{"allow":["GET"]}}],"collection":[{"href":"https:\/\/positiveprints.com\/sv\/wp-json\/wp\/v2\/product"}],"about":[{"href":"https:\/\/positiveprints.com\/sv\/wp-json\/wp\/v2\/types\/product"}],"wp:featuredmedia":[{"embeddable":true,"href":"https:\/\/positiveprints.com\/sv\/wp-json\/wp\/v2\/media\/322096"}],"wp:attachment":[{"href":"https:\/\/positiveprints.com\/sv\/wp-json\/wp\/v2\/media?parent=361552"}],"wp:term":[{"taxonomy":"product_brand","embeddable":true,"href":"https:\/\/positiveprints.com\/sv\/wp-json\/wp\/v2\/product_brand?post=361552"},{"taxonomy":"product_cat","embeddable":true,"href":"https:\/\/positiveprints.com\/sv\/wp-json\/wp\/v2\/product_cat?post=361552"},{"taxonomy":"product_tag","embeddable":true,"href":"https:\/\/positiveprints.com\/sv\/wp-json\/wp\/v2\/product_tag?post=361552"}],"curies":[{"name":"wp","href":"https:\/\/api.w.org\/{rel}","templated":true}]}}