{"id":361337,"date":"2022-02-21T22:18:26","date_gmt":"2022-02-21T21:18:26","guid":{"rendered":"https:\/\/positiveprints.com\/?post_type=product&#038;p=361337"},"modified":"2026-04-18T07:02:03","modified_gmt":"2026-04-18T06:02:03","slug":"brollopskarta","status":"publish","type":"product","link":"https:\/\/positiveprints.com\/sv\/produkt\/brollopskarta\/","title":{"rendered":"Br\u00f6llopskarta"},"content":{"rendered":"Din br\u00f6llopsdag \u00e4r en milstolpe som b\u00f6rjade l\u00e5ngt innan du valde skor, kl\u00e4nning, lokal och blommor. Fira dagen under resten av ert liv tillsammans med en g\u00e5va i form av en anpassad br\u00f6llopskarta.\r\n<h2 class=\"grenB f24 cblue\" style=\"margin-top: 3rem;\">Vad \u00e4r en br\u00f6llopskarta?<\/h2>\r\n<p style=\"margin-top: 1rem;\">Din anpassade br\u00f6llopskarta kan illustrera platsen d\u00e4r du f\u00f6rst tr\u00e4ffade din livstids k\u00e4rlek, platsen d\u00e4r ni b\u00e5da sa jag vill eller sist men inte minst, platsen d\u00e4r du sa jag g\u00f6r! V\u00e5ra kartor visar en hj\u00e4rtformad symbol f\u00f6r var magin h\u00e4nde s\u00e5 att du kan bes\u00f6ka platsen om och om igen.<\/p>\r\n\r\n<h2 class=\"grenB f24 cblue\" style=\"margin-top: 3rem;\">Id\u00e9er f\u00f6r en present med br\u00f6llopskarta<\/h2>\r\n<p style=\"margin-top: 1rem;\">En g\u00e5va i form av en br\u00f6llopskarta med tryck \u00e4r ett vackert s\u00e4tt att illustrera en del av er k\u00e4rlekshistoria. Det \u00e4r ett konstverk som \u00e4r unikt f\u00f6r varje par, ett konstverk som kan f\u00f6ras vidare genom generationer och ge en tillbakablick i tiden.<\/p>\r\n<p style=\"margin-top: 1rem;\">F\u00f6r att f\u00e5 ut det mesta av din v\u00e4rdefulla g\u00e5va kan du anpassa den med text, s\u00e5ngtexter, citat, datum eller n\u00e5got annat som g\u00f6r den \u00e4nnu mer sentimental. N\u00e5gra av v\u00e5ra favoriter inkluderar:<\/p>\r\n<p style=\"margin-top: 1rem;\">&#8211; &#8220;Evigheten b\u00f6rjar.&#8221;<br>\r\n&#8211; &#8220;Det g\u00f6r jag&#8230; f\u00f6r alltid.&#8221;<br>\r\n&#8211; &#8220;Du \u00e4r min dag och alla mina morgondagar.&#8221;<br>\r\n&#8211; &#8220;Och de tv\u00e5 skall bli ett.&#8221;<br>\r\n&#8211; &#8220;Tillsammans bygger vi ett liv som vi \u00e4lskar.&#8221;<\/p>\r\n<p style=\"margin-top: 1rem;\">M\u00e5nga av v\u00e5ra kunder p\u00e5 Positive Prints v\u00e4ljer en br\u00f6llopskarta som g\u00e5va f\u00f6r att \u00f6verraska en n\u00e4ra och k\u00e4ra p\u00e5 deras \u00e5rsdag, alla hj\u00e4rtans dag, f\u00f6delsedag eller annan h\u00f6gtid. Eller om du firar ett speciellt par i ditt liv kan du \u00f6verraska dem med denna <a href=\"https:\/\/positiveprints.com\/wedding-gifts\/\">personliga br\u00f6llopsg\u00e5va<\/a> som blir deras f\u00f6rsta konstverk i deras nya hem.<\/p>\r\n<p style=\"margin-top: 1rem;\">Hur du v\u00e4ljer att dela med dig av din ber\u00e4ttelse \u00e4r upp till dig!<\/p>\r\n\r\n<h2 class=\"grenB f24 cblue\" style=\"margin-top: 3rem;\">Personifiera din br\u00f6llopskarta med positiva tryck<\/h2>\r\n<p style=\"margin-top: 1rem;\">Varje karta vi g\u00f6r p\u00e5 Positive Prints anv\u00e4nder den senaste GPS-tekniken och ger dig kontroll \u00f6ver den slutliga utformningen. V\u00e5r kartskapare g\u00f6r det enkelt f\u00f6r dig att v\u00e4lja hur ditt <a href=\"https:\/\/positiveprints.com\/product\/custom-map-art\/\">anpassade karttryck<\/a> ska se ut.<\/p>\r\n<p style=\"margin-top: 1rem;\">Varje <a href=\"https:\/\/positiveprints.com\/wedding-gifts\/\">br\u00f6llopsg\u00e5va<\/a> b\u00f6rjar med en grundl\u00e4ggande design. V\u00e4lj kartform och f\u00e4rgschema, inklusive unika alternativ som strandglas eller vintagef\u00e4rger, eller skapa ditt eget f\u00e4rgschema f\u00f6r att matcha din heminredning.<\/p>\r\n<p style=\"margin-top: 1rem;\">D\u00e4refter v\u00e4ljer du platsen f\u00f6r din speciella dag. Det kan vara adressen till er br\u00f6llopslokal, platsen f\u00f6r er f\u00f6rsta dejt eller platsen d\u00e4r ni best\u00e4mde er f\u00f6r att vara tillsammans f\u00f6r alltid. Inkludera anpassad text f\u00f6r att lyfta fram platsens betydelse, till exempel platsens namn eller datumet f\u00f6r din speciella dag. Eller s\u00e5 kan du anv\u00e4nda ett favoritcitat eller en diktrad. Det finns inget fel s\u00e4tt att anpassa!<\/p>\r\n<p style=\"margin-top: 1rem;\">Sist men inte minst v\u00e4ljer du hur du vill f\u00e5 din br\u00f6llopskarta utskriven: digital nedladdning, utskrift i pappersformat eller utskrift p\u00e5 duk.<\/p>\r\n\r\n<h2 class=\"grenB f24 cblue\" style=\"margin-top: 3rem;\">B\u00f6rja skapa din egen br\u00f6llopskarta!<\/h2>\r\n<p style=\"margin-top: 1rem;\">Varje br\u00f6llopskarta \u00e4r verkligen unik i sitt slag. Er k\u00e4rlek \u00e4r o\u00f6vertr\u00e4ffad och f\u00f6rtj\u00e4nar att delas. Skapa ditt eget tryck p\u00e5 br\u00f6llopskartan och ber\u00e4tta din historia f\u00f6r alla som kommer in i ditt hem.<\/p>","protected":false},"excerpt":{"rendered":"\n<ul class=\"check-list\">\n<li>Markera en speciell plats med en utvald symbol<\/li>\n<li>Anpassa i 3 enkla steg<\/li>\n<li>Inkludera en meningsfull personlig text<\/li>\n<li>Se resultatet direkt \u2013 den interaktiva f\u00f6rhandsvisningen l\u00e5ter dig finjustera varje detalj<\/li>\n<\/ul>\n","protected":false},"featured_media":1213968,"template":"","meta":[],"product_brand":[],"product_cat":[9281,7934,8120,9119,9767],"product_tag":[13794,15071],"class_list":{"0":"post-361337","1":"product","2":"type-product","3":"status-publish","4":"has-post-thumbnail","6":"product_cat-bestsellers-label-sv","7":"product_cat-gavor-till-brollopsdusch","8":"product_cat-brollopspresenter-presenttillfallen","9":"product_cat-map-sv","10":"product_cat-trending-label-sv","11":"product_tag-karta-over-brollopslokalen","12":"product_tag-wedding-pl-sv","14":"first","15":"instock","16":"sale","17":"taxable","18":"shipping-taxable","19":"purchasable","20":"product-type-variable"},"yoast_head":"<!-- This site is optimized with the Yoast SEO Premium plugin v27.2 (Yoast SEO v27.2) - https:\/\/yoast.com\/product\/yoast-seo-premium-wordpress\/ -->\n<title>Br\u00f6llopskarta - Personlig br\u00f6llopsg\u00e5va - Positive Prints<\/title>\n<meta name=\"description\" content=\"En g\u00e5va i form av en br\u00f6llopskarta \u00e4r ett s\u00e5 vackert s\u00e4tt att illustrera en del av er k\u00e4rlekshistoria.\" \/>\n<meta name=\"robots\" content=\"index, follow, max-snippet:-1, max-image-preview:large, max-video-preview:-1\" \/>\n<link rel=\"canonical\" href=\"https:\/\/positiveprints.com\/sv\/produkt\/brollopskarta\/\" \/>\n<meta property=\"og:locale\" content=\"sv_SE\" \/>\n<meta property=\"og:type\" content=\"article\" \/>\n<meta property=\"og:title\" content=\"Br\u00f6llopskarta\" \/>\n<meta property=\"og:description\" content=\"Markera en speciell plats med en utvald symbol   Anpassa i 3 enkla steg   Inkludera en meningsfull personlig text   Se resultatet direkt \u2013 den interaktiva f\u00f6rhandsvisningen l\u00e5ter dig finjustera varje detalj\" \/>\n<meta property=\"og:url\" content=\"https:\/\/positiveprints.com\/sv\/produkt\/brollopskarta\/\" \/>\n<meta property=\"og:site_name\" content=\"Positive Prints\" \/>\n<meta property=\"article:publisher\" content=\"https:\/\/www.facebook.com\/positiveprintscom\" \/>\n<meta property=\"article:modified_time\" content=\"2026-04-18T06:02:03+00:00\" \/>\n<meta property=\"og:image\" content=\"https:\/\/positiveprints.com\/wp-content\/uploads\/2024\/10\/Packshot_EN_wedding-map-product-image.webp\" \/>\n\t<meta property=\"og:image:width\" content=\"1450\" \/>\n\t<meta property=\"og:image:height\" content=\"1450\" \/>\n\t<meta property=\"og:image:type\" content=\"image\/webp\" \/>\n<meta name=\"twitter:card\" content=\"summary_large_image\" \/>\n<meta name=\"twitter:label1\" content=\"Ber\u00e4knad l\u00e4stid\" \/>\n\t<meta name=\"twitter:data1\" content=\"3 minut\" \/>\n<!-- \/ Yoast SEO Premium plugin. -->","yoast_head_json":{"title":"Br\u00f6llopskarta - Personlig br\u00f6llopsg\u00e5va - Positive Prints","description":"En g\u00e5va i form av en br\u00f6llopskarta \u00e4r ett s\u00e5 vackert s\u00e4tt att illustrera en del av er k\u00e4rlekshistoria.","robots":{"index":"index","follow":"follow","max-snippet":"max-snippet:-1","max-image-preview":"max-image-preview:large","max-video-preview":"max-video-preview:-1"},"canonical":"https:\/\/positiveprints.com\/sv\/produkt\/brollopskarta\/","og_locale":"sv_SE","og_type":"article","og_title":"Br\u00f6llopskarta","og_description":"Markera en speciell plats med en utvald symbol   Anpassa i 3 enkla steg   Inkludera en meningsfull personlig text   Se resultatet direkt \u2013 den interaktiva f\u00f6rhandsvisningen l\u00e5ter dig finjustera varje detalj","og_url":"https:\/\/positiveprints.com\/sv\/produkt\/brollopskarta\/","og_site_name":"Positive Prints","article_publisher":"https:\/\/www.facebook.com\/positiveprintscom","article_modified_time":"2026-04-18T06:02:03+00:00","og_image":[{"width":1450,"height":1450,"url":"https:\/\/positiveprints.com\/wp-content\/uploads\/2024\/10\/Packshot_EN_wedding-map-product-image.webp","type":"image\/webp"}],"twitter_card":"summary_large_image","twitter_misc":{"Ber\u00e4knad l\u00e4stid":"3 minut"},"schema":{"@context":"https:\/\/schema.org","@graph":[{"@type":["WebPage","ItemPage"],"@id":"https:\/\/positiveprints.com\/sv\/produkt\/brollopskarta\/","url":"https:\/\/positiveprints.com\/sv\/produkt\/brollopskarta\/","name":"Br\u00f6llopskarta - Personlig br\u00f6llopsg\u00e5va - Positive Prints","isPartOf":{"@id":"https:\/\/positiveprints.com\/sv\/#website"},"primaryImageOfPage":{"@id":"https:\/\/positiveprints.com\/sv\/produkt\/brollopskarta\/#primaryimage"},"image":{"@id":"https:\/\/positiveprints.com\/sv\/produkt\/brollopskarta\/#primaryimage"},"thumbnailUrl":"https:\/\/positiveprints.com\/wp-content\/uploads\/2024\/10\/Packshot_EN_wedding-map-product-image.webp","datePublished":"2022-02-21T21:18:26+00:00","dateModified":"2026-04-18T06:02:03+00:00","description":"En g\u00e5va i form av en br\u00f6llopskarta \u00e4r ett s\u00e5 vackert s\u00e4tt att illustrera en del av er k\u00e4rlekshistoria.","breadcrumb":{"@id":"https:\/\/positiveprints.com\/sv\/produkt\/brollopskarta\/#breadcrumb"},"inLanguage":"sv-SE","potentialAction":[{"@type":"ReadAction","target":["https:\/\/positiveprints.com\/sv\/produkt\/brollopskarta\/"]}]},{"@type":"ImageObject","inLanguage":"sv-SE","@id":"https:\/\/positiveprints.com\/sv\/produkt\/brollopskarta\/#primaryimage","url":"https:\/\/positiveprints.com\/wp-content\/uploads\/2024\/10\/Packshot_EN_wedding-map-product-image.webp","contentUrl":"https:\/\/positiveprints.com\/wp-content\/uploads\/2024\/10\/Packshot_EN_wedding-map-product-image.webp","width":1450,"height":1450},{"@type":"BreadcrumbList","@id":"https:\/\/positiveprints.com\/sv\/produkt\/brollopskarta\/#breadcrumb","itemListElement":[{"@type":"ListItem","position":1,"name":"Home","item":"https:\/\/positiveprints.com\/sv\/"},{"@type":"ListItem","position":2,"name":"Produkter","item":"https:\/\/positiveprints.com\/sv\/shop\/"},{"@type":"ListItem","position":3,"name":"Br\u00f6llopskarta"}]},{"@type":"WebSite","@id":"https:\/\/positiveprints.com\/sv\/#website","url":"https:\/\/positiveprints.com\/sv\/","name":"Positive Prints","description":"Amazing Custom Personalized Gifts","publisher":{"@id":"https:\/\/positiveprints.com\/sv\/#organization"},"potentialAction":[{"@type":"SearchAction","target":{"@type":"EntryPoint","urlTemplate":"https:\/\/positiveprints.com\/sv\/?s={search_term_string}"},"query-input":{"@type":"PropertyValueSpecification","valueRequired":true,"valueName":"search_term_string"}}],"inLanguage":"sv-SE"},{"@type":"Organization","@id":"https:\/\/positiveprints.com\/sv\/#organization","name":"Positive Prints","alternateName":"Positive Prints","url":"https:\/\/positiveprints.com\/sv\/","logo":{"@type":"ImageObject","inLanguage":"sv-SE","@id":"https:\/\/positiveprints.com\/sv\/#\/schema\/logo\/image\/","url":"https:\/\/positiveprints.com\/wp-content\/uploads\/2026\/03\/245815646_1337939713319158_5671353136411139666_n.png","contentUrl":"https:\/\/positiveprints.com\/wp-content\/uploads\/2026\/03\/245815646_1337939713319158_5671353136411139666_n.png","width":800,"height":800,"caption":"Positive Prints"},"image":{"@id":"https:\/\/positiveprints.com\/sv\/#\/schema\/logo\/image\/"},"sameAs":["https:\/\/www.facebook.com\/positiveprintscom","https:\/\/www.instagram.com\/positiveprintscom\/","https:\/\/www.tiktok.com\/@positiveprintscom","https:\/\/www.pinterest.com\/positiveprintscom\/"]}]}},"jetpack_sharing_enabled":true,"_links":{"self":[{"href":"https:\/\/positiveprints.com\/sv\/wp-json\/wp\/v2\/product\/361337","targetHints":{"allow":["GET"]}}],"collection":[{"href":"https:\/\/positiveprints.com\/sv\/wp-json\/wp\/v2\/product"}],"about":[{"href":"https:\/\/positiveprints.com\/sv\/wp-json\/wp\/v2\/types\/product"}],"wp:featuredmedia":[{"embeddable":true,"href":"https:\/\/positiveprints.com\/sv\/wp-json\/wp\/v2\/media\/1213968"}],"wp:attachment":[{"href":"https:\/\/positiveprints.com\/sv\/wp-json\/wp\/v2\/media?parent=361337"}],"wp:term":[{"taxonomy":"product_brand","embeddable":true,"href":"https:\/\/positiveprints.com\/sv\/wp-json\/wp\/v2\/product_brand?post=361337"},{"taxonomy":"product_cat","embeddable":true,"href":"https:\/\/positiveprints.com\/sv\/wp-json\/wp\/v2\/product_cat?post=361337"},{"taxonomy":"product_tag","embeddable":true,"href":"https:\/\/positiveprints.com\/sv\/wp-json\/wp\/v2\/product_tag?post=361337"}],"curies":[{"name":"wp","href":"https:\/\/api.w.org\/{rel}","templated":true}]}}