{"id":361303,"date":"2022-04-30T19:24:18","date_gmt":"2022-10-26T15:43:34","guid":{"rendered":"https:\/\/positiveprints.com\/?post_type=product&#038;p=361303"},"modified":"2026-04-03T03:33:26","modified_gmt":"2026-04-03T02:33:26","slug":"examenskarta","status":"publish","type":"product","link":"https:\/\/positiveprints.com\/sv\/produkt\/examenskarta\/","title":{"rendered":"Karta \u00f6ver examen"},"content":{"rendered":"Att ta examen \u00e4r en milstolpe som du kommer att minnas under resten av ditt liv. N\u00e4r du p\u00e5b\u00f6rjar detta nya \u00e4ventyr, fira med anpassad Graduation Map-konst.\/p&gt;\n<h2 class=\"grenB f24 cblue\" style=\"margin-top: 3rem;\">Fira starten p\u00e5 ett nytt kapitel<\/h2>\n<p style=\"margin-top: 1rem;\">Att ta examen fr\u00e5n universitetet \u00e4r ingen l\u00e4tt bedrift, och det f\u00f6rtj\u00e4nar att firas. Oavsett om du \u00e4r glad \u00f6ver att g\u00e5 \u00f6ver scenen sj\u00e4lv eller erbjuder st\u00f6d f\u00f6r en \u00e4lskad person, finns det ingen b\u00e4ttre minnessak (f\u00f6rutom ett diplom) \u00e4n v\u00e5r anpassade Graduation Map-konst.<\/p>\n<p style=\"margin-top: 1rem;\">Dessa underbara konsttryck visar en skalenlig karta \u00f6ver ditt college eller universitet. Den anv\u00e4nder riktig GPS-teknik f\u00f6r att skapa en autentisk layout som visar var du har tillbringat de senaste \u00e5ren av ditt liv n\u00e4r du g\u00e5r vidare till n\u00e4sta kapitel.<\/p>\n\n<h2 class=\"grenB f24 cblue\" style=\"margin-top: 3rem;\">Kom alltid ih\u00e5g hur h\u00e5rt arbete l\u00f6nar sig<\/h2>\n<p style=\"margin-top: 1rem;\">V\u00e5r kartkonst f\u00f6r examen fr\u00e5n Positive Prints kan ocks\u00e5 vara en symbolisk gest. Ditt universitet har visat v\u00e4gen till en framg\u00e5ngsrik karri\u00e4r och framtid, och den h\u00e4r kartan visar dig symboliskt hur l\u00e5ngt du har kommit i livet.<\/p>\n<p style=\"margin-top: 1rem;\">V\u00e4lj bland flera vackra m\u00f6nster och f\u00e4rgscheman som skapats av v\u00e5ra interna designers. L\u00e4gg till detaljer, t.ex. platser, datum och annan text, och l\u00e5t sedan trycka kartan hos oss eller ett lokalt tryckeri (perfekt f\u00f6r sista minuten-presenter!).<\/p>\n<p style=\"margin-top: 1rem;\">V\u00e5r intuitiva editor ger liv \u00e5t ditt <a href=\"https:\/\/positiveprints.com\/product\/custom-map-art\/\">anpassade karttryck<\/a> med varje detalj du l\u00e4gger till. Inga tv\u00e5 kartor \u00e4r n\u00e5gonsin lika, och det \u00e4r en <a href=\"https:\/\/positiveprints.com\/graduation-gifts\/\">personlig examensg\u00e5va<\/a> som din \u00e4lskade inte kommer att f\u00f6rv\u00e4nta sig! Du vet exakt hur det kommer att se ut innan det skrivs ut, s\u00e5 du kan f\u00f6rv\u00e4nta dig inget annat \u00e4n perfektion.<\/p>\n<p style=\"margin-top: 1rem;\">Oavsett om du tar examen fr\u00e5n community college eller juristlinjen f\u00f6rtj\u00e4nar dina prestationer att uppm\u00e4rksammas. B\u00f6rja skapa din examenskarta idag!<\/p>","protected":false},"excerpt":{"rendered":"<ul class=\"check-list\">\n<li>Hedra din akademiker med en personlig universitetskarta<\/li>\n<li>Markera den exakta adressen med en vald symbol<\/li>\n<li>Anpassa i 3 enkla steg<\/li>\n<li>Inkludera en meningsfull personlig text<\/li>\n<li>Se resultatet direkt \u2013 den interaktiva f\u00f6rhandsvisningen l\u00e5ter dig finjustera varje detalj<\/li>\n<\/ul>\n","protected":false},"featured_media":1293734,"template":"","meta":[],"product_brand":[],"product_cat":[9281,7918,9119],"product_tag":[16702,16703,8497],"class_list":{"0":"post-361303","1":"product","2":"type-product","3":"status-publish","4":"has-post-thumbnail","6":"product_cat-bestsellers-label-sv","7":"product_cat-gavor-till-graduatie","8":"product_cat-map-sv","9":"product_tag-examenspresent","10":"product_tag-examenspresenter","11":"product_tag-graduation-sv","13":"first","14":"instock","15":"sale","16":"taxable","17":"shipping-taxable","18":"purchasable","19":"product-type-variable"},"yoast_head":"<!-- This site is optimized with the Yoast SEO Premium plugin v27.2 (Yoast SEO v27.2) - https:\/\/yoast.com\/product\/yoast-seo-premium-wordpress\/ -->\n<title>Examenskarta - Personlig examensg\u00e5va - Positive Prints<\/title>\n<meta name=\"description\" content=\"Att ta examen \u00e4r ett \u00f6gonblick som du kommer att minnas f\u00f6r resten av livet. N\u00e4r du p\u00e5b\u00f6rjar detta nya \u00e4ventyr, fira med Graduation Map-konst\" \/>\n<meta name=\"robots\" content=\"index, follow, max-snippet:-1, max-image-preview:large, max-video-preview:-1\" \/>\n<link rel=\"canonical\" href=\"https:\/\/positiveprints.com\/sv\/produkt\/examenskarta\/\" \/>\n<meta property=\"og:locale\" content=\"sv_SE\" \/>\n<meta property=\"og:type\" content=\"article\" \/>\n<meta property=\"og:title\" content=\"Karta \u00f6ver examen\" \/>\n<meta property=\"og:description\" content=\"Hedra din akademiker med en personlig universitetskarta  Markera den exakta adressen med en vald symbol  Anpassa i 3 enkla steg  Inkludera en meningsfull personlig text  Se resultatet direkt \u2013 den interaktiva f\u00f6rhandsvisningen l\u00e5ter dig finjustera varje detalj\" \/>\n<meta property=\"og:url\" content=\"https:\/\/positiveprints.com\/sv\/produkt\/examenskarta\/\" \/>\n<meta property=\"og:site_name\" content=\"Positive Prints\" \/>\n<meta property=\"article:publisher\" content=\"https:\/\/www.facebook.com\/positiveprintscom\" \/>\n<meta property=\"article:modified_time\" content=\"2026-04-03T02:33:26+00:00\" \/>\n<meta property=\"og:image\" content=\"https:\/\/positiveprints.com\/wp-content\/uploads\/2024\/12\/Packshot_SE_Graduation-Map-product-image.webp\" \/>\n\t<meta property=\"og:image:width\" content=\"1450\" \/>\n\t<meta property=\"og:image:height\" content=\"1450\" \/>\n\t<meta property=\"og:image:type\" content=\"image\/webp\" \/>\n<meta name=\"twitter:card\" content=\"summary_large_image\" \/>\n<meta name=\"twitter:label1\" content=\"Ber\u00e4knad l\u00e4stid\" \/>\n\t<meta name=\"twitter:data1\" content=\"2 minut\" \/>\n<!-- \/ Yoast SEO Premium plugin. -->","yoast_head_json":{"title":"Examenskarta - Personlig examensg\u00e5va - Positive Prints","description":"Att ta examen \u00e4r ett \u00f6gonblick som du kommer att minnas f\u00f6r resten av livet. N\u00e4r du p\u00e5b\u00f6rjar detta nya \u00e4ventyr, fira med Graduation Map-konst","robots":{"index":"index","follow":"follow","max-snippet":"max-snippet:-1","max-image-preview":"max-image-preview:large","max-video-preview":"max-video-preview:-1"},"canonical":"https:\/\/positiveprints.com\/sv\/produkt\/examenskarta\/","og_locale":"sv_SE","og_type":"article","og_title":"Karta \u00f6ver examen","og_description":"Hedra din akademiker med en personlig universitetskarta  Markera den exakta adressen med en vald symbol  Anpassa i 3 enkla steg  Inkludera en meningsfull personlig text  Se resultatet direkt \u2013 den interaktiva f\u00f6rhandsvisningen l\u00e5ter dig finjustera varje detalj","og_url":"https:\/\/positiveprints.com\/sv\/produkt\/examenskarta\/","og_site_name":"Positive Prints","article_publisher":"https:\/\/www.facebook.com\/positiveprintscom","article_modified_time":"2026-04-03T02:33:26+00:00","og_image":[{"width":1450,"height":1450,"url":"https:\/\/positiveprints.com\/wp-content\/uploads\/2024\/12\/Packshot_SE_Graduation-Map-product-image.webp","type":"image\/webp"}],"twitter_card":"summary_large_image","twitter_misc":{"Ber\u00e4knad l\u00e4stid":"2 minut"},"schema":{"@context":"https:\/\/schema.org","@graph":[{"@type":["WebPage","ItemPage"],"@id":"https:\/\/positiveprints.com\/sv\/produkt\/examenskarta\/","url":"https:\/\/positiveprints.com\/sv\/produkt\/examenskarta\/","name":"Examenskarta - Personlig examensg\u00e5va - Positive Prints","isPartOf":{"@id":"https:\/\/positiveprints.com\/sv\/#website"},"primaryImageOfPage":{"@id":"https:\/\/positiveprints.com\/sv\/produkt\/examenskarta\/#primaryimage"},"image":{"@id":"https:\/\/positiveprints.com\/sv\/produkt\/examenskarta\/#primaryimage"},"thumbnailUrl":"https:\/\/positiveprints.com\/wp-content\/uploads\/2024\/12\/Packshot_SE_Graduation-Map-product-image.webp","datePublished":"2022-10-26T15:43:34+00:00","dateModified":"2026-04-03T02:33:26+00:00","description":"Att ta examen \u00e4r ett \u00f6gonblick som du kommer att minnas f\u00f6r resten av livet. N\u00e4r du p\u00e5b\u00f6rjar detta nya \u00e4ventyr, fira med Graduation Map-konst","breadcrumb":{"@id":"https:\/\/positiveprints.com\/sv\/produkt\/examenskarta\/#breadcrumb"},"inLanguage":"sv-SE","potentialAction":[{"@type":"ReadAction","target":["https:\/\/positiveprints.com\/sv\/produkt\/examenskarta\/"]}]},{"@type":"ImageObject","inLanguage":"sv-SE","@id":"https:\/\/positiveprints.com\/sv\/produkt\/examenskarta\/#primaryimage","url":"https:\/\/positiveprints.com\/wp-content\/uploads\/2024\/12\/Packshot_SE_Graduation-Map-product-image.webp","contentUrl":"https:\/\/positiveprints.com\/wp-content\/uploads\/2024\/12\/Packshot_SE_Graduation-Map-product-image.webp","width":1450,"height":1450,"caption":"Karta \u00f6ver examen 1"},{"@type":"BreadcrumbList","@id":"https:\/\/positiveprints.com\/sv\/produkt\/examenskarta\/#breadcrumb","itemListElement":[{"@type":"ListItem","position":1,"name":"Home","item":"https:\/\/positiveprints.com\/sv\/"},{"@type":"ListItem","position":2,"name":"Produkter","item":"https:\/\/positiveprints.com\/sv\/shop\/"},{"@type":"ListItem","position":3,"name":"Karta \u00f6ver examen"}]},{"@type":"WebSite","@id":"https:\/\/positiveprints.com\/sv\/#website","url":"https:\/\/positiveprints.com\/sv\/","name":"Positive Prints","description":"Amazing Custom Personalized Gifts","publisher":{"@id":"https:\/\/positiveprints.com\/sv\/#organization"},"potentialAction":[{"@type":"SearchAction","target":{"@type":"EntryPoint","urlTemplate":"https:\/\/positiveprints.com\/sv\/?s={search_term_string}"},"query-input":{"@type":"PropertyValueSpecification","valueRequired":true,"valueName":"search_term_string"}}],"inLanguage":"sv-SE"},{"@type":"Organization","@id":"https:\/\/positiveprints.com\/sv\/#organization","name":"Positive Prints","alternateName":"Positive Prints","url":"https:\/\/positiveprints.com\/sv\/","logo":{"@type":"ImageObject","inLanguage":"sv-SE","@id":"https:\/\/positiveprints.com\/sv\/#\/schema\/logo\/image\/","url":"https:\/\/positiveprints.com\/wp-content\/uploads\/2026\/03\/245815646_1337939713319158_5671353136411139666_n.png","contentUrl":"https:\/\/positiveprints.com\/wp-content\/uploads\/2026\/03\/245815646_1337939713319158_5671353136411139666_n.png","width":800,"height":800,"caption":"Positive Prints"},"image":{"@id":"https:\/\/positiveprints.com\/sv\/#\/schema\/logo\/image\/"},"sameAs":["https:\/\/www.facebook.com\/positiveprintscom","https:\/\/www.instagram.com\/positiveprintscom\/","https:\/\/www.tiktok.com\/@positiveprintscom","https:\/\/www.pinterest.com\/positiveprintscom\/"]}]}},"jetpack_sharing_enabled":true,"_links":{"self":[{"href":"https:\/\/positiveprints.com\/sv\/wp-json\/wp\/v2\/product\/361303","targetHints":{"allow":["GET"]}}],"collection":[{"href":"https:\/\/positiveprints.com\/sv\/wp-json\/wp\/v2\/product"}],"about":[{"href":"https:\/\/positiveprints.com\/sv\/wp-json\/wp\/v2\/types\/product"}],"wp:featuredmedia":[{"embeddable":true,"href":"https:\/\/positiveprints.com\/sv\/wp-json\/wp\/v2\/media\/1293734"}],"wp:attachment":[{"href":"https:\/\/positiveprints.com\/sv\/wp-json\/wp\/v2\/media?parent=361303"}],"wp:term":[{"taxonomy":"product_brand","embeddable":true,"href":"https:\/\/positiveprints.com\/sv\/wp-json\/wp\/v2\/product_brand?post=361303"},{"taxonomy":"product_cat","embeddable":true,"href":"https:\/\/positiveprints.com\/sv\/wp-json\/wp\/v2\/product_cat?post=361303"},{"taxonomy":"product_tag","embeddable":true,"href":"https:\/\/positiveprints.com\/sv\/wp-json\/wp\/v2\/product_tag?post=361303"}],"curies":[{"name":"wp","href":"https:\/\/api.w.org\/{rel}","templated":true}]}}